{"id":113335,"date":"2023-10-31T15:00:24","date_gmt":"2023-10-31T14:00:24","guid":{"rendered":"https:\/\/svitimprotebe.cz\/eshop\/?post_type=product&#038;p=113335"},"modified":"2026-03-17T06:51:33","modified_gmt":"2026-03-17T05:51:33","slug":"zigbee-ridici-modul-osram","status":"publish","type":"product","link":"https:\/\/svitimprotebe.cz\/eshop\/zigbee-ridici-modul-osram\/","title":{"rendered":"Zigbee 3.0 \u0159\u00edd\u00edc\u00ed modul OSRAM"},"content":{"rendered":"<h3>Pou\u017eit\u00ed Zigbee modulu s&nbsp;Home Assistant<\/h3>\n<p>Zigbee 3.0 \u0159\u00edd\u00edc\u00ed modulu OSRAM je ide\u00e1ln\u00ed <strong>pro ovl\u00e1d\u00e1n\u00ed DALI sv\u00edtidel<\/strong> chytrou dom\u00e1cnost\u00ed <a href=\"https:\/\/svitimprotebe.cz\/home-assistant-chytry-system-pro-vasi-domacnost\/\" target=\"_blank\" rel=\"noopener\">Home Assistant<\/a> v&nbsp;p\u0159\u00edpad\u011b, \u017ee je dom\u00e1cnost ovl\u00e1dan\u00e1 pomoc\u00ed <a href=\"https:\/\/svitimprotebe.cz\/objevte-vyhody-systemu-zigbee-pro-chytre-osvetleni\" target=\"_blank\" rel=\"noopener\">Zigbee protokolu<\/a>. Zigbee 3.0 \u0159\u00edd\u00edc\u00ed modul p\u0159evede Zigbee sign\u00e1l na DALI a vy tak m\u016f\u017eete do va\u0161\u00ed chytr\u00e9 dom\u00e1cnosti napojit chytr\u00e9 sv\u00edtidlo.<\/p>\n<p><a href=\"https:\/\/svitimprotebe.cz\/home-assistant-chytry-system-pro-vasi-domacnost\/\" target=\"_blank\" rel=\"noopener\"><img fetchpriority=\"high\" decoding=\"async\" class=\"aligncenter wp-image-121636 size-large\" src=\"https:\/\/svitimprotebe.cz\/eshop\/wp-content\/uploads\/2023\/10\/Home-Assitant-ikona-1024x352.jpg\" alt=\"\" width=\"800\" height=\"275\" srcset=\"https:\/\/svitimprotebe.cz\/eshop\/wp-content\/uploads\/2023\/10\/Home-Assitant-ikona-1024x352.jpg 1024w, https:\/\/svitimprotebe.cz\/eshop\/wp-content\/uploads\/2023\/10\/Home-Assitant-ikona-300x103.jpg 300w, https:\/\/svitimprotebe.cz\/eshop\/wp-content\/uploads\/2023\/10\/Home-Assitant-ikona-768x264.jpg 768w, https:\/\/svitimprotebe.cz\/eshop\/wp-content\/uploads\/2023\/10\/Home-Assitant-ikona-740x254.jpg 740w, https:\/\/svitimprotebe.cz\/eshop\/wp-content\/uploads\/2023\/10\/Home-Assitant-ikona.jpg 1080w\" sizes=\"(max-width: 800px) 100vw, 800px\" \/><\/a><\/p>\n<p>&nbsp;<\/p>\n<h3>Pou\u017eit\u00ed Zigbee modulu s&nbsp;Philips Hue<\/h3>\n<p>Zigbee 3.0 \u0159\u00edd\u00edc\u00ed modulu OSRAM je mo\u017en\u00e9 pou\u017e\u00edt v&nbsp;kombinaci s&nbsp;<a href=\"https:\/\/svitimprotebe.cz\/eshop\/?s=hue&amp;post_type=product\" target=\"_blank\" rel=\"noopener\">Philips Hue osv\u011btlen\u00edm<\/a> a chytr\u00e9 osv\u011btlen\u00ed pro va\u0161i dom\u00e1cnost si nastavit v&nbsp;<a href=\"https:\/\/www.philips-hue.com\/cs-cz\/explore-hue\/apps\" target=\"_blank\" rel=\"noopener\">Philips Hue aplikaci<\/a> ve smartphonu nebo na tabletu.<\/p>\n<p><img decoding=\"async\" class=\"size-medium wp-image-57566 aligncenter\" src=\"https:\/\/svitimprotebe.cz\/eshop\/wp-content\/uploads\/2023\/02\/Philips-Hue-ikona.png-300x300.jpg\" alt=\"\" width=\"300\" height=\"300\" srcset=\"https:\/\/svitimprotebe.cz\/eshop\/wp-content\/uploads\/2023\/02\/Philips-Hue-ikona.png-300x300.jpg 300w, https:\/\/svitimprotebe.cz\/eshop\/wp-content\/uploads\/2023\/02\/Philips-Hue-ikona.png-100x100.jpg 100w, https:\/\/svitimprotebe.cz\/eshop\/wp-content\/uploads\/2023\/02\/Philips-Hue-ikona.png-150x150.jpg 150w, https:\/\/svitimprotebe.cz\/eshop\/wp-content\/uploads\/2023\/02\/Philips-Hue-ikona.png.jpg 310w\" sizes=\"(max-width: 300px) 100vw, 300px\" \/><\/p>\n<p><strong>P\u0159i pou\u017eit\u00ed s&nbsp;Philips Hue nelze nastavit chov\u00e1n\u00ed modulu po zapnut\u00ed<\/strong>, tedy p\u0159i v\u00fdpadku proudu.<\/p>\n<p>Pokud se v\u00e1m hl\u00e1s\u00ed v&nbsp;Philips Hue aplikaci Zigbee 3.0 \u0159\u00edd\u00edc\u00ed modul OSRAM jako dimmable light sv\u00edtidlo, av\u0161ak vy m\u00e1te tuneable white sv\u00edtidlo, je pot\u0159eba p\u0159epnout na tuneable white DALI zdroji switch z&nbsp;DT6 na DT8.<\/p>\n<h3>Zapojen\u00ed v\u00edce sv\u00edtidel<\/h3>\n<p>P\u0159i zapojen\u00ed v\u00edce sv\u00edtidel do jednoho modulu je t\u0159eba m\u00edt na pam\u011bti, \u017ee se <strong>v takov\u00e9m p\u0159\u00edpad\u011b<\/strong> <strong>se budou v\u0161echna sv\u00edtidla ovl\u00e1dat sou\u010dasn\u011b<\/strong>. Pokud si tedy nap\u0159\u00edklad nastav\u00edte pravideln\u00fd cirkadi\u00e1nn\u00ed re\u017eim, automaticky se spust\u00ed u v\u0161ech p\u0159ipojen\u00fdch sv\u00edtidel. <strong>Pakli\u017ee chcete jednotliv\u00e1 sv\u00edtidla ovl\u00e1dat zvl\u00e1\u0161\u0165, je t\u0159eba ka\u017ed\u00e9 p\u0159ipojit k&nbsp;samostatn\u00e9mu modulu<\/strong>. V\u00fdjimka je pouze u zapojen\u00ed 2 sv\u00edtidel v&nbsp;syst\u00e9mu <a href=\"https:\/\/svitimprotebe.cz\/home-assistant-chytry-system-pro-vasi-domacnost\/\" target=\"_blank\" rel=\"noopener\">Home Assistant<\/a>&#8211; v&nbsp;takov\u00e9m p\u0159\u00edpad\u011b lze ovl\u00e1dat ob\u011b sv\u00edtidla jednotliv\u011b. U zapojen\u00ed vy\u0161\u0161\u00edho po\u010dtu sv\u00edtidel u\u017e se ale v\u0161echna op\u011bt ovl\u00e1daj\u00ed spole\u010dn\u011b.<\/p>\n<p><img decoding=\"async\" class=\"aligncenter wp-image-135731 size-large\" src=\"https:\/\/svitimprotebe.cz\/eshop\/wp-content\/uploads\/2023\/10\/muz-nastavuje-chytre-lampy-1024x576.jpg\" alt=\"Mu\u017e sed\u00ed v k\u0159esle a na telefonu nastavuje chytr\u00e1 sv\u00edtidla\" width=\"800\" height=\"450\" srcset=\"https:\/\/svitimprotebe.cz\/eshop\/wp-content\/uploads\/2023\/10\/muz-nastavuje-chytre-lampy-1024x576.jpg 1024w, https:\/\/svitimprotebe.cz\/eshop\/wp-content\/uploads\/2023\/10\/muz-nastavuje-chytre-lampy-300x169.jpg 300w, https:\/\/svitimprotebe.cz\/eshop\/wp-content\/uploads\/2023\/10\/muz-nastavuje-chytre-lampy-768x432.jpg 768w, https:\/\/svitimprotebe.cz\/eshop\/wp-content\/uploads\/2023\/10\/muz-nastavuje-chytre-lampy-1536x864.jpg 1536w, https:\/\/svitimprotebe.cz\/eshop\/wp-content\/uploads\/2023\/10\/muz-nastavuje-chytre-lampy-740x416.jpg 740w, https:\/\/svitimprotebe.cz\/eshop\/wp-content\/uploads\/2023\/10\/muz-nastavuje-chytre-lampy.jpg 1600w\" sizes=\"(max-width: 800px) 100vw, 800px\" \/><\/p>\n<h3>Resetov\u00e1n\u00ed<\/h3>\n<p>M\u00e1te v&nbsp;ruce modul Zigbee 3.0 \u0159\u00edd\u00edc\u00ed modul OSRAM, kter\u00fd byl u\u017e jednou nap\u00e1rov\u00e1n na n\u011bjak\u00e9 sv\u00edtidlo\/zdroj? <strong>Aby bylo mo\u017en\u00e9 modul znova nap\u00e1rovat na jin\u00e9 sv\u00edtidlo, je pot\u0159eba ho resetovat<\/strong>. Reset modulu se prov\u00e1d\u00ed p\u0159idr\u017een\u00edm tla\u010d\u00edkta reset po dobu &gt;10s. Rychl\u00e9 problik\u00e1n\u00ed kontrolky modulu zna\u010d\u00ed \u00fasp\u011b\u0161n\u00fd reset.<\/p>\n<h3>Bezpe\u010dnostn\u00ed ochrany modulu<\/h3>\n<p>V\u00fdstupy modulu jsou s&nbsp;elektronickou reverzibiln\u00ed ochranou proti p\u0159eh\u0159\u00e1t\u00ed, zkratu a p\u0159et\u00ed\u017een\u00ed.<\/p>\n<h3>Um\u00edst\u011bn\u00ed<\/h3>\n<p>Uvnit\u0159 modulu je zabudovan\u00e1 ant\u00e9na. <strong>Vyhn\u011bte se mont\u00e1\u017ei za\u0159\u00edzen\u00ed za betonov\u00e9 povrchy nebo do kovov\u00fdch kryt\u016f<\/strong>. Tyto materi\u00e1ly sni\u017euj\u00ed dosah sign\u00e1lu. Instalace bl\u00edzko kovov\u00fdch konstrukc\u00ed tak\u00e9 nen\u00ed vhodn\u00e1.<\/p>\n","protected":false},"excerpt":{"rendered":"<p>D\u00edky Zigbee 3.0 \u0159\u00edd\u00edc\u00ed modulu OSRAM m\u016f\u017eete ovl\u00e1dat DALI sv\u00edtidla nebo nap\u00e1jec\u00ed zdroje nap\u0159\u00edklad pomoc\u00ed Philips Hue nebo Home Assistant.<\/p>\n","protected":false},"featured_media":115851,"template":"","meta":{"_acf_changed":false},"product_brand":[],"product_cat":[957,1744],"product_tag":[62],"class_list":{"0":"post-113335","1":"product","2":"type-product","3":"status-publish","4":"has-post-thumbnail","6":"product_cat-ovladani-a-rizeni-osvetleni","7":"product_cat-rizeni-osvetleni-zigbee","8":"product_tag-osram","9":"product_shipping_class-zakladni","10":"pa_delka-1697","11":"pa_napajeni-sit-230-ac","12":"pa_sirka-prumer-965","13":"pa_stupen-kryti-ip-ip20","14":"pa_vyska-1031","16":"first","17":"instock","18":"taxable","19":"shipping-taxable","20":"purchasable","21":"product-type-simple"},"acf":[],"_links":{"self":[{"href":"https:\/\/svitimprotebe.cz\/eshop\/wp-json\/wp\/v2\/product\/113335","targetHints":{"allow":["GET"]}}],"collection":[{"href":"https:\/\/svitimprotebe.cz\/eshop\/wp-json\/wp\/v2\/product"}],"about":[{"href":"https:\/\/svitimprotebe.cz\/eshop\/wp-json\/wp\/v2\/types\/product"}],"version-history":[{"count":0,"href":"https:\/\/svitimprotebe.cz\/eshop\/wp-json\/wp\/v2\/product\/113335\/revisions"}],"wp:featuredmedia":[{"embeddable":true,"href":"https:\/\/svitimprotebe.cz\/eshop\/wp-json\/wp\/v2\/media\/115851"}],"wp:attachment":[{"href":"https:\/\/svitimprotebe.cz\/eshop\/wp-json\/wp\/v2\/media?parent=113335"}],"wp:term":[{"taxonomy":"product_brand","embeddable":true,"href":"https:\/\/svitimprotebe.cz\/eshop\/wp-json\/wp\/v2\/product_brand?post=113335"},{"taxonomy":"product_cat","embeddable":true,"href":"https:\/\/svitimprotebe.cz\/eshop\/wp-json\/wp\/v2\/product_cat?post=113335"},{"taxonomy":"product_tag","embeddable":true,"href":"https:\/\/svitimprotebe.cz\/eshop\/wp-json\/wp\/v2\/product_tag?post=113335"}],"curies":[{"name":"wp","href":"https:\/\/api.w.org\/{rel}","templated":true}]}}