{"id":117150,"date":"2024-01-22T20:21:35","date_gmt":"2024-01-22T19:21:35","guid":{"rendered":"https:\/\/svitimprotebe.cz\/eshop\/?post_type=product&#038;p=117150"},"modified":"2026-03-17T07:35:27","modified_gmt":"2026-03-17T06:35:27","slug":"flexo-snura-pvc-2x075mm2-s-vypinacem-cerna-barva","status":"publish","type":"product","link":"https:\/\/svitimprotebe.cz\/eshop\/flexo-snura-pvc-2x075mm2-s-vypinacem-cerna-barva\/","title":{"rendered":"Flexo \u0161\u0148\u016fra PVC 2\u00d70,75mm2 s&nbsp;vyp\u00edna\u010dem, \u010dern\u00e1 barva"},"content":{"rendered":"<p>Flexo \u0161\u0148\u016fry\u00a0jsou nap\u00e1jec\u00ed pohybliv\u00e9 p\u0159\u00edvody <strong>s neodd\u011blitelnou vidlic\u00ed<\/strong>. Flexo kabel se vyu\u017e\u00edv\u00e1 k\u00a0propojen\u00ed <a href=\"https:\/\/svitimprotebe.cz\/eshop\/zdrave-osvetleni\/napajeci-zdroje\/\">nap\u00e1jec\u00edho zdroje pro LED<\/a> p\u00e1sky se 230V z\u00e1suvkou. Lze tak\u00e9 pou\u017e\u00edt pro <a href=\"https:\/\/svitimprotebe.cz\/eshop\/ovladani-a-rizeni-osvetleni\/\">prvky \u0159\u00edzen\u00ed osv\u011btlen\u00ed<\/a>. Nebo tak\u00e9 v&nbsp;p\u0159\u00edpadech, kdy je vidlice nebo p\u0159\u00edvodn\u00ed kabel ur\u010dit\u00e9ho elektrick\u00e9ho za\u0159\u00edzen\u00ed po\u0161kozena. <strong>P\u0159i v\u00fdb\u011bru flexo \u0161\u0148\u016fry je d\u016fle\u017eit\u00e9 v\u011bd\u011bt, pro jak\u00fd elektrospot\u0159ebi\u010d je ur\u010dena<\/strong> (t\u0159\u00eddy I nebo t\u0159\u00eddy II), kolik<strong> \u017eil m\u00e1 pohybliv\u00fd p\u0159\u00edvod<\/strong>, jak\u00fd je <strong>pr\u016f\u0159ez vodi\u010d\u016f<\/strong> v&nbsp;z\u00e1vislosti na proudov\u00e9 z\u00e1t\u011b\u017ei (2,5 A, 10 A, 16 A,\u2026) a <strong>typ izolace<\/strong> (PVC nebo guma).<\/p>\n","protected":false},"excerpt":{"rendered":"<p>Flexo \u0161\u0148\u016fra slou\u017e\u00ed k\u00a0<strong>propojen\u00ed<\/strong> nap\u00e1jec\u00edho <strong>zdroje pro LED p\u00e1sek<\/strong> a elektrick\u00e9 220V <strong>z\u00e1suvky<\/strong> ve st\u011bn\u011b.<\/p>\n","protected":false},"featured_media":117155,"template":"","meta":{"_acf_changed":false},"product_brand":[],"product_cat":[230,1722],"product_tag":[65],"class_list":{"0":"post-117150","1":"product","2":"type-product","3":"status-publish","4":"has-post-thumbnail","6":"product_cat-kabely","7":"product_cat-flexo-snury","8":"product_tag-emos","9":"product_shipping_class-zakladni","10":"pa_delka-snury-2-m","11":"pa_delka-snury-3-m","12":"pa_material-kov","13":"pa_material-plast","14":"pa_napajeni-sit-230-ac","15":"pa_typ-produktu-flexo-snura","17":"first","18":"instock","19":"taxable","20":"shipping-taxable","21":"purchasable","22":"product-type-variable"},"acf":[],"_links":{"self":[{"href":"https:\/\/svitimprotebe.cz\/eshop\/wp-json\/wp\/v2\/product\/117150","targetHints":{"allow":["GET"]}}],"collection":[{"href":"https:\/\/svitimprotebe.cz\/eshop\/wp-json\/wp\/v2\/product"}],"about":[{"href":"https:\/\/svitimprotebe.cz\/eshop\/wp-json\/wp\/v2\/types\/product"}],"version-history":[{"count":0,"href":"https:\/\/svitimprotebe.cz\/eshop\/wp-json\/wp\/v2\/product\/117150\/revisions"}],"wp:featuredmedia":[{"embeddable":true,"href":"https:\/\/svitimprotebe.cz\/eshop\/wp-json\/wp\/v2\/media\/117155"}],"wp:attachment":[{"href":"https:\/\/svitimprotebe.cz\/eshop\/wp-json\/wp\/v2\/media?parent=117150"}],"wp:term":[{"taxonomy":"product_brand","embeddable":true,"href":"https:\/\/svitimprotebe.cz\/eshop\/wp-json\/wp\/v2\/product_brand?post=117150"},{"taxonomy":"product_cat","embeddable":true,"href":"https:\/\/svitimprotebe.cz\/eshop\/wp-json\/wp\/v2\/product_cat?post=117150"},{"taxonomy":"product_tag","embeddable":true,"href":"https:\/\/svitimprotebe.cz\/eshop\/wp-json\/wp\/v2\/product_tag?post=117150"}],"curies":[{"name":"wp","href":"https:\/\/api.w.org\/{rel}","templated":true}]}}