{"id":117406,"date":"2024-01-30T11:21:42","date_gmt":"2024-01-30T10:21:42","guid":{"rendered":"https:\/\/svitimprotebe.cz\/eshop\/?post_type=product&#038;p=117406"},"modified":"2026-01-03T20:38:58","modified_gmt":"2026-01-03T19:38:58","slug":"krabice-ku68-l-1-sadrokarton","status":"publish","type":"product","link":"https:\/\/svitimprotebe.cz\/eshop\/krabice-ku68-l-1-sadrokarton\/","title":{"rendered":"Krabice KU68 L\/1 s\u00e1drokarton"},"content":{"rendered":"<p><strong>Krabice a v\u00ed\u010dka\u00a0<\/strong>jsou instala\u010dn\u00ed materi\u00e1l, kter\u00fd se pou\u017e\u00edv\u00e1 v\u011bt\u0161inou do zdiva. Do krabi\u010dky se umis\u0165uje nap\u0159. svorkovnice, <a href=\"https:\/\/svitimprotebe.cz\/eshop\/ovladani-a-rizeni-osvetleni\/\">chytr\u00fd modul inteligentn\u00ed dom\u00e1cnosti<\/a> sv\u00edtidla nebo se na krabi\u010dku montuje z\u00e1suvka nebo <a href=\"https:\/\/svitimprotebe.cz\/eshop\/ovladac-tlacitkovy-zapinaci-1-0-antracit\">vyp\u00edna\u010d na ze\u010f<\/a>. V\u011bt\u0161inou jsou krabice a v\u00ed\u010dka vyrobena z&nbsp;plastu. Jsme na dot\u00e1z\u00e1n\u00ed schopni dodat krabice a v\u00ed\u010dka do s\u00e1drokartonu, na \u0161roubov\u00e1n\u00ed nebo s&nbsp;jednoduch\u00fdm <strong>pru\u017einov\u00fdm syst\u00e9mem<\/strong> a tak\u00e9 dal\u0161\u00ed <a href=\"https:\/\/svitimprotebe.cz\/eshop\/zdrave-osvetleni\/kabely\/\">elektroinstala\u010dn\u00ed materi\u00e1l<\/a>. Krabici doporu\u010dujeme pou\u017e\u00edt nap\u0159\u00edklad pro mont\u00e1\u017e <a href=\"https:\/\/svitimprotebe.cz\/eshop\/ovladac-tlacitkovy-zapinaci-1-0-antracit\">tla\u010d\u00edtkov\u00e9ho ovlada\u010de 1\/0 v&nbsp;\u010dern\u00e9 antracit barv\u011b<\/a> nebo v&nbsp;<a href=\"https:\/\/svitimprotebe.cz\/eshop\/ovladac-tlacitkovy-zapinaci-1-0-bila-barva\">b\u00edl\u00e9 barv\u011b<\/a>.<\/p>\n","protected":false},"excerpt":{"rendered":"<p>Plastovou krabici KU68 L\/1 je mo\u017en\u00e9 vyu\u017e\u00edt\u00a0 pro mont\u00e1\u017e do s\u00e1drokartonu a n\u00e1sledn\u011b instalaci bezpotenci\u00e1lov\u00e9ho p\u0159\u00edvodu tla\u010d\u00edtka, kter\u00e9 ovl\u00e1d\u00e1 osv\u011btlen\u00ed va\u0161\u00ed chytr\u00e9 dom\u00e1cnosti. Takov\u00e9 tla\u010d\u00edtko je pak jednodu\u0161e programovateln\u00e9.<\/p>\n","protected":false},"featured_media":117408,"template":"","meta":{"_acf_changed":false},"product_brand":[],"product_cat":[230,1731],"product_tag":[],"class_list":{"0":"post-117406","1":"product","2":"type-product","3":"status-publish","4":"has-post-thumbnail","6":"product_cat-kabely","7":"product_cat-zasuvkove-kryty-krabice-vicka","8":"product_shipping_class-zakladni","9":"pa_material-plast","11":"first","12":"instock","13":"taxable","14":"shipping-taxable","15":"purchasable","16":"product-type-simple"},"acf":[],"_links":{"self":[{"href":"https:\/\/svitimprotebe.cz\/eshop\/wp-json\/wp\/v2\/product\/117406","targetHints":{"allow":["GET"]}}],"collection":[{"href":"https:\/\/svitimprotebe.cz\/eshop\/wp-json\/wp\/v2\/product"}],"about":[{"href":"https:\/\/svitimprotebe.cz\/eshop\/wp-json\/wp\/v2\/types\/product"}],"version-history":[{"count":0,"href":"https:\/\/svitimprotebe.cz\/eshop\/wp-json\/wp\/v2\/product\/117406\/revisions"}],"wp:featuredmedia":[{"embeddable":true,"href":"https:\/\/svitimprotebe.cz\/eshop\/wp-json\/wp\/v2\/media\/117408"}],"wp:attachment":[{"href":"https:\/\/svitimprotebe.cz\/eshop\/wp-json\/wp\/v2\/media?parent=117406"}],"wp:term":[{"taxonomy":"product_brand","embeddable":true,"href":"https:\/\/svitimprotebe.cz\/eshop\/wp-json\/wp\/v2\/product_brand?post=117406"},{"taxonomy":"product_cat","embeddable":true,"href":"https:\/\/svitimprotebe.cz\/eshop\/wp-json\/wp\/v2\/product_cat?post=117406"},{"taxonomy":"product_tag","embeddable":true,"href":"https:\/\/svitimprotebe.cz\/eshop\/wp-json\/wp\/v2\/product_tag?post=117406"}],"curies":[{"name":"wp","href":"https:\/\/api.w.org\/{rel}","templated":true}]}}