{"id":117530,"date":"2021-01-31T12:37:49","date_gmt":"2021-01-31T11:37:49","guid":{"rendered":"https:\/\/svitimprotebe.cz\/eshop\/?post_type=product&#038;p=117530"},"modified":"2026-02-05T22:14:11","modified_gmt":"2026-02-05T21:14:11","slug":"plnospektralni-led-svitidlo-ella-cm-s-456-mm-25w","status":"publish","type":"product","link":"https:\/\/svitimprotebe.cz\/eshop\/plnospektralni-led-svitidlo-ella-cm-s-456-mm-25w\/","title":{"rendered":"Plnospektr\u00e1ln\u00ed LED sv\u00edtidlo Ella\u00a0CM-S\u00a0456\u00a0mm 25W"},"content":{"rendered":"<p>Plnospektr\u00e1ln\u00ed, biodynamick\u00e9, stropn\u00ed sv\u00edtidlo Ella CM-S 450 mm je sv\u00edtidlo kruhov\u00e9ho tvaru, kter\u00e9 na prvn\u00ed pohled zaujme svou <strong>jednoduchost\u00ed a elegantn\u00edm designem<\/strong>. Toto sv\u00edtidlo si m\u016f\u017eete <a href=\"https:\/\/www.svitimprotebe.cz\/druhy-zavesneho-systemu-u-plnospektralnich-svitidel\/\" target=\"_blank\" rel=\"noopener\">r\u016fzn\u00fdmi zp\u016fsoby<\/a> bu\u010f zav\u011bsit a nebo jej p\u0159\u00edmo ke stropu <a href=\"https:\/\/svitimprotebe.cz\/eshop\/plnospektralni-zdrave-osvetleni\/plnospektralni-led-svitidla\/stropni-plnospektralni\/\" target=\"_blank\" rel=\"noopener\">p\u0159isadit<\/a> \u010di dokonce i <a href=\"https:\/\/svitimprotebe.cz\/eshop\/plnospektralni-zdrave-osvetleni\/plnospektralni-led-svitidla\/?pa_umisteni-montaz=zapustene\" target=\"_blank\" rel=\"noopener\">zapustit<\/a>. Jednodu\u0161e si tak m\u016f\u017eete s&nbsp;n\u00edm opravdu pohr\u00e1t. Je toti\u017e celkem univerz\u00e1ln\u00ed a hod\u00ed se do ka\u017ed\u00e9ho <a href=\"https:\/\/www.svitimprotebe.cz\/moderni\/\" target=\"_blank\" rel=\"noopener\">modern\u00edho<\/a> a\u017e <a href=\"https:\/\/www.svitimprotebe.cz\/minimal-nordic\/\" target=\"_blank\" rel=\"noopener\">minimalisticky<\/a> <strong>lad\u011bn\u00e9ho domova<\/strong>. Toto chytr\u00e9 sv\u00edtidlo pak m\u016f\u017eete um\u00edstit t\u0159eba do ob\u00fdv\u00e1k\u016f, lo\u017enic, d\u011btsk\u00fdch pokoj\u016f, pracoven \u010di klidn\u011b i kuchyn\u00ed a chodeb. Je to zkr\u00e1tka na v\u00e1s.<\/p>\n<p><img fetchpriority=\"high\" decoding=\"async\" class=\"aligncenter wp-image-117524 \" src=\"https:\/\/svitimprotebe.cz\/eshop\/wp-content\/uploads\/2024\/01\/GALERIA_Multiline_CM-S_001.jpg\" alt=\"\" width=\"550\" height=\"549\" srcset=\"https:\/\/svitimprotebe.cz\/eshop\/wp-content\/uploads\/2024\/01\/GALERIA_Multiline_CM-S_001.jpg 950w, https:\/\/svitimprotebe.cz\/eshop\/wp-content\/uploads\/2024\/01\/GALERIA_Multiline_CM-S_001-300x300.jpg 300w, https:\/\/svitimprotebe.cz\/eshop\/wp-content\/uploads\/2024\/01\/GALERIA_Multiline_CM-S_001-150x150.jpg 150w, https:\/\/svitimprotebe.cz\/eshop\/wp-content\/uploads\/2024\/01\/GALERIA_Multiline_CM-S_001-768x767.jpg 768w, https:\/\/svitimprotebe.cz\/eshop\/wp-content\/uploads\/2024\/01\/GALERIA_Multiline_CM-S_001-740x739.jpg 740w, https:\/\/svitimprotebe.cz\/eshop\/wp-content\/uploads\/2024\/01\/GALERIA_Multiline_CM-S_001-400x400.jpg 400w, https:\/\/svitimprotebe.cz\/eshop\/wp-content\/uploads\/2024\/01\/GALERIA_Multiline_CM-S_001-100x100.jpg 100w\" sizes=\"(max-width: 550px) 100vw, 550px\" \/><\/p>\n<p>&nbsp;<\/p>\n<h3>Hlavn\u00ed rozd\u00edly v&nbsp;teplot\u00e1ch barvy<\/h3>\n<p><strong>Teplota barvy 4000K<\/strong> je studen\u00e9 b\u00edl\u00e9 sv\u011btlo obsahuj\u00edc\u00ed velk\u00e9 mno\u017estv\u00ed <strong>modr\u00e9 slo\u017eky<\/strong><strong>, <\/strong>kter\u00e9 se podob\u00e1 tomu denn\u00edmu. Pokud se modr\u00e9mu sv\u011btlu vystav\u00edme p\u00e1r minut po probuzen\u00ed, budeme celkov\u011b aktivn\u011bj\u0161\u00ed a udr\u017e\u00edme si <strong>pozitivn\u00ed n\u00e1ladu<\/strong> po cel\u00fd den a to i p\u0159es to, \u017ee n\u00e1s p\u0159ed odchodem dom\u016f na\u0161tval \u0161\u00e9f.<\/p>\n<p>Naopak<strong> teplota 1800K<\/strong> neobsahuje t\u00e9m\u011b\u0159 \u017e\u00e1dnou modrou slo\u017eku sv\u011btla a podob\u00e1 se sv\u011btlu zapadaj\u00edc\u00edho slunce. <strong>Uklid\u0148uje tedy na\u0161e t\u011blo i mysl<\/strong> po celodenn\u00edm v\u00fdkonu a chyst\u00e1 n\u00e1s na \u0159\u00e1dn\u00fd odpo\u010dinek, kter\u00fd si v\u0161ichni zaslou\u017e\u00edme. Nav\u00edc nenaru\u0161uje tvorbu sp\u00e1nkov\u00e9ho hormonu melatoninu, d\u00edky kter\u00e9mu se n\u00e1m pak r\u00e1no l\u00e9pe vst\u00e1v\u00e1. Teplota barvy 1800K je tedy ide\u00e1ln\u00ed na <a href=\"https:\/\/www.svitimprotebe.cz\/doporucena-doba-pouzivani-svitidel\/\" target=\"_blank\" rel=\"noopener\">ve\u010dern\u00ed a\u017e no\u010dn\u00ed sv\u00edcen\u00ed<\/a>. Tak co, kdo se u\u017e t\u011b\u0161\u00ed do postele?<\/p>\n<p>A pokud ud\u00e1v\u00e1me, \u017ee sv\u00edtidlo m\u00e1 <strong>teplotu barvy 1800\u20134000K<\/strong>, \u0159ad\u00edme ho do biodynamick\u00fdch. Takov\u00e1 sv\u00edtidla umo\u017e\u0148uj\u00ed m\u011bnit <a href=\"https:\/\/www.svitimprotebe.cz\/slovnicek-pojmu\/\" target=\"_blank\" rel=\"noopener\">intenzitu (osv\u011btlenost)<\/a> a <a href=\"https:\/\/www.svitimprotebe.cz\/slovnicek-pojmu\/\" target=\"_blank\" rel=\"noopener\">teplotu barvy<\/a> stejn\u011b jako slunce na obloze. A to je v\u00fdhoda!<\/p>\n<p><a href=\"https:\/\/svitimprotebe.cz\/eshop\/wp-content\/uploads\/2023\/03\/Obrazek-zmeny-teploty-barvy-V3.jpg\" target=\"_blank\" rel=\"noopener\"><img decoding=\"async\" class=\"aligncenter wp-image-57580 size-large\" src=\"https:\/\/svitimprotebe.cz\/eshop\/wp-content\/uploads\/2023\/03\/Obrazek-zmeny-teploty-barvy-V3-1024x497.jpg\" alt=\"\" width=\"1024\" height=\"497\" srcset=\"https:\/\/svitimprotebe.cz\/eshop\/wp-content\/uploads\/2023\/03\/Obrazek-zmeny-teploty-barvy-V3-1024x497.jpg 1024w, https:\/\/svitimprotebe.cz\/eshop\/wp-content\/uploads\/2023\/03\/Obrazek-zmeny-teploty-barvy-V3-740x359.jpg 740w, https:\/\/svitimprotebe.cz\/eshop\/wp-content\/uploads\/2023\/03\/Obrazek-zmeny-teploty-barvy-V3-300x146.jpg 300w, https:\/\/svitimprotebe.cz\/eshop\/wp-content\/uploads\/2023\/03\/Obrazek-zmeny-teploty-barvy-V3-768x373.jpg 768w, https:\/\/svitimprotebe.cz\/eshop\/wp-content\/uploads\/2023\/03\/Obrazek-zmeny-teploty-barvy-V3-1536x746.jpg 1536w, https:\/\/svitimprotebe.cz\/eshop\/wp-content\/uploads\/2023\/03\/Obrazek-zmeny-teploty-barvy-V3-1080x525.jpg 1080w, https:\/\/svitimprotebe.cz\/eshop\/wp-content\/uploads\/2023\/03\/Obrazek-zmeny-teploty-barvy-V3-1280x622.jpg 1280w, https:\/\/svitimprotebe.cz\/eshop\/wp-content\/uploads\/2023\/03\/Obrazek-zmeny-teploty-barvy-V3-980x476.jpg 980w, https:\/\/svitimprotebe.cz\/eshop\/wp-content\/uploads\/2023\/03\/Obrazek-zmeny-teploty-barvy-V3-480x233.jpg 480w, https:\/\/svitimprotebe.cz\/eshop\/wp-content\/uploads\/2023\/03\/Obrazek-zmeny-teploty-barvy-V3.jpg 1783w\" sizes=\"(max-width: 1024px) 100vw, 1024px\" \/><\/a><\/p>\n<p>Jak je ale vid\u011bt, sv\u011btlo je pro na\u0161e fungov\u00e1n\u00ed zcela z\u00e1sadn\u00ed. A nejen to! Zdrav\u00e9 sv\u011btlo je toti\u017e z\u00e1kladn\u00edm kamenem k&nbsp;<a href=\"https:\/\/www.svitimprotebe.cz\/tajemstvi-dlouhovekosti\/\" target=\"_blank\" rel=\"noopener\">dlouhov\u011bkosti, tzv. longevity<\/a>. V\u011bd\u011bli jste?<\/p>\n<h3>Chytr\u00e1 sv\u00edtidla, kter\u00e1 poslouchaj\u00ed na slovo<\/h3>\n<p><strong>M\u00e1te r\u00e1di chytr\u00e9 v\u011bci\u010dky nebo u\u017e pou\u017e\u00edv\u00e1te prvky inteligentn\u00ed dom\u00e1cnosti?<\/strong> Pak jste \u201ena spr\u00e1vn\u00e9 adrese\u201c. Na\u0161e plnospektr\u00e1ln\u00ed sv\u00edtidla um\u00edme vyrobit v&nbsp;mnoha syst\u00e9mech chytr\u00e9 dom\u00e1cnosti a poslouchaj\u00ed jak na slovo &#8211; ovl\u00e1d\u00e1n\u00ed pomoc\u00ed<strong> hlasov\u00e9ho asistenta<\/strong>, tak na\u00a0dotek\u00a0&#8211;\u00a0ovl\u00e1d\u00e1n\u00ed v&nbsp;<strong>aplikaci va\u0161eho smartphonu nebo tla\u010d\u00edtkem na zdi<\/strong>. A neju\u017eite\u010dn\u011bj\u0161\u00ed funkce? Automatick\u00e9 p\u0159el\u00edn\u00e1n\u00ed mezi sv\u011bteln\u00fdmi sc\u00e9nami (pro verzi 1800K\u20134000K) podle v\u00e1mi p\u0159ednastaven\u00e9ho \u010dasu nebo v\u00fdchodu a z\u00e1padu slunce. To jde, \u017ee? Ale um\u00edme tak\u00e9 <strong>\u0159\u00eddit osv\u011btlen\u00ed<\/strong> dle aktu\u00e1ln\u00edho p\u0159\u00edsp\u011bvku denn\u00edho sv\u011btla v&nbsp;m\u00edstnosti. Nejb\u011b\u017en\u011bj\u0161\u00ed syst\u00e9my jsou dr\u00e1tov\u00e9 \u0159\u00edzen\u00ed <a href=\"https:\/\/svitimprotebe.cz\/eshop\/plnospektralni-zdrave-osvetleni\/plnospektralni-led-svitidla\/?pa_moznosti-ovladani=dali\" target=\"_blank\" rel=\"noopener\">Dali<\/a> nebo bezdr\u00e1tov\u00e9 <a href=\"https:\/\/svitimprotebe.cz\/eshop\/plnospektralni-zdrave-osvetleni\/plnospektralni-led-svitidla\/?pa_moznosti-ovladani=casambi\" target=\"_blank\" rel=\"noopener\">Casambi<\/a> (na popt\u00e1vku) podobn\u00e9 dne\u0161n\u00edmu bluetooth. Tak kdo by toto prost\u011b necht\u011bl m\u00edt?<\/p>\n<p>Nebo naopak nejste kamar\u00e1di s&nbsp;aplikacemi v&nbsp;chytr\u00e9m telefonu a <strong>m\u00e1te r\u00e1di jednoduchou elektroniku?<\/strong> V&nbsp;tom p\u0159\u00edpad\u011b zvolte <strong>verzi sv\u00edtilda ON\/OFF<\/strong>, kter\u00e9 je vyrobeno bez jak\u00fdchkoliv chytrost\u00ed a vymo\u017eenost\u00ed dne\u0161n\u00ed doby. I to u n\u00e1s jde.<\/p>\n<p><iframe title=\"Co v\u0161e um\u00ed na\u0161e plnospektr\u00e1ln\u00ed LED sv\u00edtidla s CRI98?\" width=\"800\" height=\"450\" src=\"https:\/\/www.youtube.com\/embed\/qBDuHVBJmsw?feature=oembed\" frameborder=\"0\" allow=\"accelerometer; autoplay; clipboard-write; encrypted-media; gyroscope; picture-in-picture; web-share\" referrerpolicy=\"strict-origin-when-cross-origin\" allowfullscreen><\/iframe><\/p>\n<h3>Vyr\u00e1b\u00edme doma, v&nbsp;\u010cesk\u00e9 republice<\/h3>\n<p>Zlat\u00e9 \u010desk\u00e9 ru\u010di\u010dky? P\u0159esn\u011b tak! Na\u0161e biodynamick\u00e1, inteligentn\u00ed sv\u00edtidla vyr\u00e1b\u00edme u n\u00e1s doma, v&nbsp;\u010cesk\u00e9 republice. D\u00edky tomu\u00a0nab\u00edz\u00edme vysokou <strong>variabilitu<\/strong> na\u0161ich v\u00fdrobk\u016f, f\u00e9rov\u00fd a poctiv\u00fd p\u0159\u00edstup. Samoz\u0159ejmost\u00ed je pak i <strong>d\u016fmysln\u00e1\u00a0v\u00fdroba a zpracov\u00e1n\u00ed<\/strong> va\u0161eho sv\u00edtidla.<\/p>\n<p><span lang=\"CS\">Nespornou v\u00fdhodou je mo\u017enost <strong>v\u00fdb\u011bru barvy hlin\u00edkov\u00e9ho t\u011bla i <a href=\"https:\/\/svitimprotebe.cz\/eshop\/wp-content\/uploads\/2024\/01\/Ella-CM-popis-1.jpg\" target=\"_blank\" rel=\"noopener\">vnit\u0159n\u00edho p\u00e1sku<\/a> <\/strong>sv\u00edtidla dle RAL barev. Mo\u017en\u00e9 je dokonce i zvolit si jinou barvu pro hlin\u00edkov\u00e9 t\u011blo a jinou pro vnit\u0159n\u00ed p\u00e1sek. A co je na tom nejlep\u0161\u00ed, s&nbsp;barvou se <strong>cena nem\u011bn\u00ed<\/strong>, tak\u017ee m\u016f\u017eete vesele vyb\u00edrat. No a pokud byste si n\u00e1hodou nevybrali? Nen\u00ed probl\u00e9m! Na zak\u00e1zku um\u00edme i takovou barvu, kterou v&nbsp;nab\u00eddce nem\u00e1me, sta\u010d\u00ed ji prost\u011b uv\u00e9st do pozn\u00e1mky v&nbsp;objedn\u00e1vce. Kdybyste si n\u00e1hodou nebyli jist\u00ed ve v\u00fdb\u011bru barev \u010di um\u00edst\u011bn\u00ed, <a href=\"https:\/\/www.svitimprotebe.cz\/kontakty\/\" target=\"_blank\" rel=\"noopener\">napi\u0161te na\u0161\u00ed interi\u00e9rov\u00e9 poradkyni Jan\u010di<\/a>, ta v\u00e1m r\u00e1da pom\u016f\u017ee. S&nbsp;n\u00e1mi jde prost\u011b v\u0161e \ud83d\ude42<\/span><\/p>\n<div class=\"gdc_row\"><div class=\"gdc_column gdc_chalf\"><div class=\"gdc_inner\"><\/p>\n<p><img decoding=\"async\" class=\"aligncenter wp-image-57581 size-full\" src=\"https:\/\/svitimprotebe.cz\/eshop\/wp-content\/uploads\/2023\/03\/Plnospektralni-svitidla-obrazky-RAL-barev_1.jpg\" alt=\"\" width=\"981\" height=\"408\" srcset=\"https:\/\/svitimprotebe.cz\/eshop\/wp-content\/uploads\/2023\/03\/Plnospektralni-svitidla-obrazky-RAL-barev_1.jpg 981w, https:\/\/svitimprotebe.cz\/eshop\/wp-content\/uploads\/2023\/03\/Plnospektralni-svitidla-obrazky-RAL-barev_1-740x308.jpg 740w, https:\/\/svitimprotebe.cz\/eshop\/wp-content\/uploads\/2023\/03\/Plnospektralni-svitidla-obrazky-RAL-barev_1-300x125.jpg 300w, https:\/\/svitimprotebe.cz\/eshop\/wp-content\/uploads\/2023\/03\/Plnospektralni-svitidla-obrazky-RAL-barev_1-768x319.jpg 768w, https:\/\/svitimprotebe.cz\/eshop\/wp-content\/uploads\/2023\/03\/Plnospektralni-svitidla-obrazky-RAL-barev_1-480x200.jpg 480w\" sizes=\"(max-width: 981px) 100vw, 981px\" \/><\/p>\n<p><\/div><\/div><div class=\"gdc_column gdc_chalf\"><div class=\"gdc_inner\"><\/p>\n<p><img loading=\"lazy\" decoding=\"async\" class=\"aligncenter wp-image-57582 size-full\" src=\"https:\/\/svitimprotebe.cz\/eshop\/wp-content\/uploads\/2023\/03\/Plnospektralni-svitidla-obrazky-RAL-barev_2.jpg\" alt=\"\" width=\"980\" height=\"408\" srcset=\"https:\/\/svitimprotebe.cz\/eshop\/wp-content\/uploads\/2023\/03\/Plnospektralni-svitidla-obrazky-RAL-barev_2.jpg 980w, https:\/\/svitimprotebe.cz\/eshop\/wp-content\/uploads\/2023\/03\/Plnospektralni-svitidla-obrazky-RAL-barev_2-740x308.jpg 740w, https:\/\/svitimprotebe.cz\/eshop\/wp-content\/uploads\/2023\/03\/Plnospektralni-svitidla-obrazky-RAL-barev_2-300x125.jpg 300w, https:\/\/svitimprotebe.cz\/eshop\/wp-content\/uploads\/2023\/03\/Plnospektralni-svitidla-obrazky-RAL-barev_2-768x320.jpg 768w, https:\/\/svitimprotebe.cz\/eshop\/wp-content\/uploads\/2023\/03\/Plnospektralni-svitidla-obrazky-RAL-barev_2-480x200.jpg 480w\" sizes=\"(max-width: 980px) 100vw, 980px\" \/><\/p>\n<p><\/div><\/div><\/div>\n<h3>Sv\u00edtidlo na m\u00edru? Um\u00edme!<\/h3>\n<p><span lang=\"CS\">Pou\u017e\u00edv\u00e1te ve sv\u00e9 dom\u00e1cnosti syst\u00e9m\u00a0<a href=\"https:\/\/svitimprotebe.cz\/objevte-vyhody-systemu-chytreho-osvetleni-casambi\" target=\"_blank\" rel=\"noopener\">Casambi<\/a>,\u00a0<a href=\"https:\/\/svitimprotebe.cz\/chcete-ovladat-chytra-svitidla-bez-slozitych-aplikaci-vyzkousejte-ovladani-dali-push-dimm\/\" target=\"_blank\" rel=\"noopener\">Dali<\/a>,\u00a0<a href=\"https:\/\/svitimprotebe.cz\/objevte-vyhody-systemu-zigbee-pro-chytre-osvetleni\" target=\"_blank\" rel=\"noopener\">Zigbee<\/a>\u00a0\u010di ovl\u00e1d\u00e1n\u00ed pomoc\u00ed\u00a0<a href=\"https:\/\/svitimprotebe.cz\/home-assistant-chytry-system-pro-vasi-domacnost\/\" target=\"_blank\" rel=\"noopener\">Home Assistant<\/a>? U n\u00e1s nic nen\u00ed probl\u00e9m. Na\u0161e plnospektr\u00e1ln\u00ed sv\u00edtidla jsou <strong>kompatibiln\u00ed<\/strong> s\u00a0na\u0161imi <a href=\"https:\/\/svitimprotebe.cz\/eshop\/plnospektralni-zdrave-osvetleni\/plnospektralni-led-pasky\/\" target=\"_blank\" rel=\"noopener\">LED p\u00e1sky<\/a>, <a href=\"https:\/\/svitimprotebe.cz\/eshop\/zdrave-osvetleni\/senzory\/\" target=\"_blank\" rel=\"noopener\">senzory<\/a> nebo n\u011bkter\u00fdmi <a href=\"https:\/\/svitimprotebe.cz\/eshop\/zdrave-osvetleni\/led-zarovky\/\" target=\"_blank\" rel=\"noopener\" data-saferedirecturl=\"https:\/\/www.google.com\/url?q=https:\/\/svitimprotebe.cz\/eshop\/kategorie-produktu\/zdrave-osvetleni\/led-zarovky\/?_sft_product_cat%3Dled-zarovky%26_sft_product_tag%3Dphilips%26_sfm_parametry_moznost_ovladani%3DAplikace%2520Philips%2520Hue%26_sfm__price%3D0%2B1500%26_sfm_parametry_p12%3D0%2B200%26_sfm_parametry_p13%3D0%2B300%26_sfm_parametry_hmotnost%3D0%2B1.2&amp;source=gmail&amp;ust=1678382804976000&amp;usg=AOvVaw3CugHulgHp23d9S3W-UjgZ\">\u017e\u00e1rovkami<\/a>. No a pro\u00a0ty z&nbsp;v\u00e1s, co se sna\u017e\u00ed vyhnout wifi a bluetooth, um\u00edme u n\u011bkter\u00fdch sv\u00edtidel i <strong>radiofrekven\u010dn\u00ed ovl\u00e1d\u00e1n\u00ed<\/strong>.\u00a0Na to se ale rad\u011bji poptejte u\u00a0<a href=\"https:\/\/www.svitimprotebe.cz\/kontakty\/\" target=\"_blank\" rel=\"noopener\">na\u0161ich technik\u016f.<\/a><\/span><\/p>\n<p style=\"text-align: left\"><div class=\"gdc_row\"><div class=\"gdc_column gdc_cquarter\"><div class=\"gdc_inner\"><\/p>\n<p style=\"text-align: left\"><a href=\"https:\/\/www.svitimprotebe.cz\/vzdelavani\/recenze\/casambi\/\" target=\"_blank\" rel=\"noopener\"><img loading=\"lazy\" decoding=\"async\" class=\"aligncenter\" src=\"https:\/\/svitimprotebe.cz\/eshop\/wp-content\/uploads\/2022\/03\/casambi-150x150.png\" alt=\"\" width=\"150\" height=\"150\" \/><\/a><\/p>\n<p style=\"text-align: center\"><a href=\"https:\/\/svitimprotebe.cz\/eshop\/plnospektralni-zdrave-osvetleni\/plnospektralni-led-svitidla\/?pa_moznosti-ovladani=casambi\" target=\"_blank\" rel=\"noopener\">Casambi<\/a><\/p>\n<p style=\"text-align: left\"><\/div><\/div><div class=\"gdc_column gdc_cquarter\"><div class=\"gdc_inner\"><\/p>\n<p style=\"text-align: left\"><a href=\"https:\/\/www.svitimprotebe.cz\/vzdelavani\/recenze\/ovladani-svetel-pomoci-dali-sbernice\/\" target=\"_blank\" rel=\"noopener\"><img loading=\"lazy\" decoding=\"async\" class=\"aligncenter\" src=\"https:\/\/svitimprotebe.cz\/eshop\/wp-content\/uploads\/2022\/03\/dali-150x150.jpg\" alt=\"\" width=\"150\" height=\"150\" \/><\/a><\/p>\n<p style=\"text-align: center\"><a href=\"https:\/\/svitimprotebe.cz\/eshop\/plnospektralni-zdrave-osvetleni\/plnospektralni-led-svitidla\/?pa_moznosti-ovladani=dali\" target=\"_blank\" rel=\"noopener\">Dali<\/a><\/p>\n<p style=\"text-align: left\"><\/div><\/div><div class=\"gdc_column gdc_cquarter\"><div class=\"gdc_inner\"><\/p>\n<p style=\"text-align: center\"><a href=\"https:\/\/svitimprotebe.cz\/objevte-vyhody-systemu-zigbee-pro-chytre-osvetleni\/\" target=\"_blank\" rel=\"noopener\"><img loading=\"lazy\" decoding=\"async\" class=\"aligncenter wp-image-117287 size-thumbnail\" src=\"https:\/\/svitimprotebe.cz\/eshop\/wp-content\/uploads\/2024\/01\/Zigbee-logo-1-150x150.png\" alt=\"Zigbee logo\" width=\"150\" height=\"150\" srcset=\"https:\/\/svitimprotebe.cz\/eshop\/wp-content\/uploads\/2024\/01\/Zigbee-logo-1-150x150.png 150w, https:\/\/svitimprotebe.cz\/eshop\/wp-content\/uploads\/2024\/01\/Zigbee-logo-1-100x100.png 100w\" sizes=\"(max-width: 150px) 100vw, 150px\" \/><\/a><\/p>\n<p style=\"text-align: center\"><a href=\"https:\/\/svitimprotebe.cz\/objevte-vyhody-systemu-zigbee-pro-chytre-osvetleni\/\" target=\"_blank\" rel=\"noopener\">Zigbee<\/a><\/p>\n<p style=\"text-align: left\"><\/div><\/div><div class=\"gdc_column gdc_cquarter\"><div class=\"gdc_inner\"><\/p>\n<p style=\"text-align: center\"><a href=\"https:\/\/svitimprotebe.cz\/home-assistant-chytry-system-pro-vasi-domacnost-1\/\" target=\"_blank\" rel=\"noopener\"><img loading=\"lazy\" decoding=\"async\" class=\"aligncenter wp-image-139093 size-thumbnail\" src=\"https:\/\/svitimprotebe.cz\/eshop\/wp-content\/uploads\/2024\/03\/home-assistant-logo.jpg-150x150.png\" alt=\"Home assistant\" width=\"150\" height=\"150\" srcset=\"https:\/\/svitimprotebe.cz\/eshop\/wp-content\/uploads\/2024\/03\/home-assistant-logo.jpg-150x150.png 150w, https:\/\/svitimprotebe.cz\/eshop\/wp-content\/uploads\/2024\/03\/home-assistant-logo.jpg-300x300.png 300w, https:\/\/svitimprotebe.cz\/eshop\/wp-content\/uploads\/2024\/03\/home-assistant-logo.jpg-1024x1024.png 1024w, https:\/\/svitimprotebe.cz\/eshop\/wp-content\/uploads\/2024\/03\/home-assistant-logo.jpg-768x768.png 768w, https:\/\/svitimprotebe.cz\/eshop\/wp-content\/uploads\/2024\/03\/home-assistant-logo.jpg-1536x1536.png 1536w, https:\/\/svitimprotebe.cz\/eshop\/wp-content\/uploads\/2024\/03\/home-assistant-logo.jpg-740x740.png 740w, https:\/\/svitimprotebe.cz\/eshop\/wp-content\/uploads\/2024\/03\/home-assistant-logo.jpg-400x400.png 400w, https:\/\/svitimprotebe.cz\/eshop\/wp-content\/uploads\/2024\/03\/home-assistant-logo.jpg-100x100.png 100w, https:\/\/svitimprotebe.cz\/eshop\/wp-content\/uploads\/2024\/03\/home-assistant-logo.jpg-64x64.png 64w, https:\/\/svitimprotebe.cz\/eshop\/wp-content\/uploads\/2024\/03\/home-assistant-logo.jpg.png 1600w\" sizes=\"(max-width: 150px) 100vw, 150px\" \/><\/a><\/p>\n<p style=\"text-align: center\"><a href=\"https:\/\/svitimprotebe.cz\/home-assistant-chytry-system-pro-vasi-domacnost-1\/\" target=\"_blank\" rel=\"noopener\">Home Assistant<\/a><\/p>\n<p><\/div><\/div><\/div><\/p>\n<h3>Jak jinak, ne\u017e \u00fasporn\u011b<\/h3>\n<p>\u00dasporn\u00e1 led sv\u00edtidla <strong>\u0161et\u0159\u00ed energii<\/strong>, to v\u00edte. A v\u00edte i, \u017ee \u0161et\u0159\u00ed tak\u00e9 va\u0161i pen\u011b\u017eenku? Samotn\u00e1 prvotn\u00ed investice se m\u016f\u017ee zd\u00e1t vy\u0161\u0161\u00ed, ale z&nbsp;dlouhodob\u00e9ho hlediska se jedn\u00e1 o ekologick\u00e9 i ekonomick\u00e9 \u0159e\u0161en\u00ed, kter\u00e9 se v&nbsp;dne\u0161n\u00ed dob\u011b v\u00edce ne\u017e nab\u00edz\u00ed. Je toti\u017e prok\u00e1z\u00e1no, \u017ee s&nbsp;LED osv\u011btlen\u00edm <strong>u\u0161et\u0159\u00edte a\u017e\u00a080\u00a0%<\/strong> v\u00fddaj\u016f za elekt\u0159inu oproti klasick\u00e9 \u017e\u00e1rovce. Nav\u00edc modern\u00ed technologie LED osv\u011btlen\u00ed neust\u00e1le vyv\u00edj\u00ed a prodlu\u017euj\u00ed jim u\u017e tak vysokou \u017eivotnost, tak\u017ee dal\u0161\u00ed bonus? Ano pros\u00edm!<\/p>\n<h3 class=\"item__title\">Nemaj\u00ed ru\u0161iv\u00fd flikr<\/h3>\n<p>Ve sv\u00edtidlech pou\u017e\u00edv\u00e1me elektroniku od <strong>rakousk\u00e9ho v\u00fdrobce <\/strong><a href=\"https:\/\/www.tridonic.com\/com\/en\/\" target=\"_blank\" rel=\"noopener\">Tridonic<\/a>, d\u00edky \u010demu\u017e na\u0161e sv\u00edtidla nem\u00edhaj\u00ed, neblikaj\u00ed a nemaj\u00ed \u017e\u00e1dn\u00fd <a href=\"https:\/\/www.svitimprotebe.cz\/flikr-aneb-blikani-svetelnych-zdroju-pstlm-a-svm\/\" target=\"_blank\" rel=\"noopener\">ru\u0161iv\u00fd flikr<\/a>. To si nav\u00edc ov\u011b\u0159ujeme vlastn\u00edmi <a href=\"http:\/\/svitimprotebe.cz\/eshop\/merici-technika\/\" target=\"_blank\" rel=\"noopener\">m\u011b\u0159\u00edc\u00edmi p\u0159\u00edstroji.<\/a><\/p>\n","protected":false},"excerpt":{"rendered":"<p>Kruhov\u00e9, stropn\u00ed sv\u00edtidlo Ella CM-S 450 mm je plnospektr\u00e1ln\u00ed, \u010d\u00edm\u017e nahrazuje sv\u011btlo denn\u00ed oblohy uvnit\u0159 ka\u017ed\u00e9ho prostoru. B\u011bhem dne tak dod\u00e1v\u00e1 energii a dobrou n\u00e1ladu. Ve\u010der pak obsahuje minimum modr\u00e9 slo\u017eky, d\u00edky \u010demu\u017e budete sp\u00e1t jak miminka. Nab\u00edz\u00edme jej v&nbsp;mnoha <strong>barevn\u00fdch variac\u00edch.<\/strong><\/p>\n","protected":false},"featured_media":117477,"template":"","meta":{"_acf_changed":false},"product_brand":[],"product_cat":[2018,23,304,571],"product_tag":[568],"class_list":{"0":"post-117530","1":"product","2":"type-product","3":"status-publish","4":"has-post-thumbnail","6":"product_cat-plnospektralni-led-svitidla-podle-typu-montaze","7":"product_cat-plnospektralni-zdrave-osvetleni","8":"product_cat-plnospektralni-led-svitidla","9":"product_cat-zavesna-plnospektralni","10":"product_tag-svitim-pro-tebe","11":"product_shipping_class-zak-helio","12":"pa_barva-svitidla-bila","13":"pa_barva-svitidla-cerna","14":"pa_barva-svitidla-seda-antracit","15":"pa_barva-svitidla-mosazna","16":"pa_barva-svitidla-bezova","17":"pa_barva-svitidla-zlata","18":"pa_barva-svitidla-stribrna","19":"pa_barva-svitidla-hneda","20":"pa_barva-svitidla-cervena","21":"pa_barva-svitidla-khaki","22":"pa_barva-svitidla-oranzova","23":"pa_barva-svitidla-ruzova","24":"pa_barva-svitidla-svetle-modra","25":"pa_barva-svitidla-svetle-zelena","26":"pa_barva-svitidla-tmave-modra","27":"pa_barva-svitidla-tmave-zelena","28":"pa_barva-svitidla-tyrkysova","29":"pa_barva-svitidla-zluta","30":"pa_chytre-svitidlo-ano","31":"pa_chytre-svitidlo-ne","32":"pa_doba-pouzivani-vecerni-osvetleni","33":"pa_doba-pouzivani-denni-osvetleni","34":"pa_doba-pouzivani-celodenni-osvetleni-24-h","35":"pa_doba-pouzivani-probouzeni-svetlem","36":"pa_material-plast","37":"pa_material-slitina-hliniku","38":"pa_meni-barvy-tw-varianta-ano","39":"pa_meni-barvy-tw-varianta-ne","40":"pa_meni-barvy-tw-varianta-dle-volby-svetelneho-zdroje","41":"pa_moznosti-ovladani-on-off","42":"pa_moznosti-ovladani-dali","43":"pa_moznosti-ovladani-casambi","44":"pa_moznosti-ovladani-zigbee","45":"pa_napajeni-sit-230-ac","46":"pa_sirka-prumer-1140","47":"pa_stmivatelne-ano","48":"pa_stmivatelne-ne","49":"pa_stmivatelne-dle-volby-svetelneho-zdroje","50":"pa_stupen-kryti-ip-ip40","51":"pa_styl-bohemsky","52":"pa_styl-eklekticky","53":"pa_styl-industrialni","54":"pa_styl-minimalisticky-a-seversky","55":"pa_styl-moderni","56":"pa_svetelny-tok-1801-2000-lm","57":"pa_svetelny-tok-2201-2400-lm","58":"pa_svetelny-tok-2401-2600-lm","59":"pa_svetelny-tok-2601-2800-lm","60":"pa_teplota-barvy-1800-2100-k","61":"pa_teplota-barvy-2200-2500-k","62":"pa_teplota-barvy-2700-3000-k","63":"pa_teplota-barvy-4000-5000-k","64":"pa_tvar-svitidla-kruhove","65":"pa_typ-produktu-led-svitidlo","66":"pa_umisteni-montaz-stropni","67":"pa_umisteni-montaz-zavesne","68":"pa_vhodne-do-kuchyne","69":"pa_vhodne-do-obyvaci-pokoj","70":"pa_vhodne-do-detsky-pokoj","71":"pa_vhodne-do-loznice","72":"pa_vhodne-do-pracovna","73":"pa_vhodne-do-chodba","74":"pa_vhodne-do-garaz","75":"pa_vhodne-do-schodiste","76":"pa_vhodne-do-satna","77":"pa_vhodne-do-spiz","78":"pa_vhodne-do-technicka-mistnost","79":"pa_vhodne-do-zachod","80":"pa_vykon-21-35-w","81":"pa_vymenitelny-svetelny-zdroj-ne","82":"pa_vyska-924","83":"pa_vyska-923","84":"pa_zpusob-vyzarovani-prime","85":"pa_zpusob-zapojeni-prime-zapojeni","87":"first","88":"onbackorder","89":"taxable","90":"shipping-taxable","91":"purchasable","92":"product-type-variable"},"acf":[],"_links":{"self":[{"href":"https:\/\/svitimprotebe.cz\/eshop\/wp-json\/wp\/v2\/product\/117530","targetHints":{"allow":["GET"]}}],"collection":[{"href":"https:\/\/svitimprotebe.cz\/eshop\/wp-json\/wp\/v2\/product"}],"about":[{"href":"https:\/\/svitimprotebe.cz\/eshop\/wp-json\/wp\/v2\/types\/product"}],"version-history":[{"count":0,"href":"https:\/\/svitimprotebe.cz\/eshop\/wp-json\/wp\/v2\/product\/117530\/revisions"}],"wp:featuredmedia":[{"embeddable":true,"href":"https:\/\/svitimprotebe.cz\/eshop\/wp-json\/wp\/v2\/media\/117477"}],"wp:attachment":[{"href":"https:\/\/svitimprotebe.cz\/eshop\/wp-json\/wp\/v2\/media?parent=117530"}],"wp:term":[{"taxonomy":"product_brand","embeddable":true,"href":"https:\/\/svitimprotebe.cz\/eshop\/wp-json\/wp\/v2\/product_brand?post=117530"},{"taxonomy":"product_cat","embeddable":true,"href":"https:\/\/svitimprotebe.cz\/eshop\/wp-json\/wp\/v2\/product_cat?post=117530"},{"taxonomy":"product_tag","embeddable":true,"href":"https:\/\/svitimprotebe.cz\/eshop\/wp-json\/wp\/v2\/product_tag?post=117530"}],"curies":[{"name":"wp","href":"https:\/\/api.w.org\/{rel}","templated":true}]}}