{"id":119486,"date":"2023-03-04T20:33:24","date_gmt":"2023-03-04T19:33:24","guid":{"rendered":"https:\/\/svitimprotebe.cz\/eshop\/?post_type=product&#038;p=119486"},"modified":"2026-03-27T06:32:16","modified_gmt":"2026-03-27T05:32:16","slug":"plnospektralni-led-zarovka-eurolighting-gu10-65w-4000k","status":"publish","type":"product","link":"https:\/\/svitimprotebe.cz\/eshop\/plnospektralni-led-zarovka-eurolighting-gu10-65w-4000k\/","title":{"rendered":"Plnospektr\u00e1ln\u00ed LED \u017e\u00e1rovka euroLighting GU10&nbsp;6,5W 4000K"},"content":{"rendered":"<p>\u017d\u00e1rovka um\u00ed <strong>m\u011bnit intenzitu sv\u00edcen\u00ed mezi 100 %, 40&nbsp;% a 15&nbsp;%<\/strong>. P\u0159i ka\u017ed\u00e9m vypnut\u00ed a zapnut\u00ed \u017e\u00e1rovky rychle za sebou klasick\u00fdm vyp\u00edna\u010dem na st\u011bn\u011b se intenzita automaticky m\u011bn\u00ed mezi t\u011bmito hodnotami. \u017d\u00e1rovka si n\u00e1sledn\u011b po vypnut\u00ed <strong>zapamatuje posledn\u00ed nastavenou intenzitu<\/strong>, ve kter\u00e9 p\u0159edt\u00edm sv\u00edtila. Proto se p\u0159i ka\u017ed\u00e9m zapnut\u00ed rozsv\u00edt\u00ed ve stejn\u00e9 intenzit\u011b, v&nbsp;jak\u00e9 byla p\u0159ed vypnut\u00edm. Aby si v\u0161ak \u017e\u00e1rovka zapamatovala posledn\u00ed hodnotu, <strong>je pot\u0159eba ji po zapnut\u00ed nechat sv\u00edtit alespo\u0148 10 sekund a pot\u00e9 ji po vypnut\u00ed nechat minim\u00e1ln\u011b 10 sekund vypnutou<\/strong>.<\/p>\n<h3>Vlastnosti a v\u00fdhody<\/h3>\n<ul>\n<li style=\"list-style-type: none;\">\n<ul>\n<li><a href=\"https:\/\/www.svitimprotebe.cz\/slovnicek-pojmu\/\" target=\"_blank\" rel=\"noopener\">Teplota barvy sv\u011btla<\/a> 4000K (neutr\u00e1ln\u00ed b\u00edla) se ide\u00e1ln\u011b hod\u00ed pro <strong>denn\u00ed sv\u00edcen\u00ed<\/strong><\/li>\n<li>\u017d\u00e1rovka je vybavena <a href=\"https:\/\/www.svitimprotebe.cz\/plnospektralni-led-osvetleni\/\" target=\"_blank\" rel=\"noopener\">plnospektr\u00e1ln\u00ed<\/a> LED diodou, kter\u00e1 zaji\u0161\u0165uje\u00a0vysokou <a href=\"https:\/\/www.svitimprotebe.cz\/slovnicek-pojmu\/\" target=\"_blank\" rel=\"noopener\">reprodukci barev<\/a> (Ra = 97)<\/li>\n<li>N\u00edzk\u00e1 \u00farove\u0148 <a href=\"https:\/\/www.svitimprotebe.cz\/flikr-aneb-blikani-svetelnych-zdroju-pstlm-a-svm\/\" target=\"_blank\" rel=\"noopener\">blik\u00e1n\u00ed<\/a> (% F &lt; 1%)<\/li>\n<\/ul>\n<\/li>\n<\/ul>\n<p><img fetchpriority=\"high\" decoding=\"async\" class=\"aligncenter wp-image-120850\" src=\"https:\/\/svitimprotebe.cz\/eshop\/wp-content\/uploads\/2024\/03\/Plnospektralni-LED-zarovka-euroLighting-GU10-65W-4000K-nahled2-1024x1024.jpg\" alt=\"\" width=\"550\" height=\"550\" srcset=\"https:\/\/svitimprotebe.cz\/eshop\/wp-content\/uploads\/2024\/03\/Plnospektralni-LED-zarovka-euroLighting-GU10-65W-4000K-nahled2-1024x1024.jpg 1024w, https:\/\/svitimprotebe.cz\/eshop\/wp-content\/uploads\/2024\/03\/Plnospektralni-LED-zarovka-euroLighting-GU10-65W-4000K-nahled2-300x300.jpg 300w, https:\/\/svitimprotebe.cz\/eshop\/wp-content\/uploads\/2024\/03\/Plnospektralni-LED-zarovka-euroLighting-GU10-65W-4000K-nahled2-150x150.jpg 150w, https:\/\/svitimprotebe.cz\/eshop\/wp-content\/uploads\/2024\/03\/Plnospektralni-LED-zarovka-euroLighting-GU10-65W-4000K-nahled2-768x768.jpg 768w, https:\/\/svitimprotebe.cz\/eshop\/wp-content\/uploads\/2024\/03\/Plnospektralni-LED-zarovka-euroLighting-GU10-65W-4000K-nahled2-740x740.jpg 740w, https:\/\/svitimprotebe.cz\/eshop\/wp-content\/uploads\/2024\/03\/Plnospektralni-LED-zarovka-euroLighting-GU10-65W-4000K-nahled2-400x400.jpg 400w, https:\/\/svitimprotebe.cz\/eshop\/wp-content\/uploads\/2024\/03\/Plnospektralni-LED-zarovka-euroLighting-GU10-65W-4000K-nahled2-100x100.jpg 100w, https:\/\/svitimprotebe.cz\/eshop\/wp-content\/uploads\/2024\/03\/Plnospektralni-LED-zarovka-euroLighting-GU10-65W-4000K-nahled2.jpg 1200w\" sizes=\"(max-width: 550px) 100vw, 550px\" \/><\/p>\n<h3>Pro\u010d bychom m\u011bli b\u011bhem r\u00e1na a \u010dasn\u00e9ho odpoledne sv\u00edtit studenou barvou sv\u011btla?<\/h3>\n<p>V pr\u016fb\u011bhu pracovn\u00ed doby pot\u0159ebujeme b\u00fdt pozorn\u00ed a soust\u0159ed\u011bn\u00ed. Jestli\u017ee tedy pracujeme v&nbsp;interi\u00e9ru a chceme b\u00fdt p\u0159i pr\u00e1ci produktivn\u00ed, m\u011bli bychom pob\u00fdvat v&nbsp;m\u00edstnosti, kter\u00e1 je nasv\u00edcena studenou barvou sv\u011btla s&nbsp;obsahem modr\u00e9 slo\u017eky. Ta m\u00e1<strong> pozitivn\u00ed vliv na kognitivn\u00ed funkce<\/strong>,\u00a0nap\u0159\u00edklad na my\u0161len\u00ed, organizov\u00e1n\u00ed, pl\u00e1nov\u00e1n\u00ed, \u010di \u0159e\u0161en\u00ed probl\u00e9m\u016f.\u00a0Krom\u011b vnit\u0159n\u00edch prostor\u016f ur\u010den\u00fdch pro pr\u00e1ci, <strong>doporu\u010dujeme pou\u017e\u00edvat sv\u00edtidla vyza\u0159uj\u00edc\u00ed studenou barvu sv\u011btla i ve \u0161kol\u00e1ch<\/strong>. Takov\u00e9 sv\u011btlo toti\u017e <strong>pozitivn\u011b p\u016fsob\u00ed i na u\u010den\u00ed a pam\u011b\u0165<\/strong> \u017e\u00e1k\u016f a student\u016f, kte\u0159\u00ed budou n\u00e1sledn\u011b v&nbsp;dlouhodob\u00e9m m\u011b\u0159\u00edtku pod\u00e1vat lep\u0161\u00ed v\u00fdsledky. Dal\u0161\u00edm m\u00edstem vyu\u017eit\u00ed mohou b\u00fdt <strong>pe\u010dovatelsk\u00e1 za\u0159\u00edzen\u00ed<\/strong>, kde lid\u00e9 rovn\u011b\u017e tr\u00e1v\u00ed podstatnou \u010d\u00e1st rann\u00edch a odpoledn\u00edch hodin.<\/p>\n<h3>Slune\u010dn\u00ed sv\u011btlo do va\u0161ich vnit\u0159n\u00edch prostor\u016f v&nbsp;podob\u011b plnospektr\u00e1ln\u00edch \u017e\u00e1rovek euroLighting<\/h3>\n<p>\u017d\u00e1rovky v\u00fdrobce euroLighting jsou k&nbsp;dost\u00e1n\u00ed v\u00fdhradn\u011b v&nbsp;proveden\u00ed, kter\u00e9 sv\u00fdm <strong>sv\u011bteln\u00fdm spektrem t\u00e9m\u011b\u0159 identicky napodobuje slune\u010dn\u00ed z\u00e1\u0159en\u00ed<\/strong>. EuroLightning \u017e\u00e1rovky tedy vyza\u0159uj\u00ed <a href=\"https:\/\/www.svitimprotebe.cz\/plnospektralni-led-osvetleni\/\" target=\"_blank\" rel=\"noopener\">plnospektr\u00e1ln\u00ed sv\u011btlo<\/a>, kter\u00e9 zlep\u0161uje pod\u00e1n\u00ed barev a <strong>m\u00e1 pozitivn\u00ed vliv na zdrav\u00ed \u010dlov\u011bka<\/strong> i jeho <a href=\"https:\/\/www.svitimprotebe.cz\/cirkadianni-rytmus\/\">cirkadi\u00e1nn\u00ed rytmus<\/a>. EuroLighting \u017e\u00e1rovky se perfektn\u011b hod\u00ed do ka\u017ed\u00e9ho interi\u00e9ru, kde lid\u00e9 pob\u00fdvaj\u00ed del\u0161\u00ed dobu a kde jsou n\u00e1roky na vysokou \u00farove\u0148 koncentrace. Proto najdou sv\u00e9 vyu\u017eit\u00ed nap\u0159\u00edklad v&nbsp;pe\u010dovatelsk\u00fdch slu\u017eb\u00e1ch, domovech d\u016fchodc\u016f a v\u0161ech uzav\u0159en\u00fdch prostor\u016f ur\u010den\u00fdch pro pr\u00e1ci.<\/p>\n<p><img decoding=\"async\" class=\"alignnone wp-image-4587 size-full\" src=\"https:\/\/www.svitimprotebe.cz\/wp-content\/uploads\/2021\/08\/Vystrizek-4.jpg\" alt=\"\" width=\"1475\" height=\"848\" \/><\/p>\n<h3>V\u011bt\u0161\u00ed radost ze \u017eivota a pohodl\u00ed d\u00edky LED osv\u011btlen\u00ed inspirovan\u00e9ho sluncem<\/h3>\n<ul>\n<li>zlep\u0161en\u00ed vitality a n\u00e1lady,<\/li>\n<li>zv\u00fd\u0161en\u00ed t\u011blesn\u00fdch i du\u0161evn\u00edch v\u00fdkon\u016f,<img decoding=\"async\" class=\"wp-image-4581 alignright\" src=\"https:\/\/www.svitimprotebe.cz\/wp-content\/uploads\/2021\/08\/pos-768x196-1-300x77.png\" alt=\"\" width=\"425\" height=\"109\" \/><\/li>\n<li>\u010dten\u00ed a pr\u00e1ce bez pocitu \u00fanavy,<\/li>\n<li>vytvo\u0159en\u00ed p\u0159\u00edjemn\u00e9 atmosf\u00e9ry,<\/li>\n<li>lep\u0161\u00ed sp\u00e1nek<\/li>\n<li>a mnoho dal\u0161\u00edch <a href=\"https:\/\/www.svitimprotebe.cz\/benefity-zdraveho-osvetleni\/\" target=\"_blank\" rel=\"noopener\">benefit\u016f<\/a>, d\u00edky kter\u00fdm se budete c\u00edtit fit.<\/li>\n<\/ul>\n<p>S plnospektr\u00e1ln\u00edmi \u017e\u00e1rovkami si tak m\u016f\u017eete dop\u0159\u00e1t <strong>pozitivn\u00ed \u00fa\u010dinky slune\u010dn\u00edho z\u00e1\u0159en\u00ed i v&nbsp;pohodl\u00ed sv\u00e9ho domova<\/strong>!<\/p>\n<p><img loading=\"lazy\" decoding=\"async\" class=\"alignnone wp-image-4590 size-full\" src=\"https:\/\/www.svitimprotebe.cz\/wp-content\/uploads\/2021\/08\/Vystrizek2-1.jpg\" alt=\"\" width=\"1702\" height=\"584\" \/><\/p>\n<p>Sv\u011bteln\u00e9 spektrum podobn\u00e9 slune\u010dn\u00edmu z\u00e1\u0159en\u00ed na\u0161ich LED \u017e\u00e1rovek m\u00e1 pozitivn\u00ed vliv na \u010dlov\u011bka. Pom\u00e1h\u00e1 nap\u0159\u00edklad proti \u00fanav\u011b o\u010di, zlep\u0161uje koncentraci, \u010d\u00edm\u017e <strong>napom\u00e1h\u00e1 k&nbsp;vy\u0161\u0161\u00edm pracovn\u00edm v\u00fdkon\u016fm<\/strong> a v&nbsp;neposledn\u00ed \u0159ad\u011b p\u016fsob\u00ed proti melancholii. V&nbsp;euroLighting LED \u017e\u00e1rovk\u00e1ch jsou toti\u017e integrov\u00e1ny <strong>speci\u00e1ln\u00ed sv\u011bteln\u00e9 diody imituj\u00edc\u00ed denn\u00ed sv\u011btlo<\/strong>. D\u00edky tomu vypadaj\u00ed p\u0159edm\u011bty pod vyza\u0159ovan\u00fdm sv\u011btlem ze \u017e\u00e1rovek podobn\u011b jako pod denn\u00edm sv\u011btlem. Barvy jsou tedy pln\u00e9, saturovan\u00e9 a p\u0159\u00edjemn\u00e9.<\/p>\n<p><img loading=\"lazy\" decoding=\"async\" class=\"alignnone wp-image-4593 size-full\" src=\"https:\/\/www.svitimprotebe.cz\/wp-content\/uploads\/2021\/08\/Vystrizek3-2.jpg\" alt=\"\" width=\"1694\" height=\"847\" \/><\/p>\n<p><strong>\u010clov\u011bk pot\u0159ebuje ke sv\u00e9mu \u017eivotu slune\u010dn\u00ed z\u00e1\u0159en\u00ed<\/strong>. Toho se ov\u0161em modern\u00edmu \u010dlov\u011bku d\u00edky dlouh\u00fdm pobyt\u016fm v&nbsp;uzav\u0159en\u00fdch m\u00edstnostech, i p\u0159es p\u0159\u00edtomnost oken, dost\u00e1v\u00e1 m\u00e1lo. Pobyt venku na \u010derstv\u00e9m vzduchu a slune\u010dn\u00edm z\u00e1\u0159en\u00ed, a\u0165 u\u017e v&nbsp;podob\u011b turistiky, b\u011bh\u00e1n\u00ed \u010di proch\u00e1zky, je pro t\u011blo v&nbsp;r\u00e1mci p\u0159\u00edsunu energie a p\u0159irozen\u00e9ho sv\u011btla nejefektivn\u011bj\u0161\u00ed. Pro ty, kte\u0159\u00ed tuto mo\u017enost nemaj\u00ed, nab\u00edz\u00edme um\u011bl\u00e9 osv\u011btlen\u00ed se <a href=\"https:\/\/www.svitimprotebe.cz\/slovnicek-pojmu\/\" target=\"_blank\" rel=\"noopener\">spektr\u00e1ln\u00edm slo\u017een\u00edm<\/a> napodobuj\u00edc\u00edm slunce.<\/p>\n<h3>Sv\u011btlo &#8211; v\u00edc ne\u017e jen prost\u0159edek pro zrak<\/h3>\n<p>Osv\u011btlen\u00ed nen\u00ed dnes vn\u00edm\u00e1no pouze jako prost\u0159edek pro nasv\u00edcen\u00ed m\u00edstnosti a designov\u00fd dopln\u011bk prostoru. Slou\u017e\u00ed toti\u017e tak\u00e9 k&nbsp;emo\u010dn\u00edmu uvoln\u011bn\u00ed, ovliv\u0148uje zdrav\u00ed \u010dlov\u011bka a hladiny hormon\u016f v&nbsp;t\u011ble a takt\u00e9\u017e napom\u00e1h\u00e1 \u010dlov\u011bku v&nbsp;jeho ka\u017edodenn\u00edch aktivit\u00e1ch. Pouze pokud se c\u00edt\u00edme dob\u0159e a jsme plni energie, u\u017e\u00edv\u00e1me si \u017eivot naplno a jsme v&nbsp;nejlep\u0161\u00ed form\u011b. Pokud n\u00e1m v\u0161ak chyb\u00ed slune\u010dn\u00ed sv\u011btlo, chyb\u00ed n\u00e1m d\u016fle\u017eit\u00fd zdroj energie.<\/p>\n<h3>Spr\u00e1vn\u00e9 osv\u011btlen\u00ed nen\u00ed p\u0159\u00ednosn\u00e9 pouze pro \u010dlov\u011bka, ale i pro zv\u00ed\u0159ata a rostliny<\/h3>\n<p>U rostlin je zn\u00e1mo, \u017ee bez sv\u011btla nep\u0159e\u017eij\u00ed. Pot\u0159ebuj\u00ed sv\u011btlo jako zdroj sv\u00e9 energie, aby mohly r\u016fst a prov\u00e1d\u011bt fotosynt\u00e9zu. Stejn\u011b to v\u0161ak maj\u00ed v\u0161echny \u017eiv\u00e9 organismy na Zemi. I zv\u00ed\u0159ata pot\u0159ebuj\u00ed sv\u011btlo se spr\u00e1vnou intenzitou podle <a href=\"https:\/\/www.svitimprotebe.cz\/doporucena-doba-pouzivani-svitidel\/\" target=\"_blank\" rel=\"noopener\">denn\u00ed doby<\/a>, aby z\u016fstala zdrav\u00e1 a c\u00edtila se dob\u0159e. Zejm\u00e9na potom dom\u00e1c\u00ed zv\u00ed\u0159ata jako nap\u0159\u00edklad prasata \u010di kr\u00e1vy, kter\u00e1 tr\u00e1v\u00ed v\u011bt\u0161inu \u010dasu b\u011bhem zimy ve chl\u00e9v\u011b. To sam\u00e9 plat\u00ed i pro \u017eivo\u010dichy, kte\u0159\u00ed jsou chov\u00e1ni v&nbsp;ter\u00e1ri\u00edch.<\/p>\n<p>Av\u0161ak co se t\u00fd\u010de um\u011bl\u00e9ho osv\u011btlen\u00ed pro zv\u00ed\u0159ata, mus\u00edme se zm\u00ednit o jedn\u00e9 d\u016fle\u017eit\u00e9 pozn\u00e1mce. <strong>Jednotliv\u00e9 zv\u00ed\u0159ec\u00ed druhy toti\u017e mohou vy\u017eadovat r\u016fzn\u00e9 druhy osv\u011btlen\u00ed<\/strong>. P\u0159i v\u00fdb\u011bru osv\u011btlen\u00ed pro zv\u00ed\u0159ata by se m\u011bly br\u00e1t v&nbsp;potaz ur\u010dit\u00e9 faktory jako p\u0159irozen\u00e9 prost\u0159ed\u00ed nebo vn\u00edm\u00e1n\u00ed sv\u011btla. Zv\u00ed\u0159ata maj\u00ed r\u016fzn\u00e9 receptory barev, nemus\u00ed tedy rozezn\u00e1vat zelen\u00e9, modr\u00e9 \u010di \u010derven\u00e9 sv\u011btlo, jak je tomu u \u010dlov\u011bka.<\/p>\n<h3>Dokumenty ke sta\u017een\u00ed<\/h3>\n<div class=\"gdc_row\"><div class=\"gdc_column gdc_cthird\"><div class=\"gdc_inner\"><\/p>\n<p><a href=\"https:\/\/www.svitimprotebe.cz\/wp-content\/uploads\/2021\/08\/28798039-euroLighting-Endkunden-Flyer-DIN-lang-Einzelseiten-fuer-Web-1.pdf\" target=\"_blank\" rel=\"noopener\"><img loading=\"lazy\" decoding=\"async\" class=\"aligncenter wp-image-4602\" src=\"https:\/\/www.svitimprotebe.cz\/wp-content\/uploads\/2021\/08\/PDF_ikona_nase-300x169.jpg\" alt=\"\" width=\"200\" height=\"113\" \/><\/a><\/p>\n<p style=\"text-align: center;\"><em>HCL (Human Centric Lighting) &#8211; Zdrav\u00e9 osv\u011btlen\u00ed DE<\/em><\/p>\n<p><\/div><\/div><div class=\"gdc_column gdc_cthird\"><div class=\"gdc_inner\"><\/p>\n<p><a href=\"https:\/\/www.svitimprotebe.cz\/wp-content\/uploads\/2021\/08\/28797943-Sonnenlicht-aus-der-Lampe.pdf\" target=\"_blank\" rel=\"noopener\"><img loading=\"lazy\" decoding=\"async\" class=\"aligncenter wp-image-4602\" src=\"https:\/\/www.svitimprotebe.cz\/wp-content\/uploads\/2021\/08\/PDF_ikona_nase-300x169.jpg\" alt=\"\" width=\"200\" height=\"113\" \/><\/a><\/p>\n<p style=\"text-align: center;\"><em>&#8220;Slune\u010dn\u00ed z\u00e1\u0159en\u00ed vyza\u0159ovan\u00e9 va\u0161\u00ed lampou&#8221; DE<\/em><\/p>\n<p><\/div><\/div><div class=\"gdc_column gdc_cthird\"><div class=\"gdc_inner\"><\/p>\n<p><a href=\"https:\/\/www.svitimprotebe.cz\/wp-content\/uploads\/2021\/08\/28807554-Flyer-Beleuchtung-fr-Tiere.pdf\" target=\"_blank\" rel=\"noopener\"><img loading=\"lazy\" decoding=\"async\" class=\"aligncenter wp-image-4602\" src=\"https:\/\/www.svitimprotebe.cz\/wp-content\/uploads\/2021\/08\/PDF_ikona_nase-300x169.jpg\" alt=\"\" width=\"200\" height=\"113\" \/><\/a><\/p>\n<p style=\"text-align: center;\"><em><span class=\"elementor-button-content-wrapper\"><span class=\"elementor-button-text\">\u00a0Spr\u00e1vn\u00e9 sv\u011btlo pro ka\u017ed\u00fd zv\u00ed\u0159ec\u00ed druh DE<\/span><\/span><\/em><\/p>\n<p><\/div><\/div><\/div>\n","protected":false},"excerpt":{"rendered":"<p>Plnospektr\u00e1ln\u00ed <strong>prokognitivn\u00ed \u017e\u00e1rovka<\/strong> euroLighting vyza\u0159uje\u00a0<strong>zdrav\u00e9 sv\u011btlo<\/strong>, kter\u00e9 se podob\u00e1 slune\u010dn\u00edmu z\u00e1\u0159en\u00ed. D\u00edky t\u00e9to vlastnosti m\u00e1\u00a0<strong>pozitivn\u00ed \u00fa\u010dinky pro va\u0161e zdrav\u00ed<\/strong>. Skv\u011ble\u00a0se hod\u00ed do ka\u017ed\u00e9ho interi\u00e9ru, kde tr\u00e1v\u00edte \u010das <strong>b\u011bhem r\u00e1na a odpoledne<\/strong>, nebo\u0165 je ur\u010dena pro\u00a0<strong>denn\u00ed sv\u00edcen\u00ed<\/strong>. Vyza\u0159uje toti\u017e studen\u00e9 b\u00edl\u00e9 sv\u011btlo a napodobuje tak oblohu nebe v&nbsp;pr\u016fb\u011bhu dne.<\/p>\n","protected":false},"featured_media":57664,"template":"","meta":{"_acf_changed":false},"product_brand":[],"product_cat":[33,34,238,23,303,1938],"product_tag":[29],"class_list":{"0":"post-119486","1":"product","2":"type-product","3":"status-publish","4":"has-post-thumbnail","6":"product_cat-zdrave-osvetleni","7":"product_cat-led-zarovky","8":"product_cat-patice-gu10","9":"product_cat-plnospektralni-zdrave-osvetleni","10":"product_cat-plnospektralni-led-zarovky","11":"product_cat-ostatni-plnospektralni-zarovky","12":"product_tag-eurolighting","13":"product_shipping_class-zakladni","14":"pa_chytra-zarovka-ano","15":"pa_doba-pouzivani-denni-osvetleni","16":"pa_material-kov","17":"pa_material-plast","18":"pa_material-sklo","19":"pa_meni-barvy-tw-varianta-ne","20":"pa_moznosti-ovladani-on-off","21":"pa_moznosti-ovladani-krokove-pomoci-on-off","22":"pa_napajeni-sit-230-ac","23":"pa_patice-zavit-gu10","24":"pa_sirka-prumer-887","25":"pa_stmivatelne-ano","26":"pa_stupen-kryti-ip-ip20","27":"pa_svetelny-tok-601-800-lm","28":"pa_teplota-barvy-4000-5000-k","29":"pa_typ-produktu-led-zarovka","30":"pa_vhodne-do-kuchyne","31":"pa_vhodne-do-detsky-pokoj","32":"pa_vhodne-do-pracovna","33":"pa_vhodne-do-koupelna","34":"pa_vhodne-do-technicka-mistnost","35":"pa_vykon-6-10-w","36":"pa_vyska-890","38":"first","39":"instock","40":"taxable","41":"shipping-taxable","42":"purchasable","43":"product-type-simple"},"acf":[],"_links":{"self":[{"href":"https:\/\/svitimprotebe.cz\/eshop\/wp-json\/wp\/v2\/product\/119486","targetHints":{"allow":["GET"]}}],"collection":[{"href":"https:\/\/svitimprotebe.cz\/eshop\/wp-json\/wp\/v2\/product"}],"about":[{"href":"https:\/\/svitimprotebe.cz\/eshop\/wp-json\/wp\/v2\/types\/product"}],"version-history":[{"count":0,"href":"https:\/\/svitimprotebe.cz\/eshop\/wp-json\/wp\/v2\/product\/119486\/revisions"}],"wp:featuredmedia":[{"embeddable":true,"href":"https:\/\/svitimprotebe.cz\/eshop\/wp-json\/wp\/v2\/media\/57664"}],"wp:attachment":[{"href":"https:\/\/svitimprotebe.cz\/eshop\/wp-json\/wp\/v2\/media?parent=119486"}],"wp:term":[{"taxonomy":"product_brand","embeddable":true,"href":"https:\/\/svitimprotebe.cz\/eshop\/wp-json\/wp\/v2\/product_brand?post=119486"},{"taxonomy":"product_cat","embeddable":true,"href":"https:\/\/svitimprotebe.cz\/eshop\/wp-json\/wp\/v2\/product_cat?post=119486"},{"taxonomy":"product_tag","embeddable":true,"href":"https:\/\/svitimprotebe.cz\/eshop\/wp-json\/wp\/v2\/product_tag?post=119486"}],"curies":[{"name":"wp","href":"https:\/\/api.w.org\/{rel}","templated":true}]}}