{"id":122044,"date":"2022-06-11T08:03:53","date_gmt":"2022-06-11T06:03:53","guid":{"rendered":"https:\/\/svitimprotebe.cz\/eshop\/?post_type=product&#038;p=122044"},"modified":"2026-04-01T07:37:56","modified_gmt":"2026-04-01T05:37:56","slug":"dalkovy-ovladac-casambi","status":"publish","type":"product","link":"https:\/\/svitimprotebe.cz\/eshop\/dalkovy-ovladac-casambi\/","title":{"rendered":"D\u00e1lkov\u00fd ovlada\u010d CASAMBI CR03"},"content":{"rendered":"<ul>\n<li>Bezdr\u00e1tov\u00fd n\u00e1st\u011bnn\u00fd ovlada\u010d <strong>nap\u00e1jen\u00fd z&nbsp;baterie<\/strong><\/li>\n<li>Automaticky vytv\u00e1\u0159\u00ed bezdr\u00e1tovou komunikaci pro p\u0159ipojen\u00ed chytr\u00fdch <a href=\"https:\/\/svitimprotebe.cz\/eshop\/zdrave-osvetleni\/napajeci-zdroje\/?pa_moznosti-ovladani=casambi\" target=\"_blank\" rel=\"noopener\">Casambi zdroj\u016f<\/a>, \u017e\u00e1rovek a <a href=\"https:\/\/svitimprotebe.cz\/eshop\/plnospektralni-zdrave-osvetleni\/plnospektralni-led-svitidla\/?pa_moznosti-ovladani=casambi\" target=\"_blank\" rel=\"noopener\">sv\u00edtidel<\/a><\/li>\n<li>Nastaven\u00ed pomoc\u00ed mobiln\u00ed aplikace <a href=\"https:\/\/www.tridonic.com\/com\/en\/products\/app-4remote-bt.asp\" target=\"_blank\" rel=\"noopener\">4remote BT<\/a> nebo aplikace <a href=\"https:\/\/play.google.com\/store\/apps\/details?id=casambi.ambi&amp;hl=cs\" target=\"_blank\" rel=\"noopener\">Casambi<\/a> pro Android i <a href=\"https:\/\/apps.apple.com\/us\/app\/casambi\/id731859317\" target=\"_blank\" rel=\"noopener\">iOS<\/a>.<\/li>\n<li>Mo\u017enost <strong>ovl\u00e1d\u00e1n\u00ed jasu<\/strong><\/li>\n<li>Mo\u017enost ovl\u00e1d\u00e1n\u00ed <strong>teploty barvy<\/strong><\/li>\n<li><strong>4 programovateln\u00e1 tla\u010d\u00edtka<\/strong><\/li>\n<li>Sou\u010d\u00e1st\u00ed balen\u00ed <strong>magnetick\u00fd dr\u017eak<\/strong> na ovlada\u010d s&nbsp;mo\u017enost\u00ed uchycen\u00ed na st\u011bnu<\/li>\n<li>Kompatibiln\u00ed s&nbsp;ve\u0161ker\u00fdmi sv\u00edtidly, LED p\u00e1sky nebo \u017e\u00e1rovkami podporuj\u00edc\u00ed <a href=\"https:\/\/casambi.com\/\" target=\"_blank\" rel=\"noopener\">Casambi syst\u00e9m<\/a> nap\u0159\u00ed\u010d v\u0161emi v\u00fdrobci osv\u011btlen\u00ed<\/li>\n<\/ul>\n<p>&nbsp;<\/p>\n<p>D\u00e1lkov\u00fd ovlada\u010d <a href=\"https:\/\/svitimprotebe.cz\/objevte-vyhody-systemu-chytreho-osvetleni-casambi\" target=\"_blank\" rel=\"noopener\">CASAMBI<\/a> p\u0159in\u00e1\u0161\u00ed obrovskou flexibilitu p\u0159i navrhov\u00e1n\u00ed interi\u00e9r\u016f. P\u0159i zm\u011bn\u011b dispozice m\u00edstnosti nen\u00ed nutn\u00e9 m\u011bnit zapojen\u00ed instalace, zejm\u00e9na vyp\u00edna\u010de. D\u00e1lkov\u00fd ovlada\u010d m\u016f\u017ee b\u00fdt um\u00edst\u011bn <strong>kdekoli, kde ho u\u017eivatel pot\u0159ebuje<\/strong>, a poskytuje p\u0159\u00edm\u00fd p\u0159\u00edstup ke v\u0161em d\u016fle\u017eit\u00fdm<strong> funkc\u00edm ovl\u00e1d\u00e1n\u00ed osv\u011btlen\u00ed.<\/strong> Casambi automaticky vytv\u00e1\u0159\u00ed s\u00ed\u0165, kterou lze ovl\u00e1dat z&nbsp;libovoln\u00e9ho bodu.<strong> Za\u0159\u00edzen\u00ed v&nbsp;s\u00edti komunikuj\u00ed bezdr\u00e1tov\u011b a je mo\u017en\u00e9 je nastavovat chytr\u00fdm telefonem nebo tabletem.<\/strong><\/p>\n<h3>Chytr\u00e9 funkce a tla\u010d\u00edtka<\/h3>\n<div class=\"gdc_row\"><div class=\"gdc_column gdc_chalf\"><div class=\"gdc_inner\"><br \/>\n<img fetchpriority=\"high\" decoding=\"async\" class=\"aligncenter wp-image-126178 size-full\" src=\"https:\/\/svitimprotebe.cz\/eshop\/wp-content\/uploads\/2022\/06\/Dalkovy-ovladac-CASAMBI-CR03-popis-tlacitek.jpg\" alt=\"\" width=\"891\" height=\"934\" srcset=\"https:\/\/svitimprotebe.cz\/eshop\/wp-content\/uploads\/2022\/06\/Dalkovy-ovladac-CASAMBI-CR03-popis-tlacitek.jpg 891w, https:\/\/svitimprotebe.cz\/eshop\/wp-content\/uploads\/2022\/06\/Dalkovy-ovladac-CASAMBI-CR03-popis-tlacitek-286x300.jpg 286w, https:\/\/svitimprotebe.cz\/eshop\/wp-content\/uploads\/2022\/06\/Dalkovy-ovladac-CASAMBI-CR03-popis-tlacitek-768x805.jpg 768w, https:\/\/svitimprotebe.cz\/eshop\/wp-content\/uploads\/2022\/06\/Dalkovy-ovladac-CASAMBI-CR03-popis-tlacitek-740x776.jpg 740w\" sizes=\"(max-width: 891px) 100vw, 891px\" \/><br \/>\n<\/div><\/div><div class=\"gdc_column gdc_chalf\"><div class=\"gdc_inner\"><\/p>\n<p><strong>Tla\u010d\u00edtko zapnut\u00ed na 100% intenzitu<\/strong><\/p>\n<p>Stiskem tla\u010d\u00edtka zapnete osv\u011btlen\u00ed ve 100% \u00farovni jasu. Pokud je osv\u011btlen\u00ed j\u00ed\u017e zapnuto, stiskem tla\u010d\u00edtka osv\u011btlen\u00ed p\u0159ejde na \u00farove\u0148 100% jasu.<\/p>\n<p><strong>Tla\u010d\u00edtka zm\u011bny jasu \/ intenzity &#8211; stm\u00edv\u00e1n\u00ed<\/strong><\/p>\n<p>P\u0159idr\u017een\u00edm tla\u010d\u00edtka stm\u00edv\u00e1n\u00ed (+ a -) lze doc\u00edlit postupn\u00e9 nastaven\u00ed po\u017eadovan\u00e9ho jasu.<br \/>\nKr\u00e1tk\u00e9 stisknut\u00ed tla\u010d\u00edtka stm\u00edv\u00e1n\u00ed dol\u016f sn\u00ed\u017e\u00ed jas skokov\u011b o 10%.<br \/>\nKr\u00e1tk\u00e9 stisknut\u00ed tla\u010d\u00edtka stm\u00edv\u00e1n\u00ed nahoru zv\u00fd\u0161\u00ed jas skokov\u011b o 10%.<\/p>\n<p><strong>Tla\u010d\u00edtka zm\u011bny teploty barvy<\/strong><\/p>\n<p>P\u0159idr\u017een\u00edm tla\u010d\u00edtka doleva nebo doprava (&lt; a &gt;) lze doc\u00edlit plynul\u00e9ho zv\u00fd\u0161en\u00ed \u010di sn\u00ed\u017een\u00ed teploty barvy sv\u00edtidla.<\/p>\n<p><strong>Multifunk\u010dn\u00ed tla\u010d\u00edtka 1 a\u017e 4<\/strong><\/p>\n<p>Multifunk\u010dn\u00ed tla\u010d\u00edtka 1 a\u017e 4 jsou nastaviteln\u00e1 v&nbsp;aplikaci <a href=\"https:\/\/www.tridonic.com\/com\/en\/products\/app-4remote-bt.asp\" target=\"_blank\" rel=\"noopener\">4remote BT<\/a> nebo <a href=\"https:\/\/play.google.com\/store\/apps\/details?id=casambi.ambi&amp;hl=cs\" target=\"_blank\" rel=\"noopener\">Casambi<\/a>. Ka\u017ed\u00e9mu tla\u010d\u00edtku lze nastavit, zda ovl\u00e1d\u00e1 sv\u00edtidlo, sc\u00e9nu, \u010dasovou sc\u00e9nu nebo v\u0161echna sv\u00edtidla. Vice informac\u00ed najdete ve vide\u00edch na t\u00e9to str\u00e1nce n\u00ed\u017ee.<\/p>\n<p><\/div><\/div><\/div>\n<h3>Aktivace ovlada\u010de pro detekci v&nbsp;aplikaci Casambi \/ 4remote BT<\/h3>\n<p>D\u00e1lkov\u00fd ovlada\u010d CASAMBI CR03 <strong>nen\u00ed v&nbsp;aplikaci Casambi nebo 4remote BT viditeln\u00fd dokud nen\u00ed aktivov\u00e1n<\/strong>. Pro aktivaci kr\u00e1tce zm\u00e1\u010dkn\u011bte sou\u010dasn\u011b tla\u010d\u00edtko ON|100% a tla\u010d\u00edtko + a nebo kr\u00e1tce zm\u00e1\u010dkn\u011bte sou\u010dasn\u011b tla\u010d\u00edtka \u20183&#8242; and \u20184&#8242;.<\/p>\n<h3>Odpojen\u00ed ovlada\u010de ze s\u00edt\u011b<\/h3>\n<p>D\u00e1lkov\u00fd ovlada\u010d CASAMBI CR03<strong> lze odpojit ze s\u00edt\u011b jen p\u0159es aplikaci v&nbsp;mobilu<\/strong>. Na ovlada\u010di nen\u00ed \u017e\u00e1dn\u00e9 tla\u010d\u00edtko ani kombinace tla\u010d\u00edtek, kter\u00fdmi by \u0161el resetovat p\u0159\u00edmo.<\/p>\n<h3>Mont\u00e1\u017e<\/h3>\n<p>Bezdr\u00e1tov\u00fd ovlada\u010d <strong>je vybaven magnety pro snadn\u00e9 upevn\u011bn\u00ed na mont\u00e1\u017en\u00ed dr\u017e\u00e1k<\/strong>. Mont\u00e1\u017en\u00ed dr\u017e\u00e1k se p\u0159ipev\u0148uje na ze\u010f pomoc\u00ed 2 vrut\u016f s&nbsp;hmo\u017edinkami. Mont\u00e1\u017en\u00ed dr\u017e\u00e1k je sou\u010d\u00e1st\u00ed balen\u00ed.<\/p>\n","protected":false},"excerpt":{"rendered":"<p>Chytr\u00fd d\u00e1lkov\u00fd ovlada\u010d k&nbsp;chytr\u00fdm zdroj\u016fm pro LED p\u00e1sky nebo inteligentn\u00edm sv\u00edtidl\u016fm Casambi m\u00e1 <strong>atraktivn\u00ed design a vyzna\u010duje se<\/strong> nen\u00e1ro\u010dnou instalac\u00ed a <strong>jednoduch\u00fdm nastaven\u00edm<\/strong>. V&nbsp;ovlada\u010di je vlo\u017eena baterie CR2302, kter\u00e1 ho nap\u00e1j\u00ed.<\/p>\n","protected":false},"featured_media":122047,"template":"","meta":{"_acf_changed":false},"product_brand":[],"product_cat":[957,958],"product_tag":[568],"class_list":{"0":"post-122044","1":"product","2":"type-product","3":"status-publish","4":"has-post-thumbnail","6":"product_cat-ovladani-a-rizeni-osvetleni","7":"product_cat-rizeni-casambi","8":"product_tag-svitim-pro-tebe","9":"product_shipping_class-zakladni","10":"pa_delka-1856","11":"pa_material-plast","12":"pa_meni-barvy-tw-varianta-ano","13":"pa_moznosti-ovladani-casambi","14":"pa_napajeni-baterie","15":"pa_sirka-prumer-1893","16":"pa_stmivatelne-ano","17":"pa_stupen-kryti-ip-ip20","18":"pa_typ-produktu-ovladani-a-rizeni-osvetleni","19":"pa_vyska-1894","21":"first","22":"instock","23":"taxable","24":"shipping-taxable","25":"purchasable","26":"product-type-simple"},"acf":[],"_links":{"self":[{"href":"https:\/\/svitimprotebe.cz\/eshop\/wp-json\/wp\/v2\/product\/122044","targetHints":{"allow":["GET"]}}],"collection":[{"href":"https:\/\/svitimprotebe.cz\/eshop\/wp-json\/wp\/v2\/product"}],"about":[{"href":"https:\/\/svitimprotebe.cz\/eshop\/wp-json\/wp\/v2\/types\/product"}],"version-history":[{"count":0,"href":"https:\/\/svitimprotebe.cz\/eshop\/wp-json\/wp\/v2\/product\/122044\/revisions"}],"wp:featuredmedia":[{"embeddable":true,"href":"https:\/\/svitimprotebe.cz\/eshop\/wp-json\/wp\/v2\/media\/122047"}],"wp:attachment":[{"href":"https:\/\/svitimprotebe.cz\/eshop\/wp-json\/wp\/v2\/media?parent=122044"}],"wp:term":[{"taxonomy":"product_brand","embeddable":true,"href":"https:\/\/svitimprotebe.cz\/eshop\/wp-json\/wp\/v2\/product_brand?post=122044"},{"taxonomy":"product_cat","embeddable":true,"href":"https:\/\/svitimprotebe.cz\/eshop\/wp-json\/wp\/v2\/product_cat?post=122044"},{"taxonomy":"product_tag","embeddable":true,"href":"https:\/\/svitimprotebe.cz\/eshop\/wp-json\/wp\/v2\/product_tag?post=122044"}],"curies":[{"name":"wp","href":"https:\/\/api.w.org\/{rel}","templated":true}]}}