{"id":122792,"date":"2022-07-01T16:29:14","date_gmt":"2022-07-01T14:29:14","guid":{"rendered":"https:\/\/svitimprotebe.cz\/eshop\/?post_type=product&#038;p=122792"},"modified":"2026-03-13T09:26:47","modified_gmt":"2026-03-13T08:26:47","slug":"dvoupolovy-konektor-f1-led-pasek-led-pasek-pro-pasky-8mm","status":"publish","type":"product","link":"https:\/\/svitimprotebe.cz\/eshop\/dvoupolovy-konektor-f1-led-pasek-led-pasek-pro-pasky-8mm\/","title":{"rendered":"Dvoup\u00f3lov\u00fd konektor F1 pro p\u00e1sky 8mm"},"content":{"rendered":"<p><strong>Dvoup\u00f3lov\u00fd konektor<\/strong> F1 je kompatibiln\u00ed s&nbsp;p\u00e1sky \u0161\u00ed\u0159ky 8mm. Slou\u017e\u00ed ke <strong>spojov\u00e1n\u00ed p\u00e1sk\u016f<\/strong>. D\u00edky tomuto konektoru m\u016f\u017eete spojovat p\u00e1sky bez n\u00e1ro\u010dn\u00e9ho p\u00e1jen\u00ed a pouze za pomoc\u00ed kle\u0161t\u00ed. Spojen\u00e9 p\u00e1sky pak sv\u00edt\u00ed <strong>souvislou sv\u011btelnou lin\u00ed<\/strong> bez p\u0159ekryt\u00ed LED diod. Konektor se hod\u00ed pro <a href=\"https:\/\/svitimprotebe.cz\/eshop\/vecerni-cob-led-pasek-bez-modreho-svetla-1600k\/\">Ve\u010dern\u00ed COB LED p\u00e1sek bez modr\u00e9ho sv\u011btla 1600K<\/a>.<\/p>\n","protected":false},"excerpt":{"rendered":"<p><strong>Dvoup\u00f3lov\u00fd konektor<\/strong> F1 (LED p\u00e1sek-&gt;LED p\u00e1sek) je kompatibiln\u00ed s&nbsp;p\u00e1sky \u0161\u00ed\u0159ky 8mm. Slou\u017e\u00ed ke <strong>spojov\u00e1n\u00ed p\u00e1sk\u016f<\/strong>, jako je zn\u00e1zorn\u011bno v&nbsp;galeri\u00ed obr\u00e1zk\u016f. D\u00edky tomuto konektoru m\u016f\u017eete spojovat p\u00e1sky bez n\u00e1ro\u010dn\u00e9ho p\u00e1jen\u00ed. Uveden\u00e1 cena je za kus.<\/p>\n","protected":false},"featured_media":19006,"template":"","meta":{"_acf_changed":false},"product_brand":[],"product_cat":[305,232],"product_tag":[2106],"class_list":{"0":"post-122792","1":"product","2":"type-product","3":"status-publish","4":"has-post-thumbnail","6":"product_cat-plnospektralni-led-pasky","7":"product_cat-spojky-a-konektory","8":"product_tag-onlumi","9":"product_shipping_class-zakladni","10":"pa_delka-1648","11":"pa_material-kov","12":"pa_material-plast","13":"pa_sirka-prumer-961","14":"pa_stupen-kryti-ip-ip20","15":"pa_typ-produktu-ostatni","16":"pa_vyska-1647","18":"first","19":"instock","20":"taxable","21":"shipping-taxable","22":"purchasable","23":"product-type-simple"},"acf":[],"_links":{"self":[{"href":"https:\/\/svitimprotebe.cz\/eshop\/wp-json\/wp\/v2\/product\/122792","targetHints":{"allow":["GET"]}}],"collection":[{"href":"https:\/\/svitimprotebe.cz\/eshop\/wp-json\/wp\/v2\/product"}],"about":[{"href":"https:\/\/svitimprotebe.cz\/eshop\/wp-json\/wp\/v2\/types\/product"}],"version-history":[{"count":0,"href":"https:\/\/svitimprotebe.cz\/eshop\/wp-json\/wp\/v2\/product\/122792\/revisions"}],"wp:featuredmedia":[{"embeddable":true,"href":"https:\/\/svitimprotebe.cz\/eshop\/wp-json\/wp\/v2\/media\/19006"}],"wp:attachment":[{"href":"https:\/\/svitimprotebe.cz\/eshop\/wp-json\/wp\/v2\/media?parent=122792"}],"wp:term":[{"taxonomy":"product_brand","embeddable":true,"href":"https:\/\/svitimprotebe.cz\/eshop\/wp-json\/wp\/v2\/product_brand?post=122792"},{"taxonomy":"product_cat","embeddable":true,"href":"https:\/\/svitimprotebe.cz\/eshop\/wp-json\/wp\/v2\/product_cat?post=122792"},{"taxonomy":"product_tag","embeddable":true,"href":"https:\/\/svitimprotebe.cz\/eshop\/wp-json\/wp\/v2\/product_tag?post=122792"}],"curies":[{"name":"wp","href":"https:\/\/api.w.org\/{rel}","templated":true}]}}