{"id":123185,"date":"2024-07-12T13:06:52","date_gmt":"2024-07-12T11:06:52","guid":{"rendered":"https:\/\/svitimprotebe.cz\/eshop\/?post_type=product&#038;p=123185"},"modified":"2026-04-13T10:10:53","modified_gmt":"2026-04-13T08:10:53","slug":"plnospektralni-led-svitidlo-dago-c2-plastove-400-mm-34w","status":"publish","type":"product","link":"https:\/\/svitimprotebe.cz\/eshop\/plnospektralni-led-svitidlo-dago-c2-plastove-400-mm-34w\/","title":{"rendered":"Plnospektr\u00e1ln\u00ed LED sv\u00edtidlo DAGO C2 plastov\u00e9 400 mm 34W"},"content":{"rendered":"<p>Elegance a funk\u010dnost v&nbsp;jednom? P\u0159esn\u011b to spl\u0148uje polykarbon\u00e1tov\u00e9 LED sv\u00edtidlo DAGO C2. Pokud hled\u00e1te <strong>kvalitn\u00ed plnospektr\u00e1ln\u00ed osv\u011btlen\u00ed<\/strong>, kter\u00e9 bude z\u00e1rove\u0148 cenov\u011b dostupn\u00e9, pak jste tu spr\u00e1vn\u011b.\u00a0Vyu\u017e\u00edt ho m\u016f\u017eete jako <a href=\"https:\/\/svitimprotebe.cz\/eshop\/plnospektralni-zdrave-osvetleni\/plnospektralni-led-svitidla\/?pa_umisteni-montaz=nastenne\" target=\"_blank\" rel=\"noopener\">n\u00e1st\u011bnn\u00e9<\/a> i <a href=\"https:\/\/svitimprotebe.cz\/eshop\/plnospektralni-zdrave-osvetleni\/plnospektralni-led-svitidla\/?pa_umisteni-montaz=prisazene-montaz-na-povrch\" target=\"_blank\" rel=\"noopener\">p\u0159isazen\u00e9<\/a> sv\u00edtidlo, kter\u00e9 nav\u00edc d\u00edky vysok\u00e9mu stupni kryt\u00ed IP m\u016f\u017eete um\u00edstit prakticky kamkoliv. A jako bonus v\u00e1m <strong>kovovou z\u00e1kladnu nalakujeme na jakoukoli barvu<\/strong> p\u0159esn\u011b podle va\u0161ich p\u0159edstav.<\/p>\n<p><img fetchpriority=\"high\" decoding=\"async\" class=\"aligncenter wp-image-119701 size-full\" src=\"https:\/\/svitimprotebe.cz\/eshop\/wp-content\/uploads\/2024\/03\/osmont-svitidlo.jpg\" alt=\"Stropn\u00ed sv\u00edtidla\" width=\"1200\" height=\"600\" srcset=\"https:\/\/svitimprotebe.cz\/eshop\/wp-content\/uploads\/2024\/03\/osmont-svitidlo.jpg 1200w, https:\/\/svitimprotebe.cz\/eshop\/wp-content\/uploads\/2024\/03\/osmont-svitidlo-300x150.jpg 300w, https:\/\/svitimprotebe.cz\/eshop\/wp-content\/uploads\/2024\/03\/osmont-svitidlo-1024x512.jpg 1024w, https:\/\/svitimprotebe.cz\/eshop\/wp-content\/uploads\/2024\/03\/osmont-svitidlo-768x384.jpg 768w, https:\/\/svitimprotebe.cz\/eshop\/wp-content\/uploads\/2024\/03\/osmont-svitidlo-740x370.jpg 740w\" sizes=\"(max-width: 1200px) 100vw, 1200px\" \/><\/p>\n<p>&nbsp;<\/p>\n<h3>Hlavn\u00ed rozd\u00edly v&nbsp;teplot\u00e1ch barvy<\/h3>\n<p>Spr\u00e1vn\u00e9 osv\u011btlen\u00ed je pro na\u0161e fungov\u00e1n\u00ed zcela z\u00e1sadn\u00ed. A nejen to! Zdrav\u00e9 sv\u011btlo je toti\u017e z\u00e1kladn\u00edm kamenem k&nbsp;<a href=\"https:\/\/svitimprotebe.cz\/vzdelavani\/teoreticke-znalosti\/tajemstvi-dlouhovekosti\/?_gl=1*1gkd26z*_ga*MTMxNzgzNzQwMC4xNjk0MDA2MzI4*_ga_BWFGF95EPJ*MTcwNTU2NzA3My4xODQuMS4xNzA1NTcwODYxLjM5LjAuMA..\" target=\"_blank\" rel=\"noopener\">dlouhov\u011bkosti, tzv. longevity<\/a>. A pr\u00e1v\u011b proto byste m\u011bli db\u00e1t na <a href=\"https:\/\/svitimprotebe.cz\/doporucena-doba-pouzivani-svitidel\/?_gl=1*1bbm3wh*_ga*MTMxNzgzNzQwMC4xNjk0MDA2MzI4*_ga_BWFGF95EPJ*MTcwNTU2NzA3My4xODQuMS4xNzA1NTcwODc1LjI1LjAuMA..\" target=\"_blank\" rel=\"noopener\">spr\u00e1vnou volbu teploty barvy<\/a>.<\/p>\n<div class=\"gdc_row\"><div class=\"gdc_column gdc_cthird\"><div class=\"gdc_inner\"><br \/>\n<strong>Pro denn\u00ed sv\u00edcen\u00ed zvolte teplotu barvy 4000 K. <\/strong>Jedn\u00e1 se o studen\u00e9 b\u00edl\u00e9 sv\u011btlo obsahuj\u00edc\u00ed velk\u00e9 mno\u017estv\u00ed modr\u00e9 slo\u017eky, kter\u00e9 se podob\u00e1 tomu denn\u00edmu. Pokud se takov\u00e9mu sv\u011btlu budete vystavovat b\u011bhem dne, budete celkov\u011b aktivn\u011bj\u0161\u00ed a udr\u017e\u00edte si pozitivn\u00ed n\u00e1ladu po cel\u00fd den. A to i p\u0159esto, \u017ee v\u00e1s p\u0159ed odchodem dom\u016f na\u0161tval \u0161\u00e9f.<\/p>\n<p><\/div><\/div><div class=\"gdc_column gdc_cthird\"><div class=\"gdc_inner\"><br \/>\n<strong>Pro ve\u010dern\u00ed a no\u010dn\u00ed sv\u00edcen\u00ed zvolte teplotu barvy 1800 K.<\/strong> Neobsahuje t\u00e9m\u011b\u0159 \u017e\u00e1dnou modrou slo\u017eku sv\u011btla a podob\u00e1 se sv\u011btlu zapadaj\u00edc\u00edho slunce. Ve\u010der uklidn\u00ed va\u0161e t\u011blo i mysl po celodenn\u00edm v\u00fdkonu a p\u0159iprav\u00ed v\u00e1s na \u0159\u00e1dn\u00fd odpo\u010dinek. Nav\u00edc nenaru\u0161uje tvorbu sp\u00e1nkov\u00e9ho hormonu, co\u017e p\u0159isp\u00edv\u00e1 ke zkvalitn\u011bn\u00ed va\u0161eho sp\u00e1nku.<\/p>\n<p><\/div><\/div><div class=\"gdc_column gdc_cthird\"><div class=\"gdc_inner\"><br \/>\n<strong>Pro celodenn\u00ed sv\u00edcen\u00ed zvolte teplotu barvy 1800 K\u20134000 K<\/strong>. Chcete m\u00edt pouze jedno sv\u00edtidlo pro v\u0161echny denn\u00ed sc\u00e9ny? Pak pro v\u00e1s m\u00e1me chytrou variantu, takzvan\u00e9 biodynamick\u00e9 sv\u00edtidlo. Umo\u017en\u00ed v\u00e1m m\u011bnit <a href=\"https:\/\/svitimprotebe.cz\/slovnicek-pojmu\/?_gl=1*7niyvy*_ga*MTMxNzgzNzQwMC4xNjk0MDA2MzI4*_ga_BWFGF95EPJ*MTcwNTU2NzA3My4xODQuMS4xNzA1NTcwODg5LjExLjAuMA..\" target=\"_blank\" rel=\"noopener\">intenzitu sv\u00edcen\u00ed (jas)<\/a> i <a href=\"https:\/\/svitimprotebe.cz\/slovnicek-pojmu\/?_gl=1*7niyvy*_ga*MTMxNzgzNzQwMC4xNjk0MDA2MzI4*_ga_BWFGF95EPJ*MTcwNTU2NzA3My4xODQuMS4xNzA1NTcwODg5LjExLjAuMA..\" target=\"_blank\" rel=\"noopener\">teplotu barvy<\/a>. A pokud si nastav\u00edte automatick\u00fd re\u017eim, bude se b\u011bhem dne samo plynule p\u0159ep\u00ednat mezi jednotliv\u00fdmi sc\u00e9nami, tak jako slun\u00ed\u010dko na obloze.<\/p>\n<p><\/div><\/div><\/div>\n<p><a href=\"https:\/\/svitimprotebe.cz\/eshop\/wp-content\/uploads\/2023\/03\/Obrazek-zmeny-teploty-barvy-V3.jpg\" target=\"_blank\" rel=\"noopener\"><img decoding=\"async\" class=\"aligncenter wp-image-57580 size-large\" src=\"https:\/\/svitimprotebe.cz\/eshop\/wp-content\/uploads\/2023\/03\/Obrazek-zmeny-teploty-barvy-V3-1024x497.jpg\" alt=\"\" width=\"1024\" height=\"497\" srcset=\"https:\/\/svitimprotebe.cz\/eshop\/wp-content\/uploads\/2023\/03\/Obrazek-zmeny-teploty-barvy-V3-1024x497.jpg 1024w, https:\/\/svitimprotebe.cz\/eshop\/wp-content\/uploads\/2023\/03\/Obrazek-zmeny-teploty-barvy-V3-740x359.jpg 740w, https:\/\/svitimprotebe.cz\/eshop\/wp-content\/uploads\/2023\/03\/Obrazek-zmeny-teploty-barvy-V3-300x146.jpg 300w, https:\/\/svitimprotebe.cz\/eshop\/wp-content\/uploads\/2023\/03\/Obrazek-zmeny-teploty-barvy-V3-768x373.jpg 768w, https:\/\/svitimprotebe.cz\/eshop\/wp-content\/uploads\/2023\/03\/Obrazek-zmeny-teploty-barvy-V3-1536x746.jpg 1536w, https:\/\/svitimprotebe.cz\/eshop\/wp-content\/uploads\/2023\/03\/Obrazek-zmeny-teploty-barvy-V3-1080x525.jpg 1080w, https:\/\/svitimprotebe.cz\/eshop\/wp-content\/uploads\/2023\/03\/Obrazek-zmeny-teploty-barvy-V3-1280x622.jpg 1280w, https:\/\/svitimprotebe.cz\/eshop\/wp-content\/uploads\/2023\/03\/Obrazek-zmeny-teploty-barvy-V3-980x476.jpg 980w, https:\/\/svitimprotebe.cz\/eshop\/wp-content\/uploads\/2023\/03\/Obrazek-zmeny-teploty-barvy-V3-480x233.jpg 480w, https:\/\/svitimprotebe.cz\/eshop\/wp-content\/uploads\/2023\/03\/Obrazek-zmeny-teploty-barvy-V3.jpg 1783w\" sizes=\"(max-width: 1024px) 100vw, 1024px\" \/><\/a><\/p>\n<h3>Plastov\u00e9 st\u00ednidlo zajist\u00ed nerozbitnost<\/h3>\n<p>U v\u0161ech na\u0161ich produkt\u016f db\u00e1me na to, aby byly kvalitn\u011b vyroben\u00e9 a mohli jste se na n\u011b maxim\u00e1ln\u011b spolehnout. A jinak tomu nen\u00ed ani v&nbsp;tomto p\u0159\u00edpad\u011b. Z\u00e1kladem je kvalitn\u00ed materi\u00e1l &#8211; st\u00ednidlo je vyrobeno <strong>z op\u00e1lov\u00e9ho polymetylmetakryl\u00e1tu s&nbsp;matovan\u00fdm povrchem<\/strong>, co\u017e s&nbsp;sebou p\u0159in\u00e1\u0161\u00ed hned n\u011bkolik v\u00fdhod. Velk\u00fdm benefitem plastov\u00e9ho materi\u00e1lu je nejen jeho ni\u017e\u0161\u00ed cena, ale tak\u00e9 fakt, \u017ee je <strong>d\u00edky n\u011bmu st\u00ednidlo nerozbitn\u00e9<\/strong>. Je tak ide\u00e1ln\u00ed t\u0159eba do d\u011btsk\u00fdch pokoj\u016f nebo heren &#8211; zkr\u00e1tka v\u0161ude tam, kde by sv\u00edtidlo mohlo p\u0159ij\u00edt k&nbsp;\u00fahon\u011b.<\/p>\n<p><img decoding=\"async\" class=\"aligncenter wp-image-121633 size-full\" src=\"https:\/\/svitimprotebe.cz\/eshop\/wp-content\/uploads\/2024\/03\/ilustracni-svitidlo-sagita1.jpg\" alt=\"hraj\u00edc\u00ed si d\u011bti a sv\u00edtidlo\" width=\"1200\" height=\"835\" srcset=\"https:\/\/svitimprotebe.cz\/eshop\/wp-content\/uploads\/2024\/03\/ilustracni-svitidlo-sagita1.jpg 1200w, https:\/\/svitimprotebe.cz\/eshop\/wp-content\/uploads\/2024\/03\/ilustracni-svitidlo-sagita1-300x209.jpg 300w, https:\/\/svitimprotebe.cz\/eshop\/wp-content\/uploads\/2024\/03\/ilustracni-svitidlo-sagita1-1024x713.jpg 1024w, https:\/\/svitimprotebe.cz\/eshop\/wp-content\/uploads\/2024\/03\/ilustracni-svitidlo-sagita1-768x534.jpg 768w, https:\/\/svitimprotebe.cz\/eshop\/wp-content\/uploads\/2024\/03\/ilustracni-svitidlo-sagita1-740x515.jpg 740w\" sizes=\"(max-width: 1200px) 100vw, 1200px\" \/><\/p>\n<h3>Odol\u00e1 i st\u0159\u00edkaj\u00edc\u00ed vod\u011b<\/h3>\n<p>Dal\u0161\u00edm podstatn\u00fdm benefitem sv\u00edtidla je pak vysok\u00fd <a href=\"https:\/\/svitimprotebe.cz\/co-znamena-stupen-kryti-ip\/\" target=\"_blank\" rel=\"noopener\">stupe\u0148 kryt\u00ed IP<\/a>. D\u00edky tomu m\u016f\u017eete sv\u00edtidlo vyu\u017e\u00edt nejen v\u00a0prostor\u00e1ch jako jsou ob\u00fdv\u00e1ky, lo\u017enice \u010di kuchyn\u011b. Bez obav ho <a href=\"https:\/\/svitimprotebe.cz\/do-jakych-prostoru-si-poridit-svitidlo-s-vyssim-stupnem-kryti-ip\/\" target=\"_blank\" rel=\"noopener\">m\u016f\u017eete um\u00edstit<\/a> i <strong>do koupelen, pr\u00e1delen, sklep\u016f \u010di p\u0159ed vstupn\u00ed dve\u0159e<\/strong> pod p\u0159esahuj\u00edc\u00ed st\u0159echu. <strong>Vysok\u00e9 IP toti\u017e zajist\u00ed odolnost v\u016f\u010di st\u0159\u00edkaj\u00edc\u00ed vod\u011b<\/strong> a vlhkosti. Nemus\u00edte se proto b\u00e1t, \u017ee by ho mokr\u00e9 prost\u0159ed\u00ed po\u0161kodilo \u010di vyvolalo zkrat.<\/p>\n<h3>\u010cesk\u00e1 v\u00fdroba = stoprocentn\u00ed kvalita<\/h3>\n<p>Zlat\u00e9 \u010desk\u00e9 ru\u010di\u010dky? P\u0159esn\u011b tak! U v\u0161ech na\u0161ich produkt\u016f db\u00e1me na to, aby byly kvalitn\u011b vyroben\u00e9 a mohli jste se na n\u011b maxim\u00e1ln\u011b spolehnout. A jinak tomu nen\u00ed ani u tohoto biodynamick\u00e9ho, inteligentn\u00edho sv\u00edtidla. Je <strong>vyrobeno u n\u00e1s doma, v\u00a0\u010cesk\u00e9 republice<\/strong> a tak\u00e9 proto si za jeho kvalitou a zpracov\u00e1n\u00edm stoprocentn\u011b stoj\u00edme.<\/p>\n<h3>Sv\u00edtidlo na m\u00edru? Um\u00edme!<\/h3>\n<p>Pou\u017e\u00edv\u00e1te ve sv\u00e9 dom\u00e1cnosti syst\u00e9m\u00a0<a href=\"https:\/\/svitimprotebe.cz\/objevte-vyhody-systemu-chytreho-osvetleni-casambi\" target=\"_blank\" rel=\"noopener\">Casambi<\/a>,\u00a0<a href=\"https:\/\/svitimprotebe.cz\/chcete-ovladat-chytra-svitidla-bez-slozitych-aplikaci-vyzkousejte-ovladani-dali-push-dimm\/\" target=\"_blank\" rel=\"noopener\">Dali<\/a>,\u00a0<a href=\"https:\/\/svitimprotebe.cz\/objevte-vyhody-systemu-zigbee-pro-chytre-osvetleni\" target=\"_blank\" rel=\"noopener\">Zigbee<\/a>\u00a0\u010di ovl\u00e1d\u00e1n\u00ed pomoc\u00ed\u00a0<a href=\"https:\/\/svitimprotebe.cz\/home-assistant-chytry-system-pro-vasi-domacnost\/\" target=\"_blank\" rel=\"noopener\">Home Assistant<\/a>? U n\u00e1s nic nen\u00ed probl\u00e9m. Na\u0161e plnospektr\u00e1ln\u00ed sv\u00edtidla jsou\u00a0<strong>kompatibiln\u00ed<\/strong>\u00a0s\u00a0na\u0161imi\u00a0<a href=\"https:\/\/svitimprotebe.cz\/eshop\/plnospektralni-zdrave-osvetleni\/plnospektralni-led-pasky\/\" target=\"_blank\" rel=\"noopener\">LED p\u00e1sky<\/a>,\u00a0<a href=\"https:\/\/svitimprotebe.cz\/eshop\/zdrave-osvetleni\/senzory\/\" target=\"_blank\" rel=\"noopener\">senzory<\/a>\u00a0nebo n\u011bkter\u00fdmi\u00a0<a href=\"https:\/\/svitimprotebe.cz\/eshop\/zdrave-osvetleni\/led-zarovky\/\" target=\"_blank\" rel=\"noopener\" data-saferedirecturl=\"https:\/\/www.google.com\/url?q=https:\/\/svitimprotebe.cz\/eshop\/kategorie-produktu\/zdrave-osvetleni\/led-zarovky\/?_sft_product_cat%3Dled-zarovky%26_sft_product_tag%3Dphilips%26_sfm_parametry_moznost_ovladani%3DAplikace%2520Philips%2520Hue%26_sfm__price%3D0%2B1500%26_sfm_parametry_p12%3D0%2B200%26_sfm_parametry_p13%3D0%2B300%26_sfm_parametry_hmotnost%3D0%2B1.2&amp;source=gmail&amp;ust=1678382804976000&amp;usg=AOvVaw3CugHulgHp23d9S3W-UjgZ\">\u017e\u00e1rovkami<\/a>.<\/p>\n<div class=\"gdc_row\"><div class=\"gdc_column gdc_cquarter\"><div class=\"gdc_inner\"><\/p>\n<p style=\"text-align: left\"><a href=\"https:\/\/svitimprotebe.cz\/objevte-vyhody-systemu-chytreho-osvetleni-casambi\" target=\"_blank\" rel=\"noopener\" data-wp-editing=\"1\"><img loading=\"lazy\" decoding=\"async\" class=\"aligncenter\" src=\"https:\/\/svitimprotebe.cz\/eshop\/wp-content\/uploads\/2022\/03\/casambi-150x150.png\" alt=\"\" width=\"150\" height=\"150\" \/><\/a><\/p>\n<p style=\"text-align: center\"><a href=\"https:\/\/svitimprotebe.cz\/objevte-vyhody-systemu-chytreho-osvetleni-casambi\" target=\"_blank\" rel=\"noopener\">Casambi<\/a><\/p>\n<p><\/div><\/div><div class=\"gdc_column gdc_cquarter\"><div class=\"gdc_inner\"><\/p>\n<p style=\"text-align: left\"><a href=\"https:\/\/svitimprotebe.cz\/objevte-vyhody-systemu-zigbee-pro-chytre-osvetleni\" target=\"_blank\" rel=\"noopener\"><img loading=\"lazy\" decoding=\"async\" class=\"aligncenter wp-image-117287 size-thumbnail\" src=\"https:\/\/svitimprotebe.cz\/eshop\/wp-content\/uploads\/2024\/01\/Zigbee-logo-1-150x150.png\" alt=\"\" width=\"150\" height=\"150\" srcset=\"https:\/\/svitimprotebe.cz\/eshop\/wp-content\/uploads\/2024\/01\/Zigbee-logo-1-150x150.png 150w, https:\/\/svitimprotebe.cz\/eshop\/wp-content\/uploads\/2024\/01\/Zigbee-logo-1-100x100.png 100w\" sizes=\"(max-width: 150px) 100vw, 150px\" \/><\/a><\/p>\n<p style=\"text-align: center\"><a href=\"https:\/\/svitimprotebe.cz\/objevte-vyhody-systemu-zigbee-pro-chytre-osvetleni\" target=\"_blank\" rel=\"noopener\">Zigbee<\/a><\/p>\n<p><\/div><\/div><div class=\"gdc_column gdc_cquarter\"><div class=\"gdc_inner\"><\/p>\n<p style=\"text-align: left\"><a href=\"https:\/\/svitimprotebe.cz\/chcete-ovladat-chytra-svitidla-bez-slozitych-aplikaci-vyzkousejte-ovladani-dali-push-dimm\/\" target=\"_blank\" rel=\"noopener\"><img loading=\"lazy\" decoding=\"async\" class=\"aligncenter\" src=\"https:\/\/svitimprotebe.cz\/eshop\/wp-content\/uploads\/2022\/03\/dali-150x150.jpg\" alt=\"\" width=\"150\" height=\"150\" \/><\/a><\/p>\n<p style=\"text-align: center\"><a href=\"https:\/\/svitimprotebe.cz\/chcete-ovladat-chytra-svitidla-bez-slozitych-aplikaci-vyzkousejte-ovladani-dali-push-dimm\/\" target=\"_blank\" rel=\"noopener\">Dali<\/a><\/p>\n<p><\/div><\/div><div class=\"gdc_column gdc_cquarter\"><div class=\"gdc_inner\"><\/p>\n<p><a href=\"https:\/\/svitimprotebe.cz\/home-assistant-chytry-system-pro-vasi-domacnost-1\/\" target=\"_blank\" rel=\"noopener\"><img loading=\"lazy\" decoding=\"async\" class=\"aligncenter wp-image-139093 size-thumbnail\" src=\"https:\/\/svitimprotebe.cz\/eshop\/wp-content\/uploads\/2024\/03\/home-assistant-logo.jpg-150x150.png\" alt=\"Home assistant\" width=\"150\" height=\"150\" srcset=\"https:\/\/svitimprotebe.cz\/eshop\/wp-content\/uploads\/2024\/03\/home-assistant-logo.jpg-150x150.png 150w, https:\/\/svitimprotebe.cz\/eshop\/wp-content\/uploads\/2024\/03\/home-assistant-logo.jpg-300x300.png 300w, https:\/\/svitimprotebe.cz\/eshop\/wp-content\/uploads\/2024\/03\/home-assistant-logo.jpg-1024x1024.png 1024w, https:\/\/svitimprotebe.cz\/eshop\/wp-content\/uploads\/2024\/03\/home-assistant-logo.jpg-768x768.png 768w, https:\/\/svitimprotebe.cz\/eshop\/wp-content\/uploads\/2024\/03\/home-assistant-logo.jpg-1536x1536.png 1536w, https:\/\/svitimprotebe.cz\/eshop\/wp-content\/uploads\/2024\/03\/home-assistant-logo.jpg-740x740.png 740w, https:\/\/svitimprotebe.cz\/eshop\/wp-content\/uploads\/2024\/03\/home-assistant-logo.jpg-400x400.png 400w, https:\/\/svitimprotebe.cz\/eshop\/wp-content\/uploads\/2024\/03\/home-assistant-logo.jpg-100x100.png 100w, https:\/\/svitimprotebe.cz\/eshop\/wp-content\/uploads\/2024\/03\/home-assistant-logo.jpg-64x64.png 64w, https:\/\/svitimprotebe.cz\/eshop\/wp-content\/uploads\/2024\/03\/home-assistant-logo.jpg.png 1600w\" sizes=\"(max-width: 150px) 100vw, 150px\" \/><\/a><\/p>\n<p style=\"text-align: center\"><a href=\"https:\/\/svitimprotebe.cz\/home-assistant-chytry-system-pro-vasi-domacnost-1\/\" target=\"_blank\" rel=\"noopener\">Home Assistant<\/a><\/p>\n<p><\/div><\/div><\/div>\n<p>To ale nen\u00ed v\u0161echno. Pokud budete cht\u00edt, sv\u00edtidlo jsme schopni vyrobit jak se senzorem, tak jako<strong> nouzov\u00e9 kombinovan\u00e9 osv\u011btlen\u00ed<\/strong>. \u017de nev\u00edte, co to znamen\u00e1? <strong>Automatick\u00e9 spou\u0161t\u011bn\u00ed senzorem<\/strong> vyu\u017eijete nap\u0159\u00edklad na chodb\u011b, p\u0159ed vchodem \u010di v&nbsp;gar\u00e1\u017ei, zkr\u00e1tka v\u0161ude tam, kde se nechcete zdr\u017eovat hled\u00e1n\u00edm vyp\u00edna\u010de. Nouzov\u00e9 kombinovan\u00e9 osv\u011btlen\u00ed pak uv\u00edtaj\u00ed ti, kte\u0159\u00ed sv\u00edtidlo po\u0159izuj\u00ed do komer\u010dn\u00edch objekt\u016f, kancel\u00e1\u0159sk\u00fdch prostor \u010di \u00fanikov\u00fdch v\u00fdchod\u016f. V&nbsp;komer\u010dn\u00edch objektech pak m\u016f\u017eete vyu\u017e\u00edt i dal\u0161\u00ed funkci, kterou sv\u00edtidla nab\u00edz\u00ed, a sice <strong>Corridor Function<\/strong>. V\u00edce o n\u00ed se dozv\u00edte <a href=\"https:\/\/svitimprotebe.cz\/jak-zajistit-vetsi-uspornost-svitidel-v-komercnich-objektech-zkuste-corridor-function\/\" target=\"_blank\" rel=\"noopener\">v na\u0161em \u010dl\u00e1nku<\/a>.<\/p>\n<h3>Nerozum\u00edte si s&nbsp;chytr\u00fdmi technologiemi? Nevad\u00ed<\/h3>\n<p>Pokud nejste kamar\u00e1di s&nbsp;aplikacemi v&nbsp;chytr\u00e9m telefonu, nezoufejte. I pro v\u00e1s m\u00e1me \u0159e\u0161en\u00ed. M\u016f\u017eete zvolit verzi sv\u00edtidla <a href=\"https:\/\/svitimprotebe.cz\/eshop\/plnospektralni-zdrave-osvetleni\/plnospektralni-led-svitidla\/?pa_moznosti-ovladani=on-off\" target=\"_blank\" rel=\"noopener\">ON\/OFF<\/a>, je\u017e je <strong>vyrobeno bez jak\u00fdchkoli chytrost\u00ed<\/strong> a vymo\u017eenost\u00ed dne\u0161n\u00ed doby. I to u n\u00e1s jde. A neochud\u00edme v\u00e1s ani o funkce, kter\u00e9 osv\u011btlen\u00ed nab\u00edz\u00ed. R\u00e1di byste si m\u011bnili intenzitu osv\u011btlen\u00ed, tedy jas sv\u00edtidla nebo teplotu barvy <strong>klasick\u00fdm vyp\u00edna\u010dem na st\u011bn\u011b<\/strong> bez jak\u00fdchkoliv chytrost\u00ed? I to lze, a to <strong>pomoc\u00ed <\/strong><a href=\"https:\/\/svitimprotebe.cz\/chcete-ovladat-chytra-svitidla-bez-slozitych-aplikaci-vyzkousejte-ovladani-dali-push-dimm\/\" target=\"_blank\" rel=\"noopener\">funkce PushDimm<\/a>. Nemus\u00edte dokupovat <a href=\"https:\/\/svitimprotebe.cz\/eshop\/dali-ps1\/\" target=\"_blank\" rel=\"noopener\">DALI nap\u00e1jen\u00ed<\/a> nebo <a href=\"https:\/\/svitimprotebe.cz\/eshop\/dali-usb\/\" target=\"_blank\" rel=\"noopener\">DALI USB p\u0159evodn\u00edk<\/a>. Sta\u010d\u00ed jen vyu\u017e\u00edt <a href=\"https:\/\/svitimprotebe.cz\/chcete-ovladat-chytra-svitidla-bez-slozitych-aplikaci-vyzkousejte-ovladani-dali-push-dimm\/\" target=\"_blank\" rel=\"noopener\">funkci PushDimm<\/a>, kterou sv\u00edtidlo nab\u00edz\u00ed. D\u00edky tomu m\u016f\u017eete <strong>ovl\u00e1dat jak teplotu barvy, tak jas sv\u00edcen\u00ed<\/strong>, a to jednodu\u0161e pomoc\u00ed p\u0159idr\u017een\u00edm vyp\u00edna\u010de na st\u011bn\u011b.<\/p>\n<p><img loading=\"lazy\" decoding=\"async\" class=\"aligncenter wp-image-122054 size-full\" src=\"https:\/\/svitimprotebe.cz\/eshop\/wp-content\/uploads\/2024\/05\/vypinac.jpg\" alt=\"\" width=\"1800\" height=\"1013\" srcset=\"https:\/\/svitimprotebe.cz\/eshop\/wp-content\/uploads\/2024\/05\/vypinac.jpg 1800w, https:\/\/svitimprotebe.cz\/eshop\/wp-content\/uploads\/2024\/05\/vypinac-300x169.jpg 300w, https:\/\/svitimprotebe.cz\/eshop\/wp-content\/uploads\/2024\/05\/vypinac-1024x576.jpg 1024w, https:\/\/svitimprotebe.cz\/eshop\/wp-content\/uploads\/2024\/05\/vypinac-768x432.jpg 768w, https:\/\/svitimprotebe.cz\/eshop\/wp-content\/uploads\/2024\/05\/vypinac-1536x864.jpg 1536w, https:\/\/svitimprotebe.cz\/eshop\/wp-content\/uploads\/2024\/05\/vypinac-740x416.jpg 740w\" sizes=\"(max-width: 1800px) 100vw, 1800px\" \/><\/p>\n<h3>Jak jinak, ne\u017e \u00fasporn\u011b<\/h3>\n<p>\u017de \u00fasporn\u00e1 led sv\u00edtidla \u0161et\u0159\u00ed energii nen\u00ed \u017e\u00e1dn\u00e1 novinka. V\u011bd\u011bli jste ale, \u017ee \u0161et\u0159\u00ed tak\u00e9 va\u0161i pen\u011b\u017eenku? Samotn\u00e1 prvotn\u00ed investice se m\u016f\u017ee zd\u00e1t vy\u0161\u0161\u00ed, z&nbsp;dlouhodob\u00e9ho hlediska se ale jedn\u00e1 o <strong>ekologick\u00e9 i ekonomick\u00e9 \u0159e\u0161en\u00ed<\/strong>, kter\u00e9 se v&nbsp;dne\u0161n\u00ed dob\u011b v\u00edce ne\u017e nab\u00edz\u00ed. Je toti\u017e prok\u00e1z\u00e1no, \u017ee<strong> s&nbsp;LED osv\u011btlen\u00edm u\u0161et\u0159\u00edte a\u017e 80&nbsp;% v\u00fddaj\u016f za elekt\u0159inu<\/strong> oproti klasick\u00e9 \u017e\u00e1rovce. Nav\u00edc modern\u00ed technologie LED osv\u011btlen\u00ed neust\u00e1le vyv\u00edj\u00ed a prodlu\u017euj\u00ed jim u\u017e tak vysokou \u017eivotnost, tak\u017ee dal\u0161\u00ed bonus? Ano pros\u00edm!<\/p>\n<h3>Nemaj\u00ed ru\u0161iv\u00fd flikr<\/h3>\n<p>Na\u0161e sv\u00edtidla nem\u00edhaj\u00ed, neblikaj\u00ed a nemaj\u00ed \u017e\u00e1dn\u00fd <a href=\"https:\/\/svitimprotebe.cz\/flikr-aneb-blikani-svetelnych-zdroju-pstlm-a-svm\/?_gl=1*1iagtp3*_ga*MTMxNzgzNzQwMC4xNjk0MDA2MzI4*_ga_BWFGF95EPJ*MTcwNTU2NzA3My4xODQuMS4xNzA1NTcwMjc1LjU5LjAuMA..\">ru\u0161iv\u00fd flikr<\/a>. To si nav\u00edc ov\u011b\u0159ujeme vlastn\u00edmi <a href=\"https:\/\/svitimprotebe.cz\/eshop\/merici-technika\/\">m\u011b\u0159\u00edc\u00edmi p\u0159\u00edstroji<\/a>.<\/p>\n","protected":false},"excerpt":{"rendered":"<p>Hled\u00e1te osv\u011btlen\u00ed, kter\u00e9 bude kvalitn\u00ed, designov\u00e9 a je\u0161t\u011b k&nbsp;tomu nerozbitn\u00e9? Pak je pro v\u00e1s plnospektr\u00e1ln\u00ed LED sv\u00edtidlo DAGO C2 jako d\u011blan\u00e9! <strong>Jednoduch\u00fd, nad\u010dasov\u00fd vzhled polykarbon\u00e1tov\u00e9ho st\u00ednidla<\/strong> bude va\u0161emu interi\u00e9ru zaru\u010den\u011b slu\u0161et. A nav\u00edc sv\u00edtidlo prosp\u011bje va\u0161emu zdrav\u00ed, proto\u017ee um\u00ed dokonale napodobit p\u0159irozen\u00e9 venkovn\u00ed sv\u011btlo.<\/p>\n","protected":false},"featured_media":123219,"template":"","meta":{"_acf_changed":false},"product_brand":[],"product_cat":[574,569,1995,1998,1999,1986,1981,1984,1980,1979,1982,1983,1987,1988,1985,304,2018,23,570],"product_tag":[568],"class_list":{"0":"post-123185","1":"product","2":"type-product","3":"status-publish","4":"has-post-thumbnail","6":"product_cat-koupelnova-plnospektralni","7":"product_cat-nastenna-plnospektralni","8":"product_cat-hlavni-stropni-svetla-prisazena","9":"product_cat-hlavni-stropni-svetla-prisazena-2","10":"product_cat-plnospektralni-hlavni-stropni-svetla-do-koupelny-prisazena","11":"product_cat-svetla-do-chodby-predsine-a-na-schodiste","12":"product_cat-svetla-do-detskeho-pokoje","13":"product_cat-svetla-do-koupelny","14":"product_cat-svetla-do-kuchyne","15":"product_cat-svetla-do-loznice","16":"product_cat-svetla-do-obyvaciho-pokoje","17":"product_cat-svetla-do-pracovny-a-kancelare","18":"product_cat-svetla-do-satny-a-do-spize","19":"product_cat-svetla-na-terasu-a-balkon","20":"product_cat-svetla-na-zachod","21":"product_cat-plnospektralni-led-svitidla","22":"product_cat-plnospektralni-led-svitidla-podle-typu-montaze","23":"product_cat-plnospektralni-zdrave-osvetleni","24":"product_cat-stropni-plnospektralni","25":"product_tag-svitim-pro-tebe","26":"product_shipping_class-zak-osmont","27":"pa_barva-svitidla-bila","28":"pa_chytre-svitidlo-ano","29":"pa_chytre-svitidlo-ne","30":"pa_doba-pouzivani-celodenni-osvetleni-24-h","31":"pa_doba-pouzivani-denni-osvetleni","32":"pa_doba-pouzivani-probouzeni-svetlem","33":"pa_doba-pouzivani-vecerni-osvetleni","34":"pa_material-kov","35":"pa_material-plast","36":"pa_meni-barvy-tw-varianta-ano","37":"pa_meni-barvy-tw-varianta-dle-volby-svetelneho-zdroje","38":"pa_meni-barvy-tw-varianta-ne","39":"pa_moznosti-ovladani-casambi","40":"pa_moznosti-ovladani-zigbee","41":"pa_moznosti-ovladani-dali","42":"pa_moznosti-ovladani-on-off","43":"pa_napajeni-sit-230-ac","44":"pa_sirka-prumer-1113","45":"pa_stmivatelne-ano","46":"pa_stmivatelne-dle-volby-svetelneho-zdroje","47":"pa_stmivatelne-ne","48":"pa_stupen-kryti-ip-ip54","49":"pa_styl-bohemsky","50":"pa_styl-industrialni","51":"pa_styl-minimalisticky-a-seversky","52":"pa_styl-moderni","53":"pa_styl-vintage-neboli-retro","54":"pa_svetelny-tok-1801-2000-lm","55":"pa_svetelny-tok-2401-2600-lm","56":"pa_teplota-barvy-1800-2100-k","57":"pa_teplota-barvy-2200-2500-k","58":"pa_teplota-barvy-2700-3000-k","59":"pa_teplota-barvy-4000-5000-k","60":"pa_tvar-svitidla-kruhove","61":"pa_typ-produktu-led-svitidlo","62":"pa_umisteni-montaz-prisazene-montaz-na-povrch","63":"pa_vhodne-do-chodba","64":"pa_vhodne-do-detsky-pokoj","65":"pa_vhodne-do-garaz","66":"pa_vhodne-do-koupelna","67":"pa_vhodne-do-kuchyne","68":"pa_vhodne-do-loznice","69":"pa_vhodne-do-obyvaci-pokoj","70":"pa_vhodne-do-pracovna","71":"pa_vhodne-do-puda","72":"pa_vhodne-do-satna","73":"pa_vhodne-do-schodiste","74":"pa_vhodne-do-sklep","75":"pa_vhodne-do-spiz","76":"pa_vhodne-do-technicka-mistnost","77":"pa_vhodne-do-terasa","78":"pa_vhodne-do-zachod","79":"pa_vykon-21-35-w","80":"pa_vymenitelny-svetelny-zdroj-ano","81":"pa_vyska-1901","82":"pa_zpusob-vyzarovani-prime","83":"pa_zpusob-zapojeni-prime-zapojeni","85":"first","86":"instock","87":"taxable","88":"shipping-taxable","89":"purchasable","90":"product-type-variable"},"acf":[],"_links":{"self":[{"href":"https:\/\/svitimprotebe.cz\/eshop\/wp-json\/wp\/v2\/product\/123185","targetHints":{"allow":["GET"]}}],"collection":[{"href":"https:\/\/svitimprotebe.cz\/eshop\/wp-json\/wp\/v2\/product"}],"about":[{"href":"https:\/\/svitimprotebe.cz\/eshop\/wp-json\/wp\/v2\/types\/product"}],"version-history":[{"count":0,"href":"https:\/\/svitimprotebe.cz\/eshop\/wp-json\/wp\/v2\/product\/123185\/revisions"}],"wp:featuredmedia":[{"embeddable":true,"href":"https:\/\/svitimprotebe.cz\/eshop\/wp-json\/wp\/v2\/media\/123219"}],"wp:attachment":[{"href":"https:\/\/svitimprotebe.cz\/eshop\/wp-json\/wp\/v2\/media?parent=123185"}],"wp:term":[{"taxonomy":"product_brand","embeddable":true,"href":"https:\/\/svitimprotebe.cz\/eshop\/wp-json\/wp\/v2\/product_brand?post=123185"},{"taxonomy":"product_cat","embeddable":true,"href":"https:\/\/svitimprotebe.cz\/eshop\/wp-json\/wp\/v2\/product_cat?post=123185"},{"taxonomy":"product_tag","embeddable":true,"href":"https:\/\/svitimprotebe.cz\/eshop\/wp-json\/wp\/v2\/product_tag?post=123185"}],"curies":[{"name":"wp","href":"https:\/\/api.w.org\/{rel}","templated":true}]}}