{"id":123598,"date":"2024-07-22T10:08:46","date_gmt":"2024-07-22T08:08:46","guid":{"rendered":"https:\/\/svitimprotebe.cz\/eshop\/?post_type=product&#038;p=123598"},"modified":"2026-03-17T20:00:57","modified_gmt":"2026-03-17T19:00:57","slug":"plnospektralni-led-svitidlo-lora-2-sklenene-260-mm-15w","status":"publish","type":"product","link":"https:\/\/svitimprotebe.cz\/eshop\/plnospektralni-led-svitidlo-lora-2-sklenene-260-mm-15w\/","title":{"rendered":"Plnospektr\u00e1ln\u00ed LED sv\u00edtidlo LORA 2 sklen\u011bn\u00e9 260 mm 15W"},"content":{"rendered":"<p>Elegance a funk\u010dnost v&nbsp;jednom? P\u0159esn\u011b to spl\u0148uje sklen\u011bn\u00e9 LED sv\u00edtidlo LORA 2. Pokud hled\u00e1te kvalitn\u00ed <a href=\"https:\/\/svitimprotebe.cz\/plnospektralni-led-osvetleni\/\">zdrav\u00e9 plnospektr\u00e1ln\u00ed osv\u011btlen\u00ed<\/a>, kter\u00e9 se z\u00e1rove\u0148 m\u016f\u017ee pochlubit ru\u010dn\u00ed v\u00fdrobou od \u010desk\u00fdch skl\u00e1\u0159\u016f, pak jste tu spr\u00e1vn\u011b. <strong>T\u0159\u00edvrstv\u00e9 sklen\u011bn\u00e9 st\u00ednidlo a lakovan\u00e1 ocelov\u00e1 z\u00e1kladna<\/strong> d\u00e1vaj\u00ed sv\u00edtidlu luxusn\u00ed vzhled, kter\u00fd va\u0161emu interi\u00e9ru rozhodn\u011b neud\u011bl\u00e1 ostudu. Vyu\u017e\u00edt ho m\u016f\u017eete jako <a href=\"https:\/\/svitimprotebe.cz\/eshop\/plnospektralni-zdrave-osvetleni\/plnospektralni-led-svitidla\/?pa_umisteni-montaz=nastenne\" target=\"_blank\" rel=\"noopener\">n\u00e1st\u011bnn\u00e9<\/a> i <a href=\"https:\/\/svitimprotebe.cz\/eshop\/plnospektralni-zdrave-osvetleni\/plnospektralni-led-svitidla\/?pa_umisteni-montaz=prisazene-montaz-na-povrch\" target=\"_blank\" rel=\"noopener\">p\u0159isazen\u00e9<\/a> sv\u00edtidlo, kter\u00e9 nav\u00edc d\u00edky vysok\u00e9mu stupni kryt\u00ed IP m\u016f\u017eete v&nbsp;r\u00e1mci vnit\u0159n\u00edch um\u00edstit prakticky kamkoliv. T\u0159eba i do koupelny nebo gar\u00e1\u017ee.<\/p>\n<p><img fetchpriority=\"high\" decoding=\"async\" class=\"aligncenter wp-image-126686 size-full\" src=\"https:\/\/svitimprotebe.cz\/eshop\/wp-content\/uploads\/2024\/07\/lora.jpg\" alt=\"\" width=\"711\" height=\"400\" srcset=\"https:\/\/svitimprotebe.cz\/eshop\/wp-content\/uploads\/2024\/07\/lora.jpg 711w, https:\/\/svitimprotebe.cz\/eshop\/wp-content\/uploads\/2024\/07\/lora-300x169.jpg 300w\" sizes=\"(max-width: 711px) 100vw, 711px\" \/><\/p>\n<h3>Hlavn\u00ed rozd\u00edly v&nbsp;teplot\u00e1ch barvy<\/h3>\n<p>Spr\u00e1vn\u00e9 osv\u011btlen\u00ed je pro na\u0161e fungov\u00e1n\u00ed zcela z\u00e1sadn\u00ed. A nejen to! Zdrav\u00e9 sv\u011btlo je toti\u017e z\u00e1kladn\u00edm kamenem k&nbsp;<a href=\"https:\/\/svitimprotebe.cz\/vzdelavani\/teoreticke-znalosti\/tajemstvi-dlouhovekosti\/?_gl=1*1gkd26z*_ga*MTMxNzgzNzQwMC4xNjk0MDA2MzI4*_ga_BWFGF95EPJ*MTcwNTU2NzA3My4xODQuMS4xNzA1NTcwODYxLjM5LjAuMA..\" target=\"_blank\" rel=\"noopener\">dlouhov\u011bkosti, tzv. longevity<\/a>. A pr\u00e1v\u011b proto byste m\u011bli db\u00e1t na <a href=\"https:\/\/svitimprotebe.cz\/doporucena-doba-pouzivani-svitidel\/?_gl=1*1bbm3wh*_ga*MTMxNzgzNzQwMC4xNjk0MDA2MzI4*_ga_BWFGF95EPJ*MTcwNTU2NzA3My4xODQuMS4xNzA1NTcwODc1LjI1LjAuMA..\" target=\"_blank\" rel=\"noopener\">spr\u00e1vnou volbu teploty barvy<\/a>.<\/p>\n<p><div class=\"gdc_row\"><div class=\"gdc_column gdc_cthird\"><div class=\"gdc_inner\"><br \/>\n<strong>Pro denn\u00ed sv\u00edcen\u00ed zvolte teplotu barvy 4000 K. <\/strong>Jedn\u00e1 se o studen\u00e9 b\u00edl\u00e9 sv\u011btlo obsahuj\u00edc\u00ed velk\u00e9 mno\u017estv\u00ed modr\u00e9 slo\u017eky, kter\u00e9 se podob\u00e1 tomu denn\u00edmu. Pokud se takov\u00e9mu sv\u011btlu budete vystavovat b\u011bhem dne, budete celkov\u011b aktivn\u011bj\u0161\u00ed a udr\u017e\u00edte si pozitivn\u00ed n\u00e1ladu po cel\u00fd den. A to i p\u0159esto, \u017ee v\u00e1s p\u0159ed odchodem dom\u016f na\u0161tval \u0161\u00e9f.<\/p>\n<p><\/div><\/div><div class=\"gdc_column gdc_cthird\"><div class=\"gdc_inner\"><br \/>\n<strong>Pro ve\u010dern\u00ed a no\u010dn\u00ed sv\u00edcen\u00ed zvolte teplotu barvy 1800 K.<\/strong> Neobsahuje t\u00e9m\u011b\u0159 \u017e\u00e1dnou modrou slo\u017eku sv\u011btla a podob\u00e1 se sv\u011btlu zapadaj\u00edc\u00edho slunce. Ve\u010der uklidn\u00ed va\u0161e t\u011blo i mysl po celodenn\u00edm v\u00fdkonu a p\u0159iprav\u00ed v\u00e1s na \u0159\u00e1dn\u00fd odpo\u010dinek. Nav\u00edc nenaru\u0161uje tvorbu sp\u00e1nkov\u00e9ho hormonu, co\u017e p\u0159isp\u00edv\u00e1 ke zkvalitn\u011bn\u00ed va\u0161eho sp\u00e1nku.<\/p>\n<p><\/div><\/div><div class=\"gdc_column gdc_cthird\"><div class=\"gdc_inner\"><br \/>\n<strong>Pro celodenn\u00ed sv\u00edcen\u00ed zvolte teplotu barvy 1800 K\u20134000 K<\/strong>. Chcete m\u00edt pouze jedno sv\u00edtidlo pro v\u0161echny denn\u00ed sc\u00e9ny? Pak pro v\u00e1s m\u00e1me chytrou variantu, takzvan\u00e9 biodynamick\u00e9 sv\u00edtidlo. Umo\u017en\u00ed v\u00e1m m\u011bnit <a href=\"https:\/\/svitimprotebe.cz\/slovnicek-pojmu\/?_gl=1*7niyvy*_ga*MTMxNzgzNzQwMC4xNjk0MDA2MzI4*_ga_BWFGF95EPJ*MTcwNTU2NzA3My4xODQuMS4xNzA1NTcwODg5LjExLjAuMA..\" target=\"_blank\" rel=\"noopener\">intenzitu sv\u00edcen\u00ed (jas)<\/a> i <a href=\"https:\/\/svitimprotebe.cz\/slovnicek-pojmu\/?_gl=1*7niyvy*_ga*MTMxNzgzNzQwMC4xNjk0MDA2MzI4*_ga_BWFGF95EPJ*MTcwNTU2NzA3My4xODQuMS4xNzA1NTcwODg5LjExLjAuMA..\" target=\"_blank\" rel=\"noopener\">teplotu barvy<\/a>. A pokud si nastav\u00edte automatick\u00fd re\u017eim, bude se b\u011bhem dne samo plynule p\u0159ep\u00ednat mezi jednotliv\u00fdmi sc\u00e9nami, tak jako slun\u00ed\u010dko na obloze.<\/p>\n<p><\/div><\/div><\/div><a href=\"https:\/\/svitimprotebe.cz\/eshop\/wp-content\/uploads\/2023\/03\/Obrazek-zmeny-teploty-barvy-V3.jpg\" target=\"_blank\" rel=\"noopener\"><img decoding=\"async\" class=\"aligncenter wp-image-57580 size-large\" src=\"https:\/\/svitimprotebe.cz\/eshop\/wp-content\/uploads\/2023\/03\/Obrazek-zmeny-teploty-barvy-V3-1024x497.jpg\" alt=\"\" width=\"1024\" height=\"497\" srcset=\"https:\/\/svitimprotebe.cz\/eshop\/wp-content\/uploads\/2023\/03\/Obrazek-zmeny-teploty-barvy-V3-1024x497.jpg 1024w, https:\/\/svitimprotebe.cz\/eshop\/wp-content\/uploads\/2023\/03\/Obrazek-zmeny-teploty-barvy-V3-740x359.jpg 740w, https:\/\/svitimprotebe.cz\/eshop\/wp-content\/uploads\/2023\/03\/Obrazek-zmeny-teploty-barvy-V3-300x146.jpg 300w, https:\/\/svitimprotebe.cz\/eshop\/wp-content\/uploads\/2023\/03\/Obrazek-zmeny-teploty-barvy-V3-768x373.jpg 768w, https:\/\/svitimprotebe.cz\/eshop\/wp-content\/uploads\/2023\/03\/Obrazek-zmeny-teploty-barvy-V3-1536x746.jpg 1536w, https:\/\/svitimprotebe.cz\/eshop\/wp-content\/uploads\/2023\/03\/Obrazek-zmeny-teploty-barvy-V3-1080x525.jpg 1080w, https:\/\/svitimprotebe.cz\/eshop\/wp-content\/uploads\/2023\/03\/Obrazek-zmeny-teploty-barvy-V3-1280x622.jpg 1280w, https:\/\/svitimprotebe.cz\/eshop\/wp-content\/uploads\/2023\/03\/Obrazek-zmeny-teploty-barvy-V3-980x476.jpg 980w, https:\/\/svitimprotebe.cz\/eshop\/wp-content\/uploads\/2023\/03\/Obrazek-zmeny-teploty-barvy-V3-480x233.jpg 480w, https:\/\/svitimprotebe.cz\/eshop\/wp-content\/uploads\/2023\/03\/Obrazek-zmeny-teploty-barvy-V3.jpg 1783w\" sizes=\"(max-width: 1024px) 100vw, 1024px\" \/><\/a><\/p>\n<h4><span style=\"color: #000000\"><strong>Ru\u010dn\u011b vyr\u00e1b\u011bn\u00e9 sklo &#8211; pr\u00e1ce \u010desk\u00fdch \u0159emesln\u00edk\u016f<\/strong><\/span><\/h4>\n<p>U v\u0161ech na\u0161ich produkt\u016f db\u00e1me na to, aby byly kvalitn\u011b vyroben\u00e9 a mohli jste se na n\u011b maxim\u00e1ln\u011b spolehnout. A jinak tomu nen\u00ed ani v&nbsp;tomto p\u0159\u00edpad\u011b. Z\u00e1kladem jsou kvalitn\u00ed materi\u00e1ly &#8211; sv\u00edtidlo je vyroben\u00e9 <strong>z t\u0159\u00edvrstv\u00e9ho skla TRIPLEX OPAL s&nbsp;matovan\u00fdm povrchem a lakovan\u00e9 ocelov\u00e9 z\u00e1kladny<\/strong>. To ale nen\u00ed v\u0161echno. Sklen\u011bn\u00e1 st\u00ednidla ru\u010dn\u011b vyr\u00e1b\u00ed \u010de\u0161t\u00ed skl\u00e1\u0159i, tak\u017ee ka\u017ed\u00e9 je origin\u00e1l. D\u00edky tomu m\u00e1 sv\u00edtidlo luxusn\u00ed vzhled, kter\u00fd ocen\u00ed v\u0161ichni milovn\u00edci kvalitn\u00edho designu a nad\u010dasovosti.<\/p>\n<p>Krom\u011b toho je velkou v\u00fdhodou skla tak\u00e9 fakt, \u017ee <strong>s postupuj\u00edc\u00edm \u010dasem ne\u017eloutne, nek\u0159ehne ani jinak nedegraduje<\/strong>. Skv\u011ble tak dopln\u00ed interi\u00e9r va\u0161eho ob\u00fdvac\u00edho pokoje, knihovny nebo t\u0159eba kancel\u00e1\u0159e a jin\u00fdch reprezenta\u010dn\u00edch prostor.<\/p>\n<p><img decoding=\"async\" class=\"aligncenter wp-image-122051 size-full\" src=\"https:\/\/svitimprotebe.cz\/eshop\/wp-content\/uploads\/2024\/05\/sklo.jpg\" alt=\"\" width=\"1200\" height=\"675\" srcset=\"https:\/\/svitimprotebe.cz\/eshop\/wp-content\/uploads\/2024\/05\/sklo.jpg 1200w, https:\/\/svitimprotebe.cz\/eshop\/wp-content\/uploads\/2024\/05\/sklo-300x169.jpg 300w, https:\/\/svitimprotebe.cz\/eshop\/wp-content\/uploads\/2024\/05\/sklo-1024x576.jpg 1024w, https:\/\/svitimprotebe.cz\/eshop\/wp-content\/uploads\/2024\/05\/sklo-768x432.jpg 768w, https:\/\/svitimprotebe.cz\/eshop\/wp-content\/uploads\/2024\/05\/sklo-740x416.jpg 740w\" sizes=\"(max-width: 1200px) 100vw, 1200px\" \/><\/p>\n<h3>Sv\u00edtidlo na m\u00edru? Um\u00edme!<\/h3>\n<p>Pou\u017e\u00edv\u00e1te ve sv\u00e9 dom\u00e1cnosti syst\u00e9m\u00a0<a href=\"https:\/\/svitimprotebe.cz\/objevte-vyhody-systemu-chytreho-osvetleni-casambi\" target=\"_blank\" rel=\"noopener\">Casambi<\/a>,\u00a0<a href=\"https:\/\/svitimprotebe.cz\/chcete-ovladat-chytra-svitidla-bez-slozitych-aplikaci-vyzkousejte-ovladani-dali-push-dimm\/\" target=\"_blank\" rel=\"noopener\">Dali<\/a>,\u00a0<a href=\"https:\/\/svitimprotebe.cz\/objevte-vyhody-systemu-zigbee-pro-chytre-osvetleni\" target=\"_blank\" rel=\"noopener\">Zigbee<\/a>\u00a0\u010di ovl\u00e1d\u00e1n\u00ed pomoc\u00ed\u00a0<a href=\"https:\/\/svitimprotebe.cz\/home-assistant-chytry-system-pro-vasi-domacnost\/\" target=\"_blank\" rel=\"noopener\">Home Assistant<\/a>? U n\u00e1s nic nen\u00ed probl\u00e9m. Na\u0161e plnospektr\u00e1ln\u00ed sv\u00edtidla jsou\u00a0<strong>kompatibiln\u00ed<\/strong>\u00a0s\u00a0na\u0161imi\u00a0<a href=\"https:\/\/svitimprotebe.cz\/eshop\/plnospektralni-zdrave-osvetleni\/plnospektralni-led-pasky\/\" target=\"_blank\" rel=\"noopener\">LED p\u00e1sky<\/a>,\u00a0<a href=\"https:\/\/svitimprotebe.cz\/eshop\/zdrave-osvetleni\/senzory\/\" target=\"_blank\" rel=\"noopener\">senzory<\/a>\u00a0nebo n\u011bkter\u00fdmi\u00a0<a href=\"https:\/\/svitimprotebe.cz\/eshop\/zdrave-osvetleni\/led-zarovky\/\" target=\"_blank\" rel=\"noopener\" data-saferedirecturl=\"https:\/\/www.google.com\/url?q=https:\/\/svitimprotebe.cz\/eshop\/kategorie-produktu\/zdrave-osvetleni\/led-zarovky\/?_sft_product_cat%3Dled-zarovky%26_sft_product_tag%3Dphilips%26_sfm_parametry_moznost_ovladani%3DAplikace%2520Philips%2520Hue%26_sfm__price%3D0%2B1500%26_sfm_parametry_p12%3D0%2B200%26_sfm_parametry_p13%3D0%2B300%26_sfm_parametry_hmotnost%3D0%2B1.2&amp;source=gmail&amp;ust=1678382804976000&amp;usg=AOvVaw3CugHulgHp23d9S3W-UjgZ\">\u017e\u00e1rovkami<\/a>.<\/p>\n<div class=\"gdc_row\"><div class=\"gdc_column gdc_cquarter\"><div class=\"gdc_inner\"><\/p>\n<p style=\"text-align: left\"><a href=\"https:\/\/svitimprotebe.cz\/objevte-vyhody-systemu-chytreho-osvetleni-casambi\" target=\"_blank\" rel=\"noopener\" data-wp-editing=\"1\"><img loading=\"lazy\" decoding=\"async\" class=\"aligncenter\" src=\"https:\/\/svitimprotebe.cz\/eshop\/wp-content\/uploads\/2022\/03\/casambi-150x150.png\" alt=\"\" width=\"150\" height=\"150\" \/><\/a><\/p>\n<p style=\"text-align: center\"><a href=\"https:\/\/svitimprotebe.cz\/objevte-vyhody-systemu-chytreho-osvetleni-casambi\" target=\"_blank\" rel=\"noopener\">Casambi<\/a><\/p>\n<p><\/div><\/div><div class=\"gdc_column gdc_cquarter\"><div class=\"gdc_inner\"><\/p>\n<p style=\"text-align: left\"><a href=\"https:\/\/svitimprotebe.cz\/objevte-vyhody-systemu-zigbee-pro-chytre-osvetleni\" target=\"_blank\" rel=\"noopener\"><img loading=\"lazy\" decoding=\"async\" class=\"aligncenter wp-image-117287 size-thumbnail\" src=\"https:\/\/svitimprotebe.cz\/eshop\/wp-content\/uploads\/2024\/01\/Zigbee-logo-1-150x150.png\" alt=\"\" width=\"150\" height=\"150\" srcset=\"https:\/\/svitimprotebe.cz\/eshop\/wp-content\/uploads\/2024\/01\/Zigbee-logo-1-150x150.png 150w, https:\/\/svitimprotebe.cz\/eshop\/wp-content\/uploads\/2024\/01\/Zigbee-logo-1-100x100.png 100w\" sizes=\"(max-width: 150px) 100vw, 150px\" \/><\/a><\/p>\n<p style=\"text-align: center\"><a href=\"https:\/\/svitimprotebe.cz\/objevte-vyhody-systemu-zigbee-pro-chytre-osvetleni\" target=\"_blank\" rel=\"noopener\">Zigbee<\/a><\/p>\n<p><\/div><\/div><div class=\"gdc_column gdc_cquarter\"><div class=\"gdc_inner\"><\/p>\n<p style=\"text-align: left\"><a href=\"https:\/\/svitimprotebe.cz\/chcete-ovladat-chytra-svitidla-bez-slozitych-aplikaci-vyzkousejte-ovladani-dali-push-dimm\/\" target=\"_blank\" rel=\"noopener\"><img loading=\"lazy\" decoding=\"async\" class=\"aligncenter\" src=\"https:\/\/svitimprotebe.cz\/eshop\/wp-content\/uploads\/2022\/03\/dali-150x150.jpg\" alt=\"\" width=\"150\" height=\"150\" \/><\/a><\/p>\n<p style=\"text-align: center\"><a href=\"https:\/\/svitimprotebe.cz\/chcete-ovladat-chytra-svitidla-bez-slozitych-aplikaci-vyzkousejte-ovladani-dali-push-dimm\/\" target=\"_blank\" rel=\"noopener\">Dali<\/a><\/p>\n<p><\/div><\/div><div class=\"gdc_column gdc_cquarter\"><div class=\"gdc_inner\"><\/p>\n<p><a href=\"https:\/\/svitimprotebe.cz\/home-assistant-chytry-system-pro-vasi-domacnost-1\/\" target=\"_blank\" rel=\"noopener\"><img loading=\"lazy\" decoding=\"async\" class=\"aligncenter wp-image-139093 size-thumbnail\" src=\"https:\/\/svitimprotebe.cz\/eshop\/wp-content\/uploads\/2024\/03\/home-assistant-logo.jpg-150x150.png\" alt=\"Home assistant\" width=\"150\" height=\"150\" srcset=\"https:\/\/svitimprotebe.cz\/eshop\/wp-content\/uploads\/2024\/03\/home-assistant-logo.jpg-150x150.png 150w, https:\/\/svitimprotebe.cz\/eshop\/wp-content\/uploads\/2024\/03\/home-assistant-logo.jpg-300x300.png 300w, https:\/\/svitimprotebe.cz\/eshop\/wp-content\/uploads\/2024\/03\/home-assistant-logo.jpg-1024x1024.png 1024w, https:\/\/svitimprotebe.cz\/eshop\/wp-content\/uploads\/2024\/03\/home-assistant-logo.jpg-768x768.png 768w, https:\/\/svitimprotebe.cz\/eshop\/wp-content\/uploads\/2024\/03\/home-assistant-logo.jpg-1536x1536.png 1536w, https:\/\/svitimprotebe.cz\/eshop\/wp-content\/uploads\/2024\/03\/home-assistant-logo.jpg-740x740.png 740w, https:\/\/svitimprotebe.cz\/eshop\/wp-content\/uploads\/2024\/03\/home-assistant-logo.jpg-400x400.png 400w, https:\/\/svitimprotebe.cz\/eshop\/wp-content\/uploads\/2024\/03\/home-assistant-logo.jpg-100x100.png 100w, https:\/\/svitimprotebe.cz\/eshop\/wp-content\/uploads\/2024\/03\/home-assistant-logo.jpg-64x64.png 64w, https:\/\/svitimprotebe.cz\/eshop\/wp-content\/uploads\/2024\/03\/home-assistant-logo.jpg.png 1600w\" sizes=\"(max-width: 150px) 100vw, 150px\" \/><\/a><\/p>\n<p style=\"text-align: center\"><a href=\"https:\/\/svitimprotebe.cz\/home-assistant-chytry-system-pro-vasi-domacnost-1\/\" target=\"_blank\" rel=\"noopener\">Home Assistant<\/a><\/p>\n<p><\/div><\/div><\/div>\n<p>To ale nen\u00ed v\u0161echno. Pokud budete cht\u00edt, sv\u00edtidlo jsme schopni vyrobit jak se senzorem, tak jako<strong> nouzov\u00e9 kombinovan\u00e9 osv\u011btlen\u00ed<\/strong>. \u017de nev\u00edte, co to znamen\u00e1? <strong>Automatick\u00e9 spou\u0161t\u011bn\u00ed senzorem<\/strong> vyu\u017eijete nap\u0159\u00edklad na chodb\u011b, p\u0159ed vchodem \u010di v&nbsp;gar\u00e1\u017ei, zkr\u00e1tka v\u0161ude tam, kde se nechcete zdr\u017eovat hled\u00e1n\u00edm vyp\u00edna\u010de. Nouzov\u00e9 kombinovan\u00e9 osv\u011btlen\u00ed pak uv\u00edtaj\u00ed ti, kte\u0159\u00ed sv\u00edtidlo po\u0159izuj\u00ed do komer\u010dn\u00edch objekt\u016f, kancel\u00e1\u0159sk\u00fdch prostor \u010di \u00fanikov\u00fdch v\u00fdchod\u016f. V&nbsp;komer\u010dn\u00edch objektech pak m\u016f\u017eete vyu\u017e\u00edt i dal\u0161\u00ed funkci, kterou sv\u00edtidla nab\u00edz\u00ed, a sice <strong>Corridor Function<\/strong>. V\u00edce o n\u00ed se dozv\u00edte <a href=\"https:\/\/svitimprotebe.cz\/jak-zajistit-vetsi-uspornost-svitidel-v-komercnich-objektech-zkuste-corridor-function\/\" target=\"_blank\" rel=\"noopener\">v na\u0161em \u010dl\u00e1nku<\/a>.<\/p>\n<h3>Nerozum\u00edte si s&nbsp;chytr\u00fdmi technologiemi? Nevad\u00ed<\/h3>\n<p>Pokud nejste kamar\u00e1di s&nbsp;aplikacemi v&nbsp;chytr\u00e9m telefonu, nezoufejte. I pro v\u00e1s m\u00e1me \u0159e\u0161en\u00ed. M\u016f\u017eete zvolit verzi sv\u00edtidla <a href=\"https:\/\/svitimprotebe.cz\/eshop\/plnospektralni-zdrave-osvetleni\/plnospektralni-led-svitidla\/?pa_moznosti-ovladani=on-off\" target=\"_blank\" rel=\"noopener\">ON\/OFF<\/a>, je\u017e je <strong>vyrobeno bez jak\u00fdchkoli chytrost\u00ed<\/strong> a vymo\u017eenost\u00ed dne\u0161n\u00ed doby. I to u n\u00e1s jde. A neochud\u00edme v\u00e1s ani o funkce, kter\u00e9 osv\u011btlen\u00ed nab\u00edz\u00ed. R\u00e1di byste si m\u011bnili intenzitu osv\u011btlen\u00ed, tedy jas sv\u00edtidla nebo teplotu barvy <strong>klasick\u00fdm vyp\u00edna\u010dem na st\u011bn\u011b<\/strong> bez jak\u00fdchkoliv chytrost\u00ed? I to lze, a to <strong>pomoc\u00ed <\/strong><a href=\"https:\/\/svitimprotebe.cz\/chcete-ovladat-chytra-svitidla-bez-slozitych-aplikaci-vyzkousejte-ovladani-dali-push-dimm\/\" target=\"_blank\" rel=\"noopener\">funkce PushDimm<\/a>. Nemus\u00edte dokupovat <a href=\"https:\/\/svitimprotebe.cz\/eshop\/dali-ps1\/\" target=\"_blank\" rel=\"noopener\">DALI nap\u00e1jen\u00ed<\/a> nebo <a href=\"https:\/\/svitimprotebe.cz\/eshop\/dali-usb\/\" target=\"_blank\" rel=\"noopener\">DALI USB p\u0159evodn\u00edk<\/a>. Sta\u010d\u00ed jen vyu\u017e\u00edt <a href=\"https:\/\/svitimprotebe.cz\/chcete-ovladat-chytra-svitidla-bez-slozitych-aplikaci-vyzkousejte-ovladani-dali-push-dimm\/\" target=\"_blank\" rel=\"noopener\">funkci PushDimm<\/a>, kterou sv\u00edtidlo nab\u00edz\u00ed. D\u00edky tomu m\u016f\u017eete <strong>ovl\u00e1dat jak teplotu barvy, tak jas sv\u00edcen\u00ed<\/strong>, a to jednodu\u0161e pomoc\u00ed p\u0159idr\u017een\u00edm vyp\u00edna\u010de na st\u011bn\u011b.<\/p>\n<p><img loading=\"lazy\" decoding=\"async\" class=\"aligncenter wp-image-122054 size-full\" src=\"https:\/\/svitimprotebe.cz\/eshop\/wp-content\/uploads\/2024\/05\/vypinac.jpg\" alt=\"\" width=\"1800\" height=\"1013\" srcset=\"https:\/\/svitimprotebe.cz\/eshop\/wp-content\/uploads\/2024\/05\/vypinac.jpg 1800w, https:\/\/svitimprotebe.cz\/eshop\/wp-content\/uploads\/2024\/05\/vypinac-300x169.jpg 300w, https:\/\/svitimprotebe.cz\/eshop\/wp-content\/uploads\/2024\/05\/vypinac-1024x576.jpg 1024w, https:\/\/svitimprotebe.cz\/eshop\/wp-content\/uploads\/2024\/05\/vypinac-768x432.jpg 768w, https:\/\/svitimprotebe.cz\/eshop\/wp-content\/uploads\/2024\/05\/vypinac-1536x864.jpg 1536w, https:\/\/svitimprotebe.cz\/eshop\/wp-content\/uploads\/2024\/05\/vypinac-740x416.jpg 740w\" sizes=\"(max-width: 1800px) 100vw, 1800px\" \/><\/p>\n<h3>Jak jinak, ne\u017e \u00fasporn\u011b<\/h3>\n<p>\u017de \u00fasporn\u00e1 LED sv\u00edtidla \u0161et\u0159\u00ed energii nen\u00ed \u017e\u00e1dn\u00e1 novinka. V\u011bd\u011bli jste ale, \u017ee \u0161et\u0159\u00ed tak\u00e9 va\u0161i pen\u011b\u017eenku? Samotn\u00e1 prvotn\u00ed investice se m\u016f\u017ee zd\u00e1t vy\u0161\u0161\u00ed, z&nbsp;dlouhodob\u00e9ho hlediska se ale jedn\u00e1 o <strong>ekologick\u00e9 i ekonomick\u00e9 \u0159e\u0161en\u00ed<\/strong>, kter\u00e9 se v&nbsp;dne\u0161n\u00ed dob\u011b v\u00edce ne\u017e nab\u00edz\u00ed. Je toti\u017e prok\u00e1z\u00e1no, \u017ee v&nbsp;porovn\u00e1n\u00ed s&nbsp;klasickou \u017e\u00e1rovkou,<strong> s&nbsp;LED osv\u011btlen\u00edm u\u0161et\u0159\u00edte a\u017e 80&nbsp;% v\u00fddaj\u016f za elekt\u0159inu<\/strong>. Nav\u00edc se modern\u00ed technologie LED osv\u011btlen\u00ed neust\u00e1le vyv\u00edj\u00ed a prodlu\u017euj\u00ed jim u\u017e tak vysokou \u017eivotnost, co\u017e je dal\u0161\u00ed bonus nav\u00edc.<\/p>\n<h3>Bez ru\u0161iv\u00e9ho flikru<\/h3>\n<p>Na\u0161e sv\u00edtidla nem\u00edhaj\u00ed, neblikaj\u00ed a nemaj\u00ed \u017e\u00e1dn\u00fd <a href=\"https:\/\/svitimprotebe.cz\/flikr-aneb-blikani-svetelnych-zdroju-pstlm-a-svm\/?_gl=1*1iagtp3*_ga*MTMxNzgzNzQwMC4xNjk0MDA2MzI4*_ga_BWFGF95EPJ*MTcwNTU2NzA3My4xODQuMS4xNzA1NTcwMjc1LjU5LjAuMA..\">ru\u0161iv\u00fd flikr<\/a>. To si nav\u00edc ov\u011b\u0159ujeme vlastn\u00edmi <a href=\"https:\/\/svitimprotebe.cz\/eshop\/merici-technika\/\">m\u011b\u0159\u00edc\u00edmi p\u0159\u00edstroji<\/a>.<\/p>\n","protected":false},"excerpt":{"rendered":"<p>Hled\u00e1te kvalitn\u00ed stropn\u00ed \u010di n\u00e1st\u011bnn\u00e9 sv\u00edtidlo? Pak je pro v\u00e1s plnospektr\u00e1ln\u00ed LED sv\u00edtidlo LORA 2 jako d\u011blan\u00e9. D\u00edky pe\u010dliv\u00e9 pr\u00e1ci \u010desk\u00fdch skl\u00e1\u0159\u016f je <strong>ka\u017ed\u00e9 sv\u00edtidlo jedine\u010dn\u00fd origin\u00e1l<\/strong>. Svou jednoduchost\u00ed a nad\u010dasovost\u00ed pak skv\u011ble dopln\u00ed v\u00e1\u0161 interi\u00e9r a dod\u00e1 mu luxusn\u00ed vzhled. A jako bonus &#8211; sv\u00edtidlo vyd\u00e1v\u00e1 zdrav\u00e9 plnospektr\u00e1ln\u00ed sv\u011btlo, kter\u00e9 prosp\u011bje va\u0161emu t\u011blu i n\u00e1lad\u011b.<\/p>\n","protected":false},"featured_media":123758,"template":"","meta":{"_acf_changed":false},"product_brand":[],"product_cat":[574,569,1998,1986,1987,1985,304,2018,23,570],"product_tag":[568],"class_list":{"0":"post-123598","1":"product","2":"type-product","3":"status-publish","4":"has-post-thumbnail","6":"product_cat-koupelnova-plnospektralni","7":"product_cat-nastenna-plnospektralni","8":"product_cat-hlavni-stropni-svetla-prisazena-2","9":"product_cat-svetla-do-chodby-predsine-a-na-schodiste","10":"product_cat-svetla-do-satny-a-do-spize","11":"product_cat-svetla-na-zachod","12":"product_cat-plnospektralni-led-svitidla","13":"product_cat-plnospektralni-led-svitidla-podle-typu-montaze","14":"product_cat-plnospektralni-zdrave-osvetleni","15":"product_cat-stropni-plnospektralni","16":"product_tag-svitim-pro-tebe","17":"product_shipping_class-zak-osmont","18":"pa_barva-svitidla-bila","19":"pa_chytre-svitidlo-ano","20":"pa_chytre-svitidlo-ne","21":"pa_delka-1905","22":"pa_doba-pouzivani-celodenni-osvetleni-24-h","23":"pa_doba-pouzivani-denni-osvetleni","24":"pa_doba-pouzivani-probouzeni-svetlem","25":"pa_doba-pouzivani-vecerni-osvetleni","26":"pa_material-kov","27":"pa_material-sklo","28":"pa_meni-barvy-tw-varianta-ano","29":"pa_meni-barvy-tw-varianta-dle-volby-svetelneho-zdroje","30":"pa_meni-barvy-tw-varianta-ne","31":"pa_moznosti-ovladani-casambi","32":"pa_moznosti-ovladani-zigbee","33":"pa_moznosti-ovladani-dali","34":"pa_moznosti-ovladani-on-off","35":"pa_napajeni-sit-230-ac","36":"pa_sirka-prumer-1108","37":"pa_stmivatelne-ano","38":"pa_stmivatelne-dle-volby-svetelneho-zdroje","39":"pa_stmivatelne-ne","40":"pa_stupen-kryti-ip-ip43","41":"pa_styl-bohemsky","42":"pa_styl-industrialni","43":"pa_styl-minimalisticky-a-seversky","44":"pa_styl-moderni","45":"pa_styl-vintage-neboli-retro","46":"pa_svetelny-tok-1001-1200-lm","47":"pa_svetelny-tok-1201-1400-lm","48":"pa_svetelny-tok-801-1000-lm","49":"pa_teplota-barvy-1800-2100-k","50":"pa_teplota-barvy-2200-2500-k","51":"pa_teplota-barvy-2700-3000-k","52":"pa_teplota-barvy-4000-5000-k","53":"pa_tvar-svitidla-ctvercove","54":"pa_typ-produktu-led-svitidlo","55":"pa_umisteni-montaz-prisazene-montaz-na-povrch","56":"pa_vhodne-do-chodba","57":"pa_vhodne-do-detsky-pokoj","58":"pa_vhodne-do-garaz","59":"pa_vhodne-do-kuchyne","60":"pa_vhodne-do-loznice","61":"pa_vhodne-do-obyvaci-pokoj","62":"pa_vhodne-do-pracovna","63":"pa_vhodne-do-puda","64":"pa_vhodne-do-satna","65":"pa_vhodne-do-schodiste","66":"pa_vhodne-do-sklep","67":"pa_vhodne-do-spiz","68":"pa_vhodne-do-technicka-mistnost","69":"pa_vhodne-do-zachod","70":"pa_vykon-11-20-w","71":"pa_vymenitelny-svetelny-zdroj-ano","72":"pa_vyska-1853","73":"pa_zpusob-vyzarovani-prime","74":"pa_zpusob-zapojeni-prime-zapojeni","76":"first","77":"onbackorder","78":"taxable","79":"shipping-taxable","80":"purchasable","81":"product-type-variable"},"acf":[],"_links":{"self":[{"href":"https:\/\/svitimprotebe.cz\/eshop\/wp-json\/wp\/v2\/product\/123598","targetHints":{"allow":["GET"]}}],"collection":[{"href":"https:\/\/svitimprotebe.cz\/eshop\/wp-json\/wp\/v2\/product"}],"about":[{"href":"https:\/\/svitimprotebe.cz\/eshop\/wp-json\/wp\/v2\/types\/product"}],"version-history":[{"count":0,"href":"https:\/\/svitimprotebe.cz\/eshop\/wp-json\/wp\/v2\/product\/123598\/revisions"}],"wp:featuredmedia":[{"embeddable":true,"href":"https:\/\/svitimprotebe.cz\/eshop\/wp-json\/wp\/v2\/media\/123758"}],"wp:attachment":[{"href":"https:\/\/svitimprotebe.cz\/eshop\/wp-json\/wp\/v2\/media?parent=123598"}],"wp:term":[{"taxonomy":"product_brand","embeddable":true,"href":"https:\/\/svitimprotebe.cz\/eshop\/wp-json\/wp\/v2\/product_brand?post=123598"},{"taxonomy":"product_cat","embeddable":true,"href":"https:\/\/svitimprotebe.cz\/eshop\/wp-json\/wp\/v2\/product_cat?post=123598"},{"taxonomy":"product_tag","embeddable":true,"href":"https:\/\/svitimprotebe.cz\/eshop\/wp-json\/wp\/v2\/product_tag?post=123598"}],"curies":[{"name":"wp","href":"https:\/\/api.w.org\/{rel}","templated":true}]}}