{"id":124509,"date":"2019-07-30T14:18:51","date_gmt":"2019-07-30T12:18:51","guid":{"rendered":"https:\/\/svitimprotebe.cz\/eshop\/?post_type=product&#038;p=124509"},"modified":"2026-01-03T19:30:37","modified_gmt":"2026-01-03T18:30:37","slug":"podstavec-b16-bp-pro-svitidlo-erinye-5","status":"publish","type":"product","link":"https:\/\/svitimprotebe.cz\/eshop\/podstavec-b16-bp-pro-svitidlo-erinye-5\/","title":{"rendered":"Podstavec B16\/BP pro sv\u00edtidlo ERINYE 5"},"content":{"rendered":"<p>Kovov\u00fd podstavec je vyroben z&nbsp;kvalitn\u00ed oceli, je\u017e zaru\u010d\u00ed vysokou odolnost a pevnost upevn\u011bn\u00ed. Podstavec m\u016f\u017eete pou\u017e\u00edt nap\u0159\u00edklad <strong>v p\u0159\u00edpadech, kdy nen\u00ed umo\u017en\u011bn vstup kabelu do sv\u00edtidla shora<\/strong> a je nutn\u00e9 v\u00e9st kabel do sv\u00edtidla z&nbsp;boku. Takov\u00e1 situace b\u00fdv\u00e1 \u010dast\u00e1 p\u0159i ta\u017een\u00ed pohledov\u00fdch l\u00e1tkov\u00fdch kabel\u016f po betonov\u00fdch stropech.<\/p>\n","protected":false},"excerpt":{"rendered":"<p>Ocelov\u00fd podstavec pro sv\u00edtidlo ERINYE 5 v&nbsp;barv\u011b b\u00edl\u00e1 Ral9003.<\/p>\n","protected":false},"featured_media":124511,"template":"","meta":{"_acf_changed":false},"product_brand":[],"product_cat":[2018,23,1837],"product_tag":[568],"class_list":{"0":"post-124509","1":"product","2":"type-product","3":"status-publish","4":"has-post-thumbnail","6":"product_cat-plnospektralni-led-svitidla-podle-typu-montaze","7":"product_cat-plnospektralni-zdrave-osvetleni","8":"product_cat-prislusenstvi-pro-svitidla","9":"product_tag-svitim-pro-tebe","10":"product_shipping_class-zakladni","11":"pa_material-kov","12":"pa_sirka-prumer-1863","13":"pa_typ-produktu-ostatni","14":"pa_vyska-1811","15":"pa_zpusob-montaze-prisazena-montaz","17":"first","18":"onbackorder","19":"taxable","20":"shipping-taxable","21":"purchasable","22":"product-type-simple"},"acf":[],"_links":{"self":[{"href":"https:\/\/svitimprotebe.cz\/eshop\/wp-json\/wp\/v2\/product\/124509","targetHints":{"allow":["GET"]}}],"collection":[{"href":"https:\/\/svitimprotebe.cz\/eshop\/wp-json\/wp\/v2\/product"}],"about":[{"href":"https:\/\/svitimprotebe.cz\/eshop\/wp-json\/wp\/v2\/types\/product"}],"version-history":[{"count":0,"href":"https:\/\/svitimprotebe.cz\/eshop\/wp-json\/wp\/v2\/product\/124509\/revisions"}],"wp:featuredmedia":[{"embeddable":true,"href":"https:\/\/svitimprotebe.cz\/eshop\/wp-json\/wp\/v2\/media\/124511"}],"wp:attachment":[{"href":"https:\/\/svitimprotebe.cz\/eshop\/wp-json\/wp\/v2\/media?parent=124509"}],"wp:term":[{"taxonomy":"product_brand","embeddable":true,"href":"https:\/\/svitimprotebe.cz\/eshop\/wp-json\/wp\/v2\/product_brand?post=124509"},{"taxonomy":"product_cat","embeddable":true,"href":"https:\/\/svitimprotebe.cz\/eshop\/wp-json\/wp\/v2\/product_cat?post=124509"},{"taxonomy":"product_tag","embeddable":true,"href":"https:\/\/svitimprotebe.cz\/eshop\/wp-json\/wp\/v2\/product_tag?post=124509"}],"curies":[{"name":"wp","href":"https:\/\/api.w.org\/{rel}","templated":true}]}}