{"id":124959,"date":"2019-08-06T22:20:57","date_gmt":"2019-08-06T20:20:57","guid":{"rendered":"https:\/\/svitimprotebe.cz\/eshop\/?post_type=product&#038;p=124959"},"modified":"2026-01-03T19:28:16","modified_gmt":"2026-01-03T18:28:16","slug":"kovovy-limec-b13-pro-svitidlo-erinye-2","status":"publish","type":"product","link":"https:\/\/svitimprotebe.cz\/eshop\/kovovy-limec-b13-pro-svitidlo-erinye-2\/","title":{"rendered":"Kovov\u00fd l\u00edmec B13 pro sv\u00edtidlo ERINYE 2"},"content":{"rendered":"<div class=\"flex flex-grow flex-col max-w-full\">\n<div class=\"min-h-[20px] text-message flex flex-col items-start whitespace-pre-wrap break-words [.text-message+&amp;]:mt-5 juice:w-full juice:items-end overflow-x-auto gap-2\" dir=\"auto\" data-message-author-role=\"assistant\" data-message-id=\"32cc6cfd-ed55-443d-96fb-7f31ca990ac9\">\n<div class=\"flex w-full flex-col gap-1 juice:empty:hidden juice:first:pt-[3px]\">\n<div class=\"markdown prose w-full break-words dark:prose-invert light\">\n<p>Hled\u00e1te zp\u016fsob, jak dodat va\u0161emu sv\u00edtidlu \u0161mrnc? Pak jste ho pr\u00e1v\u011b na\u0161li. Kovov\u00fd l\u00edmec, kter\u00fd se py\u0161n\u00ed modern\u00edm a \u010dist\u00fdm designem, bude se sv\u00edtidlem skv\u011ble ladit a dod\u00e1 mu elegantn\u00ed vzhled. D\u00edky tomu, \u017ee <strong>l\u00edmec nab\u00edz\u00edme ve 4 barevn\u00fdch proveden\u00edch<\/strong>, pak zaru\u010den\u011b vyberete takov\u00fd, kter\u00fd zapadne do va\u0161eho interi\u00e9ru. A \u017ee v\u00e1m doma neud\u011bl\u00e1 ostudu zajist\u00ed tak\u00e9 <strong>kvalitn\u00ed materi\u00e1ly<\/strong>, ocel nebo mosaz, z&nbsp;nich\u017e je tento nad\u010dasov\u00fd dopln\u011bk vyroben\u00fd.<\/p>\n<p>L\u00edmec ocen\u00ed i ti, kte\u0159\u00ed si p\u0159i mont\u00e1\u017ei sv\u00edtidla poni\u010dili okoln\u00ed strop a r\u00e1di by nedokonalosti n\u011b\u010d\u00edm zakryli. Tento elegantn\u00ed dopln\u011bk<strong> spolehliv\u011b schov\u00e1 v\u0161echny nedostatky <\/strong>\u010di mont\u00e1\u017en\u00ed prvky sv\u00edtidla. A jak je to s&nbsp;jeho instalac\u00ed? Nemus\u00edte se b\u00e1t \u017e\u00e1dn\u00fdch slo\u017eitost\u00ed, jeho nasazen\u00ed na st\u00ednidlo zvl\u00e1dnete hrav\u011b\ud83d\ude09<\/p>\n<\/div>\n<\/div>\n<\/div>\n<\/div>\n","protected":false},"excerpt":{"rendered":"<p>Kovov\u00fd l\u00edmec je elegantn\u00ed a funk\u010dn\u00ed dopln\u011bk, kter\u00fd bude skv\u011ble ladit s&nbsp;va\u0161\u00edm sv\u00edtidlem. Je vyroben z&nbsp;kvalitn\u00edho materi\u00e1lu, d\u00edky \u010demu\u017e m\u00e1 vysokou odolnost a dlouhou \u017eivotnost. Pokud tedy hled\u00e1te designov\u00fd dopln\u011bk, kter\u00fd sv\u00edtidlo ozvl\u00e1\u0161tn\u00ed a z\u00e1rove\u0148 va\u0161emu interi\u00e9ru dod\u00e1 \u0161mrnc, pak je l\u00edmec jasn\u00e1 volba. Sta\u010d\u00ed si jen vybrat barvu.<\/p>\n","protected":false},"featured_media":124968,"template":"","meta":{"_acf_changed":false},"product_brand":[],"product_cat":[2018,1837],"product_tag":[],"class_list":{"0":"post-124959","1":"product","2":"type-product","3":"status-publish","4":"has-post-thumbnail","6":"product_cat-plnospektralni-led-svitidla-podle-typu-montaze","7":"product_cat-prislusenstvi-pro-svitidla","8":"product_shipping_class-zak-osmont","9":"pa_material-kov","10":"pa_styl-eklekticky","11":"pa_styl-industrialni","12":"pa_styl-moderni","13":"pa_typ-produktu-ostatni","15":"first","16":"onbackorder","17":"taxable","18":"shipping-taxable","19":"purchasable","20":"product-type-variable"},"acf":[],"_links":{"self":[{"href":"https:\/\/svitimprotebe.cz\/eshop\/wp-json\/wp\/v2\/product\/124959","targetHints":{"allow":["GET"]}}],"collection":[{"href":"https:\/\/svitimprotebe.cz\/eshop\/wp-json\/wp\/v2\/product"}],"about":[{"href":"https:\/\/svitimprotebe.cz\/eshop\/wp-json\/wp\/v2\/types\/product"}],"version-history":[{"count":0,"href":"https:\/\/svitimprotebe.cz\/eshop\/wp-json\/wp\/v2\/product\/124959\/revisions"}],"wp:featuredmedia":[{"embeddable":true,"href":"https:\/\/svitimprotebe.cz\/eshop\/wp-json\/wp\/v2\/media\/124968"}],"wp:attachment":[{"href":"https:\/\/svitimprotebe.cz\/eshop\/wp-json\/wp\/v2\/media?parent=124959"}],"wp:term":[{"taxonomy":"product_brand","embeddable":true,"href":"https:\/\/svitimprotebe.cz\/eshop\/wp-json\/wp\/v2\/product_brand?post=124959"},{"taxonomy":"product_cat","embeddable":true,"href":"https:\/\/svitimprotebe.cz\/eshop\/wp-json\/wp\/v2\/product_cat?post=124959"},{"taxonomy":"product_tag","embeddable":true,"href":"https:\/\/svitimprotebe.cz\/eshop\/wp-json\/wp\/v2\/product_tag?post=124959"}],"curies":[{"name":"wp","href":"https:\/\/api.w.org\/{rel}","templated":true}]}}