{"id":129486,"date":"2023-12-24T08:50:33","date_gmt":"2023-12-24T07:50:33","guid":{"rendered":"https:\/\/svitimprotebe.cz\/eshop\/?post_type=product&#038;p=129486"},"modified":"2026-03-31T14:39:16","modified_gmt":"2026-03-31T12:39:16","slug":"plnospektralni-led-zarovka-oranzovka-denni-e27-12w-4000k","status":"publish","type":"product","link":"https:\/\/svitimprotebe.cz\/eshop\/plnospektralni-led-zarovka-oranzovka-denni-e27-12w-4000k\/","title":{"rendered":"LED \u017e\u00e1rovka ORAN\u017dOVKA Denn\u00ed E27&nbsp;12W 4000K"},"content":{"rendered":"<p>Denn\u00ed LED \u017e\u00e1rovka ORAN\u017dOVKA 4000K dokonale <strong>napodobuje p\u0159irozen\u00e9 slune\u010dn\u00ed sv\u011btlo<\/strong>. Je tak ide\u00e1ln\u00ed nejen na pr\u00e1ci \u010di studium, ale tak\u00e9 dal\u0161\u00ed denn\u00ed \u010dinnosti.<\/p>\n<h3>Pro\u010d pou\u017e\u00edvat Denn\u00ed \u017e\u00e1rovku ORAN\u017dOVKU?<\/h3>\n<p>\u017d\u00e1rovka sv\u00edt\u00ed p\u0159esn\u011b tak jako slunce na obloze. Vyd\u00e1v\u00e1 intenzivn\u00ed b\u00edl\u00e9 sv\u011btlo s&nbsp;vysok\u00fdm pod\u00edlem modr\u00e9 slo\u017eky, kter\u00e9 je pro lidsk\u00e9 t\u011blo b\u011bhem dne p\u0159irozen\u00e9. Takov\u00e9 sv\u011btlo <strong>zvy\u0161uje na\u0161i aktivitu, produktivitu a soust\u0159ed\u011bn\u00ed<\/strong>. Z\u00e1rove\u0148 n\u00e1m dod\u00e1v\u00e1 v\u00edce energie a zlep\u0161uje n\u00e1ladu tak jako to um\u00ed opravdov\u00e9 slun\u00ed\u010dko. \u017d\u00e1rovku ocen\u00ed tak\u00e9 va\u0161e o\u010di, kter\u00e9 v\u00e1s nebudou nep\u0159\u00edjemn\u011b bolet a p\u00e1lit.<\/p>\n<p>A jak v\u00edme, \u017ee \u017e\u00e1rovka skute\u010dn\u011b sv\u00edt\u00ed stejn\u011b jako slunce? Zm\u011b\u0159ili jsme si to. Na obr\u00e1zc\u00edch n\u00ed\u017ee m\u016f\u017eete vid\u011bt <strong>porovn\u00e1n\u00ed sv\u011bteln\u00e9ho spektra<\/strong> p\u0159irozen\u00e9ho slune\u010dn\u00edho svitu a Denn\u00ed LED \u017e\u00e1rovky ORAN\u017dOVKY 4000K.<\/p>\n<div class=\"gdc_row\"><div class=\"gdc_column gdc_chalf\"><div class=\"gdc_inner\"><\/p>\n<p style=\"text-align: center;\"><b>Slune\u010dn\u00ed svit<\/b><\/p>\n<p style=\"text-align: center;\"><img fetchpriority=\"high\" decoding=\"async\" class=\"aligncenter wp-image-51995 size-full\" src=\"https:\/\/svitimprotebe.cz\/eshop\/wp-content\/uploads\/2022\/09\/1525733431-spektrum.jpg\" alt=\"\" width=\"1000\" height=\"550\" srcset=\"https:\/\/svitimprotebe.cz\/eshop\/wp-content\/uploads\/2022\/09\/1525733431-spektrum.jpg 1000w, https:\/\/svitimprotebe.cz\/eshop\/wp-content\/uploads\/2022\/09\/1525733431-spektrum-740x407.jpg 740w, https:\/\/svitimprotebe.cz\/eshop\/wp-content\/uploads\/2022\/09\/1525733431-spektrum-300x165.jpg 300w, https:\/\/svitimprotebe.cz\/eshop\/wp-content\/uploads\/2022\/09\/1525733431-spektrum-768x422.jpg 768w, https:\/\/svitimprotebe.cz\/eshop\/wp-content\/uploads\/2022\/09\/1525733431-spektrum-980x539.jpg 980w, https:\/\/svitimprotebe.cz\/eshop\/wp-content\/uploads\/2022\/09\/1525733431-spektrum-480x264.jpg 480w, https:\/\/svitimprotebe.cz\/eshop\/wp-content\/uploads\/2022\/09\/1525733431-spektrum-600x330.jpg 600w\" sizes=\"(max-width: 1000px) 100vw, 1000px\" \/><\/p>\n<p style=\"text-align: center;\">M\u011b\u0159en\u00ed oblohy z&nbsp;11.9.2021 r\u00e1no 4802K CRI100 (na videu v&nbsp;\u010dase <a href=\"https:\/\/www.youtube.com\/watch?v=StdHXpLwJdA&amp;t=47s\" target=\"_blank\" rel=\"noopener\">0:47<\/a>)<\/p>\n<p><\/div><\/div><div class=\"gdc_column gdc_chalf\"><div class=\"gdc_inner\"><\/p>\n<p style=\"text-align: center;\"><strong>Denn\u00ed LED \u017e\u00e1rovka ORAN\u017dOVKA 4000K<\/strong><\/p>\n<p><img decoding=\"async\" class=\"aligncenter wp-image-135739 size-full\" src=\"https:\/\/svitimprotebe.cz\/eshop\/wp-content\/uploads\/2024\/12\/mereni-spektra-zarovky-oranzovky-denni.jpg\" alt=\"\" width=\"1000\" height=\"550\" srcset=\"https:\/\/svitimprotebe.cz\/eshop\/wp-content\/uploads\/2024\/12\/mereni-spektra-zarovky-oranzovky-denni.jpg 1000w, https:\/\/svitimprotebe.cz\/eshop\/wp-content\/uploads\/2024\/12\/mereni-spektra-zarovky-oranzovky-denni-300x165.jpg 300w, https:\/\/svitimprotebe.cz\/eshop\/wp-content\/uploads\/2024\/12\/mereni-spektra-zarovky-oranzovky-denni-768x422.jpg 768w, https:\/\/svitimprotebe.cz\/eshop\/wp-content\/uploads\/2024\/12\/mereni-spektra-zarovky-oranzovky-denni-740x407.jpg 740w\" sizes=\"(max-width: 1000px) 100vw, 1000px\" \/><\/p>\n<p><\/div><\/div><\/div>\n<p>A co znamen\u00e1, \u017ee je \u017e\u00e1rovka plnospektr\u00e1ln\u00ed? Toto ozna\u010den\u00ed \u0159\u00edk\u00e1, \u017ee <strong>jej\u00ed sv\u011bteln\u00fd zdroj obsahuje t\u00e9m\u011b\u0159 v\u0161echny vlnov\u00e9 d\u00e9lky sv\u011btla v&nbsp;takov\u00e9m pom\u011bru, jako slune\u010dn\u00ed svit<\/strong>. Dok\u00e1\u017ee tak v\u011brn\u011b napodobit sv\u011btlo, kter\u00e9 je pro n\u00e1\u0161 organismus nejp\u0159irozen\u011bj\u0161\u00ed \u2013 slunce.<\/p>\n<h3>Kam se Denn\u00ed \u017e\u00e1rovka ORAN\u017dOVKA hod\u00ed?<\/h3>\n<p>Sv\u00e9 vyu\u017eit\u00ed najde jak v&nbsp;dom\u00e1cnostech, tak v&nbsp;komer\u010dn\u00edch prostor\u00e1ch. \u017d\u00e1rovku m\u016f\u017eete um\u00edstit nap\u0159\u00edklad <strong>do va\u0161\u00ed lampy na pracovn\u00edm stole v&nbsp;kancel\u00e1\u0159i, do stropn\u00edho sv\u00edtidla v&nbsp;ob\u00fdv\u00e1ku<\/strong>, kuchyni nebo t\u0159eba d\u011btsk\u00e9m pokoji a na chodb\u011b. K&nbsp;tomu, abyste mohli za\u010d\u00edt sv\u00edtit zdrav\u011b, tak ur\u010dit\u011b nepot\u0159ebujete draze kupovat cel\u00e1 nov\u00e1 sv\u00edtidla. <strong>Sta\u010d\u00ed pouze vym\u011bnit starou \u017e\u00e1rovku za na\u0161i zdravou ORAN\u017dOVKU<\/strong> a m\u00e1te vy\u0159e\u0161eno\ud83d\ude09.<\/p>\n<p>Podrobn\u00e9 <strong>informace o<\/strong>\u00a0<strong>mo\u017enostech vyu\u017eit\u00ed <\/strong>najdete naho\u0159e pod n\u00e1zvem \u017e\u00e1rovky v\u00a0sekci\u00a0<strong>\u201eVhodn\u00e9 do\u201c<\/strong>, p\u0159\u00edpadn\u011b ve spodn\u00ed \u010d\u00e1sti popisu, kde jsme pro v\u00e1s p\u0159ipravili n\u00e1zorn\u00e9\u00a0<strong>ikonky s\u00a0popisy<\/strong>\u00a0jednotliv\u00fdch mo\u017enost\u00ed pou\u017eit\u00ed.<\/p>\n<div class=\"gdc_row\"><div class=\"gdc_column gdc_chalf\"><div class=\"gdc_inner\"><br \/>\n<img decoding=\"async\" class=\"aligncenter wp-image-130139 size-large\" src=\"https:\/\/svitimprotebe.cz\/eshop\/wp-content\/uploads\/2024\/12\/Denni-zarovka-Oranzovka-prace-na-pocitaci-1024x682.jpg\" alt=\"\" width=\"800\" height=\"533\" srcset=\"https:\/\/svitimprotebe.cz\/eshop\/wp-content\/uploads\/2024\/12\/Denni-zarovka-Oranzovka-prace-na-pocitaci-1024x682.jpg 1024w, https:\/\/svitimprotebe.cz\/eshop\/wp-content\/uploads\/2024\/12\/Denni-zarovka-Oranzovka-prace-na-pocitaci-300x200.jpg 300w, https:\/\/svitimprotebe.cz\/eshop\/wp-content\/uploads\/2024\/12\/Denni-zarovka-Oranzovka-prace-na-pocitaci-768x512.jpg 768w, https:\/\/svitimprotebe.cz\/eshop\/wp-content\/uploads\/2024\/12\/Denni-zarovka-Oranzovka-prace-na-pocitaci-740x493.jpg 740w, https:\/\/svitimprotebe.cz\/eshop\/wp-content\/uploads\/2024\/12\/Denni-zarovka-Oranzovka-prace-na-pocitaci.jpg 1400w\" sizes=\"(max-width: 800px) 100vw, 800px\" \/><\/div><\/div><div class=\"gdc_column gdc_chalf\"><div class=\"gdc_inner\"><br \/>\n<img loading=\"lazy\" decoding=\"async\" class=\"aligncenter wp-image-130140 size-large\" src=\"https:\/\/svitimprotebe.cz\/eshop\/wp-content\/uploads\/2024\/12\/Denni-zarovka-Oranzovka-hrani-hry-rodina-1024x682.jpg\" alt=\"\" width=\"800\" height=\"533\" srcset=\"https:\/\/svitimprotebe.cz\/eshop\/wp-content\/uploads\/2024\/12\/Denni-zarovka-Oranzovka-hrani-hry-rodina-1024x682.jpg 1024w, https:\/\/svitimprotebe.cz\/eshop\/wp-content\/uploads\/2024\/12\/Denni-zarovka-Oranzovka-hrani-hry-rodina-300x200.jpg 300w, https:\/\/svitimprotebe.cz\/eshop\/wp-content\/uploads\/2024\/12\/Denni-zarovka-Oranzovka-hrani-hry-rodina-768x512.jpg 768w, https:\/\/svitimprotebe.cz\/eshop\/wp-content\/uploads\/2024\/12\/Denni-zarovka-Oranzovka-hrani-hry-rodina-740x493.jpg 740w, https:\/\/svitimprotebe.cz\/eshop\/wp-content\/uploads\/2024\/12\/Denni-zarovka-Oranzovka-hrani-hry-rodina.jpg 1400w\" sizes=\"(max-width: 800px) 100vw, 800px\" \/><\/div><\/div><\/div>\n<p>Doporu\u010dujeme v\u0161ak pou\u017e\u00edvat \u017e\u00e1rovku <strong>ve sv\u00edtidlech s&nbsp;dostate\u010dn\u011b velk\u00fdm st\u00ednidlem<\/strong>, kter\u00e9 \u017e\u00e1rovku zakryje. D\u00edky tomu v\u00e1s sv\u011btlo nebude nep\u0159\u00edjemn\u011b osl\u0148ovat. Detailn\u00ed doporu\u010den\u00ed pro um\u00edst\u011bn\u00ed \u017e\u00e1rovky naleznete n\u00ed\u017ee v&nbsp;sekci <strong>&#8220;POU\u017dIT\u00cd&#8221;.<\/strong><\/p>\n<h3>Kdy Denn\u00ed \u017e\u00e1rovku ORAN\u017dOVKU pou\u017e\u00edvat?<\/h3>\n<p>Jak u\u017e n\u00e1zev napov\u00edd\u00e1, \u017e\u00e1rovka sv\u00e9 vyu\u017eit\u00ed najde p\u0159edev\u0161\u00edm p\u0159es den. <strong>Sv\u00edtit s&nbsp;n\u00ed m\u016f\u017eete od r\u00e1na a\u017e do odpoledn\u00edch hodin<\/strong> &#8211; zkr\u00e1tka v&nbsp;dob\u011b, kdy pot\u0159ebujete b\u00fdt produktivn\u00ed a koncentrovat se na pr\u00e1ci \u010di jin\u00e9 \u010dinnosti. Ve\u010der ale denn\u00ed ORAN\u017dOVKU vyst\u0159\u00eddejte za ve\u010dern\u00ed ORAN\u017dOVKU. Ta toti\u017e na rozd\u00edl od t\u00e9 denn\u00ed neobsahuje modr\u00e9 sv\u011btlo, d\u00edky \u010demu\u017e na\u0161e t\u011blo i mysl zklidn\u00ed a p\u0159iprav\u00ed na sp\u00e1nek.<\/p>\n<h3>Navr\u017eeno pro va\u0161e zdrav\u00ed<\/h3>\n<p>Denn\u00ed LED \u017e\u00e1rovku jsme <strong>vyvinuli u n\u00e1s doma, v\u00a0\u010cesk\u00e9 republice<\/strong>. Velice n\u00e1m z\u00e1le\u017eelo na tom, aby spl\u0148ovala <a href=\"https:\/\/svitimprotebe.cz\/vzdelavani\/navody-a-pomoc\/provereno-pro-tebe\/\">v\u0161echna na\u0161e p\u0159\u00edsn\u00e1 krit\u00e9ria<\/a> kvality. A tak v\u00e1m nyn\u00ed m\u016f\u017eeme nab\u00eddnout LED \u017e\u00e1rovku pro denn\u00ed sv\u00edcen\u00ed, za kterou si stoprocentn\u011b stoj\u00edme.<\/p>\n<div class=\"gdc_row\"><div class=\"gdc_column gdc_cquarter\"><div class=\"gdc_inner\"><\/p>\n<p style=\"text-align: center;\"><a href=\"https:\/\/svitimprotebe.cz\/svetlo-zdravi-a-nalada\/\" target=\"_blank\" rel=\"noopener\"><img loading=\"lazy\" decoding=\"async\" class=\"aligncenter\" src=\"https:\/\/svitimprotebe.cz\/eshop\/wp-content\/uploads\/2024\/12\/icon_light-150x150.png\" alt=\"\" width=\"150\" height=\"150\" \/><\/a><br \/>\n<strong>Sv\u00edt\u00ed jako slunce<\/strong><\/p>\n<p style=\"text-align: center;\">Barvou sv\u011btla napodobuje p\u0159irozen\u00e9 <a href=\"https:\/\/svitimprotebe.cz\/svetlo-zdravi-a-nalada\/\" target=\"_blank\" rel=\"noopener\">paprsky slunce<\/a>.<\/p>\n<p>&nbsp;<\/p>\n<p><\/div><\/div><div class=\"gdc_column gdc_cquarter\"><div class=\"gdc_inner\"><\/p>\n<p style=\"text-align: center;\"><a href=\"https:\/\/svitimprotebe.cz\/benefity-zdraveho-osvetleni\/\" target=\"_blank\" rel=\"noopener\"><img loading=\"lazy\" decoding=\"async\" class=\"aligncenter\" src=\"https:\/\/svitimprotebe.cz\/eshop\/wp-content\/uploads\/2024\/12\/icon_biorhythm-150x150.png\" alt=\"\" width=\"150\" height=\"150\" \/><\/a><br \/>\n<strong>Podporuje p\u0159irozen\u00fd biorytmus<\/strong><\/p>\n<p style=\"text-align: center;\">B\u011bhem dne zvy\u0161uje <a href=\"https:\/\/oranzovka.cz\/spatne-se-vam-soustredi-spravne-osvetleni-muze-byt-klicem-k-lepsi-koncentraci-a-produktivite\/\" target=\"_blank\" rel=\"noopener\">koncentraci, produktivitu<\/a> a potla\u010duje <a href=\"https:\/\/svitimprotebe.cz\/jak-zatocit-s-odpoledni-unavou-v-praci\/\" target=\"_blank\" rel=\"noopener\">\u00fanavu<\/a>.<\/p>\n<p>&nbsp;<\/p>\n<p><\/div><\/div><div class=\"gdc_column gdc_cquarter\"><div class=\"gdc_inner\"><\/p>\n<p style=\"text-align: center;\"><a href=\"https:\/\/oranzovka.cz\/opravdu-koukani-na-obrazovku-nici-nase-oci\/\" target=\"_blank\" rel=\"noopener\"><img loading=\"lazy\" decoding=\"async\" class=\"aligncenter\" src=\"https:\/\/svitimprotebe.cz\/eshop\/wp-content\/uploads\/2024\/12\/icon_eye-150x150.png\" alt=\"\" width=\"150\" height=\"150\" \/><\/a><br \/>\n<strong>Eliminuje p\u00e1len\u00ed o\u010d\u00ed<\/strong><\/p>\n<p style=\"text-align: center;\">Vyd\u00e1v\u00e1 sv\u011btlo, kter\u00e9 ulevuje od <a href=\"https:\/\/oranzovka.cz\/opravdu-koukani-na-obrazovku-nici-nase-oci\/\" target=\"_blank\" rel=\"noopener\">bolesti a \u00fanavy o\u010d\u00ed<\/a>.<\/p>\n<p><\/div><\/div><div class=\"gdc_column gdc_cquarter\"><div class=\"gdc_inner\"><\/p>\n<p style=\"text-align: center;\"><a href=\"https:\/\/svitimprotebe.cz\/zdrave-osvetleni-oranzovka-jak-vzniklo-a-jake-ma-benefity\/\" target=\"_blank\" rel=\"noopener\"><img loading=\"lazy\" decoding=\"async\" class=\"aligncenter\" src=\"https:\/\/svitimprotebe.cz\/eshop\/wp-content\/uploads\/2024\/12\/icon_mood-150x150.png\" alt=\"\" width=\"150\" height=\"150\" \/><\/a><br \/>\n<strong>Zlep\u0161uje zdrav\u00ed i n\u00e1ladu<\/strong><\/p>\n<p style=\"text-align: center;\">Dod\u00e1v\u00e1 <a href=\"https:\/\/svitimprotebe.cz\/benefity-zdraveho-osvetleni\/\" target=\"_blank\" rel=\"noopener\">energii a dobrou n\u00e1ladu<\/a>, tak jako to um\u00ed opravdov\u00e9 slunce.<\/p>\n<p><\/div><\/div><\/div>\n<h3>Vyhn\u011bte se ru\u0161iv\u00e9mu flikru<\/h3>\n<p>\u017d\u00e1rovka je <b>flicker safe<\/b>. To znamen\u00e1, \u017ee neblik\u00e1, nem\u00edh\u00e1 a nem\u00e1 \u017e\u00e1dn\u00fd <a href=\"https:\/\/svitimprotebe.cz\/vzdelavani\/prakticke-rady\/flikr-aneb-blikani-svetelnych-zdroju-pstlm-a-svm\/\" target=\"_blank\" rel=\"noopener\">ru\u0161iv\u00fd flikr<\/a>. To si nav\u00edc ov\u011b\u0159ujeme vlastn\u00edmi\u00a0<a href=\"https:\/\/svitimprotebe.cz\/eshop\/merici-technika\/\" target=\"_blank\" rel=\"noopener\">m\u011b\u0159ic\u00edmi p\u0159\u00edstroji<\/a>.<\/p>\n<h3>\u017d\u00e1rovka do ka\u017ed\u00e9ho sv\u00edtidla<\/h3>\n<p>Zaujala v\u00e1s na\u0161e \u017e\u00e1rovka ORAN\u017dOVKA, ale rozm\u011br z\u00e1vitu E14 nepasuje do va\u0161eho sv\u00edtidla? Anebo byste cht\u011bli, aby m\u011bla \u017e\u00e1rovka ni\u017e\u0161\u00ed \u010di naopak vy\u0161\u0161\u00ed v\u00fdkon? Nev\u011b\u0161te hlavu. <strong>Denn\u00ed LED \u017e\u00e1rovky nab\u00edz\u00edme i ve variant\u00e1ch pro z\u00e1vit E27<\/strong>. A v&nbsp;p\u0159\u00edpad\u011b, \u017ee by neladil typ pot\u0159ebn\u00e9ho z\u00e1vitu s&nbsp;v\u00e1mi po\u017eadovan\u00fdm v\u00fdkonem, <strong>m\u016f\u017eete vyu\u017e\u00edt na\u0161e<\/strong> <a href=\"https:\/\/svitimprotebe.cz\/eshop\/zdrave-osvetleni\/led-zarovky\/prislusentsvi-k-led-zarovkam\/\" target=\"_blank\" rel=\"noopener\">redukce<\/a>. D\u00edky nim u\u017e pro v\u00e1s odli\u0161n\u00fd z\u00e1vit nebo patice nebude \u017e\u00e1dnou p\u0159ek\u00e1\u017ekou. Pokud si i p\u0159esto nebudete jist\u00ed, jakou \u017e\u00e1rovku vybrat, p\u0159e\u010dt\u011bte si \u010dl\u00e1nek <a href=\"https:\/\/svitimprotebe.cz\/vzdelavani\/navody-a-pomoc\/vyber-spravne-led-zarovky-v-5-krocich\/\" target=\"_blank\" rel=\"noopener\">V\u00fdb\u011br spr\u00e1vn\u00e9 LED \u017e\u00e1rovky v&nbsp;5 kroc\u00edch<\/a><em>.<\/em><\/p>\n<div class=\"gdc_row\"><div class=\"gdc_column gdc_cthird\"><div class=\"gdc_inner\"><br \/>\n<a href=\"https:\/\/svitimprotebe.cz\/eshop\/plnospektralni-led-zarovka-oranzovka-denni-e27-7w-4000k\/\" target=\"_blank\" rel=\"noopener\"><img loading=\"lazy\" decoding=\"async\" class=\"aligncenter wp-image-130152 size-medium\" src=\"https:\/\/svitimprotebe.cz\/eshop\/wp-content\/uploads\/2023\/12\/Denni-zarovka-Oranzovka-E27-7W-4000K-300x300.jpg\" alt=\"\" width=\"300\" height=\"300\" srcset=\"https:\/\/svitimprotebe.cz\/eshop\/wp-content\/uploads\/2023\/12\/Denni-zarovka-Oranzovka-E27-7W-4000K-300x300.jpg 300w, https:\/\/svitimprotebe.cz\/eshop\/wp-content\/uploads\/2023\/12\/Denni-zarovka-Oranzovka-E27-7W-4000K-150x150.jpg 150w, https:\/\/svitimprotebe.cz\/eshop\/wp-content\/uploads\/2023\/12\/Denni-zarovka-Oranzovka-E27-7W-4000K-768x768.jpg 768w, https:\/\/svitimprotebe.cz\/eshop\/wp-content\/uploads\/2023\/12\/Denni-zarovka-Oranzovka-E27-7W-4000K-740x740.jpg 740w, https:\/\/svitimprotebe.cz\/eshop\/wp-content\/uploads\/2023\/12\/Denni-zarovka-Oranzovka-E27-7W-4000K-400x400.jpg 400w, https:\/\/svitimprotebe.cz\/eshop\/wp-content\/uploads\/2023\/12\/Denni-zarovka-Oranzovka-E27-7W-4000K-100x100.jpg 100w, https:\/\/svitimprotebe.cz\/eshop\/wp-content\/uploads\/2023\/12\/Denni-zarovka-Oranzovka-E27-7W-4000K.jpg 925w\" sizes=\"(max-width: 300px) 100vw, 300px\" \/><\/a><\/p>\n<p style=\"text-align: center;\"><a href=\"https:\/\/svitimprotebe.cz\/eshop\/plnospektralni-led-zarovka-oranzovka-denni-e27-7w-4000k\/\" target=\"_blank\" rel=\"noopener\">Plnospektr\u00e1ln\u00ed LED \u017e\u00e1rovka ORAN\u017dOVKA Denn\u00ed E27&nbsp;7W 4000K<\/a><\/p>\n<p><\/div><\/div><div class=\"gdc_column gdc_cthird\"><div class=\"gdc_inner\"><br \/>\n<a href=\"https:\/\/svitimprotebe.cz\/eshop\/plnospektralni-led-zarovka-oranzovka-denni-e14-9w-4000k-svicka\/\" target=\"_blank\" rel=\"noopener\"><img loading=\"lazy\" decoding=\"async\" class=\"aligncenter wp-image-130151 size-medium\" src=\"https:\/\/svitimprotebe.cz\/eshop\/wp-content\/uploads\/2023\/12\/Denni-zarovka-Oranzovka-E14-9W-4000K-svicka-300x300.jpg\" alt=\"\" width=\"300\" height=\"300\" srcset=\"https:\/\/svitimprotebe.cz\/eshop\/wp-content\/uploads\/2023\/12\/Denni-zarovka-Oranzovka-E14-9W-4000K-svicka-300x300.jpg 300w, https:\/\/svitimprotebe.cz\/eshop\/wp-content\/uploads\/2023\/12\/Denni-zarovka-Oranzovka-E14-9W-4000K-svicka-150x150.jpg 150w, https:\/\/svitimprotebe.cz\/eshop\/wp-content\/uploads\/2023\/12\/Denni-zarovka-Oranzovka-E14-9W-4000K-svicka-768x768.jpg 768w, https:\/\/svitimprotebe.cz\/eshop\/wp-content\/uploads\/2023\/12\/Denni-zarovka-Oranzovka-E14-9W-4000K-svicka-740x740.jpg 740w, https:\/\/svitimprotebe.cz\/eshop\/wp-content\/uploads\/2023\/12\/Denni-zarovka-Oranzovka-E14-9W-4000K-svicka-400x400.jpg 400w, https:\/\/svitimprotebe.cz\/eshop\/wp-content\/uploads\/2023\/12\/Denni-zarovka-Oranzovka-E14-9W-4000K-svicka-100x100.jpg 100w, https:\/\/svitimprotebe.cz\/eshop\/wp-content\/uploads\/2023\/12\/Denni-zarovka-Oranzovka-E14-9W-4000K-svicka.jpg 925w\" sizes=\"(max-width: 300px) 100vw, 300px\" \/><\/a><\/p>\n<p style=\"text-align: center;\"><a href=\"https:\/\/svitimprotebe.cz\/eshop\/plnospektralni-led-zarovka-oranzovka-denni-e14-9w-4000k-svicka\/\" target=\"_blank\" rel=\"noopener\">Plnospektr\u00e1ln\u00ed LED \u017e\u00e1rovka ORAN\u017dOVKA Denn\u00ed E14&nbsp;9W 4000K | sv\u00ed\u010dka<\/a><\/p>\n<p><\/div><\/div><div class=\"gdc_column gdc_cthird\"><div class=\"gdc_inner\"><br \/>\n<a href=\"https:\/\/svitimprotebe.cz\/eshop\/plnospektralni-led-zarovka-oranzovka-denni-e14-9w-4000k-banka\/\" target=\"_blank\" rel=\"noopener\"><img loading=\"lazy\" decoding=\"async\" class=\"aligncenter wp-image-130150 size-medium\" src=\"https:\/\/svitimprotebe.cz\/eshop\/wp-content\/uploads\/2023\/12\/2Denni-zarovka-Oranzovka-E14-9W-4000K-banka-300x300.jpg\" alt=\"\" width=\"300\" height=\"300\" srcset=\"https:\/\/svitimprotebe.cz\/eshop\/wp-content\/uploads\/2023\/12\/2Denni-zarovka-Oranzovka-E14-9W-4000K-banka-300x300.jpg 300w, https:\/\/svitimprotebe.cz\/eshop\/wp-content\/uploads\/2023\/12\/2Denni-zarovka-Oranzovka-E14-9W-4000K-banka-150x150.jpg 150w, https:\/\/svitimprotebe.cz\/eshop\/wp-content\/uploads\/2023\/12\/2Denni-zarovka-Oranzovka-E14-9W-4000K-banka-768x767.jpg 768w, https:\/\/svitimprotebe.cz\/eshop\/wp-content\/uploads\/2023\/12\/2Denni-zarovka-Oranzovka-E14-9W-4000K-banka-740x739.jpg 740w, https:\/\/svitimprotebe.cz\/eshop\/wp-content\/uploads\/2023\/12\/2Denni-zarovka-Oranzovka-E14-9W-4000K-banka-400x400.jpg 400w, https:\/\/svitimprotebe.cz\/eshop\/wp-content\/uploads\/2023\/12\/2Denni-zarovka-Oranzovka-E14-9W-4000K-banka-100x100.jpg 100w, https:\/\/svitimprotebe.cz\/eshop\/wp-content\/uploads\/2023\/12\/2Denni-zarovka-Oranzovka-E14-9W-4000K-banka.jpg 926w\" sizes=\"(max-width: 300px) 100vw, 300px\" \/><\/a><\/p>\n<p style=\"text-align: center;\"><a href=\"https:\/\/svitimprotebe.cz\/eshop\/plnospektralni-led-zarovka-oranzovka-denni-e14-9w-4000k-banka\/\" target=\"_blank\" rel=\"noopener\">Plnospektr\u00e1ln\u00ed LED \u017e\u00e1rovka ORAN\u017dOVKA Denn\u00ed E14&nbsp;9W 4000K | ba\u0148ka<\/a><\/p>\n<p><\/div><\/div><\/div>\n<div style=\"background-color: #f2f2f2; border-radius: 10px; padding: 5px;\">\n<p><strong style=\"color: #333333; font-size: 18px;\">N\u00e1zory a rady odborn\u00edka:<\/strong><\/p>\n<div class=\"obtekani\">\n<ul>\n<li><img loading=\"lazy\" decoding=\"async\" class=\"wp-image-9397 alignright\" src=\"https:\/\/svitimprotebe.cz\/eshop\/wp-content\/uploads\/2022\/01\/filip.png\" alt=\"\" width=\"225\" height=\"266\" srcset=\"https:\/\/svitimprotebe.cz\/eshop\/wp-content\/uploads\/2022\/01\/filip.png 761w, https:\/\/svitimprotebe.cz\/eshop\/wp-content\/uploads\/2022\/01\/filip-253x300.png 253w, https:\/\/svitimprotebe.cz\/eshop\/wp-content\/uploads\/2022\/01\/filip-740x876.png 740w, https:\/\/svitimprotebe.cz\/eshop\/wp-content\/uploads\/2022\/01\/filip-480x568.png 480w, https:\/\/svitimprotebe.cz\/eshop\/wp-content\/uploads\/2022\/01\/filip-600x710.png 600w\" sizes=\"(max-width: 225px) 100vw, 225px\" \/><strong>V\u00fdhody teploty barvy 4000K<\/strong>: p\u016fsob\u00ed pozitivn\u011b na kognitivn\u00ed funkce, zvy\u0161uje koncentraci, zlep\u0161uje pam\u011b\u0165 a dod\u00e1v\u00e1 \u010dlov\u011bku energii. Doporu\u010duji sv\u00edtit denn\u00ed ORAN\u017dOVKOU r\u00e1no a po cel\u00fd den.<\/li>\n<li><strong>Pro\u010d pr\u00e1v\u011b 4000K? <\/strong>4000K je perfektn\u00ed zlat\u00fd st\u0159ed mezi p\u0159\u00edli\u0161 tepl\u00fdm \u017elut\u00fdm sv\u011btlem (3000K) a p\u0159\u00edli\u0161 b\u00edl\u00fdm, chladn\u00fdm sv\u011btlem (6500K). Pro v\u011bt\u0161inu u\u017eivatel\u016f je tato teplota nejp\u0159\u00edjemn\u011bj\u0161\u00ed na pr\u00e1ci, \u010dten\u00ed \u010di jakoukoli jinou aktivitu, kter\u00e1 vy\u017eaduje soust\u0159ed\u011bn\u00ed.<\/li>\n<li><strong>Pozor na osln\u011bn\u00ed.<\/strong> \u017d\u00e1rovku v\u017edy umis\u0165ujte do lampy \u010di sv\u00edtidla, je\u017e ji celou zakryje. D\u00edky tomu v\u00e1s nebude nep\u0159\u00edjemn\u011b osl\u0148ovat a va\u0161e o\u010di v\u00e1s nebudou bolet a p\u00e1lit.<\/li>\n<li><strong>Kdy denn\u00ed \u017e\u00e1rovku nepou\u017e\u00edvat? <\/strong>Denn\u00ed ORAN\u017dOVKU 4000K je ide\u00e1ln\u00ed vypnout zhruba 2 hodiny p\u0159ed usnut\u00edm. V&nbsp;t\u00e9to dob\u011b je lep\u0161\u00ed p\u0159ej\u00edt na teplej\u0161\u00ed osv\u011btlen\u00ed, jako je <a href=\"https:\/\/svitimprotebe.cz\/eshop\/svetlo-bez-modre-slozky\/\" target=\"_blank\" rel=\"noopener\">ve\u010dern\u00ed ORAN\u017dOVKA<\/a>, kter\u00e1 t\u011blo zklidn\u00ed a p\u0159iprav\u00ed na bl\u00ed\u017e\u00edc\u00ed se sp\u00e1nek.<\/li>\n<\/ul>\n<\/div>\n<\/div>\n","protected":false},"excerpt":{"rendered":"<p>Denn\u00ed \u017e\u00e1rovka ORAN\u017dOVKA vyd\u00e1v\u00e1 <strong>sv\u011btlo, kter\u00e9 se podob\u00e1 slune\u010dn\u00edmu svitu<\/strong>. D\u00edky tomu p\u0159irozen\u011b zvy\u0161uje na\u0161i produktivitu, soust\u0159ed\u011bn\u00ed a zlep\u0161uje n\u00e1ladu. Z\u00e1rove\u0148 zabra\u0148uje nep\u0159\u00edjemn\u00e9mu p\u00e1len\u00ed o\u010d\u00ed. <strong>Skv\u011ble se proto hod\u00ed na pr\u00e1ci, studium,<\/strong> ale tak\u00e9 t\u0159eba \u010dten\u00ed, va\u0159en\u00ed a dal\u0161\u00ed denn\u00ed aktivity.<\/p>\n","protected":false},"featured_media":135719,"template":"","meta":{"_acf_changed":false},"product_brand":[],"product_cat":[2016,2136,34,2014,303,23,1937,236],"product_tag":[1920],"class_list":{"0":"post-129486","1":"product","2":"type-product","3":"status-publish","4":"has-post-thumbnail","6":"product_cat-denni-oranzovka","7":"product_cat-denni-oranzovka-led-zarovky","8":"product_cat-led-zarovky","9":"product_cat-svetlo-oranzovka","10":"product_cat-plnospektralni-led-zarovky","11":"product_cat-plnospektralni-zdrave-osvetleni","12":"product_cat-zarovky-oranzovka-denni","13":"product_cat-zavit-e27","14":"product_tag-oranzovka","15":"product_shipping_class-zakladni","16":"pa_chytra-zarovka-ne","17":"pa_doba-pouzivani-denni-osvetleni","18":"pa_material-kov","19":"pa_material-sklo","20":"pa_meni-barvy-tw-varianta-ne","21":"pa_moznosti-ovladani-on-off","22":"pa_napajeni-sit-230-ac","23":"pa_patice-zavit-e27","24":"pa_sirka-prumer-878","25":"pa_stmivatelne-ne","26":"pa_stupen-kryti-ip-ip20","27":"pa_svetelny-tok-1401-1600-lm","28":"pa_teplota-barvy-4000-5000-k","29":"pa_typ-produktu-led-zarovka","30":"pa_vhodne-do-chodba","31":"pa_vhodne-do-detsky-pokoj","32":"pa_vhodne-do-garaz","33":"pa_vhodne-do-koupelna","34":"pa_vhodne-do-kuchyne","35":"pa_vhodne-do-loznice","36":"pa_vhodne-do-obyvaci-pokoj","37":"pa_vhodne-do-pracovna","38":"pa_vhodne-do-puda","39":"pa_vhodne-do-satna","40":"pa_vhodne-do-schodiste","41":"pa_vhodne-do-technicka-mistnost","42":"pa_vhodne-do-zachod","43":"pa_vykon-11-20-w","44":"pa_vyska-1936","46":"first","47":"instock","48":"taxable","49":"shipping-taxable","50":"purchasable","51":"product-type-simple"},"acf":[],"_links":{"self":[{"href":"https:\/\/svitimprotebe.cz\/eshop\/wp-json\/wp\/v2\/product\/129486","targetHints":{"allow":["GET"]}}],"collection":[{"href":"https:\/\/svitimprotebe.cz\/eshop\/wp-json\/wp\/v2\/product"}],"about":[{"href":"https:\/\/svitimprotebe.cz\/eshop\/wp-json\/wp\/v2\/types\/product"}],"version-history":[{"count":0,"href":"https:\/\/svitimprotebe.cz\/eshop\/wp-json\/wp\/v2\/product\/129486\/revisions"}],"wp:featuredmedia":[{"embeddable":true,"href":"https:\/\/svitimprotebe.cz\/eshop\/wp-json\/wp\/v2\/media\/135719"}],"wp:attachment":[{"href":"https:\/\/svitimprotebe.cz\/eshop\/wp-json\/wp\/v2\/media?parent=129486"}],"wp:term":[{"taxonomy":"product_brand","embeddable":true,"href":"https:\/\/svitimprotebe.cz\/eshop\/wp-json\/wp\/v2\/product_brand?post=129486"},{"taxonomy":"product_cat","embeddable":true,"href":"https:\/\/svitimprotebe.cz\/eshop\/wp-json\/wp\/v2\/product_cat?post=129486"},{"taxonomy":"product_tag","embeddable":true,"href":"https:\/\/svitimprotebe.cz\/eshop\/wp-json\/wp\/v2\/product_tag?post=129486"}],"curies":[{"name":"wp","href":"https:\/\/api.w.org\/{rel}","templated":true}]}}