{"id":135624,"date":"2021-06-04T10:54:46","date_gmt":"2021-06-04T08:54:46","guid":{"rendered":"https:\/\/svitimprotebe.cz\/eshop\/?post_type=product&#038;p=135624"},"modified":"2026-03-17T07:44:04","modified_gmt":"2026-03-17T06:44:04","slug":"flexibilni-silovy-kabel-cysy-4gx15mm2","status":"publish","type":"product","link":"https:\/\/svitimprotebe.cz\/eshop\/flexibilni-silovy-kabel-cysy-4gx15mm2\/","title":{"rendered":"Flexibiln\u00ed silov\u00fd kabel CYSY 4Gx1,5mm2"},"content":{"rendered":"<p>Ozna\u010den\u00ed kabelu: CYSY &#8211; H05VV-F 4G1,5 m\u011bd\u011bn\u00fd<\/p>\n","protected":false},"excerpt":{"rendered":"<p>\u010cty\u0159\u017e\u00edlov\u00fd silov\u00fd kabel CYSY (lyska) 4&#215;1,5 mm2 ohebn\u00fd. Z\u00e1kladn\u00ed balen\u00ed je d\u00e9lky 100&nbsp;m. Kabel prod\u00e1v\u00e1me po metrech. <strong>Uveden\u00e1 cena je za jeden b\u011b\u017en\u00fd metr.<\/strong><\/p>\n","protected":false},"featured_media":135633,"template":"","meta":{"_acf_changed":false},"product_brand":[],"product_cat":[230,1721],"product_tag":[308],"class_list":{"0":"post-135624","1":"product","2":"type-product","3":"status-publish","4":"has-post-thumbnail","6":"product_cat-kabely","7":"product_cat-kabely-v-metrazi","8":"product_tag-argos","9":"product_shipping_class-zakladni","10":"pa_material-guma","11":"pa_material-kov","12":"pa_typ-produktu-kabel","14":"first","15":"instock","16":"taxable","17":"shipping-taxable","18":"purchasable","19":"product-type-simple"},"acf":[],"_links":{"self":[{"href":"https:\/\/svitimprotebe.cz\/eshop\/wp-json\/wp\/v2\/product\/135624","targetHints":{"allow":["GET"]}}],"collection":[{"href":"https:\/\/svitimprotebe.cz\/eshop\/wp-json\/wp\/v2\/product"}],"about":[{"href":"https:\/\/svitimprotebe.cz\/eshop\/wp-json\/wp\/v2\/types\/product"}],"version-history":[{"count":0,"href":"https:\/\/svitimprotebe.cz\/eshop\/wp-json\/wp\/v2\/product\/135624\/revisions"}],"wp:featuredmedia":[{"embeddable":true,"href":"https:\/\/svitimprotebe.cz\/eshop\/wp-json\/wp\/v2\/media\/135633"}],"wp:attachment":[{"href":"https:\/\/svitimprotebe.cz\/eshop\/wp-json\/wp\/v2\/media?parent=135624"}],"wp:term":[{"taxonomy":"product_brand","embeddable":true,"href":"https:\/\/svitimprotebe.cz\/eshop\/wp-json\/wp\/v2\/product_brand?post=135624"},{"taxonomy":"product_cat","embeddable":true,"href":"https:\/\/svitimprotebe.cz\/eshop\/wp-json\/wp\/v2\/product_cat?post=135624"},{"taxonomy":"product_tag","embeddable":true,"href":"https:\/\/svitimprotebe.cz\/eshop\/wp-json\/wp\/v2\/product_tag?post=135624"}],"curies":[{"name":"wp","href":"https:\/\/api.w.org\/{rel}","templated":true}]}}