{"id":135776,"date":"2021-06-08T14:06:34","date_gmt":"2021-06-08T12:06:34","guid":{"rendered":"https:\/\/svitimprotebe.cz\/eshop\/?post_type=product&#038;p=135776"},"modified":"2026-01-29T09:43:36","modified_gmt":"2026-01-29T08:43:36","slug":"oboustranna-lepici-paska-3m-sirka-12mm","status":"publish","type":"product","link":"https:\/\/svitimprotebe.cz\/eshop\/oboustranna-lepici-paska-3m-sirka-12mm\/","title":{"rendered":"Oboustrann\u00e1 lep\u00edc\u00ed p\u00e1ska 3M | \u0161\u00ed\u0159ka 12mm"},"content":{"rendered":"<p><strong>Vysoce pevn\u00e1, pr\u016fhledn\u00e1<\/strong> oboustrann\u00e1 p\u00e1ska od zna\u010dky 3M, ur\u010den\u00e1 pro v\u0161eobecn\u00e9 pou\u017eit\u00ed. D\u00edky tenk\u00e9, ale odoln\u00e9 konstrukci (0,205\u202fmm) perfektn\u011b dr\u017e\u00ed bez zbyte\u010dn\u011b n\u00e1padn\u00e9ho p\u0159\u00edtlaku. Ide\u00e1ln\u00ed volba pro spolehliv\u00e9 p\u0159ichycen\u00ed <a href=\"https:\/\/svitimprotebe.cz\/eshop\/zdrave-osvetleni\/profily-pro-led-pasky\/led-profily\/\" target=\"_blank\" rel=\"noopener\">LED li\u0161t<\/a> na dekorace, n\u00e1bytek nebo jak\u00fdkoliv jin\u00fd povrch \u2013 v&nbsp;dom\u00e1cnosti i obchodn\u00edch projektech.<\/p>\n<p>Rozm\u011br kotou\u010de: 50m x 12mm x 0,205mm<\/p>\n","protected":false},"excerpt":{"rendered":"<p>Slou\u017e\u00ed k&nbsp;upevn\u011bn\u00ed hlin\u00edkov\u00fdch profil\u016f a LED li\u0161t k&nbsp;podkladu. <strong>Uveden\u00e1 cena je za d\u00e9lku 1 b\u011b\u017en\u00fd metr.<\/strong><\/p>\n","protected":false},"featured_media":135777,"template":"","meta":{"_acf_changed":false},"product_brand":[],"product_cat":[323,327,343],"product_tag":[194],"class_list":{"0":"post-135776","1":"product","2":"type-product","3":"status-publish","4":"has-post-thumbnail","6":"product_cat-profily-pro-led-pasky","7":"product_cat-prislusenstvi","8":"product_cat-ostatni-prislusenstvi","9":"product_tag-klus","10":"product_shipping_class-zakladni","11":"pa_delka-1000-2","12":"pa_sirka-prumer-1956","13":"pa_vyska-1953","15":"first","16":"instock","17":"taxable","18":"shipping-taxable","19":"purchasable","20":"product-type-simple"},"acf":[],"_links":{"self":[{"href":"https:\/\/svitimprotebe.cz\/eshop\/wp-json\/wp\/v2\/product\/135776","targetHints":{"allow":["GET"]}}],"collection":[{"href":"https:\/\/svitimprotebe.cz\/eshop\/wp-json\/wp\/v2\/product"}],"about":[{"href":"https:\/\/svitimprotebe.cz\/eshop\/wp-json\/wp\/v2\/types\/product"}],"version-history":[{"count":0,"href":"https:\/\/svitimprotebe.cz\/eshop\/wp-json\/wp\/v2\/product\/135776\/revisions"}],"wp:featuredmedia":[{"embeddable":true,"href":"https:\/\/svitimprotebe.cz\/eshop\/wp-json\/wp\/v2\/media\/135777"}],"wp:attachment":[{"href":"https:\/\/svitimprotebe.cz\/eshop\/wp-json\/wp\/v2\/media?parent=135776"}],"wp:term":[{"taxonomy":"product_brand","embeddable":true,"href":"https:\/\/svitimprotebe.cz\/eshop\/wp-json\/wp\/v2\/product_brand?post=135776"},{"taxonomy":"product_cat","embeddable":true,"href":"https:\/\/svitimprotebe.cz\/eshop\/wp-json\/wp\/v2\/product_cat?post=135776"},{"taxonomy":"product_tag","embeddable":true,"href":"https:\/\/svitimprotebe.cz\/eshop\/wp-json\/wp\/v2\/product_tag?post=135776"}],"curies":[{"name":"wp","href":"https:\/\/api.w.org\/{rel}","templated":true}]}}