{"id":146844,"date":"2026-01-11T08:59:04","date_gmt":"2026-01-11T07:59:04","guid":{"rendered":"https:\/\/svitimprotebe.cz\/eshop\/?post_type=product&#038;p=146844"},"modified":"2026-03-23T16:19:45","modified_gmt":"2026-03-23T15:19:45","slug":"pir-pohybove-cidlo-senzor-zapustene-bile","status":"publish","type":"product","link":"https:\/\/svitimprotebe.cz\/eshop\/pir-pohybove-cidlo-senzor-zapustene-bile\/","title":{"rendered":"PIR pohybov\u00e9 \u010didlo (senzor) zapu\u0161t\u011bn\u00e9 | b\u00edl\u00e9"},"content":{"rendered":"<p>U\u017e v\u00e1s nebav\u00ed neust\u00e1l\u00e9 rozsv\u011bcov\u00e1n\u00ed a zhas\u00edn\u00e1n\u00ed sv\u011btel? Zapu\u0161t\u011bn\u00e9 PIR pohybov\u00e9 \u010didlo to vy\u0159e\u0161\u00ed za v\u00e1s. <strong>Senzor reaguje na pohyb i mno\u017estv\u00ed okoln\u00edho sv\u011btla<\/strong>, tak\u017ee sv\u00edtidlo se rozsv\u00edt\u00ed pouze tehdy, kdy je to opravdu pot\u0159eba. Vyu\u017eijete ho ve v\u0161ech typech interi\u00e9r\u016f, p\u0159i\u010dem\u017e d\u00edky detek\u010dn\u00edmu \u00fahlu 360\u00b0 a dosahu a\u017e 6 metr\u016f <strong>spolehliv\u011b pokryje celou m\u00edstnost<\/strong>. D\u00edky zapu\u0161t\u011bn\u00e1 nav\u00edc senzor nebude v&nbsp;interi\u00e9ru p\u016fsobit ru\u0161iv\u00fdm dojmem a vizu\u00e1ln\u011b splyne se stropem.<\/p>\n<p>\u010cidlo umo\u017e\u0148uje <strong>nastavit dobu sv\u00edcen\u00ed i citlivost na okoln\u00edho osv\u011btlen\u00ed<\/strong>. Sv\u00edtidlo se tak rozsv\u00edt\u00ed pouze p\u0159i dostate\u010dn\u00e9 tm\u011b a po zaznamen\u00e1n\u00ed pohybu z\u016fstane zapnut\u00e9 pouze po v\u00e1mi zvolenou dobu. D\u00edky tomu je ide\u00e1ln\u00edm \u0159e\u0161en\u00edm pro chodby, schodi\u0161t\u011b, technick\u00e9 m\u00edstnosti \u010di t\u0159eba kancel\u00e1\u0159e.<\/p>\n<h3>Co je PIR \u010didlo?<\/h3>\n<p>PIR \u010didlo (Passive InfraRed) sn\u00edm\u00e1 pohyb na z\u00e1klad\u011b zm\u011bn v&nbsp;infra\u010derven\u00e9m z\u00e1\u0159en\u00ed, co\u017e znamen\u00e1, \u017ee<strong> reaguje na teplo lidsk\u00e9ho t\u011bla<\/strong>. Jakmile zaznamen\u00e1 pohyb v&nbsp;m\u00edstnosti, automaticky zapne sv\u011btlo. <strong>Jeho v\u00fdhodou je vysok\u00e1 spolehlivost a n\u00edzk\u00e1 chybovost.<\/strong> Je v\u0161ak t\u0159eba po\u010d\u00edtat s&nbsp;t\u00edm, \u017ee nerozli\u0161uje, zda kolem pro\u0161el \u010dlov\u011bk \u010di t\u0159eba pes nebo ko\u010dka &#8211; sepne se ve v\u0161ech p\u0159\u00edpadech.<\/p>\n<p><a href=\"https:\/\/svitimprotebe.cz\/eshop\/wp-content\/uploads\/2026\/01\/pohybovy-senzor-zapustenx.jpg\"><img fetchpriority=\"high\" decoding=\"async\" class=\"aligncenter wp-image-146854 size-large\" src=\"https:\/\/svitimprotebe.cz\/eshop\/wp-content\/uploads\/2026\/01\/pohybovy-senzor-zapustenx-1024x576.jpg\" alt=\"Pohybov\u00e9 \u010didlo - senzor pohybu zapu\u0161t\u011bn\u00e9\" width=\"800\" height=\"450\" srcset=\"https:\/\/svitimprotebe.cz\/eshop\/wp-content\/uploads\/2026\/01\/pohybovy-senzor-zapustenx-1024x576.jpg 1024w, https:\/\/svitimprotebe.cz\/eshop\/wp-content\/uploads\/2026\/01\/pohybovy-senzor-zapustenx-300x169.jpg 300w, https:\/\/svitimprotebe.cz\/eshop\/wp-content\/uploads\/2026\/01\/pohybovy-senzor-zapustenx-768x432.jpg 768w, https:\/\/svitimprotebe.cz\/eshop\/wp-content\/uploads\/2026\/01\/pohybovy-senzor-zapustenx-740x416.jpg 740w, https:\/\/svitimprotebe.cz\/eshop\/wp-content\/uploads\/2026\/01\/pohybovy-senzor-zapustenx-64x36.jpg 64w, https:\/\/svitimprotebe.cz\/eshop\/wp-content\/uploads\/2026\/01\/pohybovy-senzor-zapustenx.jpg 1500w\" sizes=\"(max-width: 800px) 100vw, 800px\" \/><\/a><\/p>\n<h3>Postup p\u0159i instalaci<\/h3>\n<ol>\n<li>Zvolte <strong>ide\u00e1ln\u00ed m\u00edsto pro instalaci<\/strong> tak, aby \u010didlo v&nbsp;r\u00e1mci sv\u00e9ho dosahu pokrylo celou hl\u00eddanou plochu. \u010cidlo montujte do interi\u00e9r\u016f p\u0159\u00edmo do stropu do v\u00fd\u0161ky 2,2 a\u017e 4 metry. <strong>Vyhn\u011bte se m\u00edst\u016fm s&nbsp;p\u0159\u00edm\u00fdm proud\u011bn\u00edm tepl\u00e9ho vzduchu<\/strong> (nap\u0159\u00edklad nad topen\u00edm) nebo m\u00edst\u016fm, kde by na \u010didlo dopadalo <strong>slune\u010dn\u00ed z\u00e1\u0159en\u00ed<\/strong>. V\u00fdrobek nen\u00ed ur\u010den k&nbsp;instalaci na ho\u0159lav\u00e9 podklady \u2013 v&nbsp;takov\u00e9m p\u0159\u00edpad\u011b doporu\u010dujeme pou\u017e\u00edt neho\u0159lavou izola\u010dn\u00ed podlo\u017eku.<\/li>\n<li>Dle rozm\u011br\u016f na obr\u00e1zku n\u00ed\u017ee si <b>ve strop\u011b p\u0159ipravte otvor pro vlo\u017een\u00ed \u010didla.<\/b><\/li>\n<li>P\u0159ed samotnou instalac\u00ed odpojte p\u0159\u00edvod elektrick\u00e9 energie. Pot\u00e9 rozd\u011blejte \u010didlo a podle sch\u00e9matu na obr\u00e1zku n\u00ed\u017ee jej <strong>p\u0159ipojte k&nbsp;vodi\u010d\u016fm<\/strong>.<\/li>\n<li>Pomoc\u00ed tla\u010d\u00edtek na boku \u010didla <strong>nastavte po\u017eadovanou dobu sv\u00edcen\u00ed <\/strong>(tla\u010d\u00edtko -\/+; min. 10 sekund \u2013 max. 15 minut) a <strong>prahovou hodnotu osv\u011btlen\u00ed <\/strong>(tla\u010d\u00edtko s&nbsp;ikonami m\u011bs\u00edce a slunce; &lt;3 lx a\u017e 2&nbsp;000 lx), tedy mno\u017estv\u00ed sv\u011btla v&nbsp;m\u00edstnosti, p\u0159i kter\u00e9m m\u00e1 senzor sp\u00ednat.<\/li>\n<li>N\u00e1sledn\u011b <strong>senzor vlo\u017ete do p\u0159ipraven\u00e9ho otvoru<\/strong> a p\u0159ipevn\u011bte na zvolen\u00e9 m\u00edsto.<\/li>\n<li>Po op\u011btovn\u00e9m zapnut\u00ed elekt\u0159iny <strong>zkontrolujte, zda \u010didlo spr\u00e1vn\u011b reaguje<\/strong> na pohyb a zda sv\u011btlo zhas\u00edn\u00e1 podle zvolen\u00e9ho \u010dasu.<\/li>\n<\/ol>\n<p data-wp-editing=\"1\"><div class=\"gdc_row\"><div class=\"gdc_column gdc_chalf\"><div class=\"gdc_inner\"><br \/>\n1.<br \/>\n<a href=\"https:\/\/svitimprotebe.cz\/eshop\/wp-content\/uploads\/2025\/08\/rozsah-cidla.jpg\"><img decoding=\"async\" class=\"aligncenter wp-image-146858 size-large\" src=\"https:\/\/svitimprotebe.cz\/eshop\/wp-content\/uploads\/2025\/08\/rozsah-cidla-1024x683.jpg\" alt=\"Rozsah \u010didla\" width=\"800\" height=\"534\" srcset=\"https:\/\/svitimprotebe.cz\/eshop\/wp-content\/uploads\/2025\/08\/rozsah-cidla-1024x683.jpg 1024w, https:\/\/svitimprotebe.cz\/eshop\/wp-content\/uploads\/2025\/08\/rozsah-cidla-300x200.jpg 300w, https:\/\/svitimprotebe.cz\/eshop\/wp-content\/uploads\/2025\/08\/rozsah-cidla-768x512.jpg 768w, https:\/\/svitimprotebe.cz\/eshop\/wp-content\/uploads\/2025\/08\/rozsah-cidla-740x493.jpg 740w, https:\/\/svitimprotebe.cz\/eshop\/wp-content\/uploads\/2025\/08\/rozsah-cidla-64x43.jpg 64w, https:\/\/svitimprotebe.cz\/eshop\/wp-content\/uploads\/2025\/08\/rozsah-cidla.jpg 1500w\" sizes=\"(max-width: 800px) 100vw, 800px\" \/><\/a><\/div><\/div><div class=\"gdc_column gdc_chalf\"><div class=\"gdc_inner\"><br \/>\n2. <a href=\"https:\/\/svitimprotebe.cz\/eshop\/wp-content\/uploads\/2026\/01\/rozmery1.jpg\"><img decoding=\"async\" class=\"aligncenter wp-image-148136 size-large\" src=\"https:\/\/svitimprotebe.cz\/eshop\/wp-content\/uploads\/2026\/01\/rozmery1-1024x683.jpg\" alt=\"Rozm\u011bry PIR pohybov\u00e9 \u010didlo (senzor) zapu\u0161t\u011bn\u00e9 | b\u00edl\u00e9\" width=\"800\" height=\"534\" srcset=\"https:\/\/svitimprotebe.cz\/eshop\/wp-content\/uploads\/2026\/01\/rozmery1-1024x683.jpg 1024w, https:\/\/svitimprotebe.cz\/eshop\/wp-content\/uploads\/2026\/01\/rozmery1-300x200.jpg 300w, https:\/\/svitimprotebe.cz\/eshop\/wp-content\/uploads\/2026\/01\/rozmery1-768x512.jpg 768w, https:\/\/svitimprotebe.cz\/eshop\/wp-content\/uploads\/2026\/01\/rozmery1-1536x1025.jpg 1536w, https:\/\/svitimprotebe.cz\/eshop\/wp-content\/uploads\/2026\/01\/rozmery1-740x494.jpg 740w, https:\/\/svitimprotebe.cz\/eshop\/wp-content\/uploads\/2026\/01\/rozmery1-64x43.jpg 64w, https:\/\/svitimprotebe.cz\/eshop\/wp-content\/uploads\/2026\/01\/rozmery1.jpg 1800w\" sizes=\"(max-width: 800px) 100vw, 800px\" \/><\/a><\/div><\/div><\/div><\/p>\n<p data-wp-editing=\"1\"><div class=\"gdc_row\"><div class=\"gdc_column gdc_chalf\"><div class=\"gdc_inner\"><br \/>\n3. <a href=\"https:\/\/svitimprotebe.cz\/eshop\/wp-content\/uploads\/2026\/01\/pohybove-cidlo3.jpg\"><img loading=\"lazy\" decoding=\"async\" class=\"aligncenter wp-image-146867 size-large\" src=\"https:\/\/svitimprotebe.cz\/eshop\/wp-content\/uploads\/2026\/01\/pohybove-cidlo3-1024x682.jpg\" alt=\"Instalace pohybov\u00e9ho PIR \u010didla (senzoru) zapu\u0161t\u011bn\u00e9ho\" width=\"800\" height=\"533\" srcset=\"https:\/\/svitimprotebe.cz\/eshop\/wp-content\/uploads\/2026\/01\/pohybove-cidlo3-1024x682.jpg 1024w, https:\/\/svitimprotebe.cz\/eshop\/wp-content\/uploads\/2026\/01\/pohybove-cidlo3-300x200.jpg 300w, https:\/\/svitimprotebe.cz\/eshop\/wp-content\/uploads\/2026\/01\/pohybove-cidlo3-768x512.jpg 768w, https:\/\/svitimprotebe.cz\/eshop\/wp-content\/uploads\/2026\/01\/pohybove-cidlo3-1536x1024.jpg 1536w, https:\/\/svitimprotebe.cz\/eshop\/wp-content\/uploads\/2026\/01\/pohybove-cidlo3-2048x1365.jpg 2048w, https:\/\/svitimprotebe.cz\/eshop\/wp-content\/uploads\/2026\/01\/pohybove-cidlo3-740x493.jpg 740w, https:\/\/svitimprotebe.cz\/eshop\/wp-content\/uploads\/2026\/01\/pohybove-cidlo3-64x43.jpg 64w\" sizes=\"(max-width: 800px) 100vw, 800px\" \/><\/a><\/div><\/div><div class=\"gdc_column gdc_chalf\"><div class=\"gdc_inner\"><br \/>\n3.<\/p>\n<p><a href=\"https:\/\/svitimprotebe.cz\/eshop\/wp-content\/uploads\/2026\/01\/pohybove-cidlo6.jpg\"><img loading=\"lazy\" decoding=\"async\" class=\"aligncenter wp-image-146868 size-large\" src=\"https:\/\/svitimprotebe.cz\/eshop\/wp-content\/uploads\/2026\/01\/pohybove-cidlo6-1024x682.jpg\" alt=\"Instalace pohybov\u00e9ho PIR \u010didla (senzoru) zapu\u0161t\u011bn\u00e9ho\" width=\"800\" height=\"533\" srcset=\"https:\/\/svitimprotebe.cz\/eshop\/wp-content\/uploads\/2026\/01\/pohybove-cidlo6-1024x682.jpg 1024w, https:\/\/svitimprotebe.cz\/eshop\/wp-content\/uploads\/2026\/01\/pohybove-cidlo6-300x200.jpg 300w, https:\/\/svitimprotebe.cz\/eshop\/wp-content\/uploads\/2026\/01\/pohybove-cidlo6-768x512.jpg 768w, https:\/\/svitimprotebe.cz\/eshop\/wp-content\/uploads\/2026\/01\/pohybove-cidlo6-1536x1023.jpg 1536w, https:\/\/svitimprotebe.cz\/eshop\/wp-content\/uploads\/2026\/01\/pohybove-cidlo6-740x493.jpg 740w, https:\/\/svitimprotebe.cz\/eshop\/wp-content\/uploads\/2026\/01\/pohybove-cidlo6-64x43.jpg 64w, https:\/\/svitimprotebe.cz\/eshop\/wp-content\/uploads\/2026\/01\/pohybove-cidlo6.jpg 1600w\" sizes=\"(max-width: 800px) 100vw, 800px\" \/><\/a><\/div><\/div><\/div><\/p>\n<p style=\"text-align: left;\">4. \u2013 5.<a href=\"https:\/\/svitimprotebe.cz\/eshop\/wp-content\/uploads\/2026\/01\/nakres1.jpg\"><img loading=\"lazy\" decoding=\"async\" class=\"aligncenter wp-image-148135\" src=\"https:\/\/svitimprotebe.cz\/eshop\/wp-content\/uploads\/2026\/01\/nakres1.jpg\" alt=\"N\u00e1kres PIR pohybov\u00e9 \u010didlo (senzor) zapu\u0161t\u011bn\u00e9 | b\u00edl\u00e9\" width=\"400\" height=\"267\" srcset=\"https:\/\/svitimprotebe.cz\/eshop\/wp-content\/uploads\/2026\/01\/nakres1.jpg 2000w, https:\/\/svitimprotebe.cz\/eshop\/wp-content\/uploads\/2026\/01\/nakres1-300x200.jpg 300w, https:\/\/svitimprotebe.cz\/eshop\/wp-content\/uploads\/2026\/01\/nakres1-1024x684.jpg 1024w, https:\/\/svitimprotebe.cz\/eshop\/wp-content\/uploads\/2026\/01\/nakres1-768x513.jpg 768w, https:\/\/svitimprotebe.cz\/eshop\/wp-content\/uploads\/2026\/01\/nakres1-1536x1025.jpg 1536w, https:\/\/svitimprotebe.cz\/eshop\/wp-content\/uploads\/2026\/01\/nakres1-740x494.jpg 740w, https:\/\/svitimprotebe.cz\/eshop\/wp-content\/uploads\/2026\/01\/nakres1-64x43.jpg 64w\" sizes=\"(max-width: 400px) 100vw, 400px\" \/><\/a><\/p>\n<p>Ke sp\u00edn\u00e1n\u00ed slou\u017e\u00ed rel\u00e9, tak\u017ee <strong>\u010didlo lze pou\u017e\u00edt jak pro klasick\u00e1 sv\u00edtidla, tak pro LED panely nebo p\u0159isazen\u00e1 sv\u011btla<\/strong>. Nevhodn\u00e9 je pouze pro sv\u00edtidla s&nbsp;vestav\u011bn\u00fdm d\u00e1lkov\u00fdm ovl\u00e1d\u00e1n\u00edm nebo s&nbsp;p\u0159\u00eddavn\u00fdm senzorem, kde by mohlo doch\u00e1zet k&nbsp;vz\u00e1jemn\u00e9mu ru\u0161en\u00ed.<strong> K&nbsp;jednomu \u010didlu<\/strong> <strong>je mo\u017en\u00e9 p\u0159ipojit i v\u00edce sv\u00edtidel<\/strong>, pokud jejich celkov\u00fd p\u0159\u00edkon nep\u0159ekro\u010d\u00ed maxim\u00e1ln\u00ed povolenou z\u00e1t\u011b\u017e 1200 W.<\/p>\n<p>Pot\u0159ebujete, aby \u010didlo sn\u00edmalo jen \u010d\u00e1st m\u00edstnosti? <strong>Rozsah senzoru m\u016f\u017eete snadno upravit pomoc\u00ed takzvan\u00e9ho mapov\u00e1n\u00ed.<\/strong> Jak na to se do\u010dtete v&nbsp;na\u0161em \u010dl\u00e1nku <a href=\"https:\/\/svitimprotebe.cz\/mapovani-senzoru-jak-upravit-rozsah-pohyboveho-cidla\/\" target=\"_blank\" rel=\"noopener\">Mapov\u00e1n\u00ed senzoru: Jak upravit rozsah pohybov\u00e9ho \u010didla<\/a>.<\/p>\n","protected":false},"excerpt":{"rendered":"<p>Zapu\u0161t\u011bn\u00e9 PIR \u010didlo se postar\u00e1 o <strong>pohodln\u00e9 a \u00fasporn\u00e9 sv\u00edcen\u00ed<\/strong> v&nbsp;ka\u017ed\u00e9m interi\u00e9ru. Sv\u011btlo rozsv\u00edt\u00ed p\u0159i zaznamen\u00e1n\u00ed pohybu a d\u00edky zabudovan\u00e9mu sv\u011bteln\u00e9mu senzoru se sepne jen tehdy, kdy\u017e je v&nbsp;m\u00edstnosti opravdu tma. S&nbsp;\u00fahlem z\u00e1b\u011bru 360\u00b0 a dosahem 6 metr\u016f je <strong>ide\u00e1ln\u00ed pro chodby, schodi\u0161t\u011b \u010di technick\u00e9 m\u00edstnosti a kancel\u00e1\u0159e<\/strong>.<\/p>\n<p>&nbsp;<\/p>\n","protected":false},"featured_media":146853,"template":"","meta":{"_acf_changed":false},"product_brand":[],"product_cat":[2025,33,58],"product_tag":[65],"class_list":{"0":"post-146844","1":"product","2":"type-product","3":"status-publish","4":"has-post-thumbnail","6":"product_cat-zapnout-vypnout","7":"product_cat-zdrave-osvetleni","8":"product_cat-senzory","9":"product_tag-emos","10":"product_shipping_class-zakladni","11":"pa_material-plast","12":"pa_napajeni-sit-230-ac","13":"pa_senzor-snima-intenzitu_osvetleni","14":"pa_senzor-snima-pohyb","15":"pa_sirka-prumer-1800","16":"pa_stupen-kryti-ip-ip20","17":"pa_typ-produktu-senzor","18":"pa_vyska-2030","19":"pa_zpusob-zapojeni-prime-zapojeni","21":"first","22":"instock","23":"taxable","24":"shipping-taxable","25":"purchasable","26":"product-type-simple"},"acf":[],"_links":{"self":[{"href":"https:\/\/svitimprotebe.cz\/eshop\/wp-json\/wp\/v2\/product\/146844","targetHints":{"allow":["GET"]}}],"collection":[{"href":"https:\/\/svitimprotebe.cz\/eshop\/wp-json\/wp\/v2\/product"}],"about":[{"href":"https:\/\/svitimprotebe.cz\/eshop\/wp-json\/wp\/v2\/types\/product"}],"version-history":[{"count":0,"href":"https:\/\/svitimprotebe.cz\/eshop\/wp-json\/wp\/v2\/product\/146844\/revisions"}],"wp:featuredmedia":[{"embeddable":true,"href":"https:\/\/svitimprotebe.cz\/eshop\/wp-json\/wp\/v2\/media\/146853"}],"wp:attachment":[{"href":"https:\/\/svitimprotebe.cz\/eshop\/wp-json\/wp\/v2\/media?parent=146844"}],"wp:term":[{"taxonomy":"product_brand","embeddable":true,"href":"https:\/\/svitimprotebe.cz\/eshop\/wp-json\/wp\/v2\/product_brand?post=146844"},{"taxonomy":"product_cat","embeddable":true,"href":"https:\/\/svitimprotebe.cz\/eshop\/wp-json\/wp\/v2\/product_cat?post=146844"},{"taxonomy":"product_tag","embeddable":true,"href":"https:\/\/svitimprotebe.cz\/eshop\/wp-json\/wp\/v2\/product_tag?post=146844"}],"curies":[{"name":"wp","href":"https:\/\/api.w.org\/{rel}","templated":true}]}}