{"id":151142,"date":"2022-01-03T15:00:34","date_gmt":"2022-01-03T14:00:34","guid":{"rendered":"https:\/\/svitimprotebe.cz\/eshop\/?post_type=product&#038;p=151142"},"modified":"2026-03-23T10:07:49","modified_gmt":"2026-03-23T09:07:49","slug":"plnospektralni-led-zarovka-gu10-6w-4000k","status":"publish","type":"product","link":"https:\/\/svitimprotebe.cz\/eshop\/plnospektralni-led-zarovka-gu10-6w-4000k\/","title":{"rendered":"Plnospektr\u00e1ln\u00ed LED \u017e\u00e1rovka GU10&nbsp;6W 4000K"},"content":{"rendered":"<h3>Sv\u011btlo pro lep\u0161\u00ed soust\u0159ed\u011bn\u00ed a produktivitu<\/h3>\n<p>Dobr\u00e9 osv\u011btlen\u00ed by m\u011blo b\u00fdt p\u0159edev\u0161\u00edm p\u0159\u00edjemn\u00e9 pro o\u010di a t\u011blo. A p\u0159esn\u011b to LED \u017e\u00e1rovka GU10&nbsp;6W spl\u0148uje. <strong>Vyd\u00e1v\u00e1 jasn\u00e9 b\u00edl\u00e9 sv\u011btlo<\/strong>, kter\u00e9 se podob\u00e1 p\u0159irozen\u00fdm paprsk\u016fm slunce. Teplota barvy 4000K je ide\u00e1ln\u00ed pro denn\u00ed pou\u017eit\u00ed ve v\u0161ech typech hlavn\u00edch m\u00edstnost\u00ed, kde b\u011bhem dne tr\u00e1v\u00edte \u010das a pot\u0159ebujete dob\u0159e vid\u011bt.\u00a0 <strong>Obsahuje vysok\u00fd pod\u00edl modr\u00e9 slo\u017eky<\/strong>, kter\u00e1 m\u00e1 na t\u011blo stimula\u010dn\u00ed \u00fa\u010dinky a m\u00e1 <a href=\"https:\/\/www.svitimprotebe.cz\/benefity-zdraveho-osvetleni\/\" target=\"_blank\" rel=\"noopener\">pozitivn\u00ed vliv na kognitivn\u00ed funkce<\/a>, jako je my\u0161len\u00ed, organizov\u00e1n\u00ed, pl\u00e1nov\u00e1n\u00ed, \u010di \u0159e\u0161en\u00ed probl\u00e9m\u016f. Celkov\u011b pak <strong>podporuje produktivitu, koncentraci<\/strong> a zlep\u0161uje n\u00e1ladu a psychickou pohodu. <strong>\u017d\u00e1rovka se tak v\u00fdborn\u011b hod\u00ed<\/strong> nap\u0159\u00edklad do <a href=\"https:\/\/svitimprotebe.cz\/jak-vybrat-svetlo-do-kuchyne\/\" target=\"_blank\" rel=\"noopener\">kuchyn\u011b<\/a>, <a href=\"https:\/\/svitimprotebe.cz\/jak-vybrat-svetlo-do-obyvaciho-pokoje\/\" target=\"_blank\" rel=\"noopener\">ob\u00fdv\u00e1ky<\/a>, <a href=\"https:\/\/svitimprotebe.cz\/jak-vybrat-svetlo-do-detskeho-pokoje\/\" target=\"_blank\" rel=\"noopener\">d\u011btsk\u00e9 pokoje<\/a> nebo t\u0159eba <a href=\"https:\/\/svitimprotebe.cz\/jak-vybrat-svetlo-do-pracovny-a-kancelare\/\" target=\"_blank\" rel=\"noopener\">pracovny<\/a>.<\/p>\n<p>&nbsp;<\/p>\n<p><img fetchpriority=\"high\" decoding=\"async\" class=\"wp-image-504 aligncenter\" src=\"https:\/\/svitimprotebe.cz\/eshop\/wp-content\/uploads\/2021\/12\/shutterstock_714476182-scaled-e1638795806178.jpg\" alt=\"\" width=\"800\" height=\"608\" srcset=\"https:\/\/svitimprotebe.cz\/eshop\/wp-content\/uploads\/2021\/12\/shutterstock_714476182-scaled-e1638795806178.jpg 2245w, https:\/\/svitimprotebe.cz\/eshop\/wp-content\/uploads\/2021\/12\/shutterstock_714476182-scaled-e1638795806178-300x228.jpg 300w, https:\/\/svitimprotebe.cz\/eshop\/wp-content\/uploads\/2021\/12\/shutterstock_714476182-scaled-e1638795806178-768x584.jpg 768w, https:\/\/svitimprotebe.cz\/eshop\/wp-content\/uploads\/2021\/12\/shutterstock_714476182-scaled-e1638795806178-1024x778.jpg 1024w, https:\/\/svitimprotebe.cz\/eshop\/wp-content\/uploads\/2021\/12\/shutterstock_714476182-scaled-e1638795806178-740x562.jpg 740w, https:\/\/svitimprotebe.cz\/eshop\/wp-content\/uploads\/2021\/12\/shutterstock_714476182-scaled-e1638795806178-1536x1167.jpg 1536w, https:\/\/svitimprotebe.cz\/eshop\/wp-content\/uploads\/2021\/12\/shutterstock_714476182-scaled-e1638795806178-2048x1556.jpg 2048w, https:\/\/svitimprotebe.cz\/eshop\/wp-content\/uploads\/2021\/12\/shutterstock_714476182-scaled-e1638795806178-1080x821.jpg 1080w, https:\/\/svitimprotebe.cz\/eshop\/wp-content\/uploads\/2021\/12\/shutterstock_714476182-scaled-e1638795806178-600x456.jpg 600w\" sizes=\"(max-width: 800px) 100vw, 800px\" \/><\/p>\n<h3>Kam LED \u017e\u00e1rovku um\u00edstit?<\/h3>\n<p>Sv\u00e9 vyu\u017eit\u00ed najde<strong> v&nbsp;dom\u00e1cnostech i komer\u010dn\u00edch objektech<\/strong>. Namontovat ji m\u016f\u017eete jak <strong>do stropn\u00edho sv\u00edtidla<\/strong>, tak t\u0159eba <strong>do stoln\u00ed lampy na pracovn\u00edm stole <\/strong>nebo stojac\u00ed \u010di n\u00e1st\u011bnn\u00e9 lampy. Vyd\u00e1v\u00e1 toti\u017e studenou b\u00edlou barvu, kter\u00e1 m\u00e1 stimula\u010dn\u00ed \u00fa\u010dinky a <strong>podporuje produktivitu a koncentraci<\/strong>. \u017d\u00e1rovka m\u00e1 patici GU10, kterou do sv\u00edtidla snadno nacvaknete. Pokud byste v\u0161ak m\u011bli sv\u00edtidlo, do kter\u00e9ho se patice nehod\u00ed, m\u016f\u017eete vyu\u017e\u00edt na\u0161e <a href=\"https:\/\/svitimprotebe.cz\/eshop\/zdrave-osvetleni\/led-zarovky\/prislusentsvi-k-led-zarovkam\/\" target=\"_blank\" rel=\"noopener\">redukce<\/a>, d\u00edky kter\u00fdm napasujete v&nbsp;podstat\u011b jakoukoli \u017e\u00e1rovku do jak\u00e9hokoli sv\u00edtidla.<\/p>\n<p>P\u0159i instalaci myslete na to, \u017ee \u017e\u00e1rovka m\u00e1<strong> \u00fazk\u00fd vyza\u0159ovac\u00ed \u00fahel 36\u00b0<\/strong>, tak\u017ee sv\u011btlo sm\u011b\u0159uje v&nbsp;\u00fazk\u00e9m ku\u017eelu p\u0159edev\u0161\u00edm na plochu pod sv\u00edtidlem. Oproti klasick\u00fdm \u017e\u00e1rovk\u00e1m se z\u00e1vitem E14 nebo E27 proto <strong>p\u0159\u00edli\u0161 nesv\u00edt\u00ed do stran ani do horn\u00ed \u010d\u00e1sti prostoru<\/strong>. Detailn\u00ed doporu\u010den\u00ed pro spr\u00e1vn\u00e9 um\u00edst\u011bn\u00ed najdete na kart\u011b <strong>\u201ePOU\u017dIT\u00cd\u201c<\/strong>.<\/p>\n<p><img decoding=\"async\" class=\"wp-image-128024 size-full aligncenter\" src=\"https:\/\/svitimprotebe.cz\/eshop\/wp-content\/uploads\/2022\/01\/Plnospektralni-GU10-zarovka-v-lampe.jpg\" alt=\"\" width=\"825\" height=\"550\" srcset=\"https:\/\/svitimprotebe.cz\/eshop\/wp-content\/uploads\/2022\/01\/Plnospektralni-GU10-zarovka-v-lampe.jpg 825w, https:\/\/svitimprotebe.cz\/eshop\/wp-content\/uploads\/2022\/01\/Plnospektralni-GU10-zarovka-v-lampe-300x200.jpg 300w, https:\/\/svitimprotebe.cz\/eshop\/wp-content\/uploads\/2022\/01\/Plnospektralni-GU10-zarovka-v-lampe-768x512.jpg 768w, https:\/\/svitimprotebe.cz\/eshop\/wp-content\/uploads\/2022\/01\/Plnospektralni-GU10-zarovka-v-lampe-740x493.jpg 740w\" sizes=\"(max-width: 825px) 100vw, 825px\" \/><\/p>\n<h3>Pro\u010d je d\u016fle\u017eit\u00fd rozd\u00edl mezi sv\u011btlem ve dne a v&nbsp;noci?<\/h3>\n<p>Na\u0161e t\u011blo je <a href=\"https:\/\/www.svitimprotebe.cz\/vyznam-rytmu\/\" target=\"_blank\" rel=\"noopener\">p\u0159irozen\u011b nastaven\u00e9<\/a> na v\u00fdrazn\u00fd rozd\u00edl mezi jasn\u00fdm b\u00edl\u00fdm sv\u011btlem slunce b\u011bhem dne a tlumen\u00fdm oran\u017eov\u00fdm sv\u011btlem ohn\u011b ve\u010der. <strong>Jasn\u00e9 sv\u011btlo ve dne<\/strong> podporuje bd\u011blost, soust\u0159ed\u011bn\u00ed a dod\u00e1v\u00e1 energii. <strong>Ve\u010der by naopak m\u011blo sv\u011btla postupn\u011b ub\u00fdvat<\/strong>, aby t\u011blo dostalo jasn\u00fd sign\u00e1l, \u017ee se bl\u00ed\u017e\u00ed \u010das odpo\u010dinku a sp\u00e1nku.<\/p>\n<p>V modern\u00edm \u017eivot\u011b se ale tento p\u0159irozen\u00fd kontrast \u010dasto vytr\u00e1c\u00ed. P\u0159es den tr\u00e1v\u00ed mnoho lid\u00ed v\u011bt\u0161inu \u010dasu v&nbsp;interi\u00e9rech s&nbsp;relativn\u011b slab\u00fdm osv\u011btlen\u00edm, zat\u00edmco <strong>ve\u010der jsou vystaveni siln\u00e9mu um\u011bl\u00e9mu sv\u011btlu<\/strong>, kter\u00e9 se podob\u00e1 tomu denn\u00edmu a nenech\u00e1 n\u00e1s odpo\u010d\u00edvat. T\u011blo pak h\u016f\u0159e rozpozn\u00e1v\u00e1, kdy je den a kdy noc, co\u017e m\u016f\u017ee naru\u0161ovat p\u0159irozen\u00fd <a href=\"https:\/\/www.svitimprotebe.cz\/cirkadianni-rytmus\/\" target=\"_blank\" rel=\"noopener\">cirkadi\u00e1nn\u00ed rytmus<\/a>. \u017d\u00e1rovka s&nbsp;teplotou barvy 4000K sv\u00edt\u00ed jasnou b\u00edlou barvou a je tak ide\u00e1ln\u00ed pro sv\u00edcen\u00ed b\u011bhem dne &#8211; a\u0165 u\u017e se v\u011bnuje pr\u00e1ci, studiu, va\u0159en\u00ed, \u00faklidu \u010di jin\u00e9 denn\u00ed \u010dinnosti.<\/p>\n<p><a href=\"https:\/\/svitimprotebe.cz\/eshop\/wp-content\/uploads\/2023\/03\/Obrazek-zmeny-teploty-barvy-V3.jpg\" target=\"_blank\" rel=\"noopener\"><img decoding=\"async\" class=\"aligncenter wp-image-57580 size-large\" src=\"https:\/\/svitimprotebe.cz\/eshop\/wp-content\/uploads\/2023\/03\/Obrazek-zmeny-teploty-barvy-V3-1024x497.jpg\" alt=\"\" width=\"1024\" height=\"497\" srcset=\"https:\/\/svitimprotebe.cz\/eshop\/wp-content\/uploads\/2023\/03\/Obrazek-zmeny-teploty-barvy-V3-1024x497.jpg 1024w, https:\/\/svitimprotebe.cz\/eshop\/wp-content\/uploads\/2023\/03\/Obrazek-zmeny-teploty-barvy-V3-740x359.jpg 740w, https:\/\/svitimprotebe.cz\/eshop\/wp-content\/uploads\/2023\/03\/Obrazek-zmeny-teploty-barvy-V3-300x146.jpg 300w, https:\/\/svitimprotebe.cz\/eshop\/wp-content\/uploads\/2023\/03\/Obrazek-zmeny-teploty-barvy-V3-768x373.jpg 768w, https:\/\/svitimprotebe.cz\/eshop\/wp-content\/uploads\/2023\/03\/Obrazek-zmeny-teploty-barvy-V3-1536x746.jpg 1536w, https:\/\/svitimprotebe.cz\/eshop\/wp-content\/uploads\/2023\/03\/Obrazek-zmeny-teploty-barvy-V3-1080x525.jpg 1080w, https:\/\/svitimprotebe.cz\/eshop\/wp-content\/uploads\/2023\/03\/Obrazek-zmeny-teploty-barvy-V3-1280x622.jpg 1280w, https:\/\/svitimprotebe.cz\/eshop\/wp-content\/uploads\/2023\/03\/Obrazek-zmeny-teploty-barvy-V3-980x476.jpg 980w, https:\/\/svitimprotebe.cz\/eshop\/wp-content\/uploads\/2023\/03\/Obrazek-zmeny-teploty-barvy-V3-480x233.jpg 480w, https:\/\/svitimprotebe.cz\/eshop\/wp-content\/uploads\/2023\/03\/Obrazek-zmeny-teploty-barvy-V3.jpg 1783w\" sizes=\"(max-width: 1024px) 100vw, 1024px\" \/><\/a><\/p>\n<h3>\u017d\u00e1rovka, kter\u00e1 simuluje p\u0159irozen\u00e9 denn\u00ed sv\u011btlo<\/h3>\n<p>\u017d\u00e1rovka je plnospektr\u00e1ln\u00ed a d\u00edky vysok\u00e9mu indexu pod\u00e1n\u00ed barvy (CRI) se jej\u00ed sv\u011btlen\u00e9 spektrum <strong>v\u011brn\u011b podob\u00e1 sv\u011btlu slunce<\/strong>, kter\u00e9 je b\u011bhem dne pro n\u00e1\u0161 organismus nejp\u0159irozen\u011bj\u0161\u00ed. Na obr\u00e1zc\u00edch n\u00ed\u017ee si m\u016f\u017eete prohl\u00e9dnout <strong>srovn\u00e1n\u00ed<\/strong> LED \u017e\u00e1rovky GU10&nbsp;6W 4000K s&nbsp;m\u011b\u0159en\u00edm denn\u00edho sv\u011btla.<\/p>\n<div class=\"gdc_row\"><div class=\"gdc_column gdc_chalf\"><div class=\"gdc_inner\"><\/p>\n<p style=\"text-align: center;\"><strong>M\u011b\u0159en\u00ed oblohy 11.9.2021 r\u00e1no 4802K CRI100<\/strong><\/p>\n<p><img loading=\"lazy\" decoding=\"async\" class=\"aligncenter wp-image-4836 size-full\" src=\"https:\/\/svitimprotebe.cz\/eshop\/wp-content\/uploads\/2021\/12\/Mereni-oblohy.jpg\" alt=\"\" width=\"1000\" height=\"550\" srcset=\"https:\/\/svitimprotebe.cz\/eshop\/wp-content\/uploads\/2021\/12\/Mereni-oblohy.jpg 1000w, https:\/\/svitimprotebe.cz\/eshop\/wp-content\/uploads\/2021\/12\/Mereni-oblohy-300x165.jpg 300w, https:\/\/svitimprotebe.cz\/eshop\/wp-content\/uploads\/2021\/12\/Mereni-oblohy-768x422.jpg 768w, https:\/\/svitimprotebe.cz\/eshop\/wp-content\/uploads\/2021\/12\/Mereni-oblohy-740x407.jpg 740w, https:\/\/svitimprotebe.cz\/eshop\/wp-content\/uploads\/2021\/12\/Mereni-oblohy-980x539.jpg 980w, https:\/\/svitimprotebe.cz\/eshop\/wp-content\/uploads\/2021\/12\/Mereni-oblohy-480x264.jpg 480w, https:\/\/svitimprotebe.cz\/eshop\/wp-content\/uploads\/2021\/12\/Mereni-oblohy-600x330.jpg 600w\" sizes=\"(max-width: 1000px) 100vw, 1000px\" \/><\/p>\n<p style=\"text-align: center;\">M\u016f\u017eete vid\u011bt na videu v&nbsp;\u010dase <a href=\"https:\/\/www.youtube.com\/watch?v=StdHXpLwJdA&amp;t=47s\" target=\"_blank\" rel=\"noopener\">0:47<\/a><\/p>\n<p><\/div><\/div><div class=\"gdc_column gdc_chalf\"><div class=\"gdc_inner\"><\/p>\n<p style=\"text-align: center;\"><strong>LED \u017e\u00e1rovka GU10&nbsp;6W 4000K DIM<\/strong><\/p>\n<p><img loading=\"lazy\" decoding=\"async\" class=\"aligncenter wp-image-49984 size-full\" src=\"https:\/\/svitimprotebe.cz\/eshop\/wp-content\/uploads\/2022\/01\/ChartName-001-20.jpg\" alt=\"\" width=\"1000\" height=\"550\" srcset=\"https:\/\/svitimprotebe.cz\/eshop\/wp-content\/uploads\/2022\/01\/ChartName-001-20.jpg 1000w, https:\/\/svitimprotebe.cz\/eshop\/wp-content\/uploads\/2022\/01\/ChartName-001-20-740x407.jpg 740w, https:\/\/svitimprotebe.cz\/eshop\/wp-content\/uploads\/2022\/01\/ChartName-001-20-300x165.jpg 300w, https:\/\/svitimprotebe.cz\/eshop\/wp-content\/uploads\/2022\/01\/ChartName-001-20-768x422.jpg 768w, https:\/\/svitimprotebe.cz\/eshop\/wp-content\/uploads\/2022\/01\/ChartName-001-20-980x539.jpg 980w, https:\/\/svitimprotebe.cz\/eshop\/wp-content\/uploads\/2022\/01\/ChartName-001-20-480x264.jpg 480w, https:\/\/svitimprotebe.cz\/eshop\/wp-content\/uploads\/2022\/01\/ChartName-001-20-600x330.jpg 600w\" sizes=\"(max-width: 1000px) 100vw, 1000px\" \/><\/p>\n<p><\/div><\/div><\/div>\n<p>Kolik \u017e\u00e1rovek budete pro nasv\u00edcen\u00ed m\u00edstnosti pot\u0159ebovat?<\/p>\n<p>Pot\u0159ebn\u00fd po\u010det \u017e\u00e1rovek z\u00e1vis\u00ed p\u0159edev\u0161\u00edm <strong>na velikosti m\u00edstnosti, jej\u00edm vyu\u017eit\u00ed a na tom, jak v\u00fdkonn\u00e1 \u017e\u00e1rovka je<\/strong>. Mno\u017estv\u00ed sv\u011btla, kter\u00e9 \u017e\u00e1rovka vyd\u00e1v\u00e1, se ud\u00e1v\u00e1 v&nbsp;lumenech (lm) \u2013 \u010d\u00edm vy\u0161\u0161\u00ed hodnota, t\u00edm v\u00edce \u017e\u00e1rovka sv\u00edt\u00ed. Pro pohodln\u00e9 a dostate\u010dn\u00e9 osv\u011btlen\u00ed je proto d\u016fle\u017eit\u00e9 sledovat celkov\u00fd sv\u011bteln\u00fd tok v\u0161ech sv\u00edtidel v&nbsp;m\u00edstnosti.<\/p>\n<p>Pro lep\u0161\u00ed orientaci jsme pro v\u00e1s p\u0159ipravili <a href=\"https:\/\/svitimprotebe.cz\/eshop\/wp-content\/uploads\/2022\/01\/tabulka-obyvak.jpg\" target=\"_blank\" rel=\"noopener\">p\u0159ehlednou tabulku<\/a> s&nbsp;doporu\u010den\u00fdm mno\u017estv\u00edm sv\u011btla podle velikosti prostoru. Hodnoty v&nbsp;tabulce odpov\u00eddaj\u00ed m\u00edstnostem jako jsou <a href=\"https:\/\/svitimprotebe.cz\/jak-vybrat-svetlo-do-obyvaciho-pokoje\/\" target=\"_blank\" rel=\"noopener\">ob\u00fdv\u00e1ky<\/a>, <a href=\"https:\/\/svitimprotebe.cz\/jak-vybrat-svetlo-do-detskeho-pokoje\/\" target=\"_blank\" rel=\"noopener\">d\u011btsk\u00e9 pokoje<\/a>, <a href=\"https:\/\/svitimprotebe.cz\/jak-vybrat-svetlo-do-kuchyne\/\" target=\"_blank\" rel=\"noopener\">kuchyn\u011b<\/a>, <a href=\"https:\/\/svitimprotebe.cz\/jak-vybrat-svetlo-do-pracovny-a-kancelare\/\" target=\"_blank\" rel=\"noopener\">pracovny<\/a> a dal\u0161\u00ed, kde b\u011bhem dne netr\u00e1v\u00edte mnoho \u010dasu. Sta\u010d\u00ed se\u010d\u00edst lumeny jednotliv\u00fdch \u017e\u00e1rovek a zjist\u00edte, zda je osv\u011btlen\u00ed m\u00edstnosti dostate\u010dn\u00e9. Tabulku najdete <a href=\"https:\/\/svitimprotebe.cz\/eshop\/wp-content\/uploads\/2022\/01\/tabulka-obyvak.jpg\" target=\"_blank\" rel=\"noopener\">zde<\/a>.<\/p>\n<div class=\"gdc_row\"><div class=\"gdc_column gdc_chalf\"><div class=\"gdc_inner\"><br \/>\n<a href=\"https:\/\/svitimprotebe.cz\/eshop\/wp-content\/uploads\/2025\/11\/kuchyne-zavesne-svetlo-nad-ostruvek.jpg\"><img loading=\"lazy\" decoding=\"async\" class=\"aligncenter size-large wp-image-142697\" src=\"https:\/\/svitimprotebe.cz\/eshop\/wp-content\/uploads\/2025\/11\/kuchyne-zavesne-svetlo-nad-ostruvek-1024x682.jpg\" alt=\"Z\u00e1v\u011bsn\u00e9 sv\u00edtidlo nad ostr\u016fvkem v kuchyni\" width=\"800\" height=\"533\" srcset=\"https:\/\/svitimprotebe.cz\/eshop\/wp-content\/uploads\/2025\/11\/kuchyne-zavesne-svetlo-nad-ostruvek-1024x682.jpg 1024w, https:\/\/svitimprotebe.cz\/eshop\/wp-content\/uploads\/2025\/11\/kuchyne-zavesne-svetlo-nad-ostruvek-300x200.jpg 300w, https:\/\/svitimprotebe.cz\/eshop\/wp-content\/uploads\/2025\/11\/kuchyne-zavesne-svetlo-nad-ostruvek-768x512.jpg 768w, https:\/\/svitimprotebe.cz\/eshop\/wp-content\/uploads\/2025\/11\/kuchyne-zavesne-svetlo-nad-ostruvek-740x493.jpg 740w, https:\/\/svitimprotebe.cz\/eshop\/wp-content\/uploads\/2025\/11\/kuchyne-zavesne-svetlo-nad-ostruvek-64x43.jpg 64w, https:\/\/svitimprotebe.cz\/eshop\/wp-content\/uploads\/2025\/11\/kuchyne-zavesne-svetlo-nad-ostruvek.jpg 1100w\" sizes=\"(max-width: 800px) 100vw, 800px\" \/><\/a><\/div><\/div><div class=\"gdc_column gdc_chalf\"><div class=\"gdc_inner\"><br \/>\n<a href=\"https:\/\/svitimprotebe.cz\/eshop\/wp-content\/uploads\/2025\/11\/obyvaci-pokoj-prisazene-svitidlo.jpg\"><img loading=\"lazy\" decoding=\"async\" class=\"aligncenter size-full wp-image-142904\" src=\"https:\/\/svitimprotebe.cz\/eshop\/wp-content\/uploads\/2025\/11\/obyvaci-pokoj-prisazene-svitidlo.jpg\" alt=\"P\u0159isazen\u00e9 sv\u00edtidlo v ob\u00fdvac\u00edm pokoji\" width=\"1000\" height=\"667\" srcset=\"https:\/\/svitimprotebe.cz\/eshop\/wp-content\/uploads\/2025\/11\/obyvaci-pokoj-prisazene-svitidlo.jpg 1000w, https:\/\/svitimprotebe.cz\/eshop\/wp-content\/uploads\/2025\/11\/obyvaci-pokoj-prisazene-svitidlo-300x200.jpg 300w, https:\/\/svitimprotebe.cz\/eshop\/wp-content\/uploads\/2025\/11\/obyvaci-pokoj-prisazene-svitidlo-768x512.jpg 768w, https:\/\/svitimprotebe.cz\/eshop\/wp-content\/uploads\/2025\/11\/obyvaci-pokoj-prisazene-svitidlo-740x494.jpg 740w, https:\/\/svitimprotebe.cz\/eshop\/wp-content\/uploads\/2025\/11\/obyvaci-pokoj-prisazene-svitidlo-64x43.jpg 64w\" sizes=\"(max-width: 1000px) 100vw, 1000px\" \/><\/a><\/div><\/div><\/div>\n<h3>Patice GU10<\/h3>\n<p>Zn\u00e1m\u00e1 tak\u00e9 jako <strong>Bajonetov\u00e1 patice<\/strong>. Patice m\u00e1 na u\u017e\u0161\u00edm konci <strong>dva v\u00fdstupky<\/strong>, kter\u00e9 se <strong>zasouvaj\u00ed do obj\u00edmky sv\u00edtidla<\/strong> a upevn\u00ed se pooto\u010den\u00edm. Na rozd\u00edl od \u017e\u00e1rovek se z\u00e1vitem se tedy do sv\u00edtidel ne\u0161roubuj\u00ed. Nej\u010dast\u011bji se montuje do sv\u00edtidel, kter\u00e9 maj\u00ed <strong>nasv\u00edtit konkr\u00e9tn\u00ed plochu<\/strong>. Sv\u011btlo vych\u00e1zej\u00edc\u00ed z&nbsp;patice GU10 toti\u017e dopad\u00e1 v&nbsp;<strong>u\u017e\u0161\u00edm \u00fahlu<\/strong>, ne\u017e u \u017e\u00e1rovek se z\u00e1vity E14 \u010di E27. Z\u00e1rove\u0148 je dobr\u00e9 myslet na to, \u017ee z&nbsp;mal\u00e9 vyza\u0159ovac\u00ed plochy <strong>vych\u00e1z\u00ed pom\u011brn\u011b hodn\u011b sv\u011btla<\/strong>. Proto doporu\u010dujeme um\u00edstit \u017e\u00e1rovku tak, aby nebyla v&nbsp;zorn\u00e9m poli <a href=\"https:\/\/www.svitimprotebe.cz\/lidske-oko\/\" target=\"_blank\" rel=\"noopener\">o\u010d\u00ed<\/a>\u00a0 a neosl\u0148ovala, p\u0159\u00edpadn\u011b aby byla chovan\u00e1 ve st\u00ednidle. Bli\u017e\u0161\u00ed informace najdete na kart\u011b <strong>&#8220;POU\u017dIT\u00cd&#8221;<\/strong>.<\/p>\n<div class=\"gdc_row\"><div class=\"gdc_column gdc_chalf\"><div class=\"gdc_inner\"><br \/>\n<img loading=\"lazy\" decoding=\"async\" class=\"aligncenter wp-image-18575\" src=\"https:\/\/svitimprotebe.cz\/eshop\/wp-content\/uploads\/2022\/05\/gu10.jpg\" alt=\"\" width=\"500\" height=\"500\" srcset=\"https:\/\/svitimprotebe.cz\/eshop\/wp-content\/uploads\/2022\/05\/gu10.jpg 1125w, https:\/\/svitimprotebe.cz\/eshop\/wp-content\/uploads\/2022\/05\/gu10-740x740.jpg 740w, https:\/\/svitimprotebe.cz\/eshop\/wp-content\/uploads\/2022\/05\/gu10-150x150.jpg 150w, https:\/\/svitimprotebe.cz\/eshop\/wp-content\/uploads\/2022\/05\/gu10-300x300.jpg 300w, https:\/\/svitimprotebe.cz\/eshop\/wp-content\/uploads\/2022\/05\/gu10-768x768.jpg 768w, https:\/\/svitimprotebe.cz\/eshop\/wp-content\/uploads\/2022\/05\/gu10-1024x1024.jpg 1024w, https:\/\/svitimprotebe.cz\/eshop\/wp-content\/uploads\/2022\/05\/gu10-400x400.jpg 400w, https:\/\/svitimprotebe.cz\/eshop\/wp-content\/uploads\/2022\/05\/gu10-100x100.jpg 100w, https:\/\/svitimprotebe.cz\/eshop\/wp-content\/uploads\/2022\/05\/gu10-1080x1080.jpg 1080w, https:\/\/svitimprotebe.cz\/eshop\/wp-content\/uploads\/2022\/05\/gu10-980x980.jpg 980w, https:\/\/svitimprotebe.cz\/eshop\/wp-content\/uploads\/2022\/05\/gu10-480x480.jpg 480w, https:\/\/svitimprotebe.cz\/eshop\/wp-content\/uploads\/2022\/05\/gu10-600x600.jpg 600w\" sizes=\"(max-width: 500px) 100vw, 500px\" \/><br \/>\n<\/div><\/div><div class=\"gdc_column gdc_chalf\"><div class=\"gdc_inner\"><br \/>\n<img loading=\"lazy\" decoding=\"async\" class=\"aligncenter wp-image-9225\" src=\"https:\/\/svitimprotebe.cz\/eshop\/wp-content\/uploads\/2022\/03\/15-scaled.jpg\" alt=\"\" width=\"500\" height=\"500\" srcset=\"https:\/\/svitimprotebe.cz\/eshop\/wp-content\/uploads\/2022\/03\/15-scaled.jpg 2560w, https:\/\/svitimprotebe.cz\/eshop\/wp-content\/uploads\/2022\/03\/15-scaled-740x740.jpg 740w, https:\/\/svitimprotebe.cz\/eshop\/wp-content\/uploads\/2022\/03\/15-150x150.jpg 150w, https:\/\/svitimprotebe.cz\/eshop\/wp-content\/uploads\/2022\/03\/15-scaled-300x300.jpg 300w, https:\/\/svitimprotebe.cz\/eshop\/wp-content\/uploads\/2022\/03\/15-768x768.jpg 768w, https:\/\/svitimprotebe.cz\/eshop\/wp-content\/uploads\/2022\/03\/15-1024x1024.jpg 1024w, https:\/\/svitimprotebe.cz\/eshop\/wp-content\/uploads\/2022\/03\/15-scaled-400x400.jpg 400w, https:\/\/svitimprotebe.cz\/eshop\/wp-content\/uploads\/2022\/03\/15-scaled-100x100.jpg 100w, https:\/\/svitimprotebe.cz\/eshop\/wp-content\/uploads\/2022\/03\/15-1536x1536.jpg 1536w, https:\/\/svitimprotebe.cz\/eshop\/wp-content\/uploads\/2022\/03\/15-2048x2048.jpg 2048w, https:\/\/svitimprotebe.cz\/eshop\/wp-content\/uploads\/2022\/03\/15-1080x1080.jpg 1080w, https:\/\/svitimprotebe.cz\/eshop\/wp-content\/uploads\/2022\/03\/15-1280x1280.jpg 1280w, https:\/\/svitimprotebe.cz\/eshop\/wp-content\/uploads\/2022\/03\/15-980x980.jpg 980w, https:\/\/svitimprotebe.cz\/eshop\/wp-content\/uploads\/2022\/03\/15-480x480.jpg 480w, https:\/\/svitimprotebe.cz\/eshop\/wp-content\/uploads\/2022\/03\/15-scaled-600x600.jpg 600w\" sizes=\"(max-width: 500px) 100vw, 500px\" \/><\/div><\/div><\/div>\n","protected":false},"excerpt":{"rendered":"<p>Tato LED \u017e\u00e1rovka se perfektn\u011b hod\u00ed pro <strong>denn\u00ed sv\u00edcen\u00ed<\/strong>. Vyza\u0159uje toti\u017e jasn\u00e9 b\u00edl\u00e9 sv\u011btlo a <strong>napodobuje tak p\u0159irozen\u00e9 paprsky slunce<\/strong>. D\u00edky tomu m\u00e1 na t\u011blo aktiviza\u010dn\u00ed \u00fa\u010dinky a podporuje soust\u0159ed\u011bn\u00ed a v\u00fdkonnost. Sv\u00e9 vyu\u017eit\u00ed najde nap\u0159\u00edklad v&nbsp;kuchyni, ob\u00fdv\u00e1ku, kancel\u00e1\u0159i a dal\u0161\u00edch m\u00edstnostech, kde b\u011bhem dne tr\u00e1v\u00edte \u010das.<\/p>\n","protected":false},"featured_media":49973,"template":"","meta":{"_acf_changed":false},"product_brand":[],"product_cat":[34,1938,303,238,33],"product_tag":[62],"class_list":{"0":"post-151142","1":"product","2":"type-product","3":"status-publish","4":"has-post-thumbnail","6":"product_cat-led-zarovky","7":"product_cat-ostatni-plnospektralni-zarovky","8":"product_cat-plnospektralni-led-zarovky","9":"product_cat-patice-gu10","10":"product_cat-zdrave-osvetleni","11":"product_tag-osram","12":"product_shipping_class-zakladni","13":"pa_chytra-zarovka-ne","14":"pa_doba-pouzivani-denni-osvetleni","15":"pa_material-kov","16":"pa_material-plast","17":"pa_material-sklo","18":"pa_meni-barvy-tw-varianta-ne","19":"pa_moznosti-ovladani-on-off","20":"pa_napajeni-sit-230-ac","21":"pa_patice-zavit-gu10","22":"pa_sirka-prumer-887","23":"pa_stmivatelne-ano","24":"pa_stupen-kryti-ip-ip20","25":"pa_svetelny-tok-201-400-lm","26":"pa_teplota-barvy-4000-5000-k","27":"pa_teplota-barvy-v1-2700k","28":"pa_teplota-barvy-v1-3000k","29":"pa_teplota-barvy-v1-4000k","30":"pa_typ-produktu-led-zarovka","31":"pa_vhodne-do-detsky-pokoj","32":"pa_vhodne-do-koupelna","33":"pa_vhodne-do-kuchyne","34":"pa_vhodne-do-pracovna","35":"pa_vhodne-do-technicka-mistnost","36":"pa_vykon-6-10-w","37":"pa_vyska-888","39":"first","40":"instock","41":"taxable","42":"shipping-taxable","43":"purchasable","44":"product-type-simple"},"acf":[],"_links":{"self":[{"href":"https:\/\/svitimprotebe.cz\/eshop\/wp-json\/wp\/v2\/product\/151142","targetHints":{"allow":["GET"]}}],"collection":[{"href":"https:\/\/svitimprotebe.cz\/eshop\/wp-json\/wp\/v2\/product"}],"about":[{"href":"https:\/\/svitimprotebe.cz\/eshop\/wp-json\/wp\/v2\/types\/product"}],"version-history":[{"count":0,"href":"https:\/\/svitimprotebe.cz\/eshop\/wp-json\/wp\/v2\/product\/151142\/revisions"}],"wp:featuredmedia":[{"embeddable":true,"href":"https:\/\/svitimprotebe.cz\/eshop\/wp-json\/wp\/v2\/media\/49973"}],"wp:attachment":[{"href":"https:\/\/svitimprotebe.cz\/eshop\/wp-json\/wp\/v2\/media?parent=151142"}],"wp:term":[{"taxonomy":"product_brand","embeddable":true,"href":"https:\/\/svitimprotebe.cz\/eshop\/wp-json\/wp\/v2\/product_brand?post=151142"},{"taxonomy":"product_cat","embeddable":true,"href":"https:\/\/svitimprotebe.cz\/eshop\/wp-json\/wp\/v2\/product_cat?post=151142"},{"taxonomy":"product_tag","embeddable":true,"href":"https:\/\/svitimprotebe.cz\/eshop\/wp-json\/wp\/v2\/product_tag?post=151142"}],"curies":[{"name":"wp","href":"https:\/\/api.w.org\/{rel}","templated":true}]}}