{"id":17908,"date":"2022-05-15T08:09:26","date_gmt":"2022-05-15T06:09:26","guid":{"rendered":"https:\/\/svitimprotebe.cz\/eshop\/?post_type=product&#038;p=17908"},"modified":"2026-03-17T07:39:36","modified_gmt":"2026-03-17T06:39:36","slug":"trizilovy-kabel-3x075mm2-venkovni-pouziti","status":"publish","type":"product","link":"https:\/\/svitimprotebe.cz\/eshop\/trizilovy-kabel-3x075mm2-venkovni-pouziti\/","title":{"rendered":"T\u0159\u00ed\u017eilov\u00fd kabel 3&#215;0,75mm2 | venkovn\u00ed pou\u017eit\u00ed"},"content":{"rendered":"","protected":false},"excerpt":{"rendered":"<p>Vn\u011bj\u0161\u00ed kabel je pokryt \u010dern\u00fdm PVC pl\u00e1\u0161\u0165em o pr\u016fm\u011bru 6,3 mm. Pr\u00e1v\u011b proto je mo\u017en\u00e9 ho <strong>pou\u017e\u00edt ve venkovn\u00edm prost\u0159ed\u00ed<\/strong>. T\u0159\u00ed\u017eilov\u00fd kabel s&nbsp;vodi\u010di AWG 19 obsahuje<strong> t\u0159\u00ed m\u011bd\u011bn\u00e9 lanovan\u00e9 vodi\u010de o pr\u016f\u0159ezu 0,75 mm<sup>2<\/sup><\/strong>. Vnit\u0159n\u00ed vodi\u010de jsou \u010derven\u00e9, zelen\u00e9 a b\u00edl\u00e9 barvy. V&nbsp;odv\u011bt\u00ed osv\u011btlov\u00e1n\u00ed se pou\u017e\u00edv\u00e1 nej\u010dast\u011bji k&nbsp;p\u0159ipojov\u00e1n\u00ed a propojov\u00e1n\u00ed <a href=\"https:\/\/svitimprotebe.cz\/eshop\/kategorie-produktu\/zdrave-osvetleni\/led-pasky-24v\/?_sft_product_cat=led-pasky-24v&amp;_sfm_parametry_tuneable=ANO&amp;_sfm__price=0+2000&amp;_sfm_parametry_p12=0+50&amp;_sfm_parametry_p13=0+1490&amp;_sfm_parametry_p14=0+15&amp;_sfm_parametry_hmotnost=0+5\" target=\"_blank\" rel=\"noopener\">TW LED p\u00e1sk\u016f<\/a>. Nap\u0159\u00edklad k&nbsp;propojen\u00ed <a href=\"https:\/\/svitimprotebe.cz\/eshop\/kategorie-produktu\/zdrave-osvetleni\/led-pasky-24v\/\" target=\"_blank\" rel=\"noopener\">LED p\u00e1sku<\/a> a <a href=\"https:\/\/svitimprotebe.cz\/eshop\/kategorie-produktu\/zdrave-osvetleni\/napajeci-zdroje\/\" target=\"_blank\" rel=\"noopener\">nap\u00e1jec\u00edho zdroje<\/a>. P\u0159i zapojen\u00ed volte maxim\u00e1ln\u00ed d\u00e9lku a vhodn\u00fd pr\u016f\u0159ez vodi\u010de v\u017edy s&nbsp;ohledem na p\u0159\u00edpustn\u00fd \u00fabytek nap\u011bt\u00ed, kter\u00fd na vodi\u010di vznik\u00e1 pr\u016fchodem proudu. Z\u00e1kladn\u00ed balen\u00ed je d\u00e9lky 100&nbsp;m. <strong>Uveden\u00e1 cena je za jeden b\u011b\u017en\u00fd metr.<\/strong><\/p>\n","protected":false},"featured_media":17909,"template":"","meta":{"_acf_changed":false},"product_brand":[],"product_cat":[230,1721],"product_tag":[35],"class_list":{"0":"post-17908","1":"product","2":"type-product","3":"status-publish","4":"has-post-thumbnail","6":"product_cat-kabely","7":"product_cat-kabely-v-metrazi","8":"product_tag-mcled","9":"product_shipping_class-zakladni","10":"pa_material-kov","11":"pa_material-plast","12":"pa_typ-produktu-kabel","14":"first","15":"instock","16":"taxable","17":"shipping-taxable","18":"purchasable","19":"product-type-simple"},"acf":[],"_links":{"self":[{"href":"https:\/\/svitimprotebe.cz\/eshop\/wp-json\/wp\/v2\/product\/17908","targetHints":{"allow":["GET"]}}],"collection":[{"href":"https:\/\/svitimprotebe.cz\/eshop\/wp-json\/wp\/v2\/product"}],"about":[{"href":"https:\/\/svitimprotebe.cz\/eshop\/wp-json\/wp\/v2\/types\/product"}],"version-history":[{"count":0,"href":"https:\/\/svitimprotebe.cz\/eshop\/wp-json\/wp\/v2\/product\/17908\/revisions"}],"wp:featuredmedia":[{"embeddable":true,"href":"https:\/\/svitimprotebe.cz\/eshop\/wp-json\/wp\/v2\/media\/17909"}],"wp:attachment":[{"href":"https:\/\/svitimprotebe.cz\/eshop\/wp-json\/wp\/v2\/media?parent=17908"}],"wp:term":[{"taxonomy":"product_brand","embeddable":true,"href":"https:\/\/svitimprotebe.cz\/eshop\/wp-json\/wp\/v2\/product_brand?post=17908"},{"taxonomy":"product_cat","embeddable":true,"href":"https:\/\/svitimprotebe.cz\/eshop\/wp-json\/wp\/v2\/product_cat?post=17908"},{"taxonomy":"product_tag","embeddable":true,"href":"https:\/\/svitimprotebe.cz\/eshop\/wp-json\/wp\/v2\/product_tag?post=17908"}],"curies":[{"name":"wp","href":"https:\/\/api.w.org\/{rel}","templated":true}]}}