{"id":17920,"date":"2021-05-22T09:45:58","date_gmt":"2021-05-22T07:45:58","guid":{"rendered":"https:\/\/svitimprotebe.cz\/eshop\/?post_type=product&#038;p=17920"},"modified":"2026-03-17T07:44:58","modified_gmt":"2026-03-17T06:44:58","slug":"cyky-j-3x15mm2","status":"publish","type":"product","link":"https:\/\/svitimprotebe.cz\/eshop\/cyky-j-3x15mm2\/","title":{"rendered":"Silov\u00fd kabel pro pevn\u00e9 ulo\u017een\u00ed CYKY-J 3&#215;1,5mm2"},"content":{"rendered":"<p>Kabel je ur\u010den pro pevn\u00e9 ulo\u017een\u00ed ve vnit\u0159n\u00edch a venkovn\u00edch prostor\u00e1ch, v&nbsp;zemi, v&nbsp;betonu. Instalace tohoto v\u00fdrobku sm\u00ed prov\u00e1d\u011bt pouze osoby s&nbsp;elektrotechnickou kvalifikac\u00ed. V\u00fdrobek je vyvinut podle platn\u00fdch norem. Instalace mus\u00ed b\u00fdt provedena v&nbsp;souladu s&nbsp;pr\u00e1v\u011b platn\u00fdmi p\u0159edpisy.<\/p>\n","protected":false},"excerpt":{"rendered":"<p>T\u0159i\u017e\u00edlov\u00fd silov\u00fd kabel CYKY 3&#215;1,5 mm2 do 1 kV pevn\u00fd. Z\u00e1kladn\u00ed balen\u00ed je d\u00e9lky 100&nbsp;m. Kabel prod\u00e1v\u00e1me po metrech. <strong>Uveden\u00e1 cena je za jeden b\u011b\u017en\u00fd metr.<\/strong><\/p>\n","protected":false},"featured_media":135634,"template":"","meta":{"_acf_changed":false},"product_brand":[],"product_cat":[230,1721],"product_tag":[308],"class_list":{"0":"post-17920","1":"product","2":"type-product","3":"status-publish","4":"has-post-thumbnail","6":"product_cat-kabely","7":"product_cat-kabely-v-metrazi","8":"product_tag-argos","9":"product_shipping_class-zakladni","10":"pa_material-guma","11":"pa_material-kov","12":"pa_typ-produktu-kabel","14":"first","15":"instock","16":"taxable","17":"shipping-taxable","18":"purchasable","19":"product-type-simple"},"acf":[],"_links":{"self":[{"href":"https:\/\/svitimprotebe.cz\/eshop\/wp-json\/wp\/v2\/product\/17920","targetHints":{"allow":["GET"]}}],"collection":[{"href":"https:\/\/svitimprotebe.cz\/eshop\/wp-json\/wp\/v2\/product"}],"about":[{"href":"https:\/\/svitimprotebe.cz\/eshop\/wp-json\/wp\/v2\/types\/product"}],"version-history":[{"count":0,"href":"https:\/\/svitimprotebe.cz\/eshop\/wp-json\/wp\/v2\/product\/17920\/revisions"}],"wp:featuredmedia":[{"embeddable":true,"href":"https:\/\/svitimprotebe.cz\/eshop\/wp-json\/wp\/v2\/media\/135634"}],"wp:attachment":[{"href":"https:\/\/svitimprotebe.cz\/eshop\/wp-json\/wp\/v2\/media?parent=17920"}],"wp:term":[{"taxonomy":"product_brand","embeddable":true,"href":"https:\/\/svitimprotebe.cz\/eshop\/wp-json\/wp\/v2\/product_brand?post=17920"},{"taxonomy":"product_cat","embeddable":true,"href":"https:\/\/svitimprotebe.cz\/eshop\/wp-json\/wp\/v2\/product_cat?post=17920"},{"taxonomy":"product_tag","embeddable":true,"href":"https:\/\/svitimprotebe.cz\/eshop\/wp-json\/wp\/v2\/product_tag?post=17920"}],"curies":[{"name":"wp","href":"https:\/\/api.w.org\/{rel}","templated":true}]}}