{"id":17921,"date":"2021-05-15T10:16:14","date_gmt":"2021-05-15T08:16:14","guid":{"rendered":"https:\/\/svitimprotebe.cz\/eshop\/?post_type=product&#038;p=17921"},"modified":"2026-03-17T07:45:30","modified_gmt":"2026-03-17T06:45:30","slug":"flexibilni-kabel-cysy-3x15mm2","status":"publish","type":"product","link":"https:\/\/svitimprotebe.cz\/eshop\/flexibilni-kabel-cysy-3x15mm2\/","title":{"rendered":"Flexibiln\u00ed silov\u00fd kabel CYSY 3&#215;1,5mm2"},"content":{"rendered":"<p>Kabel je ur\u010den pro st\u0159edn\u00ed nam\u00e1h\u00e1n\u00ed pro p\u0159\u00edstroje a za\u0159\u00edzen\u00ed i ve vlhk\u00fdch prostor\u00e1ch (nap\u0159. vysava\u010de, pra\u010dky, \u017ed\u00edma\u010dky a ledni\u010dky). P\u0159\u00edpustn\u00e9 je venkovn\u00ed pou\u017eit\u00ed po p\u0159echodn\u00e9 kr\u00e1tk\u00e9 obdob\u00ed. V\u00fdrobek je odoln\u00fd proti \u0161\u00ed\u0159en\u00ed plamene.<\/p>\n<p>Ozna\u010den\u00ed kabelu: CYSY &#8211; H05VV-F 3G1,5 m\u011bd\u011bn\u00fd<\/p>\n","protected":false},"excerpt":{"rendered":"<p>T\u0159i\u017e\u00edlov\u00fd silov\u00fd kabel CYSY (lyska) 3&#215;1,5 mm2 ohebn\u00fd. Z\u00e1kladn\u00ed balen\u00ed je d\u00e9lky 100&nbsp;m. Kabel prod\u00e1v\u00e1me po metrech. <strong>Uveden\u00e1 cena je za jeden b\u011b\u017en\u00fd metr.<\/strong><\/p>\n","protected":false},"featured_media":135631,"template":"","meta":{"_acf_changed":false},"product_brand":[],"product_cat":[230,1721],"product_tag":[308],"class_list":{"0":"post-17921","1":"product","2":"type-product","3":"status-publish","4":"has-post-thumbnail","6":"product_cat-kabely","7":"product_cat-kabely-v-metrazi","8":"product_tag-argos","9":"product_shipping_class-zakladni","10":"pa_material-guma","11":"pa_material-kov","12":"pa_typ-produktu-kabel","14":"first","15":"instock","16":"taxable","17":"shipping-taxable","18":"purchasable","19":"product-type-simple"},"acf":[],"_links":{"self":[{"href":"https:\/\/svitimprotebe.cz\/eshop\/wp-json\/wp\/v2\/product\/17921","targetHints":{"allow":["GET"]}}],"collection":[{"href":"https:\/\/svitimprotebe.cz\/eshop\/wp-json\/wp\/v2\/product"}],"about":[{"href":"https:\/\/svitimprotebe.cz\/eshop\/wp-json\/wp\/v2\/types\/product"}],"version-history":[{"count":0,"href":"https:\/\/svitimprotebe.cz\/eshop\/wp-json\/wp\/v2\/product\/17921\/revisions"}],"wp:featuredmedia":[{"embeddable":true,"href":"https:\/\/svitimprotebe.cz\/eshop\/wp-json\/wp\/v2\/media\/135631"}],"wp:attachment":[{"href":"https:\/\/svitimprotebe.cz\/eshop\/wp-json\/wp\/v2\/media?parent=17921"}],"wp:term":[{"taxonomy":"product_brand","embeddable":true,"href":"https:\/\/svitimprotebe.cz\/eshop\/wp-json\/wp\/v2\/product_brand?post=17921"},{"taxonomy":"product_cat","embeddable":true,"href":"https:\/\/svitimprotebe.cz\/eshop\/wp-json\/wp\/v2\/product_cat?post=17921"},{"taxonomy":"product_tag","embeddable":true,"href":"https:\/\/svitimprotebe.cz\/eshop\/wp-json\/wp\/v2\/product_tag?post=17921"}],"curies":[{"name":"wp","href":"https:\/\/api.w.org\/{rel}","templated":true}]}}