{"id":18757,"date":"2022-06-02T21:51:11","date_gmt":"2022-06-02T19:51:11","guid":{"rendered":"https:\/\/svitimprotebe.cz\/eshop\/?post_type=product&#038;p=18757"},"modified":"2025-11-10T12:23:04","modified_gmt":"2025-11-10T11:23:04","slug":"maia-a","status":"publish","type":"product","link":"https:\/\/svitimprotebe.cz\/eshop\/maia-a\/","title":{"rendered":"Plnospektr\u00e1ln\u00ed LED sv\u00edtidlo Maia A"},"content":{"rendered":"<div style=\"background-color: #f2f2f2; border-radius: 10px; padding: 5px;\"><strong style=\"color: #333333; font-size: 18px;\">Posvi\u0165me si na to:<\/strong><br \/>\n<img decoding=\"async\" class=\"alignleft wp-image-48817\" src=\"https:\/\/svitimprotebe.cz\/eshop\/wp-content\/uploads\/2022\/05\/llllasdsada.png\" alt=\"\" width=\"150\" height=\"177\" \/>V hlavn\u00ed roli \u010distota! L\u00e9pe snad tohle kr\u00e1sn\u00e9 sv\u00edtidlo popsat ani nejde. Mysl\u00edm ale, \u017ee tohle sv\u00edtidlo si v\u00e1s z\u00edsk\u00e1 i samotn\u00fdm materi\u00e1lem, kter\u00fdm je ru\u010dn\u011b foukan\u00e9, trojvrstv\u00e9 sklo v\u00a0matn\u00e9m n\u00e1dechu. Kr\u00e1sn\u011b tak zapadne do <a href=\"https:\/\/www.svitimprotebe.cz\/moderni\/\" target=\"_blank\" rel=\"noopener\">modern\u00edch<\/a> domov\u016f a rozhodn\u011b i stejn\u011b tak do <a href=\"https:\/\/www.svitimprotebe.cz\/minimal-nordic\/\" target=\"_blank\" rel=\"noopener\">seversky<\/a> lad\u011bn\u00fdch interi\u00e9r\u016f. Takov\u00e1 jednoduch\u00e1 sv\u00edtidla jako je pr\u00e1v\u011b Maia A ale p\u0159\u00edmo volaj\u00ed i po r\u016fzn\u011b barevn\u00fdch interi\u00e9rech, tak\u017ee se nebojte si trochu zaexperimentovat.<br \/>\nTohle z\u00e1v\u011bsn\u00e9 sv\u00edtidlo je unik\u00e1tn\u00ed svou jemnost\u00ed a \u010distotou a proto bude kr\u00e1sn\u011b zapadat do \u00fazk\u00fdch kuchyn\u00ed, \u010di j\u00eddelen.<br \/>\nNejste si jist\u00ed, zda se do va\u0161eho domu sv\u00edtidlo hod\u00ed? Inspirujte se v&nbsp;na\u0161\u00ed <strong><a href=\"https:\/\/svitimprotebe.cz\/galerie-interierovych-stylu\/\" target=\"_blank\" rel=\"noopener\">galerii interi\u00e9rov\u00fdch styl\u016f<\/a><\/strong>.<br \/>\nAnebo se mi <a href=\"https:\/\/svitimprotebe.cz\/kontakty\/\">ozv\u011bte<\/a>, s&nbsp;v\u00fdb\u011brem v\u00e1m r\u00e1da <strong>porad\u00edm <\/strong>\ud83d\ude42<\/div>\n<h4 style=\"text-align: left;\"><strong>Svi\u0165te zdrav\u011b \u2013 va\u0161e t\u011blo v\u00e1m pod\u011bkuje<\/strong><\/h4>\n<p><strong>Plnospektr\u00e1ln\u00ed LED sv\u00edtidla<\/strong> maj\u00ed na lidsk\u00e9 t\u011blo i mysl hned n\u011bkolik pozitivn\u00edch dopad\u016f. C\u00edt\u00edte se \u010dasto unaven\u00ed a v\u00a0zamra\u010den\u00e9 dny v\u00e1s p\u0159epad\u00e1 \u0161patn\u00e1 n\u00e1lada? Anebo v\u00e1s tr\u00e1p\u00ed probl\u00e9my se sp\u00e1nkem a trv\u00e1 v\u00e1m hodiny, ne\u017e usnete? Pak pro v\u00e1s budou <a href=\"https:\/\/svitimprotebe.cz\/eshop\/plnospektralni-zdrave-osvetleni\/plnospektralni-led-svitidla\/\" target=\"_blank\" rel=\"noopener\">plnospektr\u00e1ln\u00ed sv\u00edtidla<\/a> velk\u00fdm pomocn\u00edkem.<\/p>\n<p>Jejich hlavn\u00edm plusem je, \u017ee vyza\u0159uj\u00ed zdrav\u00e9 sv\u011btlo a <strong>um\u00ed v\u011brn\u011b napodobit p\u0159irozen\u00e9 venkovn\u00ed sv\u011bteln\u00e9 podm\u00ednky<\/strong>. D\u00edky tomu si tak budete i v\u00a0uzav\u0159en\u00e9 kancel\u00e1\u0159i p\u0159ipadat, jako by na v\u00e1s sv\u00edtilo slun\u00ed\u010dko. Krom\u011b toho tak\u00e9 <strong>p\u016fsob\u00ed pozitivn\u011b na <a href=\"https:\/\/svitimprotebe.cz\/svetlo-zdravi-a-nalada\/\" target=\"_blank\" rel=\"noopener\">lidskou psychiku<\/a><\/strong> a p\u0159isp\u00edvaj\u00ed k&nbsp;udr\u017een\u00ed zdrav\u00e9ho biorytmu. Zat\u00edmco ve dne v\u00e1s tak nabud\u00ed energi\u00ed, ve\u010der zklidn\u00ed mysl a v&nbsp;noci budete sp\u00e1t jako miminko.<\/p>\n<p><img fetchpriority=\"high\" decoding=\"async\" class=\"alignnone wp-image-110920 size-full\" src=\"https:\/\/svitimprotebe.cz\/eshop\/wp-content\/uploads\/2023\/06\/osvetleni-svetlo-svitidlo-zarovka-e1694512484625.jpg\" alt=\"\" width=\"1920\" height=\"684\" srcset=\"https:\/\/svitimprotebe.cz\/eshop\/wp-content\/uploads\/2023\/06\/osvetleni-svetlo-svitidlo-zarovka-e1694512484625.jpg 1920w, https:\/\/svitimprotebe.cz\/eshop\/wp-content\/uploads\/2023\/06\/osvetleni-svetlo-svitidlo-zarovka-e1694512484625-740x264.jpg 740w, https:\/\/svitimprotebe.cz\/eshop\/wp-content\/uploads\/2023\/06\/osvetleni-svetlo-svitidlo-zarovka-e1694512484625-300x107.jpg 300w, https:\/\/svitimprotebe.cz\/eshop\/wp-content\/uploads\/2023\/06\/osvetleni-svetlo-svitidlo-zarovka-e1694512484625-768x274.jpg 768w, https:\/\/svitimprotebe.cz\/eshop\/wp-content\/uploads\/2023\/06\/osvetleni-svetlo-svitidlo-zarovka-e1694512484625-1024x365.jpg 1024w, https:\/\/svitimprotebe.cz\/eshop\/wp-content\/uploads\/2023\/06\/osvetleni-svetlo-svitidlo-zarovka-e1694512484625-1536x547.jpg 1536w\" sizes=\"(max-width: 1920px) 100vw, 1920px\" \/><\/p>\n<h3>Jak vybrat spr\u00e1vnou teplotu barvy?<\/h3>\n<p>Nev\u00edte si rady s\u00a0t\u00edm, jakou zvolit teplotu barvy? Nev\u011b\u0161te hlavu. Sv\u00edtidla jsme pro v\u00e1s p\u0159ehledn\u011b rozd\u011blili do n\u011bkolika skupin podle toho, jak tepl\u00e9 \u010di studen\u00e9 sv\u011btlo vyza\u0159uj\u00ed.<\/p>\n<div class=\"gdc_row\"><div class=\"gdc_column gdc_chalf\"><div class=\"gdc_inner\"><\/p>\n<p><strong><img decoding=\"async\" class=\"aligncenter wp-image-110916 size-medium\" src=\"https:\/\/svitimprotebe.cz\/eshop\/wp-content\/uploads\/2023\/06\/CCT_ikona_pro_LED_svitidla_POPIs_-_1600K-e1694591570838-300x52.jpg\" alt=\"\" width=\"300\" height=\"52\" srcset=\"https:\/\/svitimprotebe.cz\/eshop\/wp-content\/uploads\/2023\/06\/CCT_ikona_pro_LED_svitidla_POPIs_-_1600K-e1694591570838-300x52.jpg 300w, https:\/\/svitimprotebe.cz\/eshop\/wp-content\/uploads\/2023\/06\/CCT_ikona_pro_LED_svitidla_POPIs_-_1600K-e1694591570838.jpg 461w\" sizes=\"(max-width: 300px) 100vw, 300px\" \/><\/strong><\/p>\n<p style=\"text-align: center;\"><strong>Teplota barvy 1600\u20132200K<\/strong>\u00a0v\u00a0sob\u011b naopak nem\u00e1 t\u00e9m\u011b\u0159 \u017e\u00e1dnou modrou slo\u017eku a podob\u00e1 se sv\u011btlu zapadaj\u00edc\u00edho slunce. D\u00edky tomu p\u016fsob\u00ed <strong>na na\u0161e t\u011blo i mysl<\/strong> uklid\u0148uj\u00edc\u00edm dojmem a <strong>navozuje pocit klidu a odpo\u010dinku<\/strong>. Sv\u00edtidla s\u00a0touto teplotou barvy jsou proto ide\u00e1ln\u00ed na\u00a0<a style=\"font-style: inherit;\" href=\"https:\/\/www.svitimprotebe.cz\/doporucena-doba-pouzivani-svitidel\/\" target=\"_blank\" rel=\"noopener\"><strong>ve\u010dern\u00ed a\u017e no\u010dn\u00ed sv\u00edcen\u00ed<\/strong><\/a>.<\/p>\n<p><\/div><\/div><div class=\"gdc_column gdc_chalf\"><div class=\"gdc_inner\"><\/p>\n<p><strong style=\"color: #333333; font-size: 18px;\"><img loading=\"lazy\" decoding=\"async\" class=\"aligncenter wp-image-110914 size-medium\" src=\"https:\/\/svitimprotebe.cz\/eshop\/wp-content\/uploads\/2023\/06\/CCT_ikona_pro_LED_svitidla_POPIs_-_2700K-e1694512601679-300x52.jpg\" alt=\"\" width=\"300\" height=\"52\" srcset=\"https:\/\/svitimprotebe.cz\/eshop\/wp-content\/uploads\/2023\/06\/CCT_ikona_pro_LED_svitidla_POPIs_-_2700K-e1694512601679-300x52.jpg 300w, https:\/\/svitimprotebe.cz\/eshop\/wp-content\/uploads\/2023\/06\/CCT_ikona_pro_LED_svitidla_POPIs_-_2700K-e1694512601679.jpg 462w\" sizes=\"(max-width: 300px) 100vw, 300px\" \/><\/strong><\/p>\n<p style=\"text-align: center;\"><strong>\u00a0Teplota barvy 2700K <\/strong>je skv\u011blou volbou pro m\u00edsta, kam chod\u00edte jen ob\u010das. Pot\u0159ebujete si na p\u00e1r minut posv\u00edtit na p\u016fd\u011b \u010di ve sklep\u011b? Anebo hled\u00e1te <strong>univerz\u00e1ln\u00ed sv\u00edtidlo na chodbu a do sp\u00ed\u017ee<\/strong>? Sv\u011btlo s\u00a0teplotou barvy 2700K se hod\u00ed zkr\u00e1tka v\u0161ude tam, kde netr\u00e1v\u00edme p\u0159\u00edli\u0161 \u010dasu.<\/p>\n<p><\/div><\/div><\/div>\n<div class=\"gdc_row\"><div class=\"gdc_column gdc_chalf\"><div class=\"gdc_inner\"><\/p>\n<p style=\"text-align: center;\"><strong><img loading=\"lazy\" decoding=\"async\" class=\"alignnone wp-image-111671 size-medium\" src=\"https:\/\/svitimprotebe.cz\/eshop\/wp-content\/uploads\/2022\/12\/4000K-2-e1695034807192-300x52.jpg\" alt=\"\" width=\"300\" height=\"52\" srcset=\"https:\/\/svitimprotebe.cz\/eshop\/wp-content\/uploads\/2022\/12\/4000K-2-e1695034807192-300x52.jpg 300w, https:\/\/svitimprotebe.cz\/eshop\/wp-content\/uploads\/2022\/12\/4000K-2-e1695034807192.jpg 466w\" sizes=\"(max-width: 300px) 100vw, 300px\" \/><\/strong><\/p>\n<p style=\"text-align: center;\"><strong>Teplota barvy 4000\u20135000K<\/strong>\u00a0je studen\u00e9 b\u00edl\u00e9 sv\u011btlo obsahuj\u00edc\u00ed velk\u00e9 mno\u017estv\u00ed\u00a0<strong>modr\u00e9 slo\u017eky<\/strong><strong>, d\u00edky \u010demu\u017e se velmi podob\u00e1 <\/strong>tomu denn\u00edmu. Pokud se tomuto sv\u011btlu vystav\u00edte p\u00e1r minut po probuzen\u00ed, bude se v\u00e1m do pr\u00e1ce vst\u00e1vat s&nbsp;radost\u00ed. B\u011bhem dne pak budete celkov\u011b aktivn\u011bj\u0161\u00ed<strong> a produktivn\u011bj\u0161\u00ed.<\/strong><\/p>\n<p><\/div><\/div><div class=\"gdc_column gdc_chalf\"><div class=\"gdc_inner\"><\/p>\n<p><strong><img loading=\"lazy\" decoding=\"async\" class=\"aligncenter wp-image-110915 size-medium\" src=\"https:\/\/svitimprotebe.cz\/eshop\/wp-content\/uploads\/2023\/06\/CCT_ikona_pro_LED_svitidla_POPIs_-_2200-5000K-e1694512616903-300x52.jpg\" alt=\"\" width=\"300\" height=\"52\" srcset=\"https:\/\/svitimprotebe.cz\/eshop\/wp-content\/uploads\/2023\/06\/CCT_ikona_pro_LED_svitidla_POPIs_-_2200-5000K-e1694512616903-300x52.jpg 300w, https:\/\/svitimprotebe.cz\/eshop\/wp-content\/uploads\/2023\/06\/CCT_ikona_pro_LED_svitidla_POPIs_-_2200-5000K-e1694512616903.jpg 461w\" sizes=\"(max-width: 300px) 100vw, 300px\" \/><\/strong><\/p>\n<p style=\"text-align: center;\"><strong>Teplota barvy 2200\u20135000K <\/strong>je charakteristick\u00e1 pro <strong>biodynamick\u00e1 sv\u00edtidla<em>.<\/em><\/strong> Ta d\u00edky velk\u00e9mu rozptylu teploty barvy dok\u00e1\u017eou reagovat na denn\u00ed dobu a plynule tomu p\u0159izp\u016fsobovat sv\u00e9 zabarven\u00ed. Umo\u017e\u0148uj\u00ed tak m\u011bnit\u00a0<a style=\"font-style: inherit;\" href=\"https:\/\/www.svitimprotebe.cz\/slovnicek-pojmu\/\" target=\"_blank\" rel=\"noopener\"><strong>intenzitu (osv\u011btlenost)<\/strong><\/a>\u00a0a\u00a0<a style=\"font-style: inherit;\" href=\"https:\/\/www.svitimprotebe.cz\/slovnicek-pojmu\/\" target=\"_blank\" rel=\"noopener\"><strong>teplotu barvy<\/strong><\/a> v\u00a0pr\u016fb\u011bhu dne stejn\u011b jako slunce na obloze.<\/p>\n<p><\/div><\/div><\/div>\n<p><img loading=\"lazy\" decoding=\"async\" class=\"aligncenter wp-image-110918 size-full\" src=\"https:\/\/svitimprotebe.cz\/eshop\/wp-content\/uploads\/2023\/06\/Obrazek_zmeny_Tch_pro_LED_svitidla.jpg\" alt=\"\" width=\"1920\" height=\"686\" srcset=\"https:\/\/svitimprotebe.cz\/eshop\/wp-content\/uploads\/2023\/06\/Obrazek_zmeny_Tch_pro_LED_svitidla.jpg 1920w, https:\/\/svitimprotebe.cz\/eshop\/wp-content\/uploads\/2023\/06\/Obrazek_zmeny_Tch_pro_LED_svitidla-740x264.jpg 740w, https:\/\/svitimprotebe.cz\/eshop\/wp-content\/uploads\/2023\/06\/Obrazek_zmeny_Tch_pro_LED_svitidla-300x107.jpg 300w, https:\/\/svitimprotebe.cz\/eshop\/wp-content\/uploads\/2023\/06\/Obrazek_zmeny_Tch_pro_LED_svitidla-768x274.jpg 768w, https:\/\/svitimprotebe.cz\/eshop\/wp-content\/uploads\/2023\/06\/Obrazek_zmeny_Tch_pro_LED_svitidla-1024x366.jpg 1024w, https:\/\/svitimprotebe.cz\/eshop\/wp-content\/uploads\/2023\/06\/Obrazek_zmeny_Tch_pro_LED_svitidla-1536x549.jpg 1536w\" sizes=\"(max-width: 1920px) 100vw, 1920px\" \/><\/p>\n<h3>Svi\u0165te chyt\u0159e<\/h3>\n<p>M\u00e1te r\u00e1di chytr\u00e9 v\u011bci\u010dky \u010di u\u017e dokonce pou\u017e\u00edv\u00e1te <strong>prvky inteligentn\u00ed dom\u00e1cnosti<\/strong>? Pak jste \u201ena spr\u00e1vn\u00e9 adrese\u201c. Na\u0161e chytr\u00e1 plnospektr\u00e1ln\u00ed sv\u00edtidla v\u00e1s budou poslouchat na slovo. D\u00edky aplikaci <a href=\"https:\/\/casambi.com\/\" target=\"_blank\" rel=\"noopener\">Casambi<\/a> nebo <a href=\"https:\/\/svitimprotebe.cz\/pouziti-aplikace-ledvance-smart-wifi-pro-radu-svitidel-sunhome\/\" target=\"_blank\" rel=\"noopener\">LEDVANCE SMART+ WIFI<\/a> s&nbsp;funkc\u00ed <strong>tuneable white <\/strong>(TW) je m\u016f\u017eete ovl\u00e1dat jak vyp\u00edna\u010dem na zdi, tak dotekem skrze v\u00e1\u0161 chytr\u00fd telefon.<\/p>\n<p>A co je na tom nejlep\u0161\u00ed? Sv\u00edtidla o teplot\u011b barvy 2200<strong>\u2013<\/strong>5000K a 1800\u20134000K disponuj\u00ed <strong>mo\u017enost\u00ed automatick\u00e9ho plynul\u00e9ho p\u0159ep\u00edn\u00e1n\u00ed mezi <a href=\"https:\/\/svitimprotebe.cz\/doporucena-doba-pouzivani-svitidel\/\" target=\"_blank\" rel=\"noopener\">sv\u011bteln\u00fdmi sc\u00e9nami<\/a><\/strong> podle v\u00e1mi p\u0159ednastaven\u00e9ho \u010dasu. \u0158\u00eddit se um\u00ed nejen v\u00fdchodem a z\u00e1padem slunce, ale i aktu\u00e1ln\u00edm mno\u017estv\u00edm denn\u00edho sv\u011btla v&nbsp;m\u00edstnosti.<\/p>\n<h3>Vyhn\u011bte se ru\u0161iv\u00e9mu flikru<\/h3>\n<p>Ve sv\u00edtidlech pou\u017e\u00edv\u00e1me <strong>no-flikr \u017e\u00e1rovky<\/strong>. D\u00edky tomu na\u0161e sv\u00edtidla nem\u00edhaj\u00ed, neblikaj\u00ed a nemaj\u00ed \u017e\u00e1dn\u00fd\u00a0<a style=\"font-style: inherit;\" href=\"https:\/\/www.svitimprotebe.cz\/flikr-aneb-blikani-svetelnych-zdroju-pstlm-a-svm\/\" target=\"_blank\" rel=\"noopener\">ru\u0161iv\u00fd flikr<\/a>. To si nav\u00edc ov\u011b\u0159ujeme vlastn\u00edmi\u00a0<a style=\"font-style: inherit;\" href=\"https:\/\/svitimprotebe.cz\/eshop\/merici-technika\/\" target=\"_blank\" rel=\"noopener\">m\u011b\u0159\u00edc\u00edmi p\u0159\u00edstroji<\/a>.<\/p>\n","protected":false},"excerpt":{"rendered":"<p>Stylov\u00e9 a p\u0159itom jednoduch\u00e9. Tak to je z\u00e1v\u011bsn\u00e9 sv\u00edtidlo z&nbsp;d\u00edlny \u010desk\u00e9ho v\u00fdrobce Lucis, Maia A. Toto sv\u00edtidlo disponuje ru\u010dn\u011b foukan\u00fdm, trojvrstv\u00fdm sklem v&nbsp;matn\u00e9m op\u00e1lu.\u00a0\u010cist\u00e9, designov\u00e9 sv\u00edtidlo, kter\u00e9 m\u016f\u017eete um\u00edstit do jak\u00e9koliv m\u00edstnosti ve va\u0161em domov\u011b.<\/p>\n","protected":false},"featured_media":18758,"template":"","meta":{"_acf_changed":false},"product_brand":[],"product_cat":[1982,2003,304,2018,23,571],"product_tag":[318],"class_list":{"0":"post-18757","1":"product","2":"type-product","3":"status-publish","4":"has-post-thumbnail","6":"product_cat-svetla-do-obyvaciho-pokoje","7":"product_cat-plnospektralni-svetla-nad-konferencni-stul-zavesna","8":"product_cat-plnospektralni-led-svitidla","9":"product_cat-plnospektralni-led-svitidla-podle-typu-montaze","10":"product_cat-plnospektralni-zdrave-osvetleni","11":"product_cat-zavesna-plnospektralni","12":"product_tag-lucis","13":"product_shipping_class-zakladni","14":"pa_barva-svitidla-bila","15":"pa_chytre-svitidlo-ano","16":"pa_chytre-svitidlo-ne","17":"pa_doba-pouzivani-celodenni-osvetleni-24-h","18":"pa_doba-pouzivani-denni-osvetleni","19":"pa_doba-pouzivani-probouzeni-svetlem","20":"pa_doba-pouzivani-vecerni-osvetleni","21":"pa_material-kov","22":"pa_meni-barvy-tw-varianta-ano","23":"pa_meni-barvy-tw-varianta-dle-volby-svetelneho-zdroje","24":"pa_meni-barvy-tw-varianta-ne","25":"pa_napajeni-sit-230-ac","26":"pa_patice-zavit-e27","27":"pa_pocet-zarovek-ve-svitidle-1-ks","28":"pa_rozmer-svitidla-80-x-300","29":"pa_rozmer-svitidla-80-x-500","30":"pa_sirka-prumer-1173","31":"pa_stmivatelne-ano","32":"pa_stmivatelne-dle-volby-svetelneho-zdroje","33":"pa_stmivatelne-ne","34":"pa_stupen-kryti-ip-ip20","35":"pa_styl-minimalisticky-a-seversky","36":"pa_styl-moderni","37":"pa_svetelny-tok-1001-1200-lm","38":"pa_svetelny-tok-201-400-lm","39":"pa_svetelny-tok-401-600-lm","40":"pa_svetelny-tok-51-100-lm","41":"pa_svetelny-tok-601-800-lm","42":"pa_svetelny-tok-801-1000-lm","43":"pa_teplota-barvy-1500-1600-k","44":"pa_teplota-barvy-1800-2100-k","45":"pa_teplota-barvy-2200-2500-k","46":"pa_teplota-barvy-2700-3000-k","47":"pa_teplota-barvy-4000-5000-k","48":"pa_teplota-barvy-v1-1800-4000k-bluetooth","49":"pa_teplota-barvy-v1-1600k","50":"pa_teplota-barvy-v1-2200-5000k-wifi","51":"pa_teplota-barvy-v1-2200k","52":"pa_teplota-barvy-v1-2700k","53":"pa_teplota-barvy-v1-4000k","54":"pa_tvar-svitidla-kruhove","55":"pa_typ-produktu-led-svitidlo","56":"pa_umisteni-montaz-zavesne","57":"pa_vykon-11-20-w","58":"pa_vykon-3-5-w","59":"pa_vykon-6-10-w","60":"pa_vykon-mene-nez-3-w","61":"pa_vykon-v1-12-w","62":"pa_vykon-v1-1-w","63":"pa_vykon-v1-25-w","64":"pa_vykon-v1-49-w","65":"pa_vykon-v1-4-w","66":"pa_vykon-v1-5-w","67":"pa_vykon-v1-6-w","68":"pa_vykon-v1-94-w","69":"pa_vykon-v1-8-w","70":"pa_vykon-v1-9-w","71":"pa_vymenitelny-svetelny-zdroj-ano","72":"pa_vyska-1616","73":"pa_vyska-1082","74":"pa_zpusob-vyzarovani-prime-i-neprime","75":"pa_zpusob-zapojeni-prime-zapojeni","77":"first","78":"onbackorder","79":"taxable","80":"shipping-taxable","81":"purchasable","82":"product-type-variable"},"acf":[],"_links":{"self":[{"href":"https:\/\/svitimprotebe.cz\/eshop\/wp-json\/wp\/v2\/product\/18757","targetHints":{"allow":["GET"]}}],"collection":[{"href":"https:\/\/svitimprotebe.cz\/eshop\/wp-json\/wp\/v2\/product"}],"about":[{"href":"https:\/\/svitimprotebe.cz\/eshop\/wp-json\/wp\/v2\/types\/product"}],"version-history":[{"count":0,"href":"https:\/\/svitimprotebe.cz\/eshop\/wp-json\/wp\/v2\/product\/18757\/revisions"}],"wp:featuredmedia":[{"embeddable":true,"href":"https:\/\/svitimprotebe.cz\/eshop\/wp-json\/wp\/v2\/media\/18758"}],"wp:attachment":[{"href":"https:\/\/svitimprotebe.cz\/eshop\/wp-json\/wp\/v2\/media?parent=18757"}],"wp:term":[{"taxonomy":"product_brand","embeddable":true,"href":"https:\/\/svitimprotebe.cz\/eshop\/wp-json\/wp\/v2\/product_brand?post=18757"},{"taxonomy":"product_cat","embeddable":true,"href":"https:\/\/svitimprotebe.cz\/eshop\/wp-json\/wp\/v2\/product_cat?post=18757"},{"taxonomy":"product_tag","embeddable":true,"href":"https:\/\/svitimprotebe.cz\/eshop\/wp-json\/wp\/v2\/product_tag?post=18757"}],"curies":[{"name":"wp","href":"https:\/\/api.w.org\/{rel}","templated":true}]}}