{"id":19035,"date":"2022-06-05T11:02:44","date_gmt":"2022-06-05T09:02:44","guid":{"rendered":"https:\/\/svitimprotebe.cz\/eshop\/?post_type=product&#038;p=19035"},"modified":"2026-03-27T10:07:53","modified_gmt":"2026-03-27T09:07:53","slug":"tripolovy-konektor-led-pasek-led-pasek-pro-pasky-10mm","status":"publish","type":"product","link":"https:\/\/svitimprotebe.cz\/eshop\/tripolovy-konektor-led-pasek-led-pasek-pro-pasky-10mm\/","title":{"rendered":"T\u0159\u00edp\u00f3lov\u00fd konektor U2 pro p\u00e1sky 10mm"},"content":{"rendered":"","protected":false},"excerpt":{"rendered":"<p><strong>T\u0159\u00edp\u00f3lov\u00fd konektor<\/strong> U2 (LED p\u00e1sek-&gt;LED p\u00e1sek) je kompatibiln\u00ed s&nbsp;24V LED p\u00e1skem TW 2000K-4000K CRI96&nbsp;4,8 W\/m | 9,6 W\/m, kter\u00fd je \u0161\u00edrok\u00fd 10mm. Slou\u017e\u00ed ke <strong>spojov\u00e1n\u00ed p\u00e1sk\u016f<\/strong>. D\u00edky tomuto konektoru m\u016f\u017eete spojovat p\u00e1sky bez n\u00e1ro\u010dn\u00e9ho p\u00e1jen\u00ed. Uveden\u00e1 cena je za kus.<\/p>\n","protected":false},"featured_media":19417,"template":"","meta":{"_acf_changed":false},"product_brand":[],"product_cat":[305,232],"product_tag":[2106],"class_list":{"0":"post-19035","1":"product","2":"type-product","3":"status-publish","4":"has-post-thumbnail","6":"product_cat-plnospektralni-led-pasky","7":"product_cat-spojky-a-konektory","8":"product_tag-onlumi","9":"product_shipping_class-zakladni","10":"pa_delka-1643","11":"pa_material-kov","12":"pa_material-plast","13":"pa_sirka-prumer-1645","14":"pa_stupen-kryti-ip-ip20","15":"pa_typ-produktu-ostatni","16":"pa_vyska-1029","18":"first","19":"instock","20":"taxable","21":"shipping-taxable","22":"purchasable","23":"product-type-simple"},"acf":[],"_links":{"self":[{"href":"https:\/\/svitimprotebe.cz\/eshop\/wp-json\/wp\/v2\/product\/19035","targetHints":{"allow":["GET"]}}],"collection":[{"href":"https:\/\/svitimprotebe.cz\/eshop\/wp-json\/wp\/v2\/product"}],"about":[{"href":"https:\/\/svitimprotebe.cz\/eshop\/wp-json\/wp\/v2\/types\/product"}],"version-history":[{"count":0,"href":"https:\/\/svitimprotebe.cz\/eshop\/wp-json\/wp\/v2\/product\/19035\/revisions"}],"wp:featuredmedia":[{"embeddable":true,"href":"https:\/\/svitimprotebe.cz\/eshop\/wp-json\/wp\/v2\/media\/19417"}],"wp:attachment":[{"href":"https:\/\/svitimprotebe.cz\/eshop\/wp-json\/wp\/v2\/media?parent=19035"}],"wp:term":[{"taxonomy":"product_brand","embeddable":true,"href":"https:\/\/svitimprotebe.cz\/eshop\/wp-json\/wp\/v2\/product_brand?post=19035"},{"taxonomy":"product_cat","embeddable":true,"href":"https:\/\/svitimprotebe.cz\/eshop\/wp-json\/wp\/v2\/product_cat?post=19035"},{"taxonomy":"product_tag","embeddable":true,"href":"https:\/\/svitimprotebe.cz\/eshop\/wp-json\/wp\/v2\/product_tag?post=19035"}],"curies":[{"name":"wp","href":"https:\/\/api.w.org\/{rel}","templated":true}]}}