{"id":34625,"date":"2022-06-17T07:16:52","date_gmt":"2022-06-17T05:16:52","guid":{"rendered":"https:\/\/svitimprotebe.cz\/eshop\/produkt\/system-profilu-3035-koze1m\/"},"modified":"2025-08-06T15:10:09","modified_gmt":"2025-08-06T13:10:09","slug":"system-profilu-3035-koze","status":"publish","type":"product","link":"https:\/\/svitimprotebe.cz\/eshop\/system-profilu-3035-koze\/","title":{"rendered":"Syst\u00e9m profil\u016f 3035-KOZE"},"content":{"rendered":"<p><strong>\u00da\u010del produktu<\/strong><br \/>\n&#8211; pro vytv\u00e1\u0159en\u00ed profesion\u00e1ln\u00edch sv\u00edtidel s&nbsp;difuzorem v&nbsp;jedn\u00e9 rovin\u011b s&nbsp;povrchy stropu nebo st\u011bny<br \/>\n&#8211;\u00a0pro vytv\u00e1\u0159en\u00ed servisovateln\u00fdch LED sv\u00edtidel<\/p>\n<p><strong>Instalace <\/strong><br \/>\n&#8211; vsazen\u00ed &#8220;mont\u00e1\u017en\u00edho profilu&#8221; (RAM-3035-KOZE) do povrchu s\u00e1drokartonov\u00e9ho stropu<br \/>\n&#8211; mont\u00e1\u017e &#8220;j\u00e1dra&#8221; sv\u00edtidla (3035-O) do &#8220;mont\u00e1\u017en\u00edho profilu&#8221; (RAM-3035-KOZE)<\/p>\n<p><strong>Dal\u0161\u00ed informace<\/strong><br \/>\n&#8211; sv\u00edtidla 3035-KOZE jsou ur\u010den\u00e9 pro 2 LED p\u00e1sky (10 mm \u0161irok\u00e9) nebo 2 p\u00e1sky (8 mm \u0161irok\u00e9)<br \/>\n&#8211; profil se vleze do tlou\u0161\u0165ky dvou kus\u016f s\u00e1drokartonov\u00e9 desky<br \/>\n&#8211; sv\u00edtidlo je navr\u017eeno tak, aby &#8220;j\u00e1dro&#8221; sv\u00edtidla (profil s&nbsp;LED p\u00e1sky, zdrojem, kabely a z\u00e1slepkami) jako celek, bylo mo\u017en\u00e9 p\u0159edem p\u0159ipravit (v&nbsp;tov\u00e1rn\u00edch podm\u00ednk\u00e1ch)<br \/>\n&#8211; v&nbsp;m\u00edst\u011b ur\u010den\u00ed mont\u00e1\u017ee lze p\u0159ipraven\u00e9 (&#8220;vyzbrojen\u00e9&#8221;) \u201ej\u00e1dro\u201c (3035-O) instalovat do d\u0159\u00edve namontovan\u00e9ho mont\u00e1\u017en\u00edho profilu (RAM-3035-KOZE).<br \/>\n&#8211; rozm\u011bry mont\u00e1\u017en\u00ed dr\u00e1\u017eky v&nbsp;s\u00e1drokartonov\u00e9 desce pro RAM-3035-KOZE: od 46mm do 51mm<br \/>\n&#8211; na ka\u017ed\u00fd 1m sv\u00edtidlo by m\u011bly b\u00fdt pou\u017eity dva zaji\u0161\u0165ovac\u00ed \u0161rouby. Pro sv\u00edtidla krat\u0161\u00ed ne\u017e 1 m, ne m\u00e9n\u011b ne\u017e 2 \u0161rouby.<br \/>\n&#8211; difuzory by m\u011bly b\u00fdt zakr\u00e1ceny na d\u00e9lku krat\u0161\u00ed ne\u017e jsou hlin\u00edkov\u00e9 profily o 2 mm na stran\u011b (aby na obou konc\u00edch sv\u00edtidla z\u016fstaly mezery 2 mm)<br \/>\n&#8211; mezery mezi hranami mont\u00e1\u017en\u00edho profilu a &#8220;j\u00e1drem&#8221; sv\u00edtidla je mo\u017en\u00e9 ukon\u010dit pomoc\u00ed silikonov\u00e9 \u0161\u0148\u016fry, ur\u010den\u00e9 pro tento \u00fa\u010del (silikonov\u00e1 \u0161\u0148\u016fra je sou\u010d\u00e1st\u00ed syst\u00e9mu)<\/p>\n","protected":false},"excerpt":{"rendered":"<p><span style=\"font-size: x-large;\">\u2022 <\/span>Mo\u017enost mont\u00e1\u017ee od st\u011bny ke st\u011bn\u011b<br \/>\n<span style=\"font-size: x-large;\">\u2022 <\/span><span style=\"font-size: medium;\">Konstrukce sv\u00edtidla prostupn\u00e1 pro um\u00edst\u011bn\u00ed zdroje a kabel\u00e1\u017ee<\/span><br \/>\n<span style=\"font-size: x-large;\">\u2022 <\/span>Mont\u00e1\u017e do s\u00e1drokartonu zatmelen\u00edm<span style=\"color: #ff0000;\"><br \/>\n<\/span><\/p>\n","protected":false},"featured_media":14415,"template":"","meta":{"_acf_changed":false},"product_brand":[],"product_cat":[33,323,399],"product_tag":[194],"class_list":{"0":"post-34625","1":"product","2":"type-product","3":"status-publish","4":"has-post-thumbnail","6":"product_cat-zdrave-osvetleni","7":"product_cat-profily-pro-led-pasky","8":"product_cat-led-systemy","9":"product_tag-klus","10":"product_shipping_class-zakladni","11":"pa_material-slitina-hliniku","12":"pa_montazni-misto-montaz_v_interierech","13":"pa_moznosti-ohybani-ne","14":"pa_pocet-led-pasku-2-ks","15":"pa_pouziti-hlavni-osvetleni","16":"pa_pouziti-osvetleni-nik","17":"pa_povrchova-uprava-neanodizovany_surovy","18":"pa_prurez-profilu-obdelnikovy","19":"pa_sirka-plochy-pro-led-pasek-1700","20":"pa_sirka-prumer-1292","21":"pa_specialni-vlastnosti-pro-zapusteni-do-sdk","22":"pa_typ-produktu-led-system-profilu","23":"pa_vhodne-do-kuchyne","24":"pa_vhodne-do-obyvaci-pokoj","25":"pa_vhodne-do-detsky-pokoj","26":"pa_vhodne-do-loznice","27":"pa_vhodne-do-pracovna","28":"pa_vhodne-do-koupelna","29":"pa_vhodne-do-chodba","30":"pa_vhodne-do-garaz","31":"pa_vhodne-do-schodiste","32":"pa_vhodne-do-puda","33":"pa_vhodne-do-satna","34":"pa_vhodne-do-sklep","35":"pa_vhodne-do-spiz","36":"pa_vhodne-do-technicka-mistnost","37":"pa_vhodne-do-terasa","38":"pa_vhodne-do-zachod","39":"pa_vnejsi-sirka-profilu-1699","40":"pa_vnejsi-vyska-profilu-1509","41":"pa_vyska-1701","42":"pa_zpusob-montaze-k-zapusteni","44":"first","45":"instock","46":"taxable","47":"shipping-taxable","48":"purchasable","49":"product-type-variable"},"acf":[],"_links":{"self":[{"href":"https:\/\/svitimprotebe.cz\/eshop\/wp-json\/wp\/v2\/product\/34625","targetHints":{"allow":["GET"]}}],"collection":[{"href":"https:\/\/svitimprotebe.cz\/eshop\/wp-json\/wp\/v2\/product"}],"about":[{"href":"https:\/\/svitimprotebe.cz\/eshop\/wp-json\/wp\/v2\/types\/product"}],"version-history":[{"count":0,"href":"https:\/\/svitimprotebe.cz\/eshop\/wp-json\/wp\/v2\/product\/34625\/revisions"}],"wp:featuredmedia":[{"embeddable":true,"href":"https:\/\/svitimprotebe.cz\/eshop\/wp-json\/wp\/v2\/media\/14415"}],"wp:attachment":[{"href":"https:\/\/svitimprotebe.cz\/eshop\/wp-json\/wp\/v2\/media?parent=34625"}],"wp:term":[{"taxonomy":"product_brand","embeddable":true,"href":"https:\/\/svitimprotebe.cz\/eshop\/wp-json\/wp\/v2\/product_brand?post=34625"},{"taxonomy":"product_cat","embeddable":true,"href":"https:\/\/svitimprotebe.cz\/eshop\/wp-json\/wp\/v2\/product_cat?post=34625"},{"taxonomy":"product_tag","embeddable":true,"href":"https:\/\/svitimprotebe.cz\/eshop\/wp-json\/wp\/v2\/product_tag?post=34625"}],"curies":[{"name":"wp","href":"https:\/\/api.w.org\/{rel}","templated":true}]}}