{"id":43531,"date":"2022-06-24T06:42:32","date_gmt":"2022-06-24T04:42:32","guid":{"rendered":"https:\/\/svitimprotebe.cz\/eshop\/?post_type=product&#038;p=43531"},"modified":"2025-11-14T16:20:00","modified_gmt":"2025-11-14T15:20:00","slug":"setava-uchyceni-m5","status":"publish","type":"product","link":"https:\/\/svitimprotebe.cz\/eshop\/setava-uchyceni-m5\/","title":{"rendered":"Sestava uchycen\u00ed M5"},"content":{"rendered":"","protected":false},"excerpt":{"rendered":"<p><span style=\"font-size: x-large;\"><strong>\u2022<\/strong> <\/span><span style=\"font-size: medium;\">Hotov\u00e1 sestava uchycen\u00ed pro lehk\u00e1 sv\u00edtidla<br \/>\n<\/span><span style=\"font-size: x-large;\"><strong>\u2022<\/strong> <\/span><span style=\"font-size: medium;\">Do zd\u011bn\u00fdch povrch\u016f<br \/>\n<span style=\"font-size: x-large;\"><strong>\u2022<\/strong> <\/span><span style=\"font-size: medium;\">Mo\u017enost regulace \u00fahlu, pod kter\u00fdm je sv\u00edtidlo uchyceno<\/span><\/span><\/p>\n","protected":false},"featured_media":46028,"template":"","meta":{"_acf_changed":false},"product_brand":[],"product_cat":[327,323,471,33],"product_tag":[194],"class_list":{"0":"post-43531","1":"product","2":"type-product","3":"status-publish","4":"has-post-thumbnail","6":"product_cat-prislusenstvi","7":"product_cat-profily-pro-led-pasky","8":"product_cat-sestavy-pro-uchyceni","9":"product_cat-zdrave-osvetleni","10":"product_tag-klus","11":"product_shipping_class-zakladni","13":"first","14":"instock","15":"taxable","16":"shipping-taxable","17":"purchasable","18":"product-type-simple"},"acf":[],"_links":{"self":[{"href":"https:\/\/svitimprotebe.cz\/eshop\/wp-json\/wp\/v2\/product\/43531","targetHints":{"allow":["GET"]}}],"collection":[{"href":"https:\/\/svitimprotebe.cz\/eshop\/wp-json\/wp\/v2\/product"}],"about":[{"href":"https:\/\/svitimprotebe.cz\/eshop\/wp-json\/wp\/v2\/types\/product"}],"version-history":[{"count":0,"href":"https:\/\/svitimprotebe.cz\/eshop\/wp-json\/wp\/v2\/product\/43531\/revisions"}],"wp:featuredmedia":[{"embeddable":true,"href":"https:\/\/svitimprotebe.cz\/eshop\/wp-json\/wp\/v2\/media\/46028"}],"wp:attachment":[{"href":"https:\/\/svitimprotebe.cz\/eshop\/wp-json\/wp\/v2\/media?parent=43531"}],"wp:term":[{"taxonomy":"product_brand","embeddable":true,"href":"https:\/\/svitimprotebe.cz\/eshop\/wp-json\/wp\/v2\/product_brand?post=43531"},{"taxonomy":"product_cat","embeddable":true,"href":"https:\/\/svitimprotebe.cz\/eshop\/wp-json\/wp\/v2\/product_cat?post=43531"},{"taxonomy":"product_tag","embeddable":true,"href":"https:\/\/svitimprotebe.cz\/eshop\/wp-json\/wp\/v2\/product_tag?post=43531"}],"curies":[{"name":"wp","href":"https:\/\/api.w.org\/{rel}","templated":true}]}}