{"id":43748,"date":"2022-06-24T06:44:43","date_gmt":"2022-06-24T04:44:43","guid":{"rendered":"https:\/\/svitimprotebe.cz\/eshop\/?post_type=product&#038;p=43748"},"modified":"2025-07-21T13:23:25","modified_gmt":"2025-07-21T11:23:25","slug":"uhlova-spojka-zm-90","status":"publish","type":"product","link":"https:\/\/svitimprotebe.cz\/eshop\/uhlova-spojka-zm-90\/","title":{"rendered":"\u00dahlov\u00e1 spojka ZM-90"},"content":{"rendered":"<p><P><STRONG>\u00da\u010del produktu<\/STRONG><BR>&nbsp;&#8211; ke spojov\u00e1n\u00ed&nbsp;anodizovan\u00fdch profil\u016f KLU\u015a vybaven\u00fdch mal\u00fdm z\u00e1mkem (ZM)<\/P><br \/>\n<P><STRONG>Instalace<\/STRONG><BR>&nbsp;&#8211; vsunut\u00edm do dr\u00e1\u017eky profil\u016f a&nbsp;uta\u017een\u00edm areta\u010dn\u00edch \u0161roubk\u016f<\/P><br \/>\n<P><STRONG>Dal\u0161\u00ed informace<\/STRONG><BR>&nbsp;&#8211; vyrobeno z&nbsp;nerezov\u00e9 oceli s&nbsp;tlou\u0161\u0165kou 1,5 mm<\/P><\/p>\n","protected":false},"excerpt":{"rendered":"<p><P><FONT size=5>\u2022<FONT size=3> Pro anodizovan\u00e9 profily s&nbsp;mal\u00fdm z\u00e1mkem (ZM)<\/FONT><\/FONT><BR><FONT size=5>\u2022 <\/FONT>Dobr\u00e1 stabilizace profilov\u00fdch spoj\u016f<BR><FONT size=5>\u2022 <\/FONT>Mo\u017enost sestaven\u00ed sv\u00edtidel o r\u016fzn\u00fdch tvarech<\/P><\/p>\n","protected":false},"featured_media":26097,"template":"","meta":{"_acf_changed":false},"product_brand":[],"product_cat":[323,327,353,354],"product_tag":[194],"class_list":{"0":"post-43748","1":"product","2":"type-product","3":"status-publish","4":"has-post-thumbnail","6":"product_cat-profily-pro-led-pasky","7":"product_cat-prislusenstvi","8":"product_cat-spojovaci-prvky-profilu","9":"product_cat-uhlove-spojky","10":"product_tag-klus","11":"product_shipping_class-zakladni","13":"first","14":"instock","15":"taxable","16":"shipping-taxable","17":"purchasable","18":"product-type-simple"},"acf":[],"_links":{"self":[{"href":"https:\/\/svitimprotebe.cz\/eshop\/wp-json\/wp\/v2\/product\/43748","targetHints":{"allow":["GET"]}}],"collection":[{"href":"https:\/\/svitimprotebe.cz\/eshop\/wp-json\/wp\/v2\/product"}],"about":[{"href":"https:\/\/svitimprotebe.cz\/eshop\/wp-json\/wp\/v2\/types\/product"}],"version-history":[{"count":0,"href":"https:\/\/svitimprotebe.cz\/eshop\/wp-json\/wp\/v2\/product\/43748\/revisions"}],"wp:featuredmedia":[{"embeddable":true,"href":"https:\/\/svitimprotebe.cz\/eshop\/wp-json\/wp\/v2\/media\/26097"}],"wp:attachment":[{"href":"https:\/\/svitimprotebe.cz\/eshop\/wp-json\/wp\/v2\/media?parent=43748"}],"wp:term":[{"taxonomy":"product_brand","embeddable":true,"href":"https:\/\/svitimprotebe.cz\/eshop\/wp-json\/wp\/v2\/product_brand?post=43748"},{"taxonomy":"product_cat","embeddable":true,"href":"https:\/\/svitimprotebe.cz\/eshop\/wp-json\/wp\/v2\/product_cat?post=43748"},{"taxonomy":"product_tag","embeddable":true,"href":"https:\/\/svitimprotebe.cz\/eshop\/wp-json\/wp\/v2\/product_tag?post=43748"}],"curies":[{"name":"wp","href":"https:\/\/api.w.org\/{rel}","templated":true}]}}