{"id":43826,"date":"2022-06-24T06:45:26","date_gmt":"2022-06-24T04:45:26","guid":{"rendered":"https:\/\/svitimprotebe.cz\/eshop\/?post_type=product&#038;p=43826"},"modified":"2025-07-21T13:22:26","modified_gmt":"2025-07-21T11:22:26","slug":"zaslepka-micro-cerna-s-otvorem","status":"publish","type":"product","link":"https:\/\/svitimprotebe.cz\/eshop\/zaslepka-micro-cerna-s-otvorem\/","title":{"rendered":"Z\u00e1slepka MICRO \u010dern\u00e1 s&nbsp;otvorem"},"content":{"rendered":"","protected":false},"excerpt":{"rendered":"<p><P><STRONG><FONT color=#ff0000 size=5>\u2022 <\/FONT><\/STRONG>Vysok\u00e1 odolnost proti zni\u010den\u00ed<BR><STRONG><FONT color=#ff0000 size=5>\u2022 <\/FONT><\/STRONG>Nepodl\u00e9h\u00e1 korozi<BR><STRONG><FONT color=#ff0000 size=5>\u2022 <\/FONT><\/STRONG>Jednoduch\u00e1 mont\u00e1\u017e<BR><STRONG><FONT color=#ff0000 size=5>\u2022 <\/FONT><\/STRONG>Estetick\u00e9 ukon\u010den\u00ed profilu<BR><STRONG><FONT color=#ff0000 size=5>\u2022 <\/FONT><\/STRONG>Umo\u017e\u0148uje veden\u00ed kabel\u016f<\/P><\/p>\n","protected":false},"featured_media":26126,"template":"","meta":{"_acf_changed":false},"product_brand":[],"product_cat":[323,327,328,355],"product_tag":[194],"class_list":{"0":"post-43826","1":"product","2":"type-product","3":"status-publish","4":"has-post-thumbnail","6":"product_cat-profily-pro-led-pasky","7":"product_cat-prislusenstvi","8":"product_cat-zaslepky","9":"product_cat-cerne","10":"product_tag-klus","11":"product_shipping_class-zakladni","13":"first","14":"instock","15":"taxable","16":"shipping-taxable","17":"purchasable","18":"product-type-simple"},"acf":[],"_links":{"self":[{"href":"https:\/\/svitimprotebe.cz\/eshop\/wp-json\/wp\/v2\/product\/43826","targetHints":{"allow":["GET"]}}],"collection":[{"href":"https:\/\/svitimprotebe.cz\/eshop\/wp-json\/wp\/v2\/product"}],"about":[{"href":"https:\/\/svitimprotebe.cz\/eshop\/wp-json\/wp\/v2\/types\/product"}],"version-history":[{"count":0,"href":"https:\/\/svitimprotebe.cz\/eshop\/wp-json\/wp\/v2\/product\/43826\/revisions"}],"wp:featuredmedia":[{"embeddable":true,"href":"https:\/\/svitimprotebe.cz\/eshop\/wp-json\/wp\/v2\/media\/26126"}],"wp:attachment":[{"href":"https:\/\/svitimprotebe.cz\/eshop\/wp-json\/wp\/v2\/media?parent=43826"}],"wp:term":[{"taxonomy":"product_brand","embeddable":true,"href":"https:\/\/svitimprotebe.cz\/eshop\/wp-json\/wp\/v2\/product_brand?post=43826"},{"taxonomy":"product_cat","embeddable":true,"href":"https:\/\/svitimprotebe.cz\/eshop\/wp-json\/wp\/v2\/product_cat?post=43826"},{"taxonomy":"product_tag","embeddable":true,"href":"https:\/\/svitimprotebe.cz\/eshop\/wp-json\/wp\/v2\/product_tag?post=43826"}],"curies":[{"name":"wp","href":"https:\/\/api.w.org\/{rel}","templated":true}]}}