{"id":43876,"date":"2022-06-24T06:45:58","date_gmt":"2022-06-24T04:45:58","guid":{"rendered":"https:\/\/svitimprotebe.cz\/eshop\/?post_type=product&#038;p=43876"},"modified":"2025-07-21T13:22:17","modified_gmt":"2025-07-21T11:22:17","slug":"uchytka-poli","status":"publish","type":"product","link":"https:\/\/svitimprotebe.cz\/eshop\/uchytka-poli\/","title":{"rendered":"\u00dachytka POLI"},"content":{"rendered":"","protected":false},"excerpt":{"rendered":"<p>\u2022 \u00dachytka ur\u010den\u00e1 pro p\u0159ipevn\u011bn\u00ed profilu POLI<br \/>\n\u2022 Instalace do nik a podobn\u011b<br \/>\n\u2022 Mo\u017enost nastaven\u00ed \u00fahlu svitu<\/p>\n","protected":false},"featured_media":46150,"template":"","meta":{"_acf_changed":false},"product_brand":[],"product_cat":[327,323,363,470,33],"product_tag":[194],"class_list":{"0":"post-43876","1":"product","2":"type-product","3":"status-publish","4":"has-post-thumbnail","6":"product_cat-prislusenstvi","7":"product_cat-profily-pro-led-pasky","8":"product_cat-uchytky","9":"product_cat-zavesne-prvky","10":"product_cat-zdrave-osvetleni","11":"product_tag-klus","12":"product_shipping_class-zakladni","14":"first","15":"instock","16":"taxable","17":"shipping-taxable","18":"purchasable","19":"product-type-simple"},"acf":[],"_links":{"self":[{"href":"https:\/\/svitimprotebe.cz\/eshop\/wp-json\/wp\/v2\/product\/43876","targetHints":{"allow":["GET"]}}],"collection":[{"href":"https:\/\/svitimprotebe.cz\/eshop\/wp-json\/wp\/v2\/product"}],"about":[{"href":"https:\/\/svitimprotebe.cz\/eshop\/wp-json\/wp\/v2\/types\/product"}],"version-history":[{"count":0,"href":"https:\/\/svitimprotebe.cz\/eshop\/wp-json\/wp\/v2\/product\/43876\/revisions"}],"wp:featuredmedia":[{"embeddable":true,"href":"https:\/\/svitimprotebe.cz\/eshop\/wp-json\/wp\/v2\/media\/46150"}],"wp:attachment":[{"href":"https:\/\/svitimprotebe.cz\/eshop\/wp-json\/wp\/v2\/media?parent=43876"}],"wp:term":[{"taxonomy":"product_brand","embeddable":true,"href":"https:\/\/svitimprotebe.cz\/eshop\/wp-json\/wp\/v2\/product_brand?post=43876"},{"taxonomy":"product_cat","embeddable":true,"href":"https:\/\/svitimprotebe.cz\/eshop\/wp-json\/wp\/v2\/product_cat?post=43876"},{"taxonomy":"product_tag","embeddable":true,"href":"https:\/\/svitimprotebe.cz\/eshop\/wp-json\/wp\/v2\/product_tag?post=43876"}],"curies":[{"name":"wp","href":"https:\/\/api.w.org\/{rel}","templated":true}]}}