{"id":43947,"date":"2022-06-24T06:46:45","date_gmt":"2022-06-24T04:46:45","guid":{"rendered":"https:\/\/svitimprotebe.cz\/eshop\/?post_type=product&#038;p=43947"},"modified":"2025-09-24T10:20:42","modified_gmt":"2025-09-24T08:20:42","slug":"uchytka-regip","status":"publish","type":"product","link":"https:\/\/svitimprotebe.cz\/eshop\/uchytka-regip\/","title":{"rendered":"\u00dachytka REGIP"},"content":{"rendered":"","protected":false},"excerpt":{"rendered":"<p><P><FONT size=5><STRONG>\u2022<\/STRONG><\/FONT> Pohybliv\u00e9 rameno pro p\u0159\u00edslu\u0161n\u00e9 profily<BR><STRONG><FONT size=5>\u2022<\/FONT><\/STRONG> Regulace \u00fahlu osv\u011btlen\u00ed 0 \u2022 150\u00b0<BR><STRONG><FONT size=5>\u2022<\/FONT><\/STRONG> Otvor pro \u0161roub je&nbsp;um\u00edst\u011bn pod krytem v&nbsp;z\u00e1kladn\u011b<BR><FONT size=5>\u2022<\/FONT> Ur\u010deno do interi\u00e9ru<\/P><\/p>\n","protected":false},"featured_media":26164,"template":"","meta":{"_acf_changed":false},"product_brand":[],"product_cat":[327,323,470,33],"product_tag":[194],"class_list":{"0":"post-43947","1":"product","2":"type-product","3":"status-publish","4":"has-post-thumbnail","6":"product_cat-prislusenstvi","7":"product_cat-profily-pro-led-pasky","8":"product_cat-zavesne-prvky","9":"product_cat-zdrave-osvetleni","10":"product_tag-klus","11":"product_shipping_class-zakladni","13":"first","14":"instock","15":"taxable","16":"shipping-taxable","17":"purchasable","18":"product-type-simple"},"acf":[],"_links":{"self":[{"href":"https:\/\/svitimprotebe.cz\/eshop\/wp-json\/wp\/v2\/product\/43947","targetHints":{"allow":["GET"]}}],"collection":[{"href":"https:\/\/svitimprotebe.cz\/eshop\/wp-json\/wp\/v2\/product"}],"about":[{"href":"https:\/\/svitimprotebe.cz\/eshop\/wp-json\/wp\/v2\/types\/product"}],"version-history":[{"count":0,"href":"https:\/\/svitimprotebe.cz\/eshop\/wp-json\/wp\/v2\/product\/43947\/revisions"}],"wp:featuredmedia":[{"embeddable":true,"href":"https:\/\/svitimprotebe.cz\/eshop\/wp-json\/wp\/v2\/media\/26164"}],"wp:attachment":[{"href":"https:\/\/svitimprotebe.cz\/eshop\/wp-json\/wp\/v2\/media?parent=43947"}],"wp:term":[{"taxonomy":"product_brand","embeddable":true,"href":"https:\/\/svitimprotebe.cz\/eshop\/wp-json\/wp\/v2\/product_brand?post=43947"},{"taxonomy":"product_cat","embeddable":true,"href":"https:\/\/svitimprotebe.cz\/eshop\/wp-json\/wp\/v2\/product_cat?post=43947"},{"taxonomy":"product_tag","embeddable":true,"href":"https:\/\/svitimprotebe.cz\/eshop\/wp-json\/wp\/v2\/product_tag?post=43947"}],"curies":[{"name":"wp","href":"https:\/\/api.w.org\/{rel}","templated":true}]}}