{"id":44239,"date":"2022-06-24T06:49:35","date_gmt":"2022-06-24T04:49:35","guid":{"rendered":"https:\/\/svitimprotebe.cz\/eshop\/?post_type=product&#038;p=44239"},"modified":"2026-03-16T11:07:47","modified_gmt":"2026-03-16T10:07:47","slug":"uchytka-pds-cerna","status":"publish","type":"product","link":"https:\/\/svitimprotebe.cz\/eshop\/uchytka-pds-cerna\/","title":{"rendered":"\u00dachytka PDS \u010dern\u00e1"},"content":{"rendered":"","protected":false},"excerpt":{"rendered":"<p><span style=\"font-size: x-large;\">\u2022<\/span> Snadn\u00e9 p\u0159ipevn\u011bn\u00ed lehk\u00e9ho sv\u00edtidla k&nbsp;povrchu<br \/>\n<span style=\"font-size: x-large;\">\u2022<\/span> Vyrobeno z&nbsp;nerezov\u00e9 oceli a lakov\u00e1no pr\u00e1\u0161kovou barvou<br \/>\n<span style=\"font-size: x-large;\">\u2022<\/span> \u00dachytku mo\u017en\u00e9 pou\u017e\u00edt tak\u00e9 v&nbsp;exteri\u00e9ru, odoln\u00e1 v\u016f\u010di vn\u011bj\u0161\u00edm faktor\u016fm<\/p>\n","protected":false},"featured_media":46346,"template":"","meta":{"_acf_changed":false},"product_brand":[],"product_cat":[33,323,327,470,363],"product_tag":[194],"class_list":{"0":"post-44239","1":"product","2":"type-product","3":"status-publish","4":"has-post-thumbnail","6":"product_cat-zdrave-osvetleni","7":"product_cat-profily-pro-led-pasky","8":"product_cat-prislusenstvi","9":"product_cat-zavesne-prvky","10":"product_cat-uchytky","11":"product_tag-klus","12":"product_shipping_class-zakladni","14":"first","15":"instock","16":"taxable","17":"shipping-taxable","18":"purchasable","19":"product-type-simple"},"acf":[],"_links":{"self":[{"href":"https:\/\/svitimprotebe.cz\/eshop\/wp-json\/wp\/v2\/product\/44239","targetHints":{"allow":["GET"]}}],"collection":[{"href":"https:\/\/svitimprotebe.cz\/eshop\/wp-json\/wp\/v2\/product"}],"about":[{"href":"https:\/\/svitimprotebe.cz\/eshop\/wp-json\/wp\/v2\/types\/product"}],"version-history":[{"count":0,"href":"https:\/\/svitimprotebe.cz\/eshop\/wp-json\/wp\/v2\/product\/44239\/revisions"}],"wp:featuredmedia":[{"embeddable":true,"href":"https:\/\/svitimprotebe.cz\/eshop\/wp-json\/wp\/v2\/media\/46346"}],"wp:attachment":[{"href":"https:\/\/svitimprotebe.cz\/eshop\/wp-json\/wp\/v2\/media?parent=44239"}],"wp:term":[{"taxonomy":"product_brand","embeddable":true,"href":"https:\/\/svitimprotebe.cz\/eshop\/wp-json\/wp\/v2\/product_brand?post=44239"},{"taxonomy":"product_cat","embeddable":true,"href":"https:\/\/svitimprotebe.cz\/eshop\/wp-json\/wp\/v2\/product_cat?post=44239"},{"taxonomy":"product_tag","embeddable":true,"href":"https:\/\/svitimprotebe.cz\/eshop\/wp-json\/wp\/v2\/product_tag?post=44239"}],"curies":[{"name":"wp","href":"https:\/\/api.w.org\/{rel}","templated":true}]}}