{"id":44635,"date":"2022-06-24T06:53:38","date_gmt":"2022-06-24T04:53:38","guid":{"rendered":"https:\/\/svitimprotebe.cz\/eshop\/?post_type=product&#038;p=44635"},"modified":"2025-11-04T08:36:42","modified_gmt":"2025-11-04T07:36:42","slug":"difuzor-ka-pro-mlecny","status":"publish","type":"product","link":"https:\/\/svitimprotebe.cz\/eshop\/difuzor-ka-pro-mlecny\/","title":{"rendered":"Difuzor KA-PRO ml\u00e9\u010dn\u00fd"},"content":{"rendered":"<p><strong>\u00da\u010del produktu<\/strong><br \/>\n&#8211; ochrana LED zdroje a rozptylov\u00e1n\u00ed sv\u011btla<\/p>\n<p><strong>Instalace<\/strong><br \/>\n&#8211;\u00a0nacvaknut\u00edm do p\u0159\u00edslu\u0161n\u00e9ho profilu<\/p>\n<p><strong>Dal\u0161\u00ed informace<\/strong><br \/>\n&#8211; propustnost sv\u011btla a\u017e 80&nbsp;%<\/p>\n","protected":false},"excerpt":{"rendered":"<p>Dob\u0159e rozptyluje sv\u011btlo. Zv\u00fd\u0161en\u00e1 odolnost v\u016f\u010di UV z\u00e1\u0159en\u00ed.<\/p>\n","protected":false},"featured_media":14254,"template":"","meta":{"_acf_changed":false},"product_brand":[],"product_cat":[323,327,333,334],"product_tag":[194],"class_list":{"0":"post-44635","1":"product","2":"type-product","3":"status-publish","4":"has-post-thumbnail","6":"product_cat-profily-pro-led-pasky","7":"product_cat-prislusenstvi","8":"product_cat-difuzory","9":"product_cat-mlecne","10":"product_tag-klus","11":"product_shipping_class-zakladni","12":"pa_delka-1388","13":"pa_delka-1389","14":"pa_delka-1390","15":"pa_sirka-prumer-1942","16":"pa_vyska-1669","18":"first","19":"instock","20":"taxable","21":"shipping-taxable","22":"purchasable","23":"product-type-variable"},"acf":[],"_links":{"self":[{"href":"https:\/\/svitimprotebe.cz\/eshop\/wp-json\/wp\/v2\/product\/44635","targetHints":{"allow":["GET"]}}],"collection":[{"href":"https:\/\/svitimprotebe.cz\/eshop\/wp-json\/wp\/v2\/product"}],"about":[{"href":"https:\/\/svitimprotebe.cz\/eshop\/wp-json\/wp\/v2\/types\/product"}],"version-history":[{"count":0,"href":"https:\/\/svitimprotebe.cz\/eshop\/wp-json\/wp\/v2\/product\/44635\/revisions"}],"wp:featuredmedia":[{"embeddable":true,"href":"https:\/\/svitimprotebe.cz\/eshop\/wp-json\/wp\/v2\/media\/14254"}],"wp:attachment":[{"href":"https:\/\/svitimprotebe.cz\/eshop\/wp-json\/wp\/v2\/media?parent=44635"}],"wp:term":[{"taxonomy":"product_brand","embeddable":true,"href":"https:\/\/svitimprotebe.cz\/eshop\/wp-json\/wp\/v2\/product_brand?post=44635"},{"taxonomy":"product_cat","embeddable":true,"href":"https:\/\/svitimprotebe.cz\/eshop\/wp-json\/wp\/v2\/product_cat?post=44635"},{"taxonomy":"product_tag","embeddable":true,"href":"https:\/\/svitimprotebe.cz\/eshop\/wp-json\/wp\/v2\/product_tag?post=44635"}],"curies":[{"name":"wp","href":"https:\/\/api.w.org\/{rel}","templated":true}]}}