{"id":44725,"date":"2022-06-24T06:54:38","date_gmt":"2022-06-24T04:54:38","guid":{"rendered":"https:\/\/svitimprotebe.cz\/eshop\/?post_type=product&#038;p=44725"},"modified":"2025-07-21T13:17:21","modified_gmt":"2025-07-21T11:17:21","slug":"zaveska-fi-10-zm-p","status":"publish","type":"product","link":"https:\/\/svitimprotebe.cz\/eshop\/zaveska-fi-10-zm-p\/","title":{"rendered":"Z\u00e1v\u011bska FI-10-ZM-P"},"content":{"rendered":"<p><P><STRONG>\u00da\u010del produktu <\/STRONG><BR>&nbsp;&#8211; z\u00e1v\u011bska je ur\u010den\u00e1 do profil\u016f s&nbsp;mal\u00fdm z\u00e1mkem (ZM)<\/P><br \/>\n<P><STRONG>Instalace <\/STRONG><BR>&nbsp;&#8211; vsunut\u00edm z\u00e1v\u011bsky do dr\u00e1\u017eky v&nbsp;profilu <BR>&nbsp;&#8211; aretace hlavy z\u00e1v\u011bsky dota\u017een\u00edm ve zvolen\u00e9m m\u00edst\u011b<BR>&nbsp;&#8211; aretace lanka nebo prutu v&nbsp;hlavici z\u00e1v\u011bsky pomoc\u00ed areta\u010dn\u00edho \u0161roubku<\/P><br \/>\n<P><STRONG>Dal\u0161\u00ed informace<\/STRONG><BR>&nbsp;&#8211; p\u0159izp\u016fsobeno pro pruty a&nbsp;lanka o max. tlou\u0161\u0165ce 3 mm<\/P><\/p>\n","protected":false},"excerpt":{"rendered":"<p><P><FONT color=#ff0000 size=5><FONT color=#000000>\u2022<FONT size=3> <\/FONT><\/FONT><\/FONT>P\u0159\u00ed\u010dn\u00e1 z\u00e1v\u011bska do LED profil\u016f s&nbsp;mal\u00fdm z\u00e1mkem (ZM)<BR><FONT color=#ff0000 size=5><FONT color=#000000>\u2022<FONT size=3> <\/FONT><FONT size=3>Uchycen\u00ed pro prut nebo lanko<BR><STRONG><FONT size=5>\u2022<\/FONT><\/STRONG> Minimalistick\u00e1<\/P><\/FONT><\/FONT><\/FONT><\/p>\n","protected":false},"featured_media":26315,"template":"","meta":{"_acf_changed":false},"product_brand":[],"product_cat":[327,323],"product_tag":[194],"class_list":{"0":"post-44725","1":"product","2":"type-product","3":"status-publish","4":"has-post-thumbnail","6":"product_cat-prislusenstvi","7":"product_cat-profily-pro-led-pasky","8":"product_tag-klus","9":"product_shipping_class-zakladni","11":"first","12":"instock","13":"taxable","14":"shipping-taxable","15":"purchasable","16":"product-type-simple"},"acf":[],"_links":{"self":[{"href":"https:\/\/svitimprotebe.cz\/eshop\/wp-json\/wp\/v2\/product\/44725","targetHints":{"allow":["GET"]}}],"collection":[{"href":"https:\/\/svitimprotebe.cz\/eshop\/wp-json\/wp\/v2\/product"}],"about":[{"href":"https:\/\/svitimprotebe.cz\/eshop\/wp-json\/wp\/v2\/types\/product"}],"version-history":[{"count":0,"href":"https:\/\/svitimprotebe.cz\/eshop\/wp-json\/wp\/v2\/product\/44725\/revisions"}],"wp:featuredmedia":[{"embeddable":true,"href":"https:\/\/svitimprotebe.cz\/eshop\/wp-json\/wp\/v2\/media\/26315"}],"wp:attachment":[{"href":"https:\/\/svitimprotebe.cz\/eshop\/wp-json\/wp\/v2\/media?parent=44725"}],"wp:term":[{"taxonomy":"product_brand","embeddable":true,"href":"https:\/\/svitimprotebe.cz\/eshop\/wp-json\/wp\/v2\/product_brand?post=44725"},{"taxonomy":"product_cat","embeddable":true,"href":"https:\/\/svitimprotebe.cz\/eshop\/wp-json\/wp\/v2\/product_cat?post=44725"},{"taxonomy":"product_tag","embeddable":true,"href":"https:\/\/svitimprotebe.cz\/eshop\/wp-json\/wp\/v2\/product_tag?post=44725"}],"curies":[{"name":"wp","href":"https:\/\/api.w.org\/{rel}","templated":true}]}}