{"id":44798,"date":"2022-06-24T06:55:15","date_gmt":"2022-06-24T04:55:15","guid":{"rendered":"https:\/\/svitimprotebe.cz\/eshop\/?post_type=product&#038;p=44798"},"modified":"2026-03-13T09:08:26","modified_gmt":"2026-03-13T08:08:26","slug":"zaslepka-pds-zm-metalicka","status":"publish","type":"product","link":"https:\/\/svitimprotebe.cz\/eshop\/zaslepka-pds-zm-metalicka\/","title":{"rendered":"Z\u00e1slepka PDS-ZM metalick\u00e1"},"content":{"rendered":"","protected":false},"excerpt":{"rendered":"<p><P><STRONG><FONT color=#ff0000 size=5>\u2022 <\/FONT><\/STRONG>Vysok\u00e1 odolnost proti zni\u010den\u00ed<BR><STRONG><FONT color=#ff0000 size=5>\u2022 <\/FONT><\/STRONG>Nepodl\u00e9h\u00e1 korozi<BR><STRONG><FONT color=#ff0000 size=5>\u2022 <\/FONT><\/STRONG>Jednoduch\u00e1 mont\u00e1\u017e<BR><STRONG><FONT color=#ff0000 size=5>\u2022 <\/FONT><\/STRONG>Estetick\u00e9 ukon\u010den\u00ed profilu<\/P><\/p>\n","protected":false},"featured_media":26352,"template":"","meta":{"_acf_changed":false},"product_brand":[],"product_cat":[349,327,323,328],"product_tag":[194],"class_list":{"0":"post-44798","1":"product","2":"type-product","3":"status-publish","4":"has-post-thumbnail","6":"product_cat-metalicke","7":"product_cat-prislusenstvi","8":"product_cat-profily-pro-led-pasky","9":"product_cat-zaslepky","10":"product_tag-klus","11":"product_shipping_class-zakladni","13":"first","14":"instock","15":"taxable","16":"shipping-taxable","17":"purchasable","18":"product-type-simple"},"acf":[],"_links":{"self":[{"href":"https:\/\/svitimprotebe.cz\/eshop\/wp-json\/wp\/v2\/product\/44798","targetHints":{"allow":["GET"]}}],"collection":[{"href":"https:\/\/svitimprotebe.cz\/eshop\/wp-json\/wp\/v2\/product"}],"about":[{"href":"https:\/\/svitimprotebe.cz\/eshop\/wp-json\/wp\/v2\/types\/product"}],"version-history":[{"count":0,"href":"https:\/\/svitimprotebe.cz\/eshop\/wp-json\/wp\/v2\/product\/44798\/revisions"}],"wp:featuredmedia":[{"embeddable":true,"href":"https:\/\/svitimprotebe.cz\/eshop\/wp-json\/wp\/v2\/media\/26352"}],"wp:attachment":[{"href":"https:\/\/svitimprotebe.cz\/eshop\/wp-json\/wp\/v2\/media?parent=44798"}],"wp:term":[{"taxonomy":"product_brand","embeddable":true,"href":"https:\/\/svitimprotebe.cz\/eshop\/wp-json\/wp\/v2\/product_brand?post=44798"},{"taxonomy":"product_cat","embeddable":true,"href":"https:\/\/svitimprotebe.cz\/eshop\/wp-json\/wp\/v2\/product_cat?post=44798"},{"taxonomy":"product_tag","embeddable":true,"href":"https:\/\/svitimprotebe.cz\/eshop\/wp-json\/wp\/v2\/product_tag?post=44798"}],"curies":[{"name":"wp","href":"https:\/\/api.w.org\/{rel}","templated":true}]}}