{"id":44955,"date":"2022-06-24T06:56:46","date_gmt":"2022-06-24T04:56:46","guid":{"rendered":"https:\/\/svitimprotebe.cz\/eshop\/?post_type=product&#038;p=44955"},"modified":"2025-07-21T13:14:29","modified_gmt":"2025-07-21T11:14:29","slug":"napajeci-zaveska-pusz-lin-zm-cerna","status":"publish","type":"product","link":"https:\/\/svitimprotebe.cz\/eshop\/napajeci-zaveska-pusz-lin-zm-cerna\/","title":{"rendered":"Nap\u00e1jec\u00ed z\u00e1v\u011bska PUSZ-LIN-ZM \u010dern\u00e1"},"content":{"rendered":"<p><P><STRONG>\u00da\u010del produktu <\/STRONG><BR>&nbsp;&#8211; z\u00e1v\u011bska je ur\u010den\u00e1 do profil\u016f s&nbsp;mal\u00fdm z\u00e1mkem (ZM)<BR>&nbsp;&#8211; veden\u00ed nap\u011bt\u00ed<BR>&nbsp;&#8211; zv\u00fd\u0161en\u00e1 nosnost pro zav\u011b\u0161en\u00ed t\u011b\u017e\u0161\u00edch sv\u00edtidel<\/P><br \/>\n<P><STRONG>Instalace <\/STRONG><BR>&nbsp;&#8211; vyvrt\u00e1n\u00ed otvoru&nbsp;v&nbsp;dr\u00e1\u017ece profilu ve zvolen\u00e9m m\u00edst\u011b<BR>&nbsp;&#8211; vsunut\u00ed z\u00e1tky z\u00e1v\u011bsky do dr\u00e1\u017eky a vyta\u017een\u00ed vodi\u010de ze sv\u00edtidla skrz z\u00e1tku<BR>&nbsp;&#8211; p\u0159ipojen\u00ed nap\u00e1jec\u00edho lanka na vodi\u010d ze sv\u00edtidla pomoc\u00ed p\u0159\u00edslu\u0161enstv\u00ed a&nbsp;nasunut\u00ed t\u011bla z\u00e1v\u011bsky na&nbsp;lanko<BR>&nbsp;&#8211; aretace t\u011bla z\u00e1v\u011bsky na&nbsp;z\u00e1tku z\u00e1v\u011bsky<\/P><br \/>\n<P><STRONG>Dal\u0161\u00ed informace<\/STRONG><BR>&nbsp;&#8211; p\u0159izp\u016fsobeno pro lanka o max. tlou\u0161\u0165ce&nbsp;1 mm<\/P><\/p>\n","protected":false},"excerpt":{"rendered":"<p><P><FONT color=#ff0000 size=5><FONT color=#000000>\u2022<FONT size=3> <\/FONT><\/FONT><\/FONT>Nap\u00e1jec\u00ed z\u00e1v\u011bska do LED profil\u016f s&nbsp;mal\u00fdm z\u00e1mkem (ZM)<BR><FONT color=#ff0000 size=5><FONT color=#000000>\u2022<FONT size=3> <\/FONT><FONT size=3>Uchycen\u00ed pro&nbsp;<U>lanko<\/U><BR><FONT size=5>\u2022<FONT size=3> Jednop\u00f3lov\u00e9 veden\u00ed nap\u011bt\u00ed 12 V&nbsp;nebo 24 V&nbsp;DC<\/FONT><\/FONT><\/P><\/FONT><\/FONT><\/FONT><\/p>\n","protected":false},"featured_media":26419,"template":"","meta":{"_acf_changed":false},"product_brand":[],"product_cat":[323,327],"product_tag":[194],"class_list":{"0":"post-44955","1":"product","2":"type-product","3":"status-publish","4":"has-post-thumbnail","6":"product_cat-profily-pro-led-pasky","7":"product_cat-prislusenstvi","8":"product_tag-klus","9":"product_shipping_class-zakladni","11":"first","12":"instock","13":"taxable","14":"shipping-taxable","15":"purchasable","16":"product-type-simple"},"acf":[],"_links":{"self":[{"href":"https:\/\/svitimprotebe.cz\/eshop\/wp-json\/wp\/v2\/product\/44955","targetHints":{"allow":["GET"]}}],"collection":[{"href":"https:\/\/svitimprotebe.cz\/eshop\/wp-json\/wp\/v2\/product"}],"about":[{"href":"https:\/\/svitimprotebe.cz\/eshop\/wp-json\/wp\/v2\/types\/product"}],"version-history":[{"count":0,"href":"https:\/\/svitimprotebe.cz\/eshop\/wp-json\/wp\/v2\/product\/44955\/revisions"}],"wp:featuredmedia":[{"embeddable":true,"href":"https:\/\/svitimprotebe.cz\/eshop\/wp-json\/wp\/v2\/media\/26419"}],"wp:attachment":[{"href":"https:\/\/svitimprotebe.cz\/eshop\/wp-json\/wp\/v2\/media?parent=44955"}],"wp:term":[{"taxonomy":"product_brand","embeddable":true,"href":"https:\/\/svitimprotebe.cz\/eshop\/wp-json\/wp\/v2\/product_brand?post=44955"},{"taxonomy":"product_cat","embeddable":true,"href":"https:\/\/svitimprotebe.cz\/eshop\/wp-json\/wp\/v2\/product_cat?post=44955"},{"taxonomy":"product_tag","embeddable":true,"href":"https:\/\/svitimprotebe.cz\/eshop\/wp-json\/wp\/v2\/product_tag?post=44955"}],"curies":[{"name":"wp","href":"https:\/\/api.w.org\/{rel}","templated":true}]}}