{"id":45006,"date":"2022-06-24T06:57:11","date_gmt":"2022-06-24T04:57:11","guid":{"rendered":"https:\/\/svitimprotebe.cz\/eshop\/?post_type=product&#038;p=45006"},"modified":"2025-07-21T13:14:28","modified_gmt":"2025-07-21T11:14:28","slug":"zaslepka-pds-zm-plus-cerna","status":"publish","type":"product","link":"https:\/\/svitimprotebe.cz\/eshop\/zaslepka-pds-zm-plus-cerna\/","title":{"rendered":"Z\u00e1slepka PDS-ZM-PLUS \u010dern\u00e1"},"content":{"rendered":"","protected":false},"excerpt":{"rendered":"<p><P><STRONG><FONT color=#ff0000 size=5>\u2022 <\/FONT><\/STRONG>Vysok\u00e1 odolnost proti zni\u010den\u00ed<BR><STRONG><FONT color=#ff0000 size=5>\u2022 <\/FONT><\/STRONG>Nepodl\u00e9h\u00e1 korozi<BR><STRONG><FONT color=#ff0000 size=5>\u2022 <\/FONT><\/STRONG>Jednoduch\u00e1 mont\u00e1\u017e<BR><STRONG><FONT color=#ff0000 size=5>\u2022 <\/FONT><\/STRONG>Estetick\u00e9 ukon\u010den\u00ed profilu<\/P><\/p>\n","protected":false},"featured_media":26429,"template":"","meta":{"_acf_changed":false},"product_brand":[],"product_cat":[323,327,328,355],"product_tag":[194],"class_list":{"0":"post-45006","1":"product","2":"type-product","3":"status-publish","4":"has-post-thumbnail","6":"product_cat-profily-pro-led-pasky","7":"product_cat-prislusenstvi","8":"product_cat-zaslepky","9":"product_cat-cerne","10":"product_tag-klus","11":"product_shipping_class-zakladni","13":"first","14":"instock","15":"taxable","16":"shipping-taxable","17":"purchasable","18":"product-type-simple"},"acf":[],"_links":{"self":[{"href":"https:\/\/svitimprotebe.cz\/eshop\/wp-json\/wp\/v2\/product\/45006","targetHints":{"allow":["GET"]}}],"collection":[{"href":"https:\/\/svitimprotebe.cz\/eshop\/wp-json\/wp\/v2\/product"}],"about":[{"href":"https:\/\/svitimprotebe.cz\/eshop\/wp-json\/wp\/v2\/types\/product"}],"version-history":[{"count":0,"href":"https:\/\/svitimprotebe.cz\/eshop\/wp-json\/wp\/v2\/product\/45006\/revisions"}],"wp:featuredmedia":[{"embeddable":true,"href":"https:\/\/svitimprotebe.cz\/eshop\/wp-json\/wp\/v2\/media\/26429"}],"wp:attachment":[{"href":"https:\/\/svitimprotebe.cz\/eshop\/wp-json\/wp\/v2\/media?parent=45006"}],"wp:term":[{"taxonomy":"product_brand","embeddable":true,"href":"https:\/\/svitimprotebe.cz\/eshop\/wp-json\/wp\/v2\/product_brand?post=45006"},{"taxonomy":"product_cat","embeddable":true,"href":"https:\/\/svitimprotebe.cz\/eshop\/wp-json\/wp\/v2\/product_cat?post=45006"},{"taxonomy":"product_tag","embeddable":true,"href":"https:\/\/svitimprotebe.cz\/eshop\/wp-json\/wp\/v2\/product_tag?post=45006"}],"curies":[{"name":"wp","href":"https:\/\/api.w.org\/{rel}","templated":true}]}}