{"id":45031,"date":"2022-06-24T06:57:26","date_gmt":"2022-06-24T04:57:26","guid":{"rendered":"https:\/\/svitimprotebe.cz\/eshop\/?post_type=product&#038;p=45031"},"modified":"2025-07-21T13:14:25","modified_gmt":"2025-07-21T11:14:25","slug":"uhlova-spojka-zm-t90-g","status":"publish","type":"product","link":"https:\/\/svitimprotebe.cz\/eshop\/uhlova-spojka-zm-t90-g\/","title":{"rendered":"\u00dahlov\u00e1 spojka ZM-T90-G"},"content":{"rendered":"<p><strong>\u00da\u010del produktu<\/strong><br \/>\n&nbsp;&#8211; ke spojov\u00e1n\u00ed&nbsp;anodizovan\u00fdch profil\u016f KLU\u015a vybaven\u00fdch mal\u00fdm z\u00e1mkem (ZM)<\/p>\n<p><strong>Instalace<\/strong><br \/>\n&nbsp;&#8211; vsunut\u00edm do dr\u00e1\u017eky profil\u016f a&nbsp;uta\u017een\u00edm areta\u010dn\u00edch \u0161roubk\u016f<\/p>\n<p><strong>Dal\u0161\u00ed informace<\/strong><br \/>\n&nbsp;&#8211; vyrobeno z&nbsp;nerezov\u00e9 oceli s&nbsp;tlou\u0161\u0165kou 1,5 mm<br \/>\n&nbsp;&#8211; mo\u017enost zv\u011bt\u0161en\u00ed nebo zmen\u0161en\u00ed \u00fahlu&nbsp;\u00fahlov\u00e9 spojky a\u017e o 5 stup\u0148\u016f<\/p>\n","protected":false},"excerpt":{"rendered":"<p><span style=\"font-size: x-large;\">\u2022<span style=\"font-size: medium;\"> Pro anodizovan\u00e9 profily s&nbsp;mal\u00fdm z\u00e1mkem (ZM)<br \/>\n<\/span><\/span><span style=\"font-size: x-large;\">\u2022 <\/span>Mo\u017enost p\u0159izp\u016fsobit \u00fahel a\u017e o 5\u00b0<br \/>\n<span style=\"font-size: x-large;\">\u2022 <\/span>Dobr\u00e1 stabilizace profilov\u00fdch spoj\u016f<br \/>\n<span style=\"font-size: x-large;\">\u2022 <\/span>Mo\u017enost sestaven\u00ed sv\u00edtidel o r\u016fzn\u00fdch tvarech<\/p>\n","protected":false},"featured_media":50103,"template":"","meta":{"_acf_changed":false},"product_brand":[],"product_cat":[323,327,353],"product_tag":[194],"class_list":{"0":"post-45031","1":"product","2":"type-product","3":"status-publish","4":"has-post-thumbnail","6":"product_cat-profily-pro-led-pasky","7":"product_cat-prislusenstvi","8":"product_cat-spojovaci-prvky-profilu","9":"product_tag-klus","10":"product_shipping_class-zakladni","12":"first","13":"instock","14":"taxable","15":"shipping-taxable","16":"purchasable","17":"product-type-simple"},"acf":[],"_links":{"self":[{"href":"https:\/\/svitimprotebe.cz\/eshop\/wp-json\/wp\/v2\/product\/45031","targetHints":{"allow":["GET"]}}],"collection":[{"href":"https:\/\/svitimprotebe.cz\/eshop\/wp-json\/wp\/v2\/product"}],"about":[{"href":"https:\/\/svitimprotebe.cz\/eshop\/wp-json\/wp\/v2\/types\/product"}],"version-history":[{"count":0,"href":"https:\/\/svitimprotebe.cz\/eshop\/wp-json\/wp\/v2\/product\/45031\/revisions"}],"wp:featuredmedia":[{"embeddable":true,"href":"https:\/\/svitimprotebe.cz\/eshop\/wp-json\/wp\/v2\/media\/50103"}],"wp:attachment":[{"href":"https:\/\/svitimprotebe.cz\/eshop\/wp-json\/wp\/v2\/media?parent=45031"}],"wp:term":[{"taxonomy":"product_brand","embeddable":true,"href":"https:\/\/svitimprotebe.cz\/eshop\/wp-json\/wp\/v2\/product_brand?post=45031"},{"taxonomy":"product_cat","embeddable":true,"href":"https:\/\/svitimprotebe.cz\/eshop\/wp-json\/wp\/v2\/product_cat?post=45031"},{"taxonomy":"product_tag","embeddable":true,"href":"https:\/\/svitimprotebe.cz\/eshop\/wp-json\/wp\/v2\/product_tag?post=45031"}],"curies":[{"name":"wp","href":"https:\/\/api.w.org\/{rel}","templated":true}]}}