{"id":45052,"date":"2022-06-24T06:57:40","date_gmt":"2022-06-24T04:57:40","guid":{"rendered":"https:\/\/svitimprotebe.cz\/eshop\/?post_type=product&#038;p=45052"},"modified":"2025-10-28T20:03:50","modified_gmt":"2025-10-28T19:03:50","slug":"uchytka-gip-bila","status":"publish","type":"product","link":"https:\/\/svitimprotebe.cz\/eshop\/uchytka-gip-bila\/","title":{"rendered":"\u00dachytka GIP b\u00edl\u00e1"},"content":{"rendered":"","protected":false},"excerpt":{"rendered":"<p><span style=\"font-size: x-large;\">\u2022 <\/span>Snadn\u00e9 p\u0159ipevn\u011bn\u00ed lehk\u00e9ho sv\u00edtidla k&nbsp;povrchu<br \/>\n<span style=\"font-size: x-large;\">\u2022 <\/span>M\u00e1 otvor na upev\u0148ovac\u00ed \u0161roub a &#8220;k\u0159id\u00e9lka&#8221;, kter\u00e1 slou\u017e\u00ed jako z\u00e1v\u011bs sv\u00edtidla<br \/>\n<strong><span style=\"font-size: x-large;\">\u2022 <\/span><\/strong>Ur\u010deno do interi\u00e9ru i exteri\u00e9ru<\/p>\n","protected":false},"featured_media":46665,"template":"","meta":{"_acf_changed":false},"product_brand":[],"product_cat":[33,323,327,470,363],"product_tag":[194],"class_list":{"0":"post-45052","1":"product","2":"type-product","3":"status-publish","4":"has-post-thumbnail","6":"product_cat-zdrave-osvetleni","7":"product_cat-profily-pro-led-pasky","8":"product_cat-prislusenstvi","9":"product_cat-zavesne-prvky","10":"product_cat-uchytky","11":"product_tag-klus","12":"product_shipping_class-zakladni","14":"first","15":"instock","16":"taxable","17":"shipping-taxable","18":"purchasable","19":"product-type-simple"},"acf":[],"_links":{"self":[{"href":"https:\/\/svitimprotebe.cz\/eshop\/wp-json\/wp\/v2\/product\/45052","targetHints":{"allow":["GET"]}}],"collection":[{"href":"https:\/\/svitimprotebe.cz\/eshop\/wp-json\/wp\/v2\/product"}],"about":[{"href":"https:\/\/svitimprotebe.cz\/eshop\/wp-json\/wp\/v2\/types\/product"}],"version-history":[{"count":0,"href":"https:\/\/svitimprotebe.cz\/eshop\/wp-json\/wp\/v2\/product\/45052\/revisions"}],"wp:featuredmedia":[{"embeddable":true,"href":"https:\/\/svitimprotebe.cz\/eshop\/wp-json\/wp\/v2\/media\/46665"}],"wp:attachment":[{"href":"https:\/\/svitimprotebe.cz\/eshop\/wp-json\/wp\/v2\/media?parent=45052"}],"wp:term":[{"taxonomy":"product_brand","embeddable":true,"href":"https:\/\/svitimprotebe.cz\/eshop\/wp-json\/wp\/v2\/product_brand?post=45052"},{"taxonomy":"product_cat","embeddable":true,"href":"https:\/\/svitimprotebe.cz\/eshop\/wp-json\/wp\/v2\/product_cat?post=45052"},{"taxonomy":"product_tag","embeddable":true,"href":"https:\/\/svitimprotebe.cz\/eshop\/wp-json\/wp\/v2\/product_tag?post=45052"}],"curies":[{"name":"wp","href":"https:\/\/api.w.org\/{rel}","templated":true}]}}