{"id":45176,"date":"2022-06-24T06:58:49","date_gmt":"2022-06-24T04:58:49","guid":{"rendered":"https:\/\/svitimprotebe.cz\/eshop\/?post_type=product&#038;p=45176"},"modified":"2025-07-21T13:13:14","modified_gmt":"2025-07-21T11:13:14","slug":"setava-uchyceni-rd-2-bila","status":"publish","type":"product","link":"https:\/\/svitimprotebe.cz\/eshop\/setava-uchyceni-rd-2-bila\/","title":{"rendered":"Sestava uchycen\u00ed RD-2 b\u00edl\u00e1"},"content":{"rendered":"<p><strong>\u00da\u010del produktu<\/strong><br \/>\n&#8211; pro zav\u011b\u0161en\u00ed line\u00e1rn\u00edch LED sv\u00edtidel v&nbsp;naklon\u011bn\u00e9 poloze.<\/p>\n<p><strong>Instalace<\/strong><br \/>\n&#8211; mont\u00e1\u017e do stropu pomoc\u00ed stropn\u00edch dr\u017e\u00e1k\u016f s&nbsp;mont\u00e1\u017en\u00edm otvorem fi-5,<br \/>\n&#8211; mont\u00e1\u017e do profilu bez pou\u017eit\u00ed n\u00e1\u0159ad\u00ed,<br \/>\n&#8211; RD-2 mont\u00e1\u017e se spodn\u00edm nastaven\u00edm p\u0159i LED sv\u00edtidle pomoc\u00ed blokace kabelu a h\u00e1ku,<br \/>\n&#8211; z\u00e1mky z\u016fst\u00e1vaj\u00ed ve svisl\u00e9 poloze i p\u0159i r\u016fzn\u00fdch d\u00e9lk\u00e1ch kabel\u016f (v&nbsp;p\u0159\u00edpad\u011b naklon\u011bn\u00e9ho sv\u00edtidla).<\/p>\n<p><strong>Dal\u0161\u00ed informace<\/strong><br \/>\n&#8211; jsou dostupn\u00e9 r\u016fzn\u00e9 barevn\u00e9 verze.<\/p>\n","protected":false},"excerpt":{"rendered":"<p><span style=\"color: #ff0000; font-size: x-large;\"><strong>\u2022<\/strong> <\/span>Snadn\u00e9 nastaven\u00ed v\u00fd\u0161ky zav\u011b\u0161en\u00ed na strop\u011b p\u0159i sv\u00edtidle<br \/>\n<strong><span style=\"color: #ff0000; font-size: x-large;\">\u2022 <\/span><\/strong>Zav\u011b\u0161en\u00ed sv\u00edtidla v&nbsp;naklon\u011bn\u00e9 poloze<br \/>\n<strong><span style=\"color: #ff0000; font-size: x-large;\">\u2022 <\/span><\/strong>Snadn\u00e1 mont\u00e1\u017e<br \/>\n<strong><span style=\"color: #ff0000; font-size: x-large;\">\u2022 <\/span><\/strong>1,5&nbsp;m lanko je sou\u010d\u00e1st\u00ed balen\u00ed<\/p>\n","protected":false},"featured_media":46696,"template":"","meta":{"_acf_changed":false},"product_brand":[],"product_cat":[33,323,327,471],"product_tag":[194],"class_list":{"0":"post-45176","1":"product","2":"type-product","3":"status-publish","4":"has-post-thumbnail","6":"product_cat-zdrave-osvetleni","7":"product_cat-profily-pro-led-pasky","8":"product_cat-prislusenstvi","9":"product_cat-sestavy-pro-uchyceni","10":"product_tag-klus","11":"product_shipping_class-zakladni","13":"first","14":"instock","15":"taxable","16":"shipping-taxable","17":"purchasable","18":"product-type-simple"},"acf":[],"_links":{"self":[{"href":"https:\/\/svitimprotebe.cz\/eshop\/wp-json\/wp\/v2\/product\/45176","targetHints":{"allow":["GET"]}}],"collection":[{"href":"https:\/\/svitimprotebe.cz\/eshop\/wp-json\/wp\/v2\/product"}],"about":[{"href":"https:\/\/svitimprotebe.cz\/eshop\/wp-json\/wp\/v2\/types\/product"}],"version-history":[{"count":0,"href":"https:\/\/svitimprotebe.cz\/eshop\/wp-json\/wp\/v2\/product\/45176\/revisions"}],"wp:featuredmedia":[{"embeddable":true,"href":"https:\/\/svitimprotebe.cz\/eshop\/wp-json\/wp\/v2\/media\/46696"}],"wp:attachment":[{"href":"https:\/\/svitimprotebe.cz\/eshop\/wp-json\/wp\/v2\/media?parent=45176"}],"wp:term":[{"taxonomy":"product_brand","embeddable":true,"href":"https:\/\/svitimprotebe.cz\/eshop\/wp-json\/wp\/v2\/product_brand?post=45176"},{"taxonomy":"product_cat","embeddable":true,"href":"https:\/\/svitimprotebe.cz\/eshop\/wp-json\/wp\/v2\/product_cat?post=45176"},{"taxonomy":"product_tag","embeddable":true,"href":"https:\/\/svitimprotebe.cz\/eshop\/wp-json\/wp\/v2\/product_tag?post=45176"}],"curies":[{"name":"wp","href":"https:\/\/api.w.org\/{rel}","templated":true}]}}