{"id":45324,"date":"2022-06-24T07:00:03","date_gmt":"2022-06-24T05:00:03","guid":{"rendered":"https:\/\/svitimprotebe.cz\/eshop\/?post_type=product&#038;p=45324"},"modified":"2026-03-19T10:23:03","modified_gmt":"2026-03-19T09:23:03","slug":"kabelova-pruchodka-11-15","status":"publish","type":"product","link":"https:\/\/svitimprotebe.cz\/eshop\/kabelova-pruchodka-11-15\/","title":{"rendered":"Kabelov\u00e1 pr\u016fchodka 11 x 1,5"},"content":{"rendered":"<p><strong>\u00da\u010del produktu<br \/>\n<\/strong>&#8211; ochrana vodi\u010d\u016f p\u0159ed po\u0161kozen\u00edm izolace<br \/>\n&#8211; pro vodi\u010de s&nbsp;izolac\u00ed a kruhov\u00fdm pr\u016f\u0159ezem a pr\u016fm\u011brem 7 mm<\/p>\n<p><strong>Instalace<\/strong><br \/>\n&#8211; vsunut\u00edm do otvoru s&nbsp;pr\u016fm\u011brem 11 mm a s&nbsp;maxim\u00e1ln\u00ed tlou\u0161\u0165kou materi\u00e1lu 1,5 mm<\/p>\n<p><strong>Dal\u0161\u00ed informace<\/strong><br \/>\n&#8211; pr\u016fm\u011br mont\u00e1\u017en\u00edho otvoru: 11 mm<br \/>\n&#8211; pr\u016fm\u011br otvoru pro vodi\u010d: 7 mm<br \/>\n&#8211; tlou\u0161\u0165ka materi\u00e1lu: max. 1,5 mm<br \/>\n&#8211; druh materi\u00e1lu pr\u016fchodky: guma<br \/>\n&#8211; barva: \u010dern\u00e1<\/p>\n","protected":false},"excerpt":{"rendered":"<p><span style=\"font-size: x-large;\">\u2022<\/span> Ochrana vodi\u010de<br \/>\n<span style=\"font-size: x-large;\">\u2022 <span style=\"font-size: medium;\">Pro pr\u016fm\u011br vodi\u010de a\u017e&nbsp;7 mm<\/span><\/span><\/p>\n","protected":false},"featured_media":46813,"template":"","meta":{"_acf_changed":false},"product_brand":[],"product_cat":[33,323,327,472],"product_tag":[194],"class_list":{"0":"post-45324","1":"product","2":"type-product","3":"status-publish","4":"has-post-thumbnail","6":"product_cat-zdrave-osvetleni","7":"product_cat-profily-pro-led-pasky","8":"product_cat-prislusenstvi","9":"product_cat-tesnici-prvky","10":"product_tag-klus","11":"product_shipping_class-zakladni","13":"first","14":"instock","15":"taxable","16":"shipping-taxable","17":"purchasable","18":"product-type-simple"},"acf":[],"_links":{"self":[{"href":"https:\/\/svitimprotebe.cz\/eshop\/wp-json\/wp\/v2\/product\/45324","targetHints":{"allow":["GET"]}}],"collection":[{"href":"https:\/\/svitimprotebe.cz\/eshop\/wp-json\/wp\/v2\/product"}],"about":[{"href":"https:\/\/svitimprotebe.cz\/eshop\/wp-json\/wp\/v2\/types\/product"}],"version-history":[{"count":0,"href":"https:\/\/svitimprotebe.cz\/eshop\/wp-json\/wp\/v2\/product\/45324\/revisions"}],"wp:featuredmedia":[{"embeddable":true,"href":"https:\/\/svitimprotebe.cz\/eshop\/wp-json\/wp\/v2\/media\/46813"}],"wp:attachment":[{"href":"https:\/\/svitimprotebe.cz\/eshop\/wp-json\/wp\/v2\/media?parent=45324"}],"wp:term":[{"taxonomy":"product_brand","embeddable":true,"href":"https:\/\/svitimprotebe.cz\/eshop\/wp-json\/wp\/v2\/product_brand?post=45324"},{"taxonomy":"product_cat","embeddable":true,"href":"https:\/\/svitimprotebe.cz\/eshop\/wp-json\/wp\/v2\/product_cat?post=45324"},{"taxonomy":"product_tag","embeddable":true,"href":"https:\/\/svitimprotebe.cz\/eshop\/wp-json\/wp\/v2\/product_tag?post=45324"}],"curies":[{"name":"wp","href":"https:\/\/api.w.org\/{rel}","templated":true}]}}