{"id":45504,"date":"2022-06-24T07:04:46","date_gmt":"2022-06-24T05:04:46","guid":{"rendered":"https:\/\/svitimprotebe.cz\/eshop\/?post_type=product&#038;p=45504"},"modified":"2025-09-09T14:18:54","modified_gmt":"2025-09-09T12:18:54","slug":"uchytka-45-bila","status":"publish","type":"product","link":"https:\/\/svitimprotebe.cz\/eshop\/uchytka-45-bila\/","title":{"rendered":"\u00dachytka 45 b\u00edl\u00e1"},"content":{"rendered":"","protected":false},"excerpt":{"rendered":"<p><P><FONT size=5>\u2022<\/FONT> Snadn\u00e9 p\u0159ipevn\u011bn\u00ed lehk\u00e9ho sv\u00edtidla k&nbsp;povrchu <BR><FONT size=5>\u2022<\/FONT> Vyrobeno z&nbsp;nerezov\u00e9 oceli a lakov\u00e1no pr\u00e1\u0161kovou barvou<BR><FONT size=5>\u2022<\/FONT> \u00dachytku mo\u017en\u00e9 pou\u017e\u00edt tak\u00e9 v&nbsp;exteri\u00e9ru, odoln\u00e1 v\u016f\u010di vn\u011bj\u0161\u00edm faktor\u016fm<\/P><\/p>\n","protected":false},"featured_media":26556,"template":"","meta":{"_acf_changed":false},"product_brand":[],"product_cat":[327,323,470,33],"product_tag":[194],"class_list":{"0":"post-45504","1":"product","2":"type-product","3":"status-publish","4":"has-post-thumbnail","6":"product_cat-prislusenstvi","7":"product_cat-profily-pro-led-pasky","8":"product_cat-zavesne-prvky","9":"product_cat-zdrave-osvetleni","10":"product_tag-klus","11":"product_shipping_class-zakladni","13":"first","14":"instock","15":"taxable","16":"shipping-taxable","17":"purchasable","18":"product-type-simple"},"acf":[],"_links":{"self":[{"href":"https:\/\/svitimprotebe.cz\/eshop\/wp-json\/wp\/v2\/product\/45504","targetHints":{"allow":["GET"]}}],"collection":[{"href":"https:\/\/svitimprotebe.cz\/eshop\/wp-json\/wp\/v2\/product"}],"about":[{"href":"https:\/\/svitimprotebe.cz\/eshop\/wp-json\/wp\/v2\/types\/product"}],"version-history":[{"count":0,"href":"https:\/\/svitimprotebe.cz\/eshop\/wp-json\/wp\/v2\/product\/45504\/revisions"}],"wp:featuredmedia":[{"embeddable":true,"href":"https:\/\/svitimprotebe.cz\/eshop\/wp-json\/wp\/v2\/media\/26556"}],"wp:attachment":[{"href":"https:\/\/svitimprotebe.cz\/eshop\/wp-json\/wp\/v2\/media?parent=45504"}],"wp:term":[{"taxonomy":"product_brand","embeddable":true,"href":"https:\/\/svitimprotebe.cz\/eshop\/wp-json\/wp\/v2\/product_brand?post=45504"},{"taxonomy":"product_cat","embeddable":true,"href":"https:\/\/svitimprotebe.cz\/eshop\/wp-json\/wp\/v2\/product_cat?post=45504"},{"taxonomy":"product_tag","embeddable":true,"href":"https:\/\/svitimprotebe.cz\/eshop\/wp-json\/wp\/v2\/product_tag?post=45504"}],"curies":[{"name":"wp","href":"https:\/\/api.w.org\/{rel}","templated":true}]}}