{"id":45514,"date":"2022-06-24T07:04:54","date_gmt":"2022-06-24T05:04:54","guid":{"rendered":"https:\/\/svitimprotebe.cz\/eshop\/?post_type=product&#038;p=45514"},"modified":"2026-02-07T22:48:03","modified_gmt":"2026-02-07T21:48:03","slug":"zaslepka-giza-ll-bila","status":"publish","type":"product","link":"https:\/\/svitimprotebe.cz\/eshop\/zaslepka-giza-ll-bila\/","title":{"rendered":"Z\u00e1slepka GIZA-LL b\u00edl\u00e1"},"content":{"rendered":"","protected":false},"excerpt":{"rendered":"<p><P><STRONG><FONT color=#ff0000 size=5>\u2022 <\/FONT><\/STRONG>Vysok\u00e1 odolnost proti zni\u010den\u00ed<BR><STRONG><FONT color=#ff0000 size=5>\u2022 <\/FONT><\/STRONG>Nepodl\u00e9h\u00e1 korozi<BR><STRONG><FONT color=#ff0000 size=5>\u2022 <\/FONT><\/STRONG>Jednoduch\u00e1 mont\u00e1\u017e<BR><STRONG><FONT color=#ff0000 size=5>\u2022 <\/FONT><\/STRONG>Estetick\u00e9 ukon\u010den\u00ed profilu<\/P><\/p>\n","protected":false},"featured_media":26559,"template":"","meta":{"_acf_changed":false},"product_brand":[],"product_cat":[323,327,328,338],"product_tag":[194],"class_list":{"0":"post-45514","1":"product","2":"type-product","3":"status-publish","4":"has-post-thumbnail","6":"product_cat-profily-pro-led-pasky","7":"product_cat-prislusenstvi","8":"product_cat-zaslepky","9":"product_cat-bile","10":"product_tag-klus","11":"product_shipping_class-zakladni","13":"first","14":"onbackorder","15":"taxable","16":"shipping-taxable","17":"purchasable","18":"product-type-simple"},"acf":[],"_links":{"self":[{"href":"https:\/\/svitimprotebe.cz\/eshop\/wp-json\/wp\/v2\/product\/45514","targetHints":{"allow":["GET"]}}],"collection":[{"href":"https:\/\/svitimprotebe.cz\/eshop\/wp-json\/wp\/v2\/product"}],"about":[{"href":"https:\/\/svitimprotebe.cz\/eshop\/wp-json\/wp\/v2\/types\/product"}],"version-history":[{"count":0,"href":"https:\/\/svitimprotebe.cz\/eshop\/wp-json\/wp\/v2\/product\/45514\/revisions"}],"wp:featuredmedia":[{"embeddable":true,"href":"https:\/\/svitimprotebe.cz\/eshop\/wp-json\/wp\/v2\/media\/26559"}],"wp:attachment":[{"href":"https:\/\/svitimprotebe.cz\/eshop\/wp-json\/wp\/v2\/media?parent=45514"}],"wp:term":[{"taxonomy":"product_brand","embeddable":true,"href":"https:\/\/svitimprotebe.cz\/eshop\/wp-json\/wp\/v2\/product_brand?post=45514"},{"taxonomy":"product_cat","embeddable":true,"href":"https:\/\/svitimprotebe.cz\/eshop\/wp-json\/wp\/v2\/product_cat?post=45514"},{"taxonomy":"product_tag","embeddable":true,"href":"https:\/\/svitimprotebe.cz\/eshop\/wp-json\/wp\/v2\/product_tag?post=45514"}],"curies":[{"name":"wp","href":"https:\/\/api.w.org\/{rel}","templated":true}]}}