{"id":45566,"date":"2022-06-24T07:05:34","date_gmt":"2022-06-24T05:05:34","guid":{"rendered":"https:\/\/svitimprotebe.cz\/eshop\/?post_type=product&#038;p=45566"},"modified":"2025-09-09T15:37:30","modified_gmt":"2025-09-09T13:37:30","slug":"zaslepka-lipod-bila","status":"publish","type":"product","link":"https:\/\/svitimprotebe.cz\/eshop\/zaslepka-lipod-bila\/","title":{"rendered":"Z\u00e1slepka LIPOD b\u00edl\u00e1"},"content":{"rendered":"<div class=\"pc-info__title\">\u00da\u010cEL PRODUKTU<\/div>\n<div class=\"pc-info__content\">\n<ul>\n<li>&#8211; estetick\u00e9 proveden\u00ed a ochrana vnit\u0159ku sv\u00edtidla<\/li>\n<\/ul>\n<\/div>\n<div class=\"pc-info__title\">INSTALACE<\/div>\n<div class=\"pc-info__content\">\n<ul>\n<li>&#8211; do profilu, na zacvaknut\u00ed<\/li>\n<\/ul>\n<\/div>\n","protected":false},"excerpt":{"rendered":"<p><span style=\"font-size: x-large;\">\u2022 <\/span>Vysok\u00e1 odolnost proti zni\u010den\u00ed<br \/>\n<span style=\"font-size: x-large;\">\u2022 <\/span>Nepodl\u00e9h\u00e1 korozi<br \/>\n<span style=\"font-size: x-large;\">\u2022 <\/span>Jednoduch\u00e1 mont\u00e1\u017e<br \/>\n<span style=\"font-size: x-large;\">\u2022 <\/span>Estetick\u00e9 ukon\u010den\u00ed profilu<\/p>\n","protected":false},"featured_media":26575,"template":"","meta":{"_acf_changed":false},"product_brand":[],"product_cat":[323,327,328,338],"product_tag":[194],"class_list":{"0":"post-45566","1":"product","2":"type-product","3":"status-publish","4":"has-post-thumbnail","6":"product_cat-profily-pro-led-pasky","7":"product_cat-prislusenstvi","8":"product_cat-zaslepky","9":"product_cat-bile","10":"product_tag-klus","11":"product_shipping_class-zakladni","13":"first","14":"instock","15":"taxable","16":"shipping-taxable","17":"purchasable","18":"product-type-simple"},"acf":[],"_links":{"self":[{"href":"https:\/\/svitimprotebe.cz\/eshop\/wp-json\/wp\/v2\/product\/45566","targetHints":{"allow":["GET"]}}],"collection":[{"href":"https:\/\/svitimprotebe.cz\/eshop\/wp-json\/wp\/v2\/product"}],"about":[{"href":"https:\/\/svitimprotebe.cz\/eshop\/wp-json\/wp\/v2\/types\/product"}],"version-history":[{"count":0,"href":"https:\/\/svitimprotebe.cz\/eshop\/wp-json\/wp\/v2\/product\/45566\/revisions"}],"wp:featuredmedia":[{"embeddable":true,"href":"https:\/\/svitimprotebe.cz\/eshop\/wp-json\/wp\/v2\/media\/26575"}],"wp:attachment":[{"href":"https:\/\/svitimprotebe.cz\/eshop\/wp-json\/wp\/v2\/media?parent=45566"}],"wp:term":[{"taxonomy":"product_brand","embeddable":true,"href":"https:\/\/svitimprotebe.cz\/eshop\/wp-json\/wp\/v2\/product_brand?post=45566"},{"taxonomy":"product_cat","embeddable":true,"href":"https:\/\/svitimprotebe.cz\/eshop\/wp-json\/wp\/v2\/product_cat?post=45566"},{"taxonomy":"product_tag","embeddable":true,"href":"https:\/\/svitimprotebe.cz\/eshop\/wp-json\/wp\/v2\/product_tag?post=45566"}],"curies":[{"name":"wp","href":"https:\/\/api.w.org\/{rel}","templated":true}]}}