{"id":45651,"date":"2022-06-24T07:06:36","date_gmt":"2022-06-24T05:06:36","guid":{"rendered":"https:\/\/svitimprotebe.cz\/eshop\/?post_type=product&#038;p=45651"},"modified":"2025-07-21T13:12:02","modified_gmt":"2025-07-21T11:12:02","slug":"napajeci-zaveska-fi-8-lin-zmz-bila","status":"publish","type":"product","link":"https:\/\/svitimprotebe.cz\/eshop\/napajeci-zaveska-fi-8-lin-zmz-bila\/","title":{"rendered":"Nap\u00e1jec\u00ed z\u00e1v\u011bska FI-8-LIN-ZMZ b\u00edl\u00e1"},"content":{"rendered":"<p><P><STRONG>\u00da\u010del produktu<\/STRONG><BR>&nbsp;&#8211; z\u00e1v\u011bska je ur\u010den\u00e1 pro nap\u00e1jen\u00ed lehk\u00fdch sv\u00edtidel s&nbsp;mal\u00fdm z\u00e1mkem (ZM) <\/P><br \/>\n<P><STRONG>Instalace<\/STRONG><BR>&nbsp;&#8211; vyvrt\u00e1n\u00ed otvoru&nbsp;v&nbsp;dr\u00e1\u017ece profilu ve zvolen\u00e9m m\u00edst\u011b<BR>&nbsp;&#8211; vsunut\u00ed z\u00e1tky z\u00e1v\u011bsky do dr\u00e1\u017eky a&nbsp;prostr\u010den\u00ed vodi\u010de z\u00e1v\u011bsky&nbsp;do sv\u00edtidla skrz&nbsp;vyvrtan\u00fd otvor<BR>&nbsp;&#8211; p\u0159ipojen\u00ed nap\u00e1jec\u00edho lanka na vodi\u010d z\u00e1v\u011bsky a&nbsp;nasunut\u00ed t\u011bla z\u00e1v\u011bsky na&nbsp;lanko<BR>&nbsp;&#8211; aretace t\u011bla z\u00e1v\u011bsky na&nbsp;z\u00e1tku z\u00e1v\u011bsky a opatrn\u00e9 dota\u017een\u00ed areta\u010dn\u00edho \u0161roubku<\/P><br \/>\n<P><STRONG>Dal\u0161\u00ed informace<\/STRONG><BR>&nbsp;&#8211; p\u0159izp\u016fsobeno pro lanka s&nbsp;pr\u016fm\u011brem od 0,5 mm do 1,5 mm<\/P><\/p>\n","protected":false},"excerpt":{"rendered":"<p><P><FONT size=5>\u2022&nbsp;<FONT size=3>Pod\u00e9ln\u00e1 nap\u00e1jec\u00ed jednop\u00f3lov\u00e1 z\u00e1v\u011bska<\/FONT><\/FONT><BR><FONT size=5>\u2022<FONT size=3>&nbsp;Uchycen\u00ed v&nbsp;dr\u00e1\u017ece profilu s&nbsp;mal\u00fdm typem z\u00e1mku&nbsp;(ZM)<\/FONT><\/FONT><BR><FONT size=5>\u2022 <\/FONT><FONT size=3>P\u0159id\u00e1n n\u00e1hradn\u00ed vodi\u010d<\/FONT><BR><FONT size=5>\u2022<FONT size=3> Jednop\u00f3lov\u00e9 veden\u00ed nap\u011bt\u00ed 12 V&nbsp;nebo 24 V&nbsp;DC<\/P><\/FONT><\/FONT><\/p>\n","protected":false},"featured_media":26635,"template":"","meta":{"_acf_changed":false},"product_brand":[],"product_cat":[323,327,346],"product_tag":[194],"class_list":{"0":"post-45651","1":"product","2":"type-product","3":"status-publish","4":"has-post-thumbnail","6":"product_cat-profily-pro-led-pasky","7":"product_cat-prislusenstvi","8":"product_cat-zavesky","9":"product_tag-klus","10":"product_shipping_class-zakladni","12":"first","13":"instock","14":"taxable","15":"shipping-taxable","16":"purchasable","17":"product-type-simple"},"acf":[],"_links":{"self":[{"href":"https:\/\/svitimprotebe.cz\/eshop\/wp-json\/wp\/v2\/product\/45651","targetHints":{"allow":["GET"]}}],"collection":[{"href":"https:\/\/svitimprotebe.cz\/eshop\/wp-json\/wp\/v2\/product"}],"about":[{"href":"https:\/\/svitimprotebe.cz\/eshop\/wp-json\/wp\/v2\/types\/product"}],"version-history":[{"count":0,"href":"https:\/\/svitimprotebe.cz\/eshop\/wp-json\/wp\/v2\/product\/45651\/revisions"}],"wp:featuredmedia":[{"embeddable":true,"href":"https:\/\/svitimprotebe.cz\/eshop\/wp-json\/wp\/v2\/media\/26635"}],"wp:attachment":[{"href":"https:\/\/svitimprotebe.cz\/eshop\/wp-json\/wp\/v2\/media?parent=45651"}],"wp:term":[{"taxonomy":"product_brand","embeddable":true,"href":"https:\/\/svitimprotebe.cz\/eshop\/wp-json\/wp\/v2\/product_brand?post=45651"},{"taxonomy":"product_cat","embeddable":true,"href":"https:\/\/svitimprotebe.cz\/eshop\/wp-json\/wp\/v2\/product_cat?post=45651"},{"taxonomy":"product_tag","embeddable":true,"href":"https:\/\/svitimprotebe.cz\/eshop\/wp-json\/wp\/v2\/product_tag?post=45651"}],"curies":[{"name":"wp","href":"https:\/\/api.w.org\/{rel}","templated":true}]}}