{"id":47646,"date":"2022-06-30T09:17:55","date_gmt":"2022-06-30T07:17:55","guid":{"rendered":"https:\/\/svitimprotebe.cz\/eshop\/produkt\/zaslepka-pds-4-otw-mw-seda\/"},"modified":"2025-07-21T13:09:24","modified_gmt":"2025-07-21T11:09:24","slug":"zaslepka-pds-4-otw-mw-seda","status":"publish","type":"product","link":"https:\/\/svitimprotebe.cz\/eshop\/zaslepka-pds-4-otw-mw-seda\/","title":{"rendered":"Z\u00e1slepka PDS-4-OTW-MW \u0161ed\u00e1"},"content":{"rendered":"","protected":false},"excerpt":{"rendered":"<ul>\n<li>Vysok\u00e1 odolnost proti zni\u010den\u00ed<\/li>\n<li>Nepodl\u00e9h\u00e1 korozi<\/li>\n<li>Jednoduch\u00e1 mont\u00e1\u017e<\/li>\n<li>Estetick\u00e9 ukon\u010den\u00ed profilu<\/li>\n<li>Umo\u017e\u0148uje veden\u00ed kabel\u016f<\/li>\n<li><span style=\"color: #ff0000;\">Koncovka pro microvyp\u00edna\u010d (MW)<\/span><\/li>\n<\/ul>\n","protected":false},"featured_media":50037,"template":"","meta":{"_acf_changed":false},"product_brand":[],"product_cat":[327,339,323,329,328],"product_tag":[194],"class_list":{"0":"post-47646","1":"product","2":"type-product","3":"status-publish","4":"has-post-thumbnail","6":"product_cat-prislusenstvi","7":"product_cat-pro-mikrovypinac","8":"product_cat-profily-pro-led-pasky","9":"product_cat-zakladni","10":"product_cat-zaslepky","11":"product_tag-klus","12":"product_shipping_class-zakladni","14":"first","15":"instock","16":"taxable","17":"shipping-taxable","18":"purchasable","19":"product-type-simple"},"acf":[],"_links":{"self":[{"href":"https:\/\/svitimprotebe.cz\/eshop\/wp-json\/wp\/v2\/product\/47646","targetHints":{"allow":["GET"]}}],"collection":[{"href":"https:\/\/svitimprotebe.cz\/eshop\/wp-json\/wp\/v2\/product"}],"about":[{"href":"https:\/\/svitimprotebe.cz\/eshop\/wp-json\/wp\/v2\/types\/product"}],"version-history":[{"count":0,"href":"https:\/\/svitimprotebe.cz\/eshop\/wp-json\/wp\/v2\/product\/47646\/revisions"}],"wp:featuredmedia":[{"embeddable":true,"href":"https:\/\/svitimprotebe.cz\/eshop\/wp-json\/wp\/v2\/media\/50037"}],"wp:attachment":[{"href":"https:\/\/svitimprotebe.cz\/eshop\/wp-json\/wp\/v2\/media?parent=47646"}],"wp:term":[{"taxonomy":"product_brand","embeddable":true,"href":"https:\/\/svitimprotebe.cz\/eshop\/wp-json\/wp\/v2\/product_brand?post=47646"},{"taxonomy":"product_cat","embeddable":true,"href":"https:\/\/svitimprotebe.cz\/eshop\/wp-json\/wp\/v2\/product_cat?post=47646"},{"taxonomy":"product_tag","embeddable":true,"href":"https:\/\/svitimprotebe.cz\/eshop\/wp-json\/wp\/v2\/product_tag?post=47646"}],"curies":[{"name":"wp","href":"https:\/\/api.w.org\/{rel}","templated":true}]}}