{"id":47936,"date":"2022-06-30T14:34:55","date_gmt":"2022-06-30T12:34:55","guid":{"rendered":"https:\/\/svitimprotebe.cz\/eshop\/produkt\/profil-pds-4-neanodizovany1m\/"},"modified":"2025-07-21T13:03:12","modified_gmt":"2025-07-21T11:03:12","slug":"profil-pds-4-neanodizovany","status":"publish","type":"product","link":"https:\/\/svitimprotebe.cz\/eshop\/profil-pds-4-neanodizovany\/","title":{"rendered":"Profil PDS-4 neanodizovan\u00fd"},"content":{"rendered":"<p>Mezi hlavn\u00ed v\u00fdhody tohoto profilu pro LED p\u00e1sek pat\u0159\u00ed modern\u00ed design a jednoduch\u00e1 kompletace sv\u00edtidla.<\/p>\n<p><strong>\u00da\u010del produktu<\/strong><br \/>\n&#8211; je ur\u010den pro vytv\u00e1\u0159en\u00ed p\u0159\u00edm\u00e9ho osv\u011btlen\u00ed a tak\u00e9 zv\u00fdraz\u0148uj\u00edc\u00edho podsv\u00edcen\u00ed. V&nbsp;n\u00e1bytk\u00e1\u0159stv\u00ed, na v\u00fdstav\u00e1ch, a tak\u00e9 v&nbsp;prvc\u00edch interi\u00e9rov\u00e9 architektury jako jsou schodi\u0161\u0165ov\u00e9 stupn\u011b, platformy, poli\u010dky, v\u00fdklenky (niky), atd.<br \/>\n&#8211; lze zapustit do \u00fazk\u00fdch dr\u00e1\u017eek<br \/>\n&#8211; ve verzi s&nbsp;kryt\u00edm je mo\u017en\u00e9 pou\u017e\u00edt k&nbsp;venkovn\u00edmu osv\u011btlen\u00ed s&nbsp;v\u00fdjimkou aplikac\u00ed, kde by bylo vystaveno zna\u010dn\u00fdm mechanick\u00fdm sil\u00e1m<\/p>\n<p><strong>Instalace <\/strong><br \/>\n&#8211; mont\u00e1\u017e je mo\u017en\u00e1 za pomoc\u00ed vhodn\u011b zvolen\u00fdch mont\u00e1\u017en\u00edch lepidel, profesion\u00e1ln\u00edch oboustrann\u00fdch lepic\u00edch p\u00e1sek, kovov\u00fdch a plastov\u00fdch \u00fachytek a \u00fachytky s&nbsp;regulac\u00ed \u00fahlu svitu nebo upevnit do s\u00e1drokartonov\u00fdch desek p\u0159i pou\u017eit\u00ed povrchov\u00e9 pru\u017einy PDS.<\/p>\n<p><strong>Dal\u0161\u00ed informace<\/strong><br \/>\n&#8211; mo\u017enost v\u00fdroby liniov\u00e9ho sv\u00edtidla s&nbsp;kryt\u00edm IP65 &#8211; tedy prachot\u011bsn\u00e9 a vodot\u011bsn\u00e9 sv\u00edtidlo<br \/>\n&#8211; mo\u017enost v\u00fdroby liniov\u00e9ho sv\u00edtidla s&nbsp;kryt\u00edm IP67 &#8211; tedy prachot\u011bsn\u00e9 a vodot\u011bsn\u00e9 sv\u00edtidlo<br \/>\n&#8211; m\u016f\u017ee b\u00fdt vybaven difuzory &#8211; \u010dir\u00fdmi nebo ml\u00e9\u010dn\u00fdmi, plastov\u00fdmi z\u00e1slepkami v&nbsp;barv\u011b hlin\u00edku nebo metalick\u00fdmi a nap\u00e1jec\u00edmi z\u00e1slepkami<br \/>\n&#8211; prostor pro LED p\u00e1sek: 11,2 mm<\/p>\n<p><strong>Oh\u00fdb\u00e1n\u00ed profilu s&nbsp;difuzory HS, LIGER, KA.<br \/>\n<\/strong>Hod\u00ed se k&nbsp;oh\u00fdb\u00e1n\u00ed dle roviny instalovan\u00e9ho LED p\u00e1sku.<br \/>\nMinim\u00e1ln\u00ed vnit\u0159n\u00ed polom\u011br je 150 mm a minim\u00e1ln\u00ed vn\u011bj\u0161\u00ed polom\u011br je 250 mm.<\/p>\n<p>&#8211; minim\u00e1ln\u00ed polom\u011br &#8211; polom\u011br oh\u00fdb\u00e1n\u00ed, jeho\u017e p\u0159ekro\u010den\u00ed zp\u016fsobuje zni\u010den\u00ed (deformaci, zlomen\u00ed) profilu nebo zp\u016fsobuje, \u017ee p\u0159\u00edslu\u0161enstv\u00ed, difuzory, z\u00e1slepki atd. nespolupracuj\u00ed s&nbsp;profilem.<br \/>\n&#8211; vnit\u0159n\u00ed polom\u011br &#8211; vztahuje se na profil ohnut\u00fd tak, \u017ee se difuzor nach\u00e1z\u00ed uvnit\u0159 ohybu<br \/>\n&#8211; vn\u011bj\u0161\u00ed polom\u011br &#8211; vztahuje se na profil ohnut\u00fd tak, \u017ee se difuzor nach\u00e1z\u00ed vn\u011b ohybu<br \/>\n&#8211; atypick\u00e9 ohyby jsou mo\u017en\u00e9 vyrobit po konzultaci a individu\u00e1ln\u00edmu nacen\u011bn\u00ed<br \/>\n&#8211; p\u0159i oh\u00fdb\u00e1n\u00ed anodizovan\u00fdch profil\u016f je nutn\u00e9 po\u010d\u00edtat s&nbsp;prask\u00e1n\u00edm eloxovan\u00fdm povrchem (co\u017e m\u016f\u017ee b\u00fdt s&nbsp;ohledem na polom\u011br v\u00edce \u010di m\u00e9n\u011b viditeln\u00e9)<\/p>\n<h3>Jak sestavit LED p\u00e1sek a hlin\u00edkov\u00fd profil?<\/h3>\n<p>Sestaven\u00ed je opravdu jednoduch\u00e9. Vytvo\u0159en\u00ed sv\u00edtidla bezprobl\u00e9mov\u011b zvl\u00e1dne ka\u017ed\u00fd dom\u00e1c\u00ed kutil nebo alespo\u0148 trochu manu\u00e1ln\u011b zru\u010dn\u00fd \u010dlov\u011bk.<\/p>\n<ol>\n<li>Jakmile budete zn\u00e1t rozm\u011bry profilu, vyu\u017eijte na\u0161i <a href=\"http:\/\/svitimprotebe.cz\/eshop\/rezani-al-profilu-difuzoru-na-miru\/\" target=\"_blank\" rel=\"noopener\">slu\u017ebu \u0159ez\u00e1n\u00ed profil\u016f a difuzor\u016f<\/a>, kterou si jednodu\u0161e p\u0159id\u00e1te do ko\u0161\u00edku. Profil i difuzor v\u00e1m na\u0159e\u017eeme na m\u00edru podle va\u0161ich po\u017eadavk\u016f.<\/li>\n<li>Do hlin\u00edkov\u00e9ho profilu nalepte <a href=\"https:\/\/svitimprotebe.cz\/eshop\/plnospektralni-zdrave-osvetleni\/plnospektralni-led-pasky\/\" target=\"_blank\" rel=\"noopener\">LED p\u00e1sek<\/a>, kter\u00fd je opat\u0159en oboustrannou 3m lep\u00edc\u00ed p\u00e1skou. Nejprve v\u0161ak o\u010dist\u011bte (odmast\u011bte) vnit\u0159n\u00ed plochu profilu, kde budete LED p\u00e1sek nalepovat. P\u0159i lepen\u00ed postupujte opatrn\u011b, abyste LED p\u00e1sek nezalomili.<\/li>\n<li>Napojen\u00ed LED p\u00e1sku a tak\u00e9 nap\u00e1jec\u00edch kabel\u016f m\u016f\u017eete prov\u00e9st pomoc\u00ed <a href=\"https:\/\/svitimprotebe.cz\/eshop\/plnospektralni-zdrave-osvetleni\/plnospektralni-led-pasky\/spojky-a-konektory\/\" target=\"_blank\" rel=\"noopener\">spojek a konektor\u016f<\/a> nebo samotn\u00fdm p\u00e1jen\u00edm.<\/li>\n<li><a href=\"http:\/\/svitimprotebe.cz\/eshop\/zdrave-osvetleni\/profily-pro-led-pasky\/prislusenstvi\/difuzory\/\" target=\"_blank\" rel=\"noopener\">Difuzor<\/a> do profilu vm\u00e1\u010dkn\u011bte z&nbsp;horn\u00ed \u010d\u00e1sti.<\/li>\n<li><a href=\"http:\/\/svitimprotebe.cz\/eshop\/zdrave-osvetleni\/profily-pro-led-pasky\/prislusenstvi\/zaslepky\/\" target=\"_blank\" rel=\"noopener\">Z\u00e1slepky<\/a> nasa\u010fte do profilu ze stran.<\/li>\n<li>Nakonec zacvakn\u011bte profil do <a href=\"http:\/\/svitimprotebe.cz\/eshop\/zdrave-osvetleni\/profily-pro-led-pasky\/prislusenstvi\/zavesne-prvky\/\" target=\"_blank\" rel=\"noopener\">\u00fachytek<\/a>.<\/li>\n<\/ol>\n<p>Pokud pot\u0159ebujete pomoct s&nbsp;vytvo\u0159en\u00edm sv\u00edtidla z&nbsp;LED p\u00e1sku a hlin\u00edkov\u00e9 li\u0161ty, nechte to cel\u00e9 na n\u00e1s! Nab\u00edz\u00edme slu\u017ebu <a href=\"http:\/\/svitimprotebe.cz\/eshop\/kompletace-led-profilu-a-pasku-s-vyssim-stupnem-kryti-ip\/\" target=\"_blank\" rel=\"noopener\">kompletace LED profilu a p\u00e1sku<\/a>. Sta\u010d\u00ed, kdy\u017e si do ko\u0161\u00edku p\u0159id\u00e1te vybran\u00fd LED p\u00e1sek, hlin\u00edkov\u00fd profil s&nbsp;p\u0159\u00edslu\u0161enstv\u00edm v\u010detn\u011b slu\u017eby<strong>\u00a0&#8220;Kompletace LED profilu a p\u00e1sku&#8221;<\/strong> a my se u\u017e postar\u00e1me o fin\u00e1ln\u00ed sestaven\u00ed LED p\u00e1sku. Za\u0161leme v\u00e1m hotov\u00e9 sv\u00edtidlo, p\u0159i\u010dem\u017e na v\u00e1s z\u016fstane u\u017e jen samotn\u00e1 mont\u00e1\u017e sv\u00edtidla do m\u00edstnosti.<\/p>\n<div class=\"gdc_row\"><div class=\"gdc_column gdc_chalf\"><div class=\"gdc_inner\"><\/p>\n<p>http:\/\/svitimprotebe.cz\/eshop\/kompletace-led-profilu-a-pasku-s-vyssim-stupnem-kryti-ip\/<\/p>\n<p><\/div><\/div><div class=\"gdc_column gdc_chalf\"><div class=\"gdc_inner\"><\/p>\n<p>http:\/\/svitimprotebe.cz\/eshop\/rezani-al-profilu-difuzoru-na-miru\/<\/p>\n<p><\/div><\/div><\/div>\n<h3>Jak vytvo\u0159it sv\u011btelnou linii bez viditeln\u00fdch bod\u016f?<\/h3>\n<p>P\u0159i pou\u017eit\u00ed <a href=\"http:\/\/svitimprotebe.cz\/eshop\/zdrave-osvetleni\/profily-pro-led-pasky\/prislusenstvi\/difuzory\/mlecne\/\" target=\"_blank\" rel=\"noopener\">ml\u00e9\u010dn\u00fdch difuzor\u016f<\/a> v&nbsp;kombinaci s&nbsp;na\u0161imi LED p\u00e1sky, kter\u00e9 maj\u00ed po\u010det diod na metr v\u017edy 120 a v\u00edce, dos\u00e1hnete souvisl\u00e9 <strong>sv\u011bteln\u00e9 linie bez viditeln\u00fdch bodu<\/strong>\u00a0<strong>z jednotliv\u00fdch diod<\/strong>. Pokud ale tento efekt po\u017eadujete, pou\u017eijte <a href=\"http:\/\/svitimprotebe.cz\/eshop\/zdrave-osvetleni\/profily-pro-led-pasky\/prislusenstvi\/difuzory\/cire\/\" target=\"_blank\" rel=\"noopener\">\u010dir\u00fd difuzor<\/a>, kter\u00fd sv\u011btlo nerozptyluje.<\/p>\n<h3>V\u00fdb\u011br z&nbsp;velk\u00e9ho mno\u017estv\u00ed p\u0159\u00edslu\u0161enstv\u00ed\u00a0<\/h3>\n<p>Pro v\u00fdrobu sv\u00edtidla, kter\u00e9 se skl\u00e1d\u00e1 z&nbsp;LED p\u00e1sku a hlin\u00edkov\u00e9ho profilu, u n\u00e1s naleznete \u0161irok\u00fd sortiment mont\u00e1\u017en\u00edho <a href=\"http:\/\/svitimprotebe.cz\/eshop\/zdrave-osvetleni\/profily-pro-led-pasky\/prislusenstvi\/\" target=\"_blank\" rel=\"noopener\">p\u0159\u00edslu\u0161enstv\u00ed<\/a> pro povrchovou mont\u00e1\u017e i zav\u011b\u0161en\u00ed. Pokud budete pot\u0159ebovat spojit v\u00edce profil\u016f do jedn\u00e9 linie, p\u0159\u00edpadn\u011b vytvo\u0159it prav\u00fd \u00fahel, pou\u017eijte rovn\u00e9 nebo \u00fahlov\u00e9 spojky (kategorie <a href=\"http:\/\/svitimprotebe.cz\/eshop\/zdrave-osvetleni\/profily-pro-led-pasky\/prislusenstvi\/spojovaci-prvky-profilu\/\" target=\"_blank\" rel=\"noopener\">spojovac\u00ed prvky profil\u016f<\/a>). V&nbsp;p\u0159\u00edpad\u011b, \u017ee chcete sv\u00edtidlo zav\u011bsit, nahl\u00e9dn\u011bte do kategorie <a href=\"http:\/\/svitimprotebe.cz\/eshop\/zdrave-osvetleni\/profily-pro-led-pasky\/prislusenstvi\/zavesne-prvky\/\" target=\"_blank\" rel=\"noopener\">z\u00e1v\u011bsn\u00e9 prvky<\/a>.<\/p>\n<p>Ve\u0161ker\u00e9 kompatibiln\u00ed p\u0159\u00edslu\u0161enstv\u00ed k&nbsp;tomuto konkr\u00e9tn\u00edmu profilu najdete v&nbsp;z\u00e1lo\u017ece <strong>&#8220;Souvisej\u00edc\u00ed produkty&#8221; n\u00ed\u017ee na t\u00e9to str\u00e1nce<\/strong>. Ke ka\u017ed\u00e9mu profilu byste m\u011bli v&nbsp;t\u00e9to z\u00e1lo\u017ece vybrat difuzor, z\u00e1slepky a \u00fachytky. Toto p\u0159\u00edslu\u0161enstv\u00ed nen\u00ed sou\u010d\u00e1st\u00ed profilu.<\/p>\n<p>&nbsp;<\/p>\n<div style=\"background-color: #f2f2f2; border-radius: 10px; padding: 5px;\">\n<p><span style=\"color: #333333;\"><span style=\"font-size: 18px;\"><b>N\u00e1zory a rady odborn\u00edka:<\/b><\/span><\/span><\/p>\n<div class=\"obtekani\">\n<ul>\n<li><img fetchpriority=\"high\" decoding=\"async\" class=\"wp-image-9397 alignright\" src=\"https:\/\/svitimprotebe.cz\/eshop\/wp-content\/uploads\/2022\/01\/filip.png\" alt=\"\" width=\"225\" height=\"266\" srcset=\"https:\/\/svitimprotebe.cz\/eshop\/wp-content\/uploads\/2022\/01\/filip.png 761w, https:\/\/svitimprotebe.cz\/eshop\/wp-content\/uploads\/2022\/01\/filip-253x300.png 253w, https:\/\/svitimprotebe.cz\/eshop\/wp-content\/uploads\/2022\/01\/filip-740x876.png 740w, https:\/\/svitimprotebe.cz\/eshop\/wp-content\/uploads\/2022\/01\/filip-480x568.png 480w, https:\/\/svitimprotebe.cz\/eshop\/wp-content\/uploads\/2022\/01\/filip-600x710.png 600w\" sizes=\"(max-width: 225px) 100vw, 225px\" \/><strong>Lze uchytit hlin\u00edkov\u00fd profil na povrch bez \u0161roubov\u00e1n\u00ed?<\/strong> Ano, doporu\u010duji pou\u017e\u00edt mont\u00e1\u017en\u00ed lepidlo Mamut.<\/li>\n<li><strong>Rovn\u011b\u017e doporu\u010duji d\u016fkladn\u011b o\u010distit (odmastit) vnit\u0159n\u00ed plochu profilu<\/strong>, kde budete LED p\u00e1sek nalepovat.<\/li>\n<li>Pokud si budete profil \u0159ezat sami<strong>, <\/strong>pro rovn\u00fd \u0159ez doporu\u010duji \u0159ezat na <strong>pokosov\u00e9 pile kotou\u010dem ur\u010den\u00fdm k&nbsp;\u0159ez\u00e1n\u00ed Al slitin<\/strong>.<\/li>\n<li>Pokud chcete <strong>LED p\u00e1skem nasv\u00edtit kuchy\u0148skou linku<\/strong>, nemus\u00edte si po\u0159izovat profil nebo p\u00e1sek ve verz\u00edch s&nbsp;vy\u0161\u0161\u00edm stupn\u011bm kryt\u00ed IP, nebo\u0165 pou\u017eit\u00ed difuzoru a hlin\u00edkov\u00e9 li\u0161ty vytvo\u0159\u00ed dostate\u010dnou ochranu proti vniknut\u00ed vody do sv\u00edtidla.<\/li>\n<li><strong>Mohu jako\u017eto laik slo\u017eit sv\u00edtidlo z&nbsp;profilu a LED p\u00e1sku i ve verzi s&nbsp;vy\u0161\u0161\u00edm stupn\u011bm kryt\u00ed IP?<\/strong> Ano, do verze IP54 sta\u010d\u00ed ut\u011bsnit cel\u00fd profil pomoc\u00ed pr\u016fhledn\u00e9 t\u011bsn\u00edc\u00ed hmoty k&nbsp;tomu ur\u010den\u00e9 (<strong>nap\u0159\u00edklad Dow Corning 785 transparent<\/strong>).<\/li>\n<\/ul>\n<\/div>\n<\/div>\n<p>&nbsp;<\/p>\n<h3>Sch\u00e9ma profilu<\/h3>\n<div class=\"gdc_row\"><div class=\"gdc_column gdc_cthird\"><div class=\"gdc_inner\"><br \/>\n<a href=\"https:\/\/www.alumia.cz\/import\/soubory\/pds-4-alu.png\" target=\"_blank\" rel=\"noopener\"><img decoding=\"async\" class=\"alignnone wp-image-50243 size-medium\" src=\"https:\/\/svitimprotebe.cz\/eshop\/wp-content\/uploads\/2022\/06\/pds-4-alu-300x300.png\" alt=\"\" width=\"300\" height=\"300\" srcset=\"https:\/\/svitimprotebe.cz\/eshop\/wp-content\/uploads\/2022\/06\/pds-4-alu-300x300.png 300w, https:\/\/svitimprotebe.cz\/eshop\/wp-content\/uploads\/2022\/06\/pds-4-alu-100x100.png 100w, https:\/\/svitimprotebe.cz\/eshop\/wp-content\/uploads\/2022\/06\/pds-4-alu-150x150.png 150w, https:\/\/svitimprotebe.cz\/eshop\/wp-content\/uploads\/2022\/06\/pds-4-alu.png 337w\" sizes=\"(max-width: 300px) 100vw, 300px\" \/><\/a><br \/>\n<\/div><\/div><div class=\"gdc_column gdc_cthird\"><div class=\"gdc_inner\"><br \/>\n<a href=\"https:\/\/www.alumia.cz\/import\/soubory\/mocownik%20pds-stn_profile%20rystech%20PL_PDS-4-ALU%20.png\" target=\"_blank\" rel=\"noopener\"><img decoding=\"async\" class=\"alignnone wp-image-50244 size-medium\" src=\"https:\/\/svitimprotebe.cz\/eshop\/wp-content\/uploads\/2022\/06\/mocownik-pds-stn_profile-rystech-PL_PDS-4-ALU--300x300.png\" alt=\"\" width=\"300\" height=\"300\" srcset=\"https:\/\/svitimprotebe.cz\/eshop\/wp-content\/uploads\/2022\/06\/mocownik-pds-stn_profile-rystech-PL_PDS-4-ALU--300x300.png 300w, https:\/\/svitimprotebe.cz\/eshop\/wp-content\/uploads\/2022\/06\/mocownik-pds-stn_profile-rystech-PL_PDS-4-ALU--100x100.png 100w, https:\/\/svitimprotebe.cz\/eshop\/wp-content\/uploads\/2022\/06\/mocownik-pds-stn_profile-rystech-PL_PDS-4-ALU--150x150.png 150w, https:\/\/svitimprotebe.cz\/eshop\/wp-content\/uploads\/2022\/06\/mocownik-pds-stn_profile-rystech-PL_PDS-4-ALU-.png 337w\" sizes=\"(max-width: 300px) 100vw, 300px\" \/><\/a><br \/>\n<\/div><\/div><div class=\"gdc_column gdc_cthird\"><div class=\"gdc_inner\"><br \/>\n<a href=\"https:\/\/www.alumia.cz\/import\/soubory\/mocownik%20pl-pdm_profile%20rystech_pl_PDS-4-ALU.png\" target=\"_blank\" rel=\"noopener\"><img loading=\"lazy\" decoding=\"async\" class=\"alignnone wp-image-50245 size-medium\" src=\"https:\/\/svitimprotebe.cz\/eshop\/wp-content\/uploads\/2022\/06\/mocownik-pl-pdm_profile-rystech_pl_PDS-4-ALU-300x300.png\" alt=\"\" width=\"300\" height=\"300\" srcset=\"https:\/\/svitimprotebe.cz\/eshop\/wp-content\/uploads\/2022\/06\/mocownik-pl-pdm_profile-rystech_pl_PDS-4-ALU-300x300.png 300w, https:\/\/svitimprotebe.cz\/eshop\/wp-content\/uploads\/2022\/06\/mocownik-pl-pdm_profile-rystech_pl_PDS-4-ALU-100x100.png 100w, https:\/\/svitimprotebe.cz\/eshop\/wp-content\/uploads\/2022\/06\/mocownik-pl-pdm_profile-rystech_pl_PDS-4-ALU-150x150.png 150w, https:\/\/svitimprotebe.cz\/eshop\/wp-content\/uploads\/2022\/06\/mocownik-pl-pdm_profile-rystech_pl_PDS-4-ALU.png 337w\" sizes=\"(max-width: 300px) 100vw, 300px\" \/><\/a><br \/>\n<\/div><\/div><\/div>\n<div class=\"gdc_row\"><div class=\"gdc_column gdc_cthird\"><div class=\"gdc_inner\"><br \/>\n<a href=\"https:\/\/www.alumia.cz\/import\/soubory\/mocownik%20reg-pd-uv_profile%20rystech_PL_PDS-4-ALU-05.png\" target=\"_blank\" rel=\"noopener\"><img loading=\"lazy\" decoding=\"async\" class=\"alignnone wp-image-50246 size-medium\" src=\"https:\/\/svitimprotebe.cz\/eshop\/wp-content\/uploads\/2022\/06\/mocownik-reg-pd-uv_profile-rystech_PL_PDS-4-ALU-05-300x300.png\" alt=\"\" width=\"300\" height=\"300\" srcset=\"https:\/\/svitimprotebe.cz\/eshop\/wp-content\/uploads\/2022\/06\/mocownik-reg-pd-uv_profile-rystech_PL_PDS-4-ALU-05-300x300.png 300w, https:\/\/svitimprotebe.cz\/eshop\/wp-content\/uploads\/2022\/06\/mocownik-reg-pd-uv_profile-rystech_PL_PDS-4-ALU-05-100x100.png 100w, https:\/\/svitimprotebe.cz\/eshop\/wp-content\/uploads\/2022\/06\/mocownik-reg-pd-uv_profile-rystech_PL_PDS-4-ALU-05-150x150.png 150w, https:\/\/svitimprotebe.cz\/eshop\/wp-content\/uploads\/2022\/06\/mocownik-reg-pd-uv_profile-rystech_PL_PDS-4-ALU-05.png 331w\" sizes=\"(max-width: 300px) 100vw, 300px\" \/><\/a><br \/>\n<\/div><\/div><div class=\"gdc_column gdc_cthird\"><div class=\"gdc_inner\"><br \/>\n<a href=\"https:\/\/www.alumia.cz\/import\/soubory\/mocownik%20reg-pd-uv_profile%20rystech_PL_PDS-4-ALU-06.png\" target=\"_blank\" rel=\"noopener\"><img loading=\"lazy\" decoding=\"async\" class=\"alignnone wp-image-50247 size-medium\" src=\"https:\/\/svitimprotebe.cz\/eshop\/wp-content\/uploads\/2022\/06\/mocownik-reg-pd-uv_profile-rystech_PL_PDS-4-ALU-06-300x300.png\" alt=\"\" width=\"300\" height=\"300\" srcset=\"https:\/\/svitimprotebe.cz\/eshop\/wp-content\/uploads\/2022\/06\/mocownik-reg-pd-uv_profile-rystech_PL_PDS-4-ALU-06-300x300.png 300w, https:\/\/svitimprotebe.cz\/eshop\/wp-content\/uploads\/2022\/06\/mocownik-reg-pd-uv_profile-rystech_PL_PDS-4-ALU-06-100x100.png 100w, https:\/\/svitimprotebe.cz\/eshop\/wp-content\/uploads\/2022\/06\/mocownik-reg-pd-uv_profile-rystech_PL_PDS-4-ALU-06-150x150.png 150w, https:\/\/svitimprotebe.cz\/eshop\/wp-content\/uploads\/2022\/06\/mocownik-reg-pd-uv_profile-rystech_PL_PDS-4-ALU-06.png 331w\" sizes=\"(max-width: 300px) 100vw, 300px\" \/><\/a><br \/>\n<\/div><\/div><div class=\"gdc_column gdc_cthird\"><div class=\"gdc_inner\"><br \/>\n<a href=\"https:\/\/www.alumia.cz\/import\/soubory\/mocownik%20reg-pd-uv_profile%20rystech_PL_PDS-4-ALU-04.png\" target=\"_blank\" rel=\"noopener\"><img loading=\"lazy\" decoding=\"async\" class=\"alignnone wp-image-50248 size-medium\" src=\"https:\/\/svitimprotebe.cz\/eshop\/wp-content\/uploads\/2022\/06\/mocownik-reg-pd-uv_profile-rystech_PL_PDS-4-ALU-04-300x300.png\" alt=\"\" width=\"300\" height=\"300\" srcset=\"https:\/\/svitimprotebe.cz\/eshop\/wp-content\/uploads\/2022\/06\/mocownik-reg-pd-uv_profile-rystech_PL_PDS-4-ALU-04-300x300.png 300w, https:\/\/svitimprotebe.cz\/eshop\/wp-content\/uploads\/2022\/06\/mocownik-reg-pd-uv_profile-rystech_PL_PDS-4-ALU-04-100x100.png 100w, https:\/\/svitimprotebe.cz\/eshop\/wp-content\/uploads\/2022\/06\/mocownik-reg-pd-uv_profile-rystech_PL_PDS-4-ALU-04-150x150.png 150w, https:\/\/svitimprotebe.cz\/eshop\/wp-content\/uploads\/2022\/06\/mocownik-reg-pd-uv_profile-rystech_PL_PDS-4-ALU-04.png 331w\" sizes=\"(max-width: 300px) 100vw, 300px\" \/><\/a><br \/>\n<\/div><\/div><\/div>\n<h3>Upozorn\u011bn\u00ed o cen\u011b dopravy\u00a0<\/h3>\n<p>Profil m\u016f\u017eete obvykle objednat v&nbsp;d\u00e9lk\u00e1ch 1, 2 nebo 3&nbsp;m. Av\u0161ak chceme v\u00e1s upozornit, \u017ee varianty profil\u016f v&nbsp;d\u00e9lce 2 metry a 3 metry pat\u0159\u00ed do kategorie nadrozm\u011brn\u00e9ho zbo\u017e\u00ed, a proto je jejich doprava finan\u010dn\u011b n\u00e1ro\u010dn\u011bj\u0161\u00ed oproti doprav\u011b b\u011b\u017en\u00e9ho zbo\u017e\u00ed. V\u00edce informac\u00ed naleznete na str\u00e1nce <a href=\"https:\/\/svitimprotebe.cz\/eshop\/cena-dopravy\/\" target=\"_blank\" rel=\"noopener\">Cena dopravy<\/a>.<\/p>\n","protected":false},"excerpt":{"rendered":"<p>Vlo\u017een\u00edm LED p\u00e1sku do tohoto <strong>hlin\u00edkov\u00e9ho profilu<\/strong> vytvo\u0159\u00edte<strong> jednoduch\u00fd a elegantn\u00ed design sv\u00edtidla<\/strong>. Dal\u0161\u00ed v\u00fdhodou je vznik <strong>souvisl\u00e9 sv\u011bteln\u00e9 linie<\/strong> bez viditeln\u00fdch bod\u016f jednotliv\u00fdch LED diod. Li\u0161ta na LED p\u00e1sek nav\u00edc odv\u00e1d\u00ed vznikl\u00e9 teplo od LED diod, \u010d\u00edm\u017e <strong>prodlu\u017euje \u017eivotnost sv\u00edtidla.<\/strong><\/p>\n<p>&nbsp;<\/p>\n","protected":false},"featured_media":45921,"template":"","meta":{"_acf_changed":false},"product_brand":[],"product_cat":[33,323,324,330,348],"product_tag":[194],"class_list":{"0":"post-47936","1":"product","2":"type-product","3":"status-publish","4":"has-post-thumbnail","6":"product_cat-zdrave-osvetleni","7":"product_cat-profily-pro-led-pasky","8":"product_cat-led-profily","9":"product_cat-hlavni-osvetleni","10":"product_cat-nabytkove-osvetleni","11":"product_tag-klus","12":"product_shipping_class-zakladni","13":"pa_delka-1388","14":"pa_delka-1389","15":"pa_delka-1390","16":"pa_material-slitina-hliniku","17":"pa_montazni-misto-montaz_v_interierech","18":"pa_montazni-misto-venkovni_montaz","19":"pa_moznosti-ohybani-ano","20":"pa_pocet-led-pasku-1-ks","21":"pa_pouziti-hlavni-osvetleni","22":"pa_pouziti-nabytkove-osvetleni","23":"pa_povrchova-uprava-neanodizovany_surovy","24":"pa_prurez-profilu-obdelnikovy","25":"pa_sirka-plochy-pro-led-pasek-944","26":"pa_specialni-vlastnosti-s-moznosti-kryti-ip65","27":"pa_specialni-vlastnosti-s-moznosti-kryti-ip67","28":"pa_specialni-vlastnosti-souvisla-svetelna-linie","29":"pa_typ-produktu-profil-pro-led-pasek","30":"pa_vhodne-do-kuchyne","31":"pa_vhodne-do-obyvaci-pokoj","32":"pa_vhodne-do-detsky-pokoj","33":"pa_vhodne-do-loznice","34":"pa_vhodne-do-pracovna","35":"pa_vhodne-do-koupelna","36":"pa_vhodne-do-chodba","37":"pa_vhodne-do-garaz","38":"pa_vhodne-do-schodiste","39":"pa_vhodne-do-puda","40":"pa_vhodne-do-satna","41":"pa_vhodne-do-sklep","42":"pa_vhodne-do-spiz","43":"pa_vhodne-do-technicka-mistnost","44":"pa_vhodne-do-terasa","45":"pa_vhodne-do-zachod","46":"pa_vnejsi-sirka-profilu-942","47":"pa_vnejsi-vyska-profilu-943","48":"pa_zpusob-montaze-k-zaveseni","49":"pa_zpusob-montaze-prisazena-montaz","51":"first","52":"instock","53":"taxable","54":"shipping-taxable","55":"purchasable","56":"product-type-variable"},"acf":[],"_links":{"self":[{"href":"https:\/\/svitimprotebe.cz\/eshop\/wp-json\/wp\/v2\/product\/47936","targetHints":{"allow":["GET"]}}],"collection":[{"href":"https:\/\/svitimprotebe.cz\/eshop\/wp-json\/wp\/v2\/product"}],"about":[{"href":"https:\/\/svitimprotebe.cz\/eshop\/wp-json\/wp\/v2\/types\/product"}],"version-history":[{"count":0,"href":"https:\/\/svitimprotebe.cz\/eshop\/wp-json\/wp\/v2\/product\/47936\/revisions"}],"wp:featuredmedia":[{"embeddable":true,"href":"https:\/\/svitimprotebe.cz\/eshop\/wp-json\/wp\/v2\/media\/45921"}],"wp:attachment":[{"href":"https:\/\/svitimprotebe.cz\/eshop\/wp-json\/wp\/v2\/media?parent=47936"}],"wp:term":[{"taxonomy":"product_brand","embeddable":true,"href":"https:\/\/svitimprotebe.cz\/eshop\/wp-json\/wp\/v2\/product_brand?post=47936"},{"taxonomy":"product_cat","embeddable":true,"href":"https:\/\/svitimprotebe.cz\/eshop\/wp-json\/wp\/v2\/product_cat?post=47936"},{"taxonomy":"product_tag","embeddable":true,"href":"https:\/\/svitimprotebe.cz\/eshop\/wp-json\/wp\/v2\/product_tag?post=47936"}],"curies":[{"name":"wp","href":"https:\/\/api.w.org\/{rel}","templated":true}]}}