{"id":4814,"date":"2021-12-26T16:24:06","date_gmt":"2021-12-26T15:24:06","guid":{"rendered":"https:\/\/svitimprotebe.cz\/eshop\/?post_type=product&#038;p=4814"},"modified":"2026-03-25T09:09:02","modified_gmt":"2026-03-25T08:09:02","slug":"dotykovy-panel-dali-basic","status":"publish","type":"product","link":"https:\/\/svitimprotebe.cz\/eshop\/dotykovy-panel-dali-basic\/","title":{"rendered":"Dotykov\u00fd panel basic DALI"},"content":{"rendered":"<h3>Vlastnosti<\/h3>\n<ul>\n<li>Kapacitn\u00ed dotykov\u00fd panel<\/li>\n<li>Atraktivn\u00ed vzhled d\u00edky sklen\u011bn\u00e9mu displeji<\/li>\n<li>Mo\u017enost pou\u017eit\u00ed v\u00edce dotykov\u00fdch panel\u016f v&nbsp;r\u00e1mci 1 DALI s\u00edt\u011b<\/li>\n<li>Nap\u00e1jeno ze sb\u011brnice DALI<\/li>\n<li>Z\u00e1ruka 5 let<\/li>\n<\/ul>\n<h3>Typ C<\/h3>\n<ul>\n<li>Umo\u017e\u0148uje vyvolat 3 p\u0159edem nastaven\u00e9 sc\u00e9ny pro ur\u010denou skupinu sv\u00edtidel.<\/li>\n<li>Umo\u017e\u0148uje manu\u00e1ln\u011b sni\u017eovat\/zvy\u0161ovat jas ur\u010den\u00e9 skupiny sv\u00edtidel.<\/li>\n<li>Disponuje 2 rota\u010dn\u00edmi p\u0159ep\u00edna\u010di &#8211; volba skupiny sv\u00edtidel a volba sc\u00e9ny.<\/li>\n<\/ul>\n<h3>Typ TW &#8211; Tunable White<\/h3>\n<ul>\n<li>Umo\u017e\u0148uje manu\u00e1ln\u011b sni\u017eovat\/zvy\u0161ovat jas ur\u010den\u00e9 skupiny sv\u00edtidel.<\/li>\n<li>Umo\u017e\u0148uje manu\u00e1ln\u011b sni\u017eovat\/zvy\u0161ovat teplotu b\u00edl\u00e9ho sv\u011btla pro ur\u010denou skupinu sv\u00edtidel.<\/li>\n<li>Disponuje 1 rota\u010dn\u00edm p\u0159ep\u00edna\u010dem &#8211; volba skupiny sv\u00edtidel.<\/li>\n<\/ul>\n<h3>Zapojen\u00ed<\/h3>\n<ul>\n<li>P\u0159i mont\u00e1\u017ei a zapojen\u00ed postupujte obez\u0159etn\u011b, \u010deln\u00ed panel je sklen\u011bn\u00fd a m\u016f\u017ee se po\u0161kodit nebo rozb\u00edt.<\/li>\n<li>Statick\u00e1 elekt\u0159ina, pot, olej a jin\u00e9 ne\u010distoty na rukou nebo dotykov\u00e9m panelu mohou zp\u016fsobit, \u017ee ovlada\u010d nebude reagovat.<\/li>\n<li>Dotykov\u00fd panel rozli\u0161uje kr\u00e1tk\u00fd stisk (&lt; 500ms) a dlouh\u00fd stisk (&gt; 500ms).<\/li>\n<li>Svorky pro DALI sb\u011brnici D1 a D2 jsou ve zdvojen\u00e9m proveden\u00ed, co\u017e umo\u017e\u0148uje jednoduch\u00e9 \u0159et\u011bzen\u00ed ovlada\u010d\u016f za sebou<br \/>\n(v&nbsp;p\u0159\u00edpad\u011b pevn\u00fdch vodi\u010d\u016f je dovoleno obsadit v\u017edy jen 1 ze 2 zdvojen\u00fdch svorek).<\/li>\n<li>Detail\u016fm zapojen\u00ed DALI sb\u011brnice se v\u011bnuje \u010dl\u00e1nek <a href=\"https:\/\/svitimprotebe.cz\/ovladani-svetel-pomoci-dali-sbernice\/\" target=\"_blank\" rel=\"noopener\">Ovl\u00e1d\u00e1n\u00ed sv\u011btel pomoc\u00ed DALI sb\u011brnice<\/a>.<\/li>\n<\/ul>\n<h3>P\u0159\u00edprava kabel\u016f<\/h3>\n<p><img fetchpriority=\"high\" decoding=\"async\" class=\"wp-image-4845 size-full aligncenter\" src=\"https:\/\/svitimprotebe.cz\/eshop\/wp-content\/uploads\/2021\/12\/asdf.png\" alt=\"\" width=\"344\" height=\"184\" srcset=\"https:\/\/svitimprotebe.cz\/eshop\/wp-content\/uploads\/2021\/12\/asdf.png 344w, https:\/\/svitimprotebe.cz\/eshop\/wp-content\/uploads\/2021\/12\/asdf-300x160.png 300w\" sizes=\"(max-width: 344px) 100vw, 344px\" \/><\/p>\n<p>P\u0159ipojen\u00ed modulu m\u016f\u017ee b\u00fdt form\u011b spl\u00e9tan\u00fdch vodi\u010d\u016f se zakripovan\u00fdmi koncovkami (dutinkami) nebo formou pevn\u00fdch vodi\u010d\u016f. Pr\u016f\u0159ezy je vhodn\u00e9 volit:<\/p>\n<ul>\n<li>0,14 \u2013 1,5mm\u00b2 pro v\u00fdstup na DALI sb\u011brnici.<\/li>\n<\/ul>\n<p>Optim\u00e1ln\u00ed d\u00e9lka odizolovan\u00e9ho konce vodi\u010de je 4,5 \u2013 5,5mm.<\/p>\n","protected":false},"excerpt":{"rendered":"<h4>DALI TOUCHPANEL BASIC<\/h4>\n<p>Dotykov\u00fd sklen\u011bn\u00fd ovl\u00e1d\u00e1c\u00ed panel s&nbsp;mo\u017enost\u00ed zm\u011bny <strong>sc\u00e9ny<\/strong> \u010di manu\u00e1ln\u00edho nastaven\u00ed <strong>jasu a teploty sv\u011btla<\/strong>.<\/p>\n","protected":false},"featured_media":8172,"template":"","meta":{"_acf_changed":false},"product_brand":[],"product_cat":[957,226],"product_tag":[52],"class_list":{"0":"post-4814","1":"product","2":"type-product","3":"status-publish","4":"has-post-thumbnail","6":"product_cat-ovladani-a-rizeni-osvetleni","7":"product_cat-dali-2-stmivatelne","8":"product_tag-tridonic","9":"product_shipping_class-zakladni","10":"pa_delka-1055","11":"pa_meni-barvy-tw-varianta-ano","12":"pa_moznosti-ovladani-dali","13":"pa_napajeni-dali-linka","14":"pa_stmivatelne-ano","15":"pa_stupen-kryti-ip-ip20","16":"pa_typ-produktu-ovladani-a-rizeni-osvetleni","17":"pa_vyska-1057","19":"first","20":"instock","21":"taxable","22":"shipping-taxable","23":"purchasable","24":"product-type-variable"},"acf":[],"_links":{"self":[{"href":"https:\/\/svitimprotebe.cz\/eshop\/wp-json\/wp\/v2\/product\/4814","targetHints":{"allow":["GET"]}}],"collection":[{"href":"https:\/\/svitimprotebe.cz\/eshop\/wp-json\/wp\/v2\/product"}],"about":[{"href":"https:\/\/svitimprotebe.cz\/eshop\/wp-json\/wp\/v2\/types\/product"}],"version-history":[{"count":0,"href":"https:\/\/svitimprotebe.cz\/eshop\/wp-json\/wp\/v2\/product\/4814\/revisions"}],"wp:featuredmedia":[{"embeddable":true,"href":"https:\/\/svitimprotebe.cz\/eshop\/wp-json\/wp\/v2\/media\/8172"}],"wp:attachment":[{"href":"https:\/\/svitimprotebe.cz\/eshop\/wp-json\/wp\/v2\/media?parent=4814"}],"wp:term":[{"taxonomy":"product_brand","embeddable":true,"href":"https:\/\/svitimprotebe.cz\/eshop\/wp-json\/wp\/v2\/product_brand?post=4814"},{"taxonomy":"product_cat","embeddable":true,"href":"https:\/\/svitimprotebe.cz\/eshop\/wp-json\/wp\/v2\/product_cat?post=4814"},{"taxonomy":"product_tag","embeddable":true,"href":"https:\/\/svitimprotebe.cz\/eshop\/wp-json\/wp\/v2\/product_tag?post=4814"}],"curies":[{"name":"wp","href":"https:\/\/api.w.org\/{rel}","templated":true}]}}