{"id":48144,"date":"2021-06-30T14:49:01","date_gmt":"2021-06-30T12:49:01","guid":{"rendered":"https:\/\/svitimprotebe.cz\/eshop\/produkt\/zaslepka-stos-bila\/"},"modified":"2026-03-16T11:07:48","modified_gmt":"2026-03-16T10:07:48","slug":"zaslepka-stos-bila","status":"publish","type":"product","link":"https:\/\/svitimprotebe.cz\/eshop\/zaslepka-stos-bila\/","title":{"rendered":"Z\u00e1slepka STOS b\u00edl\u00e1"},"content":{"rendered":"","protected":false},"excerpt":{"rendered":"<ul>\n<li>Vysok\u00e1 odolnost proti zni\u010den\u00ed<\/li>\n<li>Nepodl\u00e9h\u00e1 korozi<\/li>\n<li>Jednoduch\u00e1 mont\u00e1\u017e<\/li>\n<li>Estetick\u00e9 ukon\u010den\u00ed profilu<\/li>\n<\/ul>\n","protected":false},"featured_media":46364,"template":"","meta":{"_acf_changed":false},"product_brand":[],"product_cat":[338,327,323,329,328],"product_tag":[194],"class_list":{"0":"post-48144","1":"product","2":"type-product","3":"status-publish","4":"has-post-thumbnail","6":"product_cat-bile","7":"product_cat-prislusenstvi","8":"product_cat-profily-pro-led-pasky","9":"product_cat-zakladni","10":"product_cat-zaslepky","11":"product_tag-klus","12":"product_shipping_class-zakladni","14":"first","15":"instock","16":"taxable","17":"shipping-taxable","18":"purchasable","19":"product-type-simple"},"acf":[],"_links":{"self":[{"href":"https:\/\/svitimprotebe.cz\/eshop\/wp-json\/wp\/v2\/product\/48144","targetHints":{"allow":["GET"]}}],"collection":[{"href":"https:\/\/svitimprotebe.cz\/eshop\/wp-json\/wp\/v2\/product"}],"about":[{"href":"https:\/\/svitimprotebe.cz\/eshop\/wp-json\/wp\/v2\/types\/product"}],"version-history":[{"count":0,"href":"https:\/\/svitimprotebe.cz\/eshop\/wp-json\/wp\/v2\/product\/48144\/revisions"}],"wp:featuredmedia":[{"embeddable":true,"href":"https:\/\/svitimprotebe.cz\/eshop\/wp-json\/wp\/v2\/media\/46364"}],"wp:attachment":[{"href":"https:\/\/svitimprotebe.cz\/eshop\/wp-json\/wp\/v2\/media?parent=48144"}],"wp:term":[{"taxonomy":"product_brand","embeddable":true,"href":"https:\/\/svitimprotebe.cz\/eshop\/wp-json\/wp\/v2\/product_brand?post=48144"},{"taxonomy":"product_cat","embeddable":true,"href":"https:\/\/svitimprotebe.cz\/eshop\/wp-json\/wp\/v2\/product_cat?post=48144"},{"taxonomy":"product_tag","embeddable":true,"href":"https:\/\/svitimprotebe.cz\/eshop\/wp-json\/wp\/v2\/product_tag?post=48144"}],"curies":[{"name":"wp","href":"https:\/\/api.w.org\/{rel}","templated":true}]}}