{"id":48397,"date":"2021-06-30T14:55:16","date_gmt":"2021-06-30T12:55:16","guid":{"rendered":"https:\/\/svitimprotebe.cz\/eshop\/produkt\/zaslepka-ram-3035-teze-seda\/"},"modified":"2025-09-09T14:19:00","modified_gmt":"2025-09-09T12:19:00","slug":"zaslepka-ram-3035-teze-seda","status":"publish","type":"product","link":"https:\/\/svitimprotebe.cz\/eshop\/zaslepka-ram-3035-teze-seda\/","title":{"rendered":"Z\u00e1slepka RAM-3035-TEZE \u0161ed\u00e1"},"content":{"rendered":"","protected":false},"excerpt":{"rendered":"<ul>\n<li>Vysok\u00e1 odolnost proti zni\u010den\u00ed<\/li>\n<li>Nepodl\u00e9h\u00e1 korozi<\/li>\n<li>Jednoduch\u00e1 mont\u00e1\u017e<\/li>\n<li>Estetick\u00e9 ukon\u010den\u00ed profilu<\/li>\n<\/ul>\n","protected":false},"featured_media":46660,"template":"","meta":{"_acf_changed":false},"product_brand":[],"product_cat":[323,327,328,329],"product_tag":[194],"class_list":{"0":"post-48397","1":"product","2":"type-product","3":"status-publish","4":"has-post-thumbnail","6":"product_cat-profily-pro-led-pasky","7":"product_cat-prislusenstvi","8":"product_cat-zaslepky","9":"product_cat-zakladni","10":"product_tag-klus","11":"product_shipping_class-zakladni","12":"pa_delka-963","13":"pa_sirka-prumer-931","14":"pa_vyska-1042","16":"first","17":"instock","18":"taxable","19":"shipping-taxable","20":"purchasable","21":"product-type-simple"},"acf":[],"_links":{"self":[{"href":"https:\/\/svitimprotebe.cz\/eshop\/wp-json\/wp\/v2\/product\/48397","targetHints":{"allow":["GET"]}}],"collection":[{"href":"https:\/\/svitimprotebe.cz\/eshop\/wp-json\/wp\/v2\/product"}],"about":[{"href":"https:\/\/svitimprotebe.cz\/eshop\/wp-json\/wp\/v2\/types\/product"}],"version-history":[{"count":0,"href":"https:\/\/svitimprotebe.cz\/eshop\/wp-json\/wp\/v2\/product\/48397\/revisions"}],"wp:featuredmedia":[{"embeddable":true,"href":"https:\/\/svitimprotebe.cz\/eshop\/wp-json\/wp\/v2\/media\/46660"}],"wp:attachment":[{"href":"https:\/\/svitimprotebe.cz\/eshop\/wp-json\/wp\/v2\/media?parent=48397"}],"wp:term":[{"taxonomy":"product_brand","embeddable":true,"href":"https:\/\/svitimprotebe.cz\/eshop\/wp-json\/wp\/v2\/product_brand?post=48397"},{"taxonomy":"product_cat","embeddable":true,"href":"https:\/\/svitimprotebe.cz\/eshop\/wp-json\/wp\/v2\/product_cat?post=48397"},{"taxonomy":"product_tag","embeddable":true,"href":"https:\/\/svitimprotebe.cz\/eshop\/wp-json\/wp\/v2\/product_tag?post=48397"}],"curies":[{"name":"wp","href":"https:\/\/api.w.org\/{rel}","templated":true}]}}