{"id":4866,"date":"2021-12-26T18:54:23","date_gmt":"2021-12-26T17:54:23","guid":{"rendered":"https:\/\/svitimprotebe.cz\/eshop\/?post_type=product&#038;p=4866"},"modified":"2026-03-17T07:00:28","modified_gmt":"2026-03-17T06:00:28","slug":"adc-prevodnik-g3-dali2","status":"publish","type":"product","link":"https:\/\/svitimprotebe.cz\/eshop\/adc-prevodnik-g3-dali2\/","title":{"rendered":"\u0158\u00edd\u00edc\u00ed modul G3 DALI-2"},"content":{"rendered":"<h3>Vlastnosti<\/h3>\n<ul>\n<li>4 nez\u00e1visl\u00e9 vstupy pro p\u0159ipojen\u00ed <a href=\"https:\/\/svitimprotebe.cz\/eshop\/?s=Ovlada%C4%8D+tla%C4%8D%C3%ADtkov%C3%BD+zap%C3%ADnac%C3%AD+1%2F0&amp;post_type=product\" target=\"_blank\" rel=\"noopener\">bezpotenci\u00e1lov\u00fdch tla\u010d\u00edtek<\/a><\/li>\n<li>Maxim\u00e1ln\u00ed doporu\u010den\u00e1 d\u00e9lka vodi\u010de mezi tla\u010d\u00edtkem a DALI XC modulem je 50 cm<\/li>\n<li>Mo\u017enost zapojen\u00ed v\u00edce modul\u016f DALI XC na sb\u011brnici DALI-2<\/li>\n<li>Nap\u00e1jeno ze sb\u011brnice DALI-2<\/li>\n<li>P\u0159ipojovac\u00ed vodi\u010de podle barev svorek s&nbsp;d\u00e9lkou 25cm v&nbsp;balen\u00ed<\/li>\n<li>Kompaktn\u00ed proveden\u00ed ur\u010den\u00e9 do instala\u010dn\u00ed krabice<\/li>\n<li>Z\u00e1ruka 5 let<\/li>\n<\/ul>\n<h3>Zapojen\u00ed<\/h3>\n<ul>\n<li>DALI XC nesm\u00ed b\u00fdt p\u0159ipojen k&nbsp;elektrick\u00e9 s\u00edti 230V. Je nap\u00e1jen p\u0159\u00edmo ze sb\u011brnice DALI-2.<\/li>\n<li>Sp\u00edna\u010de jsou p\u0159ipojeny p\u0159\u00edmo k&nbsp;DALI XC. Nesm\u00ed b\u00fdt p\u0159ipojeny k&nbsp;s\u00edti 230V.<\/li>\n<li>Detail\u016fm zapojen\u00ed DALI sb\u011brnice se v\u011bnuje \u010dl\u00e1nek <a href=\"https:\/\/svitimprotebe.cz\/ovladani-svetel-pomoci-dali-sbernice\/\" target=\"_blank\" rel=\"noopener\">Ovl\u00e1d\u00e1n\u00ed sv\u011btel pomoc\u00ed DALI sb\u011brnice<\/a>.<\/li>\n<\/ul>\n<p><img fetchpriority=\"high\" decoding=\"async\" class=\"wp-image-4870 aligncenter\" src=\"https:\/\/svitimprotebe.cz\/eshop\/wp-content\/uploads\/2021\/12\/obvod.png\" alt=\"\" width=\"430\" height=\"246\" srcset=\"https:\/\/svitimprotebe.cz\/eshop\/wp-content\/uploads\/2021\/12\/obvod.png 804w, https:\/\/svitimprotebe.cz\/eshop\/wp-content\/uploads\/2021\/12\/obvod-300x172.png 300w, https:\/\/svitimprotebe.cz\/eshop\/wp-content\/uploads\/2021\/12\/obvod-768x439.png 768w, https:\/\/svitimprotebe.cz\/eshop\/wp-content\/uploads\/2021\/12\/obvod-740x423.png 740w, https:\/\/svitimprotebe.cz\/eshop\/wp-content\/uploads\/2021\/12\/obvod-480x275.png 480w, https:\/\/svitimprotebe.cz\/eshop\/wp-content\/uploads\/2021\/12\/obvod-600x343.png 600w\" sizes=\"(max-width: 430px) 100vw, 430px\" \/><\/p>\n<h3>P\u0159\u00edprava kabel\u016f<\/h3>\n<p><img decoding=\"async\" class=\"wp-image-4869 size-medium aligncenter\" src=\"https:\/\/svitimprotebe.cz\/eshop\/wp-content\/uploads\/2021\/12\/draty10-300x151.png\" alt=\"\" width=\"300\" height=\"151\" srcset=\"https:\/\/svitimprotebe.cz\/eshop\/wp-content\/uploads\/2021\/12\/draty10-300x151.png 300w, https:\/\/svitimprotebe.cz\/eshop\/wp-content\/uploads\/2021\/12\/draty10-480x242.png 480w, https:\/\/svitimprotebe.cz\/eshop\/wp-content\/uploads\/2021\/12\/draty10.png 565w\" sizes=\"(max-width: 300px) 100vw, 300px\" \/><\/p>\n<p>P\u0159ipojen\u00ed modulu m\u016f\u017ee b\u00fdt form\u011b spl\u00e9tan\u00fdch vodi\u010d\u016f se zakripovan\u00fdmi koncovkami (dutinkami) nebo formou pevn\u00fdch vodi\u010d\u016f. Pr\u016f\u0159ezy je vhodn\u00e9 volit:<\/p>\n<ul>\n<li>0,2 \u2013 1,5mm\u00b2 pro p\u0159ipojen\u00ed sp\u00edna\u010d\u016f nebo tla\u010d\u00edtek,<\/li>\n<li>0,2 \u2013 1,5mm\u00b2 pro v\u00fdstup na DALI sb\u011brnici.<\/li>\n<\/ul>\n<p>Pro optim\u00e1ln\u00ed funkci pru\u017einov\u00fdch svorek je d\u00e9lka odizolovan\u00e9ho konce vodi\u010de 8,5 \u2013 9,5mm.<\/p>\n<h3>Sch\u00e9ma zapojen\u00ed modulu DALI-2 MC v&nbsp;DALI soustav\u011b<\/h3>\n<p><img decoding=\"async\" class=\"aligncenter wp-image-120548 size-full\" src=\"https:\/\/svitimprotebe.cz\/eshop\/wp-content\/uploads\/2024\/04\/Ridici-modul-G3-DALI-2-schema-zapojeni.png\" alt=\"\" width=\"1108\" height=\"453\" srcset=\"https:\/\/svitimprotebe.cz\/eshop\/wp-content\/uploads\/2024\/04\/Ridici-modul-G3-DALI-2-schema-zapojeni.png 1108w, https:\/\/svitimprotebe.cz\/eshop\/wp-content\/uploads\/2024\/04\/Ridici-modul-G3-DALI-2-schema-zapojeni-300x123.png 300w, https:\/\/svitimprotebe.cz\/eshop\/wp-content\/uploads\/2024\/04\/Ridici-modul-G3-DALI-2-schema-zapojeni-1024x419.png 1024w, https:\/\/svitimprotebe.cz\/eshop\/wp-content\/uploads\/2024\/04\/Ridici-modul-G3-DALI-2-schema-zapojeni-768x314.png 768w, https:\/\/svitimprotebe.cz\/eshop\/wp-content\/uploads\/2024\/04\/Ridici-modul-G3-DALI-2-schema-zapojeni-740x303.png 740w\" sizes=\"(max-width: 1108px) 100vw, 1108px\" \/><\/p>\n","protected":false},"excerpt":{"rendered":"<h4>DALI XC G3 CWM 30 DA2<\/h4>\n<p><strong>\u0158\u00edd\u00edc\u00ed modul<\/strong> pro ovl\u00e1d\u00e1n\u00ed osv\u011btlen\u00ed v&nbsp;s\u00edti DALI-2. P\u0159ipojen\u00ed a\u017e <strong>4 tla\u010d\u00edtek. <\/strong>Umo\u017e\u0148uje\u00a0ovl\u00e1d\u00e1n\u00ed jasu a teploty b\u00edl\u00e9ho sv\u011btla. Proveden\u00ed <strong>do instala\u010dn\u00ed krabice.<\/strong><\/p>\n","protected":false},"featured_media":7626,"template":"","meta":{"_acf_changed":false},"product_brand":[],"product_cat":[957,226],"product_tag":[52],"class_list":{"0":"post-4866","1":"product","2":"type-product","3":"status-publish","4":"has-post-thumbnail","6":"product_cat-ovladani-a-rizeni-osvetleni","7":"product_cat-dali-2-stmivatelne","8":"product_tag-tridonic","9":"product_shipping_class-zakladni","10":"pa_delka-1045","11":"pa_meni-barvy-tw-varianta-ano","12":"pa_moznosti-ovladani-dali","13":"pa_napajeni-dali-linka","14":"pa_sirka-prumer-1046","15":"pa_stmivatelne-ano","16":"pa_stupen-kryti-ip-ip20","17":"pa_typ-produktu-ovladani-a-rizeni-osvetleni","18":"pa_vyska-1029","20":"first","21":"instock","22":"taxable","23":"shipping-taxable","24":"purchasable","25":"product-type-simple"},"acf":[],"_links":{"self":[{"href":"https:\/\/svitimprotebe.cz\/eshop\/wp-json\/wp\/v2\/product\/4866","targetHints":{"allow":["GET"]}}],"collection":[{"href":"https:\/\/svitimprotebe.cz\/eshop\/wp-json\/wp\/v2\/product"}],"about":[{"href":"https:\/\/svitimprotebe.cz\/eshop\/wp-json\/wp\/v2\/types\/product"}],"version-history":[{"count":0,"href":"https:\/\/svitimprotebe.cz\/eshop\/wp-json\/wp\/v2\/product\/4866\/revisions"}],"wp:featuredmedia":[{"embeddable":true,"href":"https:\/\/svitimprotebe.cz\/eshop\/wp-json\/wp\/v2\/media\/7626"}],"wp:attachment":[{"href":"https:\/\/svitimprotebe.cz\/eshop\/wp-json\/wp\/v2\/media?parent=4866"}],"wp:term":[{"taxonomy":"product_brand","embeddable":true,"href":"https:\/\/svitimprotebe.cz\/eshop\/wp-json\/wp\/v2\/product_brand?post=4866"},{"taxonomy":"product_cat","embeddable":true,"href":"https:\/\/svitimprotebe.cz\/eshop\/wp-json\/wp\/v2\/product_cat?post=4866"},{"taxonomy":"product_tag","embeddable":true,"href":"https:\/\/svitimprotebe.cz\/eshop\/wp-json\/wp\/v2\/product_tag?post=4866"}],"curies":[{"name":"wp","href":"https:\/\/api.w.org\/{rel}","templated":true}]}}