{"id":50003,"date":"2023-06-13T07:15:49","date_gmt":"2023-06-13T05:15:49","guid":{"rendered":"https:\/\/svitimprotebe.cz\/eshop\/?post_type=product&#038;p=50003"},"modified":"2026-03-26T09:49:57","modified_gmt":"2026-03-26T08:49:57","slug":"vanila-floor","status":"publish","type":"product","link":"https:\/\/svitimprotebe.cz\/eshop\/vanila-floor\/","title":{"rendered":"Plnospektr\u00e1ln\u00ed stojac\u00ed LED lampa Vanila Floor"},"content":{"rendered":"<div style=\"background-color: #f2f2f2; border-radius: 10px; padding: 5px;\"><strong style=\"color: #333333; font-size: 18px;\">Posvi\u0165me si na to:<\/strong><br \/>\nSv\u00edtidlo tak zvl\u00e1\u0161tn\u00ed a p\u0159itom kr\u00e1sn\u00e9 a jednoduch\u00e9, \u017ee mi ned\u00e1 sp\u00e1t. Mysl\u00edm, \u017ee mus\u00ed na prvn\u00ed pohled zaujmout \u00fapln\u011b ka\u017ed\u00e9ho, nebo\u0165 n\u011bco takov\u00e9ho prost\u011b nevid\u00edte ka\u017ed\u00fd den.<br \/>\nMysl\u00edm, \u017ee zcela jasn\u011b d\u00e1v\u00e1 tohle sv\u00edtidlo najevo, \u017ee <a href=\"https:\/\/www.svitimprotebe.cz\/minimal-nordic\/\" target=\"_blank\" rel=\"noopener\">seversky<\/a> lad\u011bn\u00e9 interi\u00e9ry budou to prav\u00e9 o\u0159echov\u00e9. To stejn\u00e9 plat\u00ed u interi\u00e9r\u016f minimalistick\u00fdch. A kam p\u0159\u00edmo jej um\u00edstit? Naprosto jist\u00e1 volba jsou ob\u00fdvac\u00ed pokoje, pracovny a klidn\u011b i lo\u017enice. Zkr\u00e1tka a dob\u0159e, tohle sv\u00edtidlo bude epesn\u00ed v&nbsp;ka\u017ed\u00e9 m\u00edstnosti.<\/div>\n<div style=\"background-color: #f2f2f2; border-radius: 10px; padding: 5px;\">Nejste si jist\u00ed, zda se do va\u0161eho domu sv\u00edtidlo hod\u00ed? Inspirujte se v&nbsp;na\u0161\u00ed <strong><a href=\"https:\/\/svitimprotebe.cz\/galerie-interierovych-stylu\/\" target=\"_blank\" rel=\"noopener\">galerii interi\u00e9rov\u00fdch styl\u016f<\/a><\/strong>.<br \/>\nAnebo se n\u00e1m <a href=\"https:\/\/svitimprotebe.cz\/kontakty\/\">ozv\u011bte<\/a>, s&nbsp;v\u00fdb\u011brem v\u00e1m r\u00e1di <strong>porad\u00edme <\/strong>\ud83d\ude42<\/div>\n<div><\/div>\n<h3>Svi\u0165te zdrav\u011b \u2013 va\u0161e t\u011blo v\u00e1m pod\u011bkuje<\/h3>\n<div>\n<p><strong>Plnospektr\u00e1ln\u00ed LED sv\u00edtidla<\/strong> maj\u00ed na lidsk\u00e9 t\u011blo i mysl hned n\u011bkolik pozitivn\u00edch \u00fa\u010dink\u016f. C\u00edt\u00edte se \u010dasto unaven\u00ed a v&nbsp;zamra\u010den\u00fdch dnech v\u00e1s p\u0159epad\u00e1 \u0161patn\u00e1 n\u00e1lada? Anebo v\u00e1s tr\u00e1p\u00ed probl\u00e9my se sp\u00e1nkem a ve\u010der v\u00e1m trv\u00e1 hodiny, ne\u017e usnete? Pak pro v\u00e1s budou <a href=\"https:\/\/svitimprotebe.cz\/plnospektralni-led-osvetleni\/\" target=\"_blank\" rel=\"noopener\">plnospektr\u00e1ln\u00ed sv\u00edtidla<\/a> velk\u00fdm pomocn\u00edkem.<\/p>\n<p>Jejich hlavn\u00edm plusem je, \u017ee vyd\u00e1vaj\u00ed zdrav\u00e9 sv\u011btlo a <strong>um\u00ed dokonale napodobit p\u0159irozen\u00e9 venkovn\u00ed sv\u011bteln\u00e9 podm\u00ednky<\/strong>. D\u00edky tomu se b\u011bhem dne budete i v&nbsp;uzav\u0159en\u00e9 kancel\u00e1\u0159i c\u00edtit, jako by na v\u00e1s sv\u00edtilo slun\u00ed\u010dko. Krom\u011b toho tak\u00e9 p\u016fsob\u00ed pozitivn\u011b na <a href=\"https:\/\/svitimprotebe.cz\/svetlo-zdravi-a-nalada\/\" target=\"_blank\" rel=\"noopener\">lidskou psychiku<\/a> a p\u0159isp\u00edvaj\u00ed k&nbsp;udr\u017een\u00ed zdrav\u00e9ho biorytmu. Zat\u00edmco ve dne v\u00e1s tak nabud\u00ed energi\u00ed, ve\u010der zklidn\u00ed t\u011blo i mysl a v&nbsp;noci budete sp\u00e1t jako miminko.<\/p>\n<p><img fetchpriority=\"high\" decoding=\"async\" class=\"alignnone wp-image-110920 size-full\" src=\"https:\/\/svitimprotebe.cz\/eshop\/wp-content\/uploads\/2023\/06\/osvetleni-svetlo-svitidlo-zarovka-e1694512484625.jpg\" alt=\"\" width=\"1920\" height=\"684\" srcset=\"https:\/\/svitimprotebe.cz\/eshop\/wp-content\/uploads\/2023\/06\/osvetleni-svetlo-svitidlo-zarovka-e1694512484625.jpg 1920w, https:\/\/svitimprotebe.cz\/eshop\/wp-content\/uploads\/2023\/06\/osvetleni-svetlo-svitidlo-zarovka-e1694512484625-740x264.jpg 740w, https:\/\/svitimprotebe.cz\/eshop\/wp-content\/uploads\/2023\/06\/osvetleni-svetlo-svitidlo-zarovka-e1694512484625-300x107.jpg 300w, https:\/\/svitimprotebe.cz\/eshop\/wp-content\/uploads\/2023\/06\/osvetleni-svetlo-svitidlo-zarovka-e1694512484625-768x274.jpg 768w, https:\/\/svitimprotebe.cz\/eshop\/wp-content\/uploads\/2023\/06\/osvetleni-svetlo-svitidlo-zarovka-e1694512484625-1024x365.jpg 1024w, https:\/\/svitimprotebe.cz\/eshop\/wp-content\/uploads\/2023\/06\/osvetleni-svetlo-svitidlo-zarovka-e1694512484625-1536x547.jpg 1536w\" sizes=\"(max-width: 1920px) 100vw, 1920px\" \/><\/p>\n<h3>Jak vybrat spr\u00e1vnou dobu pou\u017e\u00edv\u00e1n\u00ed?<\/h3>\n<p>Nev\u00edte si rady s&nbsp;t\u00edm, jakou zvolit dobu pou\u017e\u00edv\u00e1n\u00ed? Nev\u011b\u0161te hlavu. Sv\u00edtidla jsme pro v\u00e1s p\u0159ehledn\u011b rozd\u011blili do n\u011bkolika skupin podle toho, jak tepl\u00e9 \u010di studen\u00e9 sv\u011btlo vyza\u0159uj\u00ed.<\/p>\n<div class=\"gdc_row\"><div class=\"gdc_column gdc_cthird\"><div class=\"gdc_inner\"><\/p>\n<h4 style=\"text-align: center;\"><strong>Denn\u00ed<\/strong><\/h4>\n<p style=\"text-align: center;\">Vyd\u00e1v\u00e1 <strong>studen\u00e9 b\u00edl\u00e9 sv\u011btlo o teplot\u011b barvy 4000 K<\/strong>, kter\u00e9 obsahuje velk\u00e9 mno\u017estv\u00ed modr\u00e9 slo\u017eky a napodobuje p\u0159irozen\u00fd slune\u010dn\u00ed svit. D\u00edky tomu <strong>pozitivn\u011b p\u016fsob\u00ed na koncentraci a produktivitu<\/strong> a je tak vhodn\u00e9 na pr\u00e1ci \u010di studium b\u011bhem dne.<\/p>\n<p><\/div><\/div><div class=\"gdc_column gdc_cthird\"><div class=\"gdc_inner\"><\/p>\n<h4 style=\"text-align: center;\"><strong>Ve\u010dern\u00ed a no\u010dn\u00ed<\/strong><\/h4>\n<p style=\"text-align: center;\">Sv\u00edt\u00ed <strong>tepl\u00fdm oran\u017eov\u00fdm sv\u011btlem o teplot\u011b barvy 1600 K<\/strong>, kter\u00e9 neobsahuje \u017e\u00e1dnou modrou slo\u017eku a podob\u00e1 se sv\u011btlu ohn\u011b. <strong>Na na\u0161e t\u011blo i mysl p\u016fsob\u00ed uklid\u0148uj\u00edc\u00edm dojmem<\/strong> a je proto ide\u00e1ln\u00ed na sv\u00edcen\u00ed ve <a style=\"font-style: inherit;\" href=\"https:\/\/www.svitimprotebe.cz\/doporucena-doba-pouzivani-svitidel\/\" target=\"_blank\" rel=\"noopener\">ve\u010dern\u00edch \u010di no\u010dn\u00edch hodin\u00e1ch<\/a>.<\/p>\n<p><\/div><\/div><div class=\"gdc_column gdc_cthird\"><div class=\"gdc_inner\"><\/p>\n<h4 style=\"text-align: center;\"><strong>Celodenn\u00ed chytr\u00e9<\/strong><\/h4>\n<p style=\"text-align: center;\">D\u00edky velk\u00e9mu rozp\u011bt\u00ed <a href=\"https:\/\/svitimprotebe.cz\/slovnicek-pojmu\/\" target=\"_blank\" rel=\"noopener\">teploty barvy<\/a> umo\u017e\u0148uje <strong>m\u011bnit barvu sv\u011btla dle denn\u00ed doby<\/strong>. Sv\u00edtidlo je proto <strong>vhodn\u00e9 na celodenn\u00ed sv\u00edcen\u00ed<\/strong>. Zat\u00edmco b\u011bhem dne v\u00e1m sv\u011btlo dod\u00e1 energii a zv\u00fd\u0161\u00ed produktivitu, ve\u010der zklidn\u00ed t\u011blo i mysl a p\u0159iprav\u00ed v\u00e1s na sp\u00e1nek.<\/p>\n<p style=\"text-align: left;\"><\/div><\/div><\/div>\n<p><img decoding=\"async\" class=\"aligncenter wp-image-110918 size-full\" src=\"https:\/\/svitimprotebe.cz\/eshop\/wp-content\/uploads\/2023\/06\/Obrazek_zmeny_Tch_pro_LED_svitidla.jpg\" alt=\"\" width=\"1920\" height=\"686\" srcset=\"https:\/\/svitimprotebe.cz\/eshop\/wp-content\/uploads\/2023\/06\/Obrazek_zmeny_Tch_pro_LED_svitidla.jpg 1920w, https:\/\/svitimprotebe.cz\/eshop\/wp-content\/uploads\/2023\/06\/Obrazek_zmeny_Tch_pro_LED_svitidla-740x264.jpg 740w, https:\/\/svitimprotebe.cz\/eshop\/wp-content\/uploads\/2023\/06\/Obrazek_zmeny_Tch_pro_LED_svitidla-300x107.jpg 300w, https:\/\/svitimprotebe.cz\/eshop\/wp-content\/uploads\/2023\/06\/Obrazek_zmeny_Tch_pro_LED_svitidla-768x274.jpg 768w, https:\/\/svitimprotebe.cz\/eshop\/wp-content\/uploads\/2023\/06\/Obrazek_zmeny_Tch_pro_LED_svitidla-1024x366.jpg 1024w, https:\/\/svitimprotebe.cz\/eshop\/wp-content\/uploads\/2023\/06\/Obrazek_zmeny_Tch_pro_LED_svitidla-1536x549.jpg 1536w\" sizes=\"(max-width: 1920px) 100vw, 1920px\" \/><\/p>\n<h3>Svi\u0165te chyt\u0159e<\/h3>\n<p>M\u00e1te r\u00e1di chytr\u00e9 v\u011bci\u010dky \u010di u\u017e dokonce pou\u017e\u00edv\u00e1te <strong>prvky inteligentn\u00ed dom\u00e1cnosti<\/strong>? Pak jste \u201ena spr\u00e1vn\u00e9 adrese\u201c. Na\u0161e chytr\u00e1 plnospektr\u00e1ln\u00ed sv\u00edtidla v\u00e1s budou poslouchat na slovo. D\u00edky aplikaci <a href=\"https:\/\/svitimprotebe.cz\/pouziti-aplikace-ledvance-smart-wifi-pro-radu-svitidel-sunhome\/\" target=\"_blank\" rel=\"noopener\">LEDVANCE SMART+ WIFI<\/a> s&nbsp;funkc\u00ed <strong>tuneable white <\/strong>(TW) je m\u016f\u017eete ovl\u00e1dat jak vyp\u00edna\u010dem na zdi, tak <a href=\"https:\/\/svitimprotebe.cz\/eshop\/dalkovy-ovladac-ledvance-smartwifi\/\" target=\"_blank\" rel=\"noopener\">d\u00e1lkov\u00fdm ovlada\u010dem<\/a> nebo dotekem skrze v\u00e1\u0161 chytr\u00fd telefon.<\/p>\n<p>A co je na tom nejlep\u0161\u00ed? Chytr\u00e1 sv\u00edtidla o teplot\u011b barvy 2200<strong>\u2013<\/strong>5000K umo\u017e\u0148uj\u00ed<strong> automatick\u00e9 plynul\u00e9 p\u0159ep\u00edn\u00e1n\u00ed <\/strong>mezi <a href=\"https:\/\/svitimprotebe.cz\/doporucena-doba-pouzivani-svitidel\/\" target=\"_blank\" rel=\"noopener\">sv\u011bteln\u00fdmi sc\u00e9nami<\/a>. \u0158\u00eddit se um\u00ed nejen v\u00fdchodem a z\u00e1padem slunce, ale i aktu\u00e1ln\u00edm mno\u017estv\u00edm denn\u00edho sv\u011btla v&nbsp;m\u00edstnosti nebo jin\u00fdmi, v\u00e1mi nastaven\u00fdmi re\u017eimy.<\/p>\n<h3>Vyhn\u011bte se ru\u0161iv\u00e9mu flikru<\/h3>\n<p>Ve sv\u00edtidlech pou\u017e\u00edv\u00e1me <strong>no-flikr \u017e\u00e1rovky<\/strong>. D\u00edky tomu na\u0161e sv\u00edtidla nem\u00edhaj\u00ed, neblikaj\u00ed a nemaj\u00ed \u017e\u00e1dn\u00fd\u00a0<a style=\"font-style: inherit;\" href=\"https:\/\/www.svitimprotebe.cz\/flikr-aneb-blikani-svetelnych-zdroju-pstlm-a-svm\/\" target=\"_blank\" rel=\"noopener\">ru\u0161iv\u00fd flikr<\/a>. To si nav\u00edc ov\u011b\u0159ujeme vlastn\u00edmi\u00a0<a style=\"font-style: inherit;\" href=\"https:\/\/svitimprotebe.cz\/eshop\/merici-technika\/\" target=\"_blank\" rel=\"noopener\">m\u011b\u0159\u00edc\u00edmi p\u0159\u00edstroji<\/a>.<\/p>\n<\/div>\n","protected":false},"excerpt":{"rendered":"<p>Stojac\u00ed sv\u00edtidlo Vanila Floor, vyroben\u00e9 z&nbsp;kvalitn\u00edho kovu v\u00e1s doslova o\u010daruje sv\u00fdm futuristick\u00fdm vzhledem. Na v\u00fdb\u011br je ze dvou modern\u00edch barev, d\u00edky kter\u00fdm tato lampa zapadne do ka\u017ed\u00e9 modern\u00ed dom\u00e1cnosti.<\/p>\n","protected":false},"featured_media":53189,"template":"","meta":{"_acf_changed":false},"product_brand":[],"product_cat":[1981,1979,1982,1983,304,2018,2006,23,572],"product_tag":[478],"class_list":{"0":"post-50003","1":"product","2":"type-product","3":"status-publish","4":"has-post-thumbnail","6":"product_cat-svetla-do-detskeho-pokoje","7":"product_cat-svetla-do-loznice","8":"product_cat-svetla-do-obyvaciho-pokoje","9":"product_cat-svetla-do-pracovny-a-kancelare","10":"product_cat-plnospektralni-led-svitidla","11":"product_cat-plnospektralni-led-svitidla-podle-typu-montaze","12":"product_cat-plnospektralni-stojaci-lampy","13":"product_cat-plnospektralni-zdrave-osvetleni","14":"product_cat-stojaci-plnospektralni","15":"product_tag-nordlux","16":"product_shipping_class-trida-b","17":"pa_barva-svitidla-bila","18":"pa_barva-svitidla-cerna","19":"pa_chytre-svitidlo-ano","20":"pa_chytre-svitidlo-ne","21":"pa_doba-pouzivani-celodenni-osvetleni-24-h","22":"pa_doba-pouzivani-denni-osvetleni","23":"pa_doba-pouzivani-probouzeni-svetlem","24":"pa_doba-pouzivani-vecerni-osvetleni","25":"pa_material-kov","26":"pa_meni-barvy-tw-varianta-ano","27":"pa_meni-barvy-tw-varianta-dle-volby-svetelneho-zdroje","28":"pa_meni-barvy-tw-varianta-ne","29":"pa_napajeni-sit-230-ac","30":"pa_patice-zavit-e14","31":"pa_pocet-zarovek-ve-svitidle-1-ks","32":"pa_sirka-prumer-1153","33":"pa_stmivatelne-ano","34":"pa_stmivatelne-dle-volby-svetelneho-zdroje","35":"pa_stmivatelne-ne","36":"pa_stupen-kryti-ip-ip20","37":"pa_styl-minimalisticky-a-seversky","38":"pa_svetelny-tok-401-600-lm","39":"pa_svetelny-tok-601-800-lm","40":"pa_teplota-barvy-1500-1600-k","41":"pa_teplota-barvy-2200-2500-k","42":"pa_teplota-barvy-2700-3000-k","43":"pa_teplota-barvy-4000-5000-k","44":"pa_teplota-barvy-v1-1600k","45":"pa_teplota-barvy-v1-2200-5000k-wifi","46":"pa_teplota-barvy-v1-2200k","47":"pa_teplota-barvy-v1-2700k","48":"pa_teplota-barvy-v1-4000k","49":"pa_tvar-svitidla-kruhove","50":"pa_typ-produktu-led-svitidlo","51":"pa_umisteni-montaz-do-zasuvky","52":"pa_umisteni-montaz-samostatne-stojici","53":"pa_vhodne-do-chodba","54":"pa_vhodne-do-detsky-pokoj","55":"pa_vhodne-do-kuchyne","56":"pa_vhodne-do-loznice","57":"pa_vhodne-do-obyvaci-pokoj","58":"pa_vhodne-do-pracovna","59":"pa_vykon-3-5-w","60":"pa_vykon-6-10-w","61":"pa_vymenitelny-svetelny-zdroj-ano","62":"pa_vyska-1281","63":"pa_zpusob-vyzarovani-prime","64":"pa_zpusob-zapojeni-do-zasuvky","66":"first","67":"outofstock","68":"featured","69":"taxable","70":"shipping-taxable","71":"purchasable","72":"product-type-variable"},"acf":[],"_links":{"self":[{"href":"https:\/\/svitimprotebe.cz\/eshop\/wp-json\/wp\/v2\/product\/50003","targetHints":{"allow":["GET"]}}],"collection":[{"href":"https:\/\/svitimprotebe.cz\/eshop\/wp-json\/wp\/v2\/product"}],"about":[{"href":"https:\/\/svitimprotebe.cz\/eshop\/wp-json\/wp\/v2\/types\/product"}],"version-history":[{"count":0,"href":"https:\/\/svitimprotebe.cz\/eshop\/wp-json\/wp\/v2\/product\/50003\/revisions"}],"wp:featuredmedia":[{"embeddable":true,"href":"https:\/\/svitimprotebe.cz\/eshop\/wp-json\/wp\/v2\/media\/53189"}],"wp:attachment":[{"href":"https:\/\/svitimprotebe.cz\/eshop\/wp-json\/wp\/v2\/media?parent=50003"}],"wp:term":[{"taxonomy":"product_brand","embeddable":true,"href":"https:\/\/svitimprotebe.cz\/eshop\/wp-json\/wp\/v2\/product_brand?post=50003"},{"taxonomy":"product_cat","embeddable":true,"href":"https:\/\/svitimprotebe.cz\/eshop\/wp-json\/wp\/v2\/product_cat?post=50003"},{"taxonomy":"product_tag","embeddable":true,"href":"https:\/\/svitimprotebe.cz\/eshop\/wp-json\/wp\/v2\/product_tag?post=50003"}],"curies":[{"name":"wp","href":"https:\/\/api.w.org\/{rel}","templated":true}]}}