{"id":52302,"date":"2021-09-19T20:06:20","date_gmt":"2021-09-19T18:06:20","guid":{"rendered":"https:\/\/svitimprotebe.cz\/eshop\/?post_type=product&#038;p=52302"},"modified":"2026-01-29T10:00:01","modified_gmt":"2026-01-29T09:00:01","slug":"silikon-bezbarvy-600ml","status":"publish","type":"product","link":"https:\/\/svitimprotebe.cz\/eshop\/silikon-bezbarvy-600ml\/","title":{"rendered":"Silikon SikaHyflex-600 bezbarv\u00fd 300 ml, UV odoln\u00fd"},"content":{"rendered":"<h3>Tmel, vysoce odoln\u00fd pov\u011btrnostn\u00edm vliv\u016fm<\/h3>\n<ul>\n<li>Obsah 300 ml<\/li>\n<li>Odoln\u00fd v\u016f\u010di UV<\/li>\n<li>Pro ut\u011bs\u0148ov\u00e1n\u00ed sv\u00edtidel p\u0159ed vlhkost\u00ed<\/li>\n<li>Vhodn\u00fd pro LED hlin\u00edkov\u00e9 profily HR-OPTI, HR-MAX.<\/li>\n<\/ul>\n<h3>V\u00fdhody<\/h3>\n<ul>\n<li>Transparentn\u00ed a \/ nebo kovov\u00fd vzhled<\/li>\n<li>Celkov\u00e1 zm\u011bna tvaru a\u017e 25% (ASTM C 719)<\/li>\n<li>Velmi dobr\u00e1 zpracovatelnost<\/li>\n<li>Neutr\u00e1ln\u011b vytvrzuj\u00edc\u00ed<\/li>\n<\/ul>\n<p>Skladovatelnost<\/p>\n<ul>\n<li>12 m\u011bs\u00edc\u016f od data v\u00fdroby p\u0159i spln\u011bn\u00ed podm\u00ednek skladov\u00e1n\u00ed.<\/li>\n<\/ul>\n<p>Podm\u00ednky skladov\u00e1n\u00ed<\/p>\n<ul>\n<li>SikaHyflex mus\u00ed b\u00fdt skladov\u00e1n pouze v&nbsp;origin\u00e1ln\u00edch, nepo\u0161kozen\u00fdch a neotev\u0159en\u00fdch obalech, v&nbsp;suchu, chr\u00e1n\u011bn p\u0159ed p\u0159\u00edm\u00fdm slune\u010dn\u00edm z\u00e1\u0159en\u00edm a za teplot od +5&nbsp;\u00b0C do +25&nbsp;\u00b0C.<\/li>\n<\/ul>\n","protected":false},"excerpt":{"rendered":"<p>Pr\u016fhledn\u00fd silikon SikaHyflex-600 transparent 300 ml je ide\u00e1ln\u00ed tam, kde je pot\u0159eba zv\u00fd\u0161en\u00e1 odolnost proti vod\u011b. Skv\u011ble se hod\u00ed pro zat\u011bsn\u011bn\u00ed LED p\u00e1sku v&nbsp;hlin\u00edkov\u00e9 li\u0161t\u011b, nap\u0159\u00edklad ve sprchov\u00e9m kout\u011b nebo v&nbsp;nice nad vanou.<\/p>\n","protected":false},"featured_media":128035,"template":"","meta":{"_acf_changed":false},"product_brand":[],"product_cat":[323,327],"product_tag":[194],"class_list":{"0":"post-52302","1":"product","2":"type-product","3":"status-publish","4":"has-post-thumbnail","6":"product_cat-profily-pro-led-pasky","7":"product_cat-prislusenstvi","8":"product_tag-klus","9":"product_shipping_class-zakladni","11":"first","12":"instock","13":"taxable","14":"shipping-taxable","15":"purchasable","16":"product-type-simple"},"acf":[],"_links":{"self":[{"href":"https:\/\/svitimprotebe.cz\/eshop\/wp-json\/wp\/v2\/product\/52302","targetHints":{"allow":["GET"]}}],"collection":[{"href":"https:\/\/svitimprotebe.cz\/eshop\/wp-json\/wp\/v2\/product"}],"about":[{"href":"https:\/\/svitimprotebe.cz\/eshop\/wp-json\/wp\/v2\/types\/product"}],"version-history":[{"count":0,"href":"https:\/\/svitimprotebe.cz\/eshop\/wp-json\/wp\/v2\/product\/52302\/revisions"}],"wp:featuredmedia":[{"embeddable":true,"href":"https:\/\/svitimprotebe.cz\/eshop\/wp-json\/wp\/v2\/media\/128035"}],"wp:attachment":[{"href":"https:\/\/svitimprotebe.cz\/eshop\/wp-json\/wp\/v2\/media?parent=52302"}],"wp:term":[{"taxonomy":"product_brand","embeddable":true,"href":"https:\/\/svitimprotebe.cz\/eshop\/wp-json\/wp\/v2\/product_brand?post=52302"},{"taxonomy":"product_cat","embeddable":true,"href":"https:\/\/svitimprotebe.cz\/eshop\/wp-json\/wp\/v2\/product_cat?post=52302"},{"taxonomy":"product_tag","embeddable":true,"href":"https:\/\/svitimprotebe.cz\/eshop\/wp-json\/wp\/v2\/product_tag?post=52302"}],"curies":[{"name":"wp","href":"https:\/\/api.w.org\/{rel}","templated":true}]}}