{"id":53293,"date":"2022-10-19T12:23:39","date_gmt":"2022-10-19T10:23:39","guid":{"rendered":"https:\/\/svitimprotebe.cz\/eshop\/?post_type=product&#038;p=53293"},"modified":"2026-03-19T08:08:24","modified_gmt":"2026-03-19T07:08:24","slug":"svetelny-budik-philips-wiz","status":"publish","type":"product","link":"https:\/\/svitimprotebe.cz\/eshop\/svetelny-budik-philips-wiz\/","title":{"rendered":"Sv\u011bteln\u00fd bud\u00edk Philips WiZ"},"content":{"rendered":"<p>Sv\u011bteln\u00fd bud\u00edk Philips WiZ m\u016f\u017eete v\u00fdborn\u011b vyu\u017e\u00edt jako <strong>sv\u00edtidlo na no\u010dn\u00ed stolek<\/strong>. Okam\u017eit\u011b si jej obl\u00edb\u00edte vy i va\u0161e d\u011bti. R\u00e1no m\u00edstnost rozjasn\u00ed a navod\u00ed pocit, jakoby v\u00e1s probouzelo slunce. A ve\u010der p\u0159ed us\u00edn\u00e1n\u00edm zase vytvo\u0159\u00ed \u00fatulnou atmosf\u00e9ru.<\/p>\n<h3>Sv\u011bteln\u00fd bud\u00edk jako sv\u011btlo do lo\u017enice<\/h3>\n<p><a href=\"https:\/\/oranzovka.cz\/jak-zvladnout-brzke-ranni-vstavani-pomuze-spravne-svetlo\/\" target=\"_blank\" rel=\"noopener\">Rann\u00ed vst\u00e1v\u00e1n\u00ed<\/a> b\u00fdv\u00e1 pro mnoh\u00e9 z&nbsp;n\u00e1s velkou p\u0159ek\u00e1\u017ekou, obzvl\u00e1\u0161\u0165 v&nbsp;zim\u011b, kdy je r\u00e1no venku je\u0161t\u011b tma. Se sv\u011bteln\u00fdm bud\u00edkem ale bude vst\u00e1v\u00e1n\u00ed daleko p\u0159\u00edjemn\u011bj\u0161\u00ed. Podle va\u0161eho nastaven\u00ed se v&nbsp;ur\u010dit\u00fd \u010das rozsv\u00edt\u00ed &#8211; <strong>nejprve v&nbsp;n\u00edzk\u00e9m jasu, kter\u00fd se postupn\u011b zvy\u0161uje<\/strong> a t\u00edm v\u00e1s pozvolna probud\u00ed. Vyhnete se tak nep\u0159\u00edjemn\u00e9mu \u0161oku z&nbsp;hlasit\u011b drn\u010d\u00edc\u00edho bud\u00edku a va\u0161e t\u011blo se vzbud\u00ed p\u0159irozen\u011b a bez stresu. je To ocen\u00ed i d\u011bti, kter\u00e9 mus\u00ed r\u00e1no vst\u00e1vat do \u0161koly a nechce se jim z&nbsp;postele.<a href=\"https:\/\/svitimprotebe.cz\/eshop\/wp-content\/uploads\/2022\/10\/svetelny-budik-phillips-wiz1.jpg\"><img fetchpriority=\"high\" decoding=\"async\" class=\"aligncenter wp-image-149599 size-full\" src=\"https:\/\/svitimprotebe.cz\/eshop\/wp-content\/uploads\/2022\/10\/svetelny-budik-phillips-wiz1.jpg\" alt=\"Sv\u011bteln\u00fd bud\u00edk Philips WiZ\" width=\"1280\" height=\"960\" srcset=\"https:\/\/svitimprotebe.cz\/eshop\/wp-content\/uploads\/2022\/10\/svetelny-budik-phillips-wiz1.jpg 1280w, https:\/\/svitimprotebe.cz\/eshop\/wp-content\/uploads\/2022\/10\/svetelny-budik-phillips-wiz1-300x225.jpg 300w, https:\/\/svitimprotebe.cz\/eshop\/wp-content\/uploads\/2022\/10\/svetelny-budik-phillips-wiz1-1024x768.jpg 1024w, https:\/\/svitimprotebe.cz\/eshop\/wp-content\/uploads\/2022\/10\/svetelny-budik-phillips-wiz1-768x576.jpg 768w, https:\/\/svitimprotebe.cz\/eshop\/wp-content\/uploads\/2022\/10\/svetelny-budik-phillips-wiz1-740x555.jpg 740w, https:\/\/svitimprotebe.cz\/eshop\/wp-content\/uploads\/2022\/10\/svetelny-budik-phillips-wiz1-64x48.jpg 64w\" sizes=\"(max-width: 1280px) 100vw, 1280px\" \/><\/a><\/p>\n<p>D\u00edky mo\u017enosti zm\u011bny teploty barvy sv\u011btla a stm\u00edv\u00e1n\u00ed v\u0161ak sv\u011bteln\u00fd bud\u00edk <strong>um\u00ed tak\u00e9 vytvo\u0159it p\u0159\u00edjemnou atmosf\u00e9ru pro chvilky odpo\u010dinku a zklidn\u011bn\u00ed<\/strong>. Pr\u00e1v\u011b tepl\u00e9 \u017elut\u00e9 odst\u00edny jsou ide\u00e1ln\u00ed pro odpoledn\u00ed \u010di podve\u010dern\u00ed relaxaci.<\/p>\n<p><img decoding=\"async\" class=\"aligncenter wp-image-53298 size-full\" src=\"https:\/\/svitimprotebe.cz\/eshop\/wp-content\/uploads\/2022\/10\/698f69d9c53546b5b499ae1c00f44c78.jpg\" alt=\"\" width=\"960\" height=\"720\" srcset=\"https:\/\/svitimprotebe.cz\/eshop\/wp-content\/uploads\/2022\/10\/698f69d9c53546b5b499ae1c00f44c78.jpg 960w, https:\/\/svitimprotebe.cz\/eshop\/wp-content\/uploads\/2022\/10\/698f69d9c53546b5b499ae1c00f44c78-740x555.jpg 740w, https:\/\/svitimprotebe.cz\/eshop\/wp-content\/uploads\/2022\/10\/698f69d9c53546b5b499ae1c00f44c78-300x225.jpg 300w, https:\/\/svitimprotebe.cz\/eshop\/wp-content\/uploads\/2022\/10\/698f69d9c53546b5b499ae1c00f44c78-768x576.jpg 768w, https:\/\/svitimprotebe.cz\/eshop\/wp-content\/uploads\/2022\/10\/698f69d9c53546b5b499ae1c00f44c78-510x382.jpg 510w, https:\/\/svitimprotebe.cz\/eshop\/wp-content\/uploads\/2022\/10\/698f69d9c53546b5b499ae1c00f44c78-480x360.jpg 480w\" sizes=\"(max-width: 960px) 100vw, 960px\" \/><\/p>\n<h3>Chytr\u00e9 osv\u011btlen\u00ed ovl\u00e1dan\u00e9 aplikac\u00ed WiZ Connected<\/h3>\n<p>Ve\u0161ker\u00e9 nastaven\u00ed sv\u011btlen\u00e9ho bud\u00edku, jako je zm\u011bna teploty barvy sv\u011btla, jas \u010di pravideln\u00e9 automatizace, snadno nastav\u00edte v&nbsp;mobiln\u00ed <a href=\"https:\/\/svitimprotebe.cz\/pouziti-aplikace-wiz\/\" target=\"_blank\" rel=\"noopener\">aplikaci WiZ Connected<\/a>. <strong>Sta\u010d\u00ed si aplikaci zdarma st\u00e1hnout do sv\u00e9ho telefonu<\/strong>, sv\u011bteln\u00fd bud\u00edk s&nbsp;n\u00ed sp\u00e1rovat a pot\u00e9 ji\u017e m\u016f\u017eete prov\u00e1d\u011bt ve\u0161ker\u00e1 nastaven\u00ed sv\u011bteln\u00fd re\u017eim\u016f a dal\u0161\u00ed. Jak na to se dozv\u00edte v&nbsp;na\u0161em \u010dl\u00e1nku <a href=\"https:\/\/svitimprotebe.cz\/pouziti-aplikace-wiz\/\" target=\"_blank\" rel=\"noopener\">Pou\u017eit\u00ed aplikace WiZ<\/a>.<\/p>\n<p>Pro b\u011b\u017en\u00e9 zapnut\u00ed \u010di vypnut\u00ed sv\u00edtidla v\u0161ak nemus\u00edte v\u017edy vytahovat mobiln\u00ed telefon. Sv\u011bteln\u00fd bud\u00edk m\u016f\u017eete pohodln\u011b <strong>rozsv\u00edtit dvoj\u00edm poklep\u00e1n\u00edm na horn\u00ed \u010d\u00e1st sv\u00edtidla<\/strong>.<\/p>\n<p>Pro je\u0161t\u011b v\u011bt\u0161\u00ed pohodl\u00ed m\u016f\u017eete sv\u00edtidlo ovl\u00e1dat tak\u00e9 p\u0159es hlasov\u00e9 asistenty <strong>Amazon Alexa<\/strong>, <strong>Google Assistant<\/strong> a dal\u0161\u00ed. K&nbsp;tomu si m\u016f\u017eete a aplikac\u00ed WiZ propojit tak\u00e9 dal\u0161\u00ed produkty z&nbsp;kategorie <strong>p\u0159\u00edslu\u0161enstv\u00ed<\/strong>, jako\u00a0<a href=\"http:\/\/svitimprotebe.cz\/eshop\/pohybovy-senzor-wiz\/\" target=\"_blank\" rel=\"noopener\">Pohybov\u00fd senzor WiZ<\/a>\u00a0nebo\u00a0<a href=\"http:\/\/svitimprotebe.cz\/eshop\/dalkove-ovladani-wizmote\/\" target=\"_blank\" rel=\"noopener\">D\u00e1lkov\u00e9 ovl\u00e1d\u00e1n\u00ed WiZmote<\/a>. A pokud budete m\u00edt v&nbsp;m\u00edstnosti alespo\u0148 2 produkty WiZ, <strong>m\u016f\u017eete vyu\u017e\u00edt tak\u00e9 funkci SpaceSense<\/strong>, d\u00edky kter\u00e9 se sv\u00edtidla rozsv\u00edt\u00ed, jen kdy\u017e zaznamenaj\u00ed pohyb. V\u00edce se dozv\u00edte v&nbsp;na\u0161em \u010dl\u00e1nku <a href=\"https:\/\/svitimprotebe.cz\/objevte-novou-funkci-spacesense-u-produktu-wiz\/\" target=\"_blank\" rel=\"noopener\">Objevte novou funkci SpaceSense u produkt\u016f WiZ<\/a>.<\/p>\n<h4><img decoding=\"async\" class=\"aligncenter wp-image-53295 size-full\" src=\"https:\/\/svitimprotebe.cz\/eshop\/wp-content\/uploads\/2022\/10\/eb9a54d7ad1149538c52ae1a0083f603.jpg\" alt=\"\" width=\"960\" height=\"720\" srcset=\"https:\/\/svitimprotebe.cz\/eshop\/wp-content\/uploads\/2022\/10\/eb9a54d7ad1149538c52ae1a0083f603.jpg 960w, https:\/\/svitimprotebe.cz\/eshop\/wp-content\/uploads\/2022\/10\/eb9a54d7ad1149538c52ae1a0083f603-740x555.jpg 740w, https:\/\/svitimprotebe.cz\/eshop\/wp-content\/uploads\/2022\/10\/eb9a54d7ad1149538c52ae1a0083f603-300x225.jpg 300w, https:\/\/svitimprotebe.cz\/eshop\/wp-content\/uploads\/2022\/10\/eb9a54d7ad1149538c52ae1a0083f603-768x576.jpg 768w, https:\/\/svitimprotebe.cz\/eshop\/wp-content\/uploads\/2022\/10\/eb9a54d7ad1149538c52ae1a0083f603-510x382.jpg 510w, https:\/\/svitimprotebe.cz\/eshop\/wp-content\/uploads\/2022\/10\/eb9a54d7ad1149538c52ae1a0083f603-480x360.jpg 480w\" sizes=\"(max-width: 960px) 100vw, 960px\" \/><\/h4>\n<h3>Chytr\u00e1 dom\u00e1cnost s&nbsp;produkty zna\u010dky Philips WiZ<\/h3>\n<div class=\"gdc_row\"><div class=\"gdc_column gdc_cfifth\"><div class=\"gdc_inner\"><\/p>\n<p><img loading=\"lazy\" decoding=\"async\" class=\"aligncenter wp-image-10045\" src=\"https:\/\/svitimprotebe.cz\/eshop\/wp-content\/uploads\/2021\/12\/Obrazek1asd.png-300x300.jpg\" alt=\"\" width=\"220\" height=\"220\" srcset=\"https:\/\/svitimprotebe.cz\/eshop\/wp-content\/uploads\/2021\/12\/Obrazek1asd.png-300x300.jpg 300w, https:\/\/svitimprotebe.cz\/eshop\/wp-content\/uploads\/2021\/12\/Obrazek1asd.png-740x740.jpg 740w, https:\/\/svitimprotebe.cz\/eshop\/wp-content\/uploads\/2021\/12\/Obrazek1asd.png-150x150.jpg 150w, https:\/\/svitimprotebe.cz\/eshop\/wp-content\/uploads\/2021\/12\/Obrazek1asd.png-768x768.jpg 768w, https:\/\/svitimprotebe.cz\/eshop\/wp-content\/uploads\/2021\/12\/Obrazek1asd.png-1024x1024.jpg 1024w, https:\/\/svitimprotebe.cz\/eshop\/wp-content\/uploads\/2021\/12\/Obrazek1asd.png-400x400.jpg 400w, https:\/\/svitimprotebe.cz\/eshop\/wp-content\/uploads\/2021\/12\/Obrazek1asd.png-100x100.jpg 100w, https:\/\/svitimprotebe.cz\/eshop\/wp-content\/uploads\/2021\/12\/Obrazek1asd.png-1536x1536.jpg 1536w, https:\/\/svitimprotebe.cz\/eshop\/wp-content\/uploads\/2021\/12\/Obrazek1asd.png-1080x1080.jpg 1080w, https:\/\/svitimprotebe.cz\/eshop\/wp-content\/uploads\/2021\/12\/Obrazek1asd.png-1280x1280.jpg 1280w, https:\/\/svitimprotebe.cz\/eshop\/wp-content\/uploads\/2021\/12\/Obrazek1asd.png-980x980.jpg 980w, https:\/\/svitimprotebe.cz\/eshop\/wp-content\/uploads\/2021\/12\/Obrazek1asd.png-480x480.jpg 480w, https:\/\/svitimprotebe.cz\/eshop\/wp-content\/uploads\/2021\/12\/Obrazek1asd.png-600x600.jpg 600w, https:\/\/svitimprotebe.cz\/eshop\/wp-content\/uploads\/2021\/12\/Obrazek1asd.png.jpg 1760w\" sizes=\"(max-width: 220px) 100vw, 220px\" \/><\/p>\n<p style=\"text-align: center;\"><a href=\"http:\/\/svitimprotebe.cz\/eshop\/led-zarovka-philips-wiz-e27-6-7w-2000-5000k-640lm\/\" target=\"_blank\" rel=\"noopener\">LED \u017e\u00e1rovka<\/a><\/p>\n<p><\/div><\/div><div class=\"gdc_column gdc_cfifth\"><div class=\"gdc_inner\"><\/p>\n<p><img loading=\"lazy\" decoding=\"async\" class=\"aligncenter wp-image-9210\" src=\"https:\/\/svitimprotebe.cz\/eshop\/wp-content\/uploads\/2022\/03\/cc2ac506e77e4d32b124ad5500868f04-e1648823846662-300x300.jpg\" alt=\"\" width=\"220\" height=\"219\" srcset=\"https:\/\/svitimprotebe.cz\/eshop\/wp-content\/uploads\/2022\/03\/cc2ac506e77e4d32b124ad5500868f04-e1648823846662-300x300.jpg 300w, https:\/\/svitimprotebe.cz\/eshop\/wp-content\/uploads\/2022\/03\/cc2ac506e77e4d32b124ad5500868f04-e1648823846662-150x150.jpg 150w, https:\/\/svitimprotebe.cz\/eshop\/wp-content\/uploads\/2022\/03\/cc2ac506e77e4d32b124ad5500868f04-e1648823846662-100x100.jpg 100w, https:\/\/svitimprotebe.cz\/eshop\/wp-content\/uploads\/2022\/03\/cc2ac506e77e4d32b124ad5500868f04-e1648823846662.jpg 399w\" sizes=\"(max-width: 220px) 100vw, 220px\" \/><\/p>\n<p style=\"text-align: center;\"><a href=\"http:\/\/svitimprotebe.cz\/eshop\/stropni-svitidlo-adria-wiz\/\" target=\"_blank\" rel=\"noopener\">Stropn\u00ed sv\u00edtidlo Adria<\/a><\/p>\n<p><\/div><\/div><div class=\"gdc_column gdc_cfifth\"><div class=\"gdc_inner\"><\/p>\n<p><img loading=\"lazy\" decoding=\"async\" class=\"aligncenter wp-image-9174\" src=\"https:\/\/svitimprotebe.cz\/eshop\/wp-content\/uploads\/2022\/03\/d6934dfed3d84911821aac5b008280ca-300x300.jpg\" alt=\"\" width=\"220\" height=\"220\" srcset=\"https:\/\/svitimprotebe.cz\/eshop\/wp-content\/uploads\/2022\/03\/d6934dfed3d84911821aac5b008280ca-300x300.jpg 300w, https:\/\/svitimprotebe.cz\/eshop\/wp-content\/uploads\/2022\/03\/d6934dfed3d84911821aac5b008280ca-150x150.jpg 150w, https:\/\/svitimprotebe.cz\/eshop\/wp-content\/uploads\/2022\/03\/d6934dfed3d84911821aac5b008280ca-400x400.jpg 400w, https:\/\/svitimprotebe.cz\/eshop\/wp-content\/uploads\/2022\/03\/d6934dfed3d84911821aac5b008280ca-100x100.jpg 100w, https:\/\/svitimprotebe.cz\/eshop\/wp-content\/uploads\/2022\/03\/d6934dfed3d84911821aac5b008280ca-480x480.jpg 480w, https:\/\/svitimprotebe.cz\/eshop\/wp-content\/uploads\/2022\/03\/d6934dfed3d84911821aac5b008280ca.jpg 512w\" sizes=\"(max-width: 220px) 100vw, 220px\" \/><\/p>\n<p style=\"text-align: center;\"><a href=\"http:\/\/svitimprotebe.cz\/eshop\/pohybovy-senzor-wiz\/\" target=\"_blank\" rel=\"noopener\">Pohybov\u00fd senzor<\/a><\/p>\n<p><\/div><\/div><div class=\"gdc_column gdc_cfifth\"><div class=\"gdc_inner\"><\/p>\n<p><img loading=\"lazy\" decoding=\"async\" class=\"aligncenter wp-image-9164\" src=\"https:\/\/svitimprotebe.cz\/eshop\/wp-content\/uploads\/2022\/03\/8718699789220_1-300x300.jpg\" alt=\"\" width=\"220\" height=\"220\" srcset=\"https:\/\/svitimprotebe.cz\/eshop\/wp-content\/uploads\/2022\/03\/8718699789220_1-300x300.jpg 300w, https:\/\/svitimprotebe.cz\/eshop\/wp-content\/uploads\/2022\/03\/8718699789220_1-150x150.jpg 150w, https:\/\/svitimprotebe.cz\/eshop\/wp-content\/uploads\/2022\/03\/8718699789220_1-400x400.jpg 400w, https:\/\/svitimprotebe.cz\/eshop\/wp-content\/uploads\/2022\/03\/8718699789220_1-100x100.jpg 100w, https:\/\/svitimprotebe.cz\/eshop\/wp-content\/uploads\/2022\/03\/8718699789220_1-480x480.jpg 480w, https:\/\/svitimprotebe.cz\/eshop\/wp-content\/uploads\/2022\/03\/8718699789220_1.jpg 512w\" sizes=\"(max-width: 220px) 100vw, 220px\" \/><\/p>\n<p style=\"text-align: center;\"><a href=\"http:\/\/svitimprotebe.cz\/eshop\/dalkove-ovladani-wizmote\/\" target=\"_blank\" rel=\"noopener\">D\u00e1lkov\u00e9 ovl\u00e1d\u00e1n\u00ed WiZmote<\/a><\/p>\n<p><\/div><\/div><div class=\"gdc_column gdc_cfifth\"><div class=\"gdc_inner\"><\/p>\n<p><img loading=\"lazy\" decoding=\"async\" class=\"aligncenter wp-image-9146\" src=\"https:\/\/svitimprotebe.cz\/eshop\/wp-content\/uploads\/2022\/03\/WiZ_EU_Smart_Plug_E_8719514552708_Image_1-300x300.jpg\" alt=\"\" width=\"220\" height=\"220\" srcset=\"https:\/\/svitimprotebe.cz\/eshop\/wp-content\/uploads\/2022\/03\/WiZ_EU_Smart_Plug_E_8719514552708_Image_1-300x300.jpg 300w, https:\/\/svitimprotebe.cz\/eshop\/wp-content\/uploads\/2022\/03\/WiZ_EU_Smart_Plug_E_8719514552708_Image_1-150x150.jpg 150w, https:\/\/svitimprotebe.cz\/eshop\/wp-content\/uploads\/2022\/03\/WiZ_EU_Smart_Plug_E_8719514552708_Image_1-400x400.jpg 400w, https:\/\/svitimprotebe.cz\/eshop\/wp-content\/uploads\/2022\/03\/WiZ_EU_Smart_Plug_E_8719514552708_Image_1-100x100.jpg 100w, https:\/\/svitimprotebe.cz\/eshop\/wp-content\/uploads\/2022\/03\/WiZ_EU_Smart_Plug_E_8719514552708_Image_1.jpg 480w\" sizes=\"(max-width: 220px) 100vw, 220px\" \/><\/p>\n<p style=\"text-align: center;\"><a href=\"http:\/\/svitimprotebe.cz\/eshop\/chytra-zasuvka-wiz\/\" target=\"_blank\" rel=\"noopener\">Chytr\u00e1 z\u00e1suvka<\/a><\/p>\n<p><\/div><\/div><\/div>\n","protected":false},"excerpt":{"rendered":"<p>Bojujete s&nbsp;rann\u00edm vst\u00e1v\u00e1n\u00edm? Anebo si doma chcete navodit p\u0159\u00edjemnou \u00fatulnou atmosf\u00e9ru? S&nbsp;t\u00edm v\u0161\u00edm v\u00e1m chytr\u00fd sv\u011bteln\u00fd bud\u00edk Philips WiZ pom\u016f\u017ee. <strong>Vyd\u00e1v\u00e1 zdrav\u00e9 p\u0159irozen\u00e9 sv\u011btlo<\/strong> a r\u00e1no se tak budete c\u00edtit, jakoby v\u00e1s probouzelo slun\u00ed\u010dko. Z\u00e1rove\u0148 um\u00ed sv\u00edtit i tepl\u00fdm \u017elut\u00fdm sv\u011btlem, kter\u00e9 je p\u0159\u00edjemn\u00e9 pro o\u010di a vytv\u00e1\u0159\u00ed teplo domova. Perfektn\u011b se hod\u00ed jako <strong>sv\u011btlo do lo\u017enice<\/strong>, <strong>d\u011btsk\u00e9ho pokoje \u010di t\u0159eba ob\u00fdv\u00e1ku<\/strong>.<\/p>\n","protected":false},"featured_media":149596,"template":"","meta":{"_acf_changed":false},"product_brand":[],"product_cat":[1991,1993,2018,23,304,1979,1981,487,573,46],"product_tag":[18],"class_list":{"0":"post-53293","1":"product","2":"type-product","3":"status-publish","4":"has-post-thumbnail","6":"product_cat-nocni-lampy-k-posteli-bez-modre-slozky","7":"product_cat-nocni-lampy-na-nocni-stolek-bez-modre-slozky","8":"product_cat-plnospektralni-led-svitidla-podle-typu-montaze","9":"product_cat-plnospektralni-zdrave-osvetleni","10":"product_cat-plnospektralni-led-svitidla","11":"product_cat-svetla-do-loznice","12":"product_cat-svetla-do-detskeho-pokoje","13":"product_cat-nocni","14":"product_cat-stolni-plnospektralni","15":"product_cat-led-svetelne-budiky","16":"product_tag-philips","17":"product_shipping_class-zakladni","18":"pa_barva-svitidla-bila","19":"pa_chytre-svitidlo-ano","20":"pa_delka-2035","21":"pa_doba-pouzivani-probouzeni-svetlem","22":"pa_material-plast","23":"pa_meni-barvy-tw-varianta-ano","24":"pa_moznosti-ovladani-aplikace-wiz","25":"pa_napajeni-sit-230-ac","26":"pa_sirka-prumer-2033","27":"pa_stmivatelne-ano","28":"pa_stupen-kryti-ip-ip20","29":"pa_styl-bohemsky","30":"pa_styl-eklekticky","31":"pa_styl-industrialni","32":"pa_styl-minimalisticky-a-seversky","33":"pa_styl-moderni","34":"pa_styl-provensalsky","35":"pa_styl-vintage-neboli-retro","36":"pa_svetelny-tok-201-400-lm","37":"pa_svetelny-tok-401-600-lm","38":"pa_svetelny-tok-601-800-lm","39":"pa_teplota-barvy-2200-2500-k","40":"pa_teplota-barvy-2700-3000-k","41":"pa_teplota-barvy-4000-5000-k","42":"pa_teplota-barvy-6000-6500-k","43":"pa_tvar-svitidla-kruhove","44":"pa_typ-produktu-led-svitidlo","45":"pa_umisteni-montaz-samostatne-stojici","46":"pa_vhodne-do-kuchyne","47":"pa_vhodne-do-obyvaci-pokoj","48":"pa_vhodne-do-detsky-pokoj","49":"pa_vhodne-do-loznice","50":"pa_vhodne-do-pracovna","51":"pa_vhodne-do-koupelna","52":"pa_vhodne-do-chodba","53":"pa_vhodne-do-garaz","54":"pa_vhodne-do-schodiste","55":"pa_vhodne-do-satna","56":"pa_vhodne-do-zachod","57":"pa_vykon-6-10-w","58":"pa_vymenitelny-svetelny-zdroj-ne","59":"pa_vyska-2034","60":"pa_zpusob-vyzarovani-prime-i-neprime","61":"pa_zpusob-zapojeni-do-zasuvky","63":"first","64":"instock","65":"taxable","66":"shipping-taxable","67":"purchasable","68":"product-type-simple"},"acf":[],"_links":{"self":[{"href":"https:\/\/svitimprotebe.cz\/eshop\/wp-json\/wp\/v2\/product\/53293","targetHints":{"allow":["GET"]}}],"collection":[{"href":"https:\/\/svitimprotebe.cz\/eshop\/wp-json\/wp\/v2\/product"}],"about":[{"href":"https:\/\/svitimprotebe.cz\/eshop\/wp-json\/wp\/v2\/types\/product"}],"version-history":[{"count":0,"href":"https:\/\/svitimprotebe.cz\/eshop\/wp-json\/wp\/v2\/product\/53293\/revisions"}],"wp:featuredmedia":[{"embeddable":true,"href":"https:\/\/svitimprotebe.cz\/eshop\/wp-json\/wp\/v2\/media\/149596"}],"wp:attachment":[{"href":"https:\/\/svitimprotebe.cz\/eshop\/wp-json\/wp\/v2\/media?parent=53293"}],"wp:term":[{"taxonomy":"product_brand","embeddable":true,"href":"https:\/\/svitimprotebe.cz\/eshop\/wp-json\/wp\/v2\/product_brand?post=53293"},{"taxonomy":"product_cat","embeddable":true,"href":"https:\/\/svitimprotebe.cz\/eshop\/wp-json\/wp\/v2\/product_cat?post=53293"},{"taxonomy":"product_tag","embeddable":true,"href":"https:\/\/svitimprotebe.cz\/eshop\/wp-json\/wp\/v2\/product_tag?post=53293"}],"curies":[{"name":"wp","href":"https:\/\/api.w.org\/{rel}","templated":true}]}}